{"id":51966,"date":"2020-12-03T06:48:24","date_gmt":"2020-12-03T06:48:24","guid":{"rendered":"https:\/\/espak.ee\/hinnakiri\/?post_type=product&#038;p=51966"},"modified":"2025-07-06T12:24:41","modified_gmt":"2025-07-06T09:24:41","slug":"minitrell-proxxon-micromot-60-28500","status":"publish","type":"product","link":"https:\/\/espak.ee\/epood\/toode\/minitrell-proxxon-micromot-60-28500\/","title":{"rendered":"MINITRELL PROXXON MICROMOT 60 28500"},"content":{"rendered":"<div class=\"row\"  id=\"row-546663954\">\n\n\t<div id=\"col-292093922\" class=\"col medium-9 small-12 large-9\"  >\n\t\t\t\t<div class=\"col-inner\"  >\n\t\t\t\n\t\t\t\n<h3>Minitrell PROXXON Micromot 60 <\/h3>\n<p>Puurimiseks, freesimiseks, lihvimiseks, poleerimiseks, karestamiseks, l\u00f5ikamiseks ja graveerimiseks. Terase, v\u00e4\u00e4rismetallide, klaasi, keraamiliste materjalide, plastide ja v\u00e4\u00e4riskivide t\u00f6\u00f6tlemiseks.<br \/>\n Ohutu v\u00e4ikese t\u00f6\u00f6pingega. Seet\u00f5ttu sobib t\u00f6\u00f6tamiseks jahutusvedeliku kasutamisel (m\u00e4rglihvimine ja -l\u00f5ikamine).<br \/>\nT\u00e4nu 35 mm l\u00e4bim\u00f5\u00f5dule ja kergusele (230 g) pakub see omas klassis \u00fcletamatut k\u00e4sitsemismugavust.<br \/>\n Tasakaalustatud mootor k\u00e4itab kergelt kuullaagritega spindlit, tulemus on t\u00f6\u00f6tamisel sujuv p\u00f6\u00f6rlemine ja meeldiv heli.<br \/>\nKvaliteetsed terasest MICROMOT tsangpuuripadrunid tagavad isegi k\u00f5ige peenemate sabadega puuride v\u00f5i freeside t\u00e4pse ja l\u00f5tku- v\u00f5i vibratsioonivaba kinnituse.<br \/>\n Kaasas on kuus terasest MICROMOTI tsangpadrunit (\u00fcks igast m\u00f5\u00f5dust: 1 &#8211; 1,5 \u2013 2 &#8211; 2,4 &#8211; 3 ja 3,2 mm).\n <\/p>\n<div class=\"message-box relative\" style=\"padding-top:15px;padding-bottom:15px;\"><div class=\"message-box-bg-image bg-fill fill\" ><\/div><div class=\"message-box-bg-overlay bg-fill fill\" ><\/div><div class=\"container relative\"><div class=\"inner last-reset\">\n<p><strong>M\u00e4rkus:<\/strong><br \/>\nSeadmega MICROMOT 60 t\u00f6\u00f6tamiseks on vajalik v\u00f5rguadapter. Soovitame kasutada PROXXONI v\u00f5rguadapterit NG 2.<\/p>\n<\/div><\/div><\/div>\n\t\t<\/div>\n\t\t\t\t\t<\/div>\n\n\t\n\n\t<div id=\"col-555257273\" class=\"col medium-3 small-12 large-3\"  >\n\t\t\t\t<div class=\"col-inner\"  >\n\t\t\t\n\t\t\t\n\t<div id=\"gap-903683083\" class=\"gap-element clearfix\" style=\"display:block; height:auto;\">\n\t\t\n<style>\n#gap-903683083 {\n  padding-top: 30px;\n}\n<\/style>\n\t<\/div>\n\t\n<p><a href=\"https:\/\/espak.ee\/epood\/wp-content\/uploads\/28500-28510-28512-Minitrell-Micromot-60-E-EF.pdf\" target=\"_blank\" rel=\"noopener noreferrer\"><i class=\"far fa-file-pdf\"><\/i> Kasutusjuhend (pdf)<\/a><\/p>\n<p><img decoding=\"async\" src=\"https:\/\/espak.ee\/epood\/wp-content\/uploads\/PROXXON_logo-150x28.jpg\" alt=\"\" width=\"150\" height=\"28\" class=\"alignnone size-thumbnail wp-image-50061\" srcset=\"https:\/\/espak.ee\/epood\/wp-content\/uploads\/PROXXON_logo-150x28.jpg 150w, https:\/\/espak.ee\/epood\/wp-content\/uploads\/PROXXON_logo-500x94.jpg 500w, https:\/\/espak.ee\/epood\/wp-content\/uploads\/PROXXON_logo-769x145.jpg 769w, https:\/\/espak.ee\/epood\/wp-content\/uploads\/PROXXON_logo-300x56.jpg 300w, https:\/\/espak.ee\/epood\/wp-content\/uploads\/PROXXON_logo-1024x193.jpg 1024w, https:\/\/espak.ee\/epood\/wp-content\/uploads\/PROXXON_logo-768x144.jpg 768w, https:\/\/espak.ee\/epood\/wp-content\/uploads\/PROXXON_logo.jpg 1383w\" sizes=\"(max-width: 150px) 100vw, 150px\" \/><br \/>\n<div class=\"is-divider divider clearfix\" ><\/div>\n<p><strong>\u00dcksikasjalikuma n\u00f5u saamiseks v\u00f5tke \u00fchendust:<br \/><\/strong>Espak AS<br \/>Viadukti 42<br \/>11313<br \/>Tallinn<br \/> T\u00f6\u00f6riista osakond +372 6512 335<br \/><a href=\"mailto:tooriist@espak.ee\">tooriist@espak.ee<\/a><\/p>\n\t\t<\/div>\n\t\t\t\t\t<\/div>\n\n\t\n<\/div>\n","protected":false},"excerpt":{"rendered":"","protected":false},"featured_media":52973,"comment_status":"closed","ping_status":"closed","template":"","meta":[],"product_brand":[],"product_cat":[2739,2680,3044,2679],"product_tag":[],"class_list":{"0":"post-51966","1":"product","2":"type-product","3":"status-publish","4":"has-post-thumbnail","6":"product_cat-elektrikasitooriistad","7":"product_cat-elektritooriistad","8":"product_cat-minitrellid","9":"product_cat-tooriistad","10":"pa_kaubamark-proxxon","12":"first","13":"instock","14":"sale","15":"taxable","16":"shipping-taxable","17":"purchasable","18":"product-type-simple"},"yoast_head":"<!-- This site is optimized with the Yoast SEO plugin v26.9 - https:\/\/yoast.com\/product\/yoast-seo-wordpress\/ -->\n<title>MINITRELL PROXXON MICROMOT 60 28500 - Espak E-pood<\/title>\n<meta name=\"robots\" content=\"index, follow, max-snippet:-1, max-image-preview:large, max-video-preview:-1\" \/>\n<link rel=\"canonical\" href=\"https:\/\/espak.ee\/epood\/toode\/minitrell-proxxon-micromot-60-28500\/\" \/>\n<meta property=\"og:locale\" content=\"et_EE\" \/>\n<meta property=\"og:type\" content=\"article\" \/>\n<meta property=\"og:title\" content=\"MINITRELL PROXXON MICROMOT 60 28500 - Espak E-pood\" \/>\n<meta property=\"og:url\" content=\"https:\/\/espak.ee\/epood\/toode\/minitrell-proxxon-micromot-60-28500\/\" \/>\n<meta property=\"og:site_name\" content=\"Espak E-pood\" \/>\n<meta property=\"article:modified_time\" content=\"2025-07-06T09:24:41+00:00\" \/>\n<meta property=\"og:image\" content=\"https:\/\/espak.ee\/epood\/wp-content\/uploads\/28500-PX.jpg\" \/>\n\t<meta property=\"og:image:width\" content=\"1000\" \/>\n\t<meta property=\"og:image:height\" content=\"1000\" \/>\n\t<meta property=\"og:image:type\" content=\"image\/jpeg\" \/>\n<meta name=\"twitter:card\" content=\"summary_large_image\" \/>\n<meta name=\"twitter:label1\" content=\"Est. reading time\" \/>\n\t<meta name=\"twitter:data1\" content=\"1 minut\" \/>\n<script type=\"application\/ld+json\" class=\"yoast-schema-graph\">{\"@context\":\"https:\/\/schema.org\",\"@graph\":[{\"@type\":\"WebPage\",\"@id\":\"https:\/\/espak.ee\/epood\/toode\/minitrell-proxxon-micromot-60-28500\/\",\"url\":\"https:\/\/espak.ee\/epood\/toode\/minitrell-proxxon-micromot-60-28500\/\",\"name\":\"MINITRELL PROXXON MICROMOT 60 28500 - Espak E-pood\",\"isPartOf\":{\"@id\":\"https:\/\/espak.ee\/epood\/#website\"},\"primaryImageOfPage\":{\"@id\":\"https:\/\/espak.ee\/epood\/toode\/minitrell-proxxon-micromot-60-28500\/#primaryimage\"},\"image\":{\"@id\":\"https:\/\/espak.ee\/epood\/toode\/minitrell-proxxon-micromot-60-28500\/#primaryimage\"},\"thumbnailUrl\":\"https:\/\/espak.ee\/epood\/wp-content\/uploads\/28500-PX.jpg\",\"datePublished\":\"2020-12-03T06:48:24+00:00\",\"dateModified\":\"2025-07-06T09:24:41+00:00\",\"breadcrumb\":{\"@id\":\"https:\/\/espak.ee\/epood\/toode\/minitrell-proxxon-micromot-60-28500\/#breadcrumb\"},\"inLanguage\":\"et\",\"potentialAction\":[{\"@type\":\"ReadAction\",\"target\":[\"https:\/\/espak.ee\/epood\/toode\/minitrell-proxxon-micromot-60-28500\/\"]}]},{\"@type\":\"ImageObject\",\"inLanguage\":\"et\",\"@id\":\"https:\/\/espak.ee\/epood\/toode\/minitrell-proxxon-micromot-60-28500\/#primaryimage\",\"url\":\"https:\/\/espak.ee\/epood\/wp-content\/uploads\/28500-PX.jpg\",\"contentUrl\":\"https:\/\/espak.ee\/epood\/wp-content\/uploads\/28500-PX.jpg\",\"width\":1000,\"height\":1000},{\"@type\":\"BreadcrumbList\",\"@id\":\"https:\/\/espak.ee\/epood\/toode\/minitrell-proxxon-micromot-60-28500\/#breadcrumb\",\"itemListElement\":[{\"@type\":\"ListItem\",\"position\":1,\"name\":\"Home\",\"item\":\"https:\/\/espak.ee\/epood\/\"},{\"@type\":\"ListItem\",\"position\":2,\"name\":\"Tootevalik\",\"item\":\"https:\/\/espak.ee\/epood\/tootevalik\/\"},{\"@type\":\"ListItem\",\"position\":3,\"name\":\"MINITRELL PROXXON MICROMOT 60 28500\"}]},{\"@type\":\"WebSite\",\"@id\":\"https:\/\/espak.ee\/epood\/#website\",\"url\":\"https:\/\/espak.ee\/epood\/\",\"name\":\"Espak E-pood\",\"description\":\"\",\"potentialAction\":[{\"@type\":\"SearchAction\",\"target\":{\"@type\":\"EntryPoint\",\"urlTemplate\":\"https:\/\/espak.ee\/epood\/?s={search_term_string}\"},\"query-input\":{\"@type\":\"PropertyValueSpecification\",\"valueRequired\":true,\"valueName\":\"search_term_string\"}}],\"inLanguage\":\"et\"}]}<\/script>\n<!-- \/ Yoast SEO plugin. -->","yoast_head_json":{"title":"MINITRELL PROXXON MICROMOT 60 28500 - Espak E-pood","robots":{"index":"index","follow":"follow","max-snippet":"max-snippet:-1","max-image-preview":"max-image-preview:large","max-video-preview":"max-video-preview:-1"},"canonical":"https:\/\/espak.ee\/epood\/toode\/minitrell-proxxon-micromot-60-28500\/","og_locale":"et_EE","og_type":"article","og_title":"MINITRELL PROXXON MICROMOT 60 28500 - Espak E-pood","og_url":"https:\/\/espak.ee\/epood\/toode\/minitrell-proxxon-micromot-60-28500\/","og_site_name":"Espak E-pood","article_modified_time":"2025-07-06T09:24:41+00:00","og_image":[{"width":1000,"height":1000,"url":"https:\/\/espak.ee\/epood\/wp-content\/uploads\/28500-PX.jpg","type":"image\/jpeg"}],"twitter_card":"summary_large_image","twitter_misc":{"Est. reading time":"1 minut"},"schema":{"@context":"https:\/\/schema.org","@graph":[{"@type":"WebPage","@id":"https:\/\/espak.ee\/epood\/toode\/minitrell-proxxon-micromot-60-28500\/","url":"https:\/\/espak.ee\/epood\/toode\/minitrell-proxxon-micromot-60-28500\/","name":"MINITRELL PROXXON MICROMOT 60 28500 - Espak E-pood","isPartOf":{"@id":"https:\/\/espak.ee\/epood\/#website"},"primaryImageOfPage":{"@id":"https:\/\/espak.ee\/epood\/toode\/minitrell-proxxon-micromot-60-28500\/#primaryimage"},"image":{"@id":"https:\/\/espak.ee\/epood\/toode\/minitrell-proxxon-micromot-60-28500\/#primaryimage"},"thumbnailUrl":"https:\/\/espak.ee\/epood\/wp-content\/uploads\/28500-PX.jpg","datePublished":"2020-12-03T06:48:24+00:00","dateModified":"2025-07-06T09:24:41+00:00","breadcrumb":{"@id":"https:\/\/espak.ee\/epood\/toode\/minitrell-proxxon-micromot-60-28500\/#breadcrumb"},"inLanguage":"et","potentialAction":[{"@type":"ReadAction","target":["https:\/\/espak.ee\/epood\/toode\/minitrell-proxxon-micromot-60-28500\/"]}]},{"@type":"ImageObject","inLanguage":"et","@id":"https:\/\/espak.ee\/epood\/toode\/minitrell-proxxon-micromot-60-28500\/#primaryimage","url":"https:\/\/espak.ee\/epood\/wp-content\/uploads\/28500-PX.jpg","contentUrl":"https:\/\/espak.ee\/epood\/wp-content\/uploads\/28500-PX.jpg","width":1000,"height":1000},{"@type":"BreadcrumbList","@id":"https:\/\/espak.ee\/epood\/toode\/minitrell-proxxon-micromot-60-28500\/#breadcrumb","itemListElement":[{"@type":"ListItem","position":1,"name":"Home","item":"https:\/\/espak.ee\/epood\/"},{"@type":"ListItem","position":2,"name":"Tootevalik","item":"https:\/\/espak.ee\/epood\/tootevalik\/"},{"@type":"ListItem","position":3,"name":"MINITRELL PROXXON MICROMOT 60 28500"}]},{"@type":"WebSite","@id":"https:\/\/espak.ee\/epood\/#website","url":"https:\/\/espak.ee\/epood\/","name":"Espak E-pood","description":"","potentialAction":[{"@type":"SearchAction","target":{"@type":"EntryPoint","urlTemplate":"https:\/\/espak.ee\/epood\/?s={search_term_string}"},"query-input":{"@type":"PropertyValueSpecification","valueRequired":true,"valueName":"search_term_string"}}],"inLanguage":"et"}]}},"_links":{"self":[{"href":"https:\/\/espak.ee\/epood\/wp-json\/wp\/v2\/product\/51966","targetHints":{"allow":["GET"]}}],"collection":[{"href":"https:\/\/espak.ee\/epood\/wp-json\/wp\/v2\/product"}],"about":[{"href":"https:\/\/espak.ee\/epood\/wp-json\/wp\/v2\/types\/product"}],"replies":[{"embeddable":true,"href":"https:\/\/espak.ee\/epood\/wp-json\/wp\/v2\/comments?post=51966"}],"wp:featuredmedia":[{"embeddable":true,"href":"https:\/\/espak.ee\/epood\/wp-json\/wp\/v2\/media\/52973"}],"wp:attachment":[{"href":"https:\/\/espak.ee\/epood\/wp-json\/wp\/v2\/media?parent=51966"}],"wp:term":[{"taxonomy":"product_brand","embeddable":true,"href":"https:\/\/espak.ee\/epood\/wp-json\/wp\/v2\/product_brand?post=51966"},{"taxonomy":"product_cat","embeddable":true,"href":"https:\/\/espak.ee\/epood\/wp-json\/wp\/v2\/product_cat?post=51966"},{"taxonomy":"product_tag","embeddable":true,"href":"https:\/\/espak.ee\/epood\/wp-json\/wp\/v2\/product_tag?post=51966"}],"curies":[{"name":"wp","href":"https:\/\/api.w.org\/{rel}","templated":true}]}}