{"id":51962,"date":"2020-12-03T06:48:19","date_gmt":"2020-12-03T06:48:19","guid":{"rendered":"https:\/\/espak.ee\/hinnakiri\/?post_type=product&#038;p=51962"},"modified":"2025-12-10T09:21:12","modified_gmt":"2025-12-10T07:21:12","slug":"liimipulgad-proxxon-7mm-12tk-28194","status":"publish","type":"product","link":"https:\/\/espak.ee\/epood\/toode\/liimipulgad-proxxon-7mm-12tk-28194\/","title":{"rendered":"LIIMIPULGAD PROXXON 7MM 12TK 28194"},"content":{"rendered":"<div class=\"row\"  id=\"row-749943900\">\n\n\t<div id=\"col-1246266048\" class=\"col medium-9 small-12 large-9\"  >\n\t\t\t\t<div class=\"col-inner\"  >\n\t\t\t\n\t\t\t\n<h3>Liimipulgad PROXXON<\/h3>\n<p><strong> Tagavaraliimipulgad liimip\u00fcstolile HKP220.<\/strong><br \/>\nMetalli, puidu, plasti, keraamika, kartongi, naha, pol\u00fcst\u00fcreenvahu ja tekstiili liimimiseks.<br \/>\n \u00d8 7 mm. Pikkus 100 mm.<br \/>\n V\u00e4rvitu.<br \/>\nPakendis 12 t\u00fckki. <\/p>\n\t\t<\/div>\n\t\t\t\t\t<\/div>\n\n\t\n\n\t<div id=\"col-320380902\" class=\"col medium-3 small-12 large-3\"  >\n\t\t\t\t<div class=\"col-inner\"  >\n\t\t\t\n\t\t\t\n\t<div id=\"gap-1903083866\" class=\"gap-element clearfix\" style=\"display:block; height:auto;\">\n\t\t\n<style>\n#gap-1903083866 {\n  padding-top: 30px;\n}\n<\/style>\n\t<\/div>\n\t\n<p><img decoding=\"async\" src=\"https:\/\/espak.ee\/epood\/wp-content\/uploads\/PROXXON_logo-150x28.jpg\" alt=\"\" width=\"150\" height=\"28\" class=\"alignnone size-thumbnail wp-image-50061\" srcset=\"https:\/\/espak.ee\/epood\/wp-content\/uploads\/PROXXON_logo-150x28.jpg 150w, https:\/\/espak.ee\/epood\/wp-content\/uploads\/PROXXON_logo-500x94.jpg 500w, https:\/\/espak.ee\/epood\/wp-content\/uploads\/PROXXON_logo-769x145.jpg 769w, https:\/\/espak.ee\/epood\/wp-content\/uploads\/PROXXON_logo-300x56.jpg 300w, https:\/\/espak.ee\/epood\/wp-content\/uploads\/PROXXON_logo-1024x193.jpg 1024w, https:\/\/espak.ee\/epood\/wp-content\/uploads\/PROXXON_logo-768x144.jpg 768w, https:\/\/espak.ee\/epood\/wp-content\/uploads\/PROXXON_logo.jpg 1383w\" sizes=\"(max-width: 150px) 100vw, 150px\" \/><br \/>\n<div class=\"is-divider divider clearfix\" ><\/div>\n<p><strong>\u00dcksikasjalikuma n\u00f5u saamiseks v\u00f5tke \u00fchendust:<br \/><\/strong>Espak AS<br \/>Viadukti 42<br \/>11313<br \/>Tallinn<br \/> T\u00f6\u00f6riista osakond +372 6512 335<br \/><a href=\"mailto:tooriist@espak.ee\">tooriist@espak.ee<\/a><\/p>\n\t\t<\/div>\n\t\t\t\t\t<\/div>\n\n\t\n<\/div>\n","protected":false},"excerpt":{"rendered":"","protected":false},"featured_media":55587,"comment_status":"closed","ping_status":"closed","template":"","meta":[],"product_brand":[],"product_cat":[2771,2954,3130,2679],"product_tag":[],"class_list":{"0":"post-51962","1":"product","2":"type-product","3":"status-publish","4":"has-post-thumbnail","6":"product_cat-kasitooriistad","7":"product_cat-kasitooriistad-kasitooriistad","8":"product_cat-liimipustolid-ja-liimid","9":"product_cat-tooriistad","10":"pa_kaubamark-proxxon","12":"first","13":"instock","14":"sale","15":"taxable","16":"shipping-taxable","17":"purchasable","18":"product-type-simple"},"yoast_head":"<!-- This site is optimized with the Yoast SEO plugin v26.9 - https:\/\/yoast.com\/product\/yoast-seo-wordpress\/ -->\n<title>LIIMIPULGAD PROXXON 7MM 12TK 28194 - Espak E-pood<\/title>\n<meta name=\"robots\" content=\"index, follow, max-snippet:-1, max-image-preview:large, max-video-preview:-1\" \/>\n<link rel=\"canonical\" href=\"https:\/\/espak.ee\/epood\/toode\/liimipulgad-proxxon-7mm-12tk-28194\/\" \/>\n<meta property=\"og:locale\" content=\"et_EE\" \/>\n<meta property=\"og:type\" content=\"article\" \/>\n<meta property=\"og:title\" content=\"LIIMIPULGAD PROXXON 7MM 12TK 28194 - Espak E-pood\" \/>\n<meta property=\"og:url\" content=\"https:\/\/espak.ee\/epood\/toode\/liimipulgad-proxxon-7mm-12tk-28194\/\" \/>\n<meta property=\"og:site_name\" content=\"Espak E-pood\" \/>\n<meta property=\"article:modified_time\" content=\"2025-12-10T07:21:12+00:00\" \/>\n<meta property=\"og:image\" content=\"https:\/\/espak.ee\/epood\/wp-content\/uploads\/proxxon-28194-2.jpg\" \/>\n\t<meta property=\"og:image:width\" content=\"793\" \/>\n\t<meta property=\"og:image:height\" content=\"650\" \/>\n\t<meta property=\"og:image:type\" content=\"image\/jpeg\" \/>\n<meta name=\"twitter:card\" content=\"summary_large_image\" \/>\n<script type=\"application\/ld+json\" class=\"yoast-schema-graph\">{\"@context\":\"https:\/\/schema.org\",\"@graph\":[{\"@type\":\"WebPage\",\"@id\":\"https:\/\/espak.ee\/epood\/toode\/liimipulgad-proxxon-7mm-12tk-28194\/\",\"url\":\"https:\/\/espak.ee\/epood\/toode\/liimipulgad-proxxon-7mm-12tk-28194\/\",\"name\":\"LIIMIPULGAD PROXXON 7MM 12TK 28194 - Espak E-pood\",\"isPartOf\":{\"@id\":\"https:\/\/espak.ee\/epood\/#website\"},\"primaryImageOfPage\":{\"@id\":\"https:\/\/espak.ee\/epood\/toode\/liimipulgad-proxxon-7mm-12tk-28194\/#primaryimage\"},\"image\":{\"@id\":\"https:\/\/espak.ee\/epood\/toode\/liimipulgad-proxxon-7mm-12tk-28194\/#primaryimage\"},\"thumbnailUrl\":\"https:\/\/espak.ee\/epood\/wp-content\/uploads\/proxxon-28194-2.jpg\",\"datePublished\":\"2020-12-03T06:48:19+00:00\",\"dateModified\":\"2025-12-10T07:21:12+00:00\",\"breadcrumb\":{\"@id\":\"https:\/\/espak.ee\/epood\/toode\/liimipulgad-proxxon-7mm-12tk-28194\/#breadcrumb\"},\"inLanguage\":\"et\",\"potentialAction\":[{\"@type\":\"ReadAction\",\"target\":[\"https:\/\/espak.ee\/epood\/toode\/liimipulgad-proxxon-7mm-12tk-28194\/\"]}]},{\"@type\":\"ImageObject\",\"inLanguage\":\"et\",\"@id\":\"https:\/\/espak.ee\/epood\/toode\/liimipulgad-proxxon-7mm-12tk-28194\/#primaryimage\",\"url\":\"https:\/\/espak.ee\/epood\/wp-content\/uploads\/proxxon-28194-2.jpg\",\"contentUrl\":\"https:\/\/espak.ee\/epood\/wp-content\/uploads\/proxxon-28194-2.jpg\",\"width\":793,\"height\":650},{\"@type\":\"BreadcrumbList\",\"@id\":\"https:\/\/espak.ee\/epood\/toode\/liimipulgad-proxxon-7mm-12tk-28194\/#breadcrumb\",\"itemListElement\":[{\"@type\":\"ListItem\",\"position\":1,\"name\":\"Home\",\"item\":\"https:\/\/espak.ee\/epood\/\"},{\"@type\":\"ListItem\",\"position\":2,\"name\":\"Tootevalik\",\"item\":\"https:\/\/espak.ee\/epood\/tootevalik\/\"},{\"@type\":\"ListItem\",\"position\":3,\"name\":\"LIIMIPULGAD PROXXON 7MM 12TK 28194\"}]},{\"@type\":\"WebSite\",\"@id\":\"https:\/\/espak.ee\/epood\/#website\",\"url\":\"https:\/\/espak.ee\/epood\/\",\"name\":\"Espak E-pood\",\"description\":\"\",\"potentialAction\":[{\"@type\":\"SearchAction\",\"target\":{\"@type\":\"EntryPoint\",\"urlTemplate\":\"https:\/\/espak.ee\/epood\/?s={search_term_string}\"},\"query-input\":{\"@type\":\"PropertyValueSpecification\",\"valueRequired\":true,\"valueName\":\"search_term_string\"}}],\"inLanguage\":\"et\"}]}<\/script>\n<!-- \/ Yoast SEO plugin. -->","yoast_head_json":{"title":"LIIMIPULGAD PROXXON 7MM 12TK 28194 - Espak E-pood","robots":{"index":"index","follow":"follow","max-snippet":"max-snippet:-1","max-image-preview":"max-image-preview:large","max-video-preview":"max-video-preview:-1"},"canonical":"https:\/\/espak.ee\/epood\/toode\/liimipulgad-proxxon-7mm-12tk-28194\/","og_locale":"et_EE","og_type":"article","og_title":"LIIMIPULGAD PROXXON 7MM 12TK 28194 - Espak E-pood","og_url":"https:\/\/espak.ee\/epood\/toode\/liimipulgad-proxxon-7mm-12tk-28194\/","og_site_name":"Espak E-pood","article_modified_time":"2025-12-10T07:21:12+00:00","og_image":[{"width":793,"height":650,"url":"https:\/\/espak.ee\/epood\/wp-content\/uploads\/proxxon-28194-2.jpg","type":"image\/jpeg"}],"twitter_card":"summary_large_image","schema":{"@context":"https:\/\/schema.org","@graph":[{"@type":"WebPage","@id":"https:\/\/espak.ee\/epood\/toode\/liimipulgad-proxxon-7mm-12tk-28194\/","url":"https:\/\/espak.ee\/epood\/toode\/liimipulgad-proxxon-7mm-12tk-28194\/","name":"LIIMIPULGAD PROXXON 7MM 12TK 28194 - Espak E-pood","isPartOf":{"@id":"https:\/\/espak.ee\/epood\/#website"},"primaryImageOfPage":{"@id":"https:\/\/espak.ee\/epood\/toode\/liimipulgad-proxxon-7mm-12tk-28194\/#primaryimage"},"image":{"@id":"https:\/\/espak.ee\/epood\/toode\/liimipulgad-proxxon-7mm-12tk-28194\/#primaryimage"},"thumbnailUrl":"https:\/\/espak.ee\/epood\/wp-content\/uploads\/proxxon-28194-2.jpg","datePublished":"2020-12-03T06:48:19+00:00","dateModified":"2025-12-10T07:21:12+00:00","breadcrumb":{"@id":"https:\/\/espak.ee\/epood\/toode\/liimipulgad-proxxon-7mm-12tk-28194\/#breadcrumb"},"inLanguage":"et","potentialAction":[{"@type":"ReadAction","target":["https:\/\/espak.ee\/epood\/toode\/liimipulgad-proxxon-7mm-12tk-28194\/"]}]},{"@type":"ImageObject","inLanguage":"et","@id":"https:\/\/espak.ee\/epood\/toode\/liimipulgad-proxxon-7mm-12tk-28194\/#primaryimage","url":"https:\/\/espak.ee\/epood\/wp-content\/uploads\/proxxon-28194-2.jpg","contentUrl":"https:\/\/espak.ee\/epood\/wp-content\/uploads\/proxxon-28194-2.jpg","width":793,"height":650},{"@type":"BreadcrumbList","@id":"https:\/\/espak.ee\/epood\/toode\/liimipulgad-proxxon-7mm-12tk-28194\/#breadcrumb","itemListElement":[{"@type":"ListItem","position":1,"name":"Home","item":"https:\/\/espak.ee\/epood\/"},{"@type":"ListItem","position":2,"name":"Tootevalik","item":"https:\/\/espak.ee\/epood\/tootevalik\/"},{"@type":"ListItem","position":3,"name":"LIIMIPULGAD PROXXON 7MM 12TK 28194"}]},{"@type":"WebSite","@id":"https:\/\/espak.ee\/epood\/#website","url":"https:\/\/espak.ee\/epood\/","name":"Espak E-pood","description":"","potentialAction":[{"@type":"SearchAction","target":{"@type":"EntryPoint","urlTemplate":"https:\/\/espak.ee\/epood\/?s={search_term_string}"},"query-input":{"@type":"PropertyValueSpecification","valueRequired":true,"valueName":"search_term_string"}}],"inLanguage":"et"}]}},"_links":{"self":[{"href":"https:\/\/espak.ee\/epood\/wp-json\/wp\/v2\/product\/51962","targetHints":{"allow":["GET"]}}],"collection":[{"href":"https:\/\/espak.ee\/epood\/wp-json\/wp\/v2\/product"}],"about":[{"href":"https:\/\/espak.ee\/epood\/wp-json\/wp\/v2\/types\/product"}],"replies":[{"embeddable":true,"href":"https:\/\/espak.ee\/epood\/wp-json\/wp\/v2\/comments?post=51962"}],"wp:featuredmedia":[{"embeddable":true,"href":"https:\/\/espak.ee\/epood\/wp-json\/wp\/v2\/media\/55587"}],"wp:attachment":[{"href":"https:\/\/espak.ee\/epood\/wp-json\/wp\/v2\/media?parent=51962"}],"wp:term":[{"taxonomy":"product_brand","embeddable":true,"href":"https:\/\/espak.ee\/epood\/wp-json\/wp\/v2\/product_brand?post=51962"},{"taxonomy":"product_cat","embeddable":true,"href":"https:\/\/espak.ee\/epood\/wp-json\/wp\/v2\/product_cat?post=51962"},{"taxonomy":"product_tag","embeddable":true,"href":"https:\/\/espak.ee\/epood\/wp-json\/wp\/v2\/product_tag?post=51962"}],"curies":[{"name":"wp","href":"https:\/\/api.w.org\/{rel}","templated":true}]}}