{"id":51788,"date":"2020-12-03T06:45:46","date_gmt":"2020-12-03T06:45:46","guid":{"rendered":"https:\/\/espak.ee\/hinnakiri\/?post_type=product&#038;p=51788"},"modified":"2025-01-27T13:47:23","modified_gmt":"2025-01-27T11:47:23","slug":"eriotsakute-komplekt-75-osa-proxxon-23107","status":"publish","type":"product","link":"https:\/\/espak.ee\/epood\/toode\/eriotsakute-komplekt-75-osa-proxxon-23107\/","title":{"rendered":"ERIOTSAKUTE KOMPLEKT 75 OSA PROXXON 23107"},"content":{"rendered":"<div class=\"row\"  id=\"row-1886286742\">\n\n\t<div id=\"col-1821808694\" class=\"col medium-9 small-12 large-9\"  >\n\t\t\t\t<div class=\"col-inner\"  >\n\t\t\t\n\t\t\t\n<h3>Eriotsakute komplekt PROXXON <\/h3>\n<p><strong>\u00dclimalt t\u00f6\u00f6kindel 75-osaline ohutus- ja erikruvide otsakute komplekt. \u00dchtki keermesliidet pole v\u00f5imatu lahti keerata.<br \/>\n <\/strong><br \/>\nTavalised (25 mm) ja eriti pikad (80 mm) 1\/4&#8243; (6,3 mm) erikruvide otsakud tihvtiga v\u00f5tmeavade jaoks. Sisaldab kruvikeerajat koos vedruh\u00fclsiga otsakuhoidikuga. Magnethoidik elektrikruvikeerajaga v\u00f5i puuriga t\u00f6\u00f6tamiseks. V\u00e4liste nelikant- ja kuuskantotsakute \u00fcleminek ning vastavate sisemiste nelikant- ja kuuskantotsakute \u00fcleminek. Eriseade keskkinnituse kruvikonksude ja sarnaste osade kinnituseks.<br \/>\n Pakitud tugevasse pulberv\u00e4rvitud teraskarpi.<br \/>\n K\u00f5ik osad selgelt m\u00e4rgistatud.<\/p>\n<p><strong>S\u00fcgava avaga otsakud (80 mm):<\/strong><br\/ >\u2713 TXi otsakud koos koonuss\u00fcvisega (kinnikiilumisele vastupidav)  TX10, TX15, TX20, TX30<br \/>\u2713 Koonuss\u00fcvisega kuuskantsisev\u00f5tmed (Allen) 4 ja 5 mm <br \/>\u2713 Haaratsv\u00f5tmed nr. 6 ja 8<br \/>\u2713 PH 1 ja 2<br \/>\u2713 Soonotsakud 3 mm  ja 5,5 mm<br \/>\u2713 TRI-WINGi otsakud- TW1, TW2 ja TW3<\/p>\n<p><strong>Normaalotsakud (25 mm):<\/strong><br\/ >\u2713 TX otsakud koos koonuss\u00fcvisega (kinnikiilumisele vastupidav) 12 tk, TX5&#8230;TX40<br \/>\u2713 TRI-WlNG otsakud 5 tk, TW1&#8230;TW5<br \/>\u2713 TORQ-otsakud TS6, TS8 ja TS10<br \/>\u2713 Sisestatavad nelikantajami otsakud SQ00, SG01, SQ02 ja SQ03<br \/>\u2713 Kolm muhviga padrunotsakut: C1, C2, C3<br \/>\u2713 Koonuss\u00fcvisega kuuskantsisev\u00f5tmed (Allen) 6 tk suurustes 5\/64&#8230;5\/32&#8243;(tollm\u00f5\u00f5dustikus)<br \/>\u2713 Haaratsv\u00f5tmed 5 tk, nr 4&#8230;12 <br \/>\u2713 XZNi mitmehambulised otsakud suurustes 5, 6 ja 8<br \/>\u2713 T\u00e4iuslikkuse tagamiseks on lisatud 7 kasulikku otsakut (PH, PZ ja soon)<\/p>\n\t\t<\/div>\n\t\t\t\t\t<\/div>\n\n\t\n\n\t<div id=\"col-1654314997\" class=\"col medium-3 small-12 large-3\"  >\n\t\t\t\t<div class=\"col-inner\"  >\n\t\t\t\n\t\t\t\n\t<div id=\"gap-371676663\" class=\"gap-element clearfix\" style=\"display:block; height:auto;\">\n\t\t\n<style>\n#gap-371676663 {\n  padding-top: 30px;\n}\n<\/style>\n\t<\/div>\n\t\n<p><img decoding=\"async\" src=\"https:\/\/espak.ee\/epood\/wp-content\/uploads\/PROXXON_logo-150x28.jpg\" alt=\"\" width=\"150\" height=\"28\" class=\"alignnone size-thumbnail wp-image-50061\" srcset=\"https:\/\/espak.ee\/epood\/wp-content\/uploads\/PROXXON_logo-150x28.jpg 150w, https:\/\/espak.ee\/epood\/wp-content\/uploads\/PROXXON_logo-500x94.jpg 500w, https:\/\/espak.ee\/epood\/wp-content\/uploads\/PROXXON_logo-769x145.jpg 769w, https:\/\/espak.ee\/epood\/wp-content\/uploads\/PROXXON_logo-300x56.jpg 300w, https:\/\/espak.ee\/epood\/wp-content\/uploads\/PROXXON_logo-1024x193.jpg 1024w, https:\/\/espak.ee\/epood\/wp-content\/uploads\/PROXXON_logo-768x144.jpg 768w, https:\/\/espak.ee\/epood\/wp-content\/uploads\/PROXXON_logo.jpg 1383w\" sizes=\"(max-width: 150px) 100vw, 150px\" \/><br \/>\n<div class=\"is-divider divider clearfix\" ><\/div>\n<p><strong>\u00dcksikasjalikuma n\u00f5u saamiseks v\u00f5tke \u00fchendust:<br \/><\/strong>Espak AS<br \/>Viadukti 42<br \/>11313<br \/>Tallinn<br \/> T\u00f6\u00f6riista osakond +372 6512 335<br \/><a href=\"mailto:tooriist@espak.ee\">tooriist@espak.ee<\/a><\/p>\n\t\t<\/div>\n\t\t\t\t\t<\/div>\n\n\t\n<\/div>\n","protected":false},"excerpt":{"rendered":"","protected":false},"featured_media":53429,"comment_status":"closed","ping_status":"closed","template":"","meta":[],"product_brand":[],"product_cat":[3096,3095,2679,2951],"product_tag":[],"class_list":{"0":"post-51788","1":"product","2":"type-product","3":"status-publish","4":"has-post-thumbnail","6":"product_cat-kruvikeeraja-otsikud-kruvikeeraja-otsikud","7":"product_cat-kruvikeeraja-otsikud","8":"product_cat-tooriistad","9":"product_cat-tooriistatarvikud","10":"pa_kaubamark-proxxon","12":"first","13":"instock","14":"sale","15":"taxable","16":"shipping-taxable","17":"purchasable","18":"product-type-simple"},"yoast_head":"<!-- This site is optimized with the Yoast SEO plugin v26.9 - https:\/\/yoast.com\/product\/yoast-seo-wordpress\/ -->\n<title>ERIOTSAKUTE KOMPLEKT 75 OSA PROXXON 23107 - Espak E-pood<\/title>\n<meta name=\"robots\" content=\"index, follow, max-snippet:-1, max-image-preview:large, max-video-preview:-1\" \/>\n<link rel=\"canonical\" href=\"https:\/\/espak.ee\/epood\/toode\/eriotsakute-komplekt-75-osa-proxxon-23107\/\" \/>\n<meta property=\"og:locale\" content=\"et_EE\" \/>\n<meta property=\"og:type\" content=\"article\" \/>\n<meta property=\"og:title\" content=\"ERIOTSAKUTE KOMPLEKT 75 OSA PROXXON 23107 - Espak E-pood\" \/>\n<meta property=\"og:url\" content=\"https:\/\/espak.ee\/epood\/toode\/eriotsakute-komplekt-75-osa-proxxon-23107\/\" \/>\n<meta property=\"og:site_name\" content=\"Espak E-pood\" \/>\n<meta property=\"article:modified_time\" content=\"2025-01-27T11:47:23+00:00\" \/>\n<meta property=\"og:image\" content=\"https:\/\/espak.ee\/epood\/wp-content\/uploads\/23107-PX-scaled.jpg\" \/>\n\t<meta property=\"og:image:width\" content=\"2048\" \/>\n\t<meta property=\"og:image:height\" content=\"2017\" \/>\n\t<meta property=\"og:image:type\" content=\"image\/jpeg\" \/>\n<meta name=\"twitter:card\" content=\"summary_large_image\" \/>\n<meta name=\"twitter:label1\" content=\"Est. reading time\" \/>\n\t<meta name=\"twitter:data1\" content=\"1 minut\" \/>\n<script type=\"application\/ld+json\" class=\"yoast-schema-graph\">{\"@context\":\"https:\/\/schema.org\",\"@graph\":[{\"@type\":\"WebPage\",\"@id\":\"https:\/\/espak.ee\/epood\/toode\/eriotsakute-komplekt-75-osa-proxxon-23107\/\",\"url\":\"https:\/\/espak.ee\/epood\/toode\/eriotsakute-komplekt-75-osa-proxxon-23107\/\",\"name\":\"ERIOTSAKUTE KOMPLEKT 75 OSA PROXXON 23107 - Espak E-pood\",\"isPartOf\":{\"@id\":\"https:\/\/espak.ee\/epood\/#website\"},\"primaryImageOfPage\":{\"@id\":\"https:\/\/espak.ee\/epood\/toode\/eriotsakute-komplekt-75-osa-proxxon-23107\/#primaryimage\"},\"image\":{\"@id\":\"https:\/\/espak.ee\/epood\/toode\/eriotsakute-komplekt-75-osa-proxxon-23107\/#primaryimage\"},\"thumbnailUrl\":\"https:\/\/espak.ee\/epood\/wp-content\/uploads\/23107-PX-scaled.jpg\",\"datePublished\":\"2020-12-03T06:45:46+00:00\",\"dateModified\":\"2025-01-27T11:47:23+00:00\",\"breadcrumb\":{\"@id\":\"https:\/\/espak.ee\/epood\/toode\/eriotsakute-komplekt-75-osa-proxxon-23107\/#breadcrumb\"},\"inLanguage\":\"et\",\"potentialAction\":[{\"@type\":\"ReadAction\",\"target\":[\"https:\/\/espak.ee\/epood\/toode\/eriotsakute-komplekt-75-osa-proxxon-23107\/\"]}]},{\"@type\":\"ImageObject\",\"inLanguage\":\"et\",\"@id\":\"https:\/\/espak.ee\/epood\/toode\/eriotsakute-komplekt-75-osa-proxxon-23107\/#primaryimage\",\"url\":\"https:\/\/espak.ee\/epood\/wp-content\/uploads\/23107-PX-scaled.jpg\",\"contentUrl\":\"https:\/\/espak.ee\/epood\/wp-content\/uploads\/23107-PX-scaled.jpg\",\"width\":2048,\"height\":2017},{\"@type\":\"BreadcrumbList\",\"@id\":\"https:\/\/espak.ee\/epood\/toode\/eriotsakute-komplekt-75-osa-proxxon-23107\/#breadcrumb\",\"itemListElement\":[{\"@type\":\"ListItem\",\"position\":1,\"name\":\"Home\",\"item\":\"https:\/\/espak.ee\/epood\/\"},{\"@type\":\"ListItem\",\"position\":2,\"name\":\"Tootevalik\",\"item\":\"https:\/\/espak.ee\/epood\/tootevalik\/\"},{\"@type\":\"ListItem\",\"position\":3,\"name\":\"ERIOTSAKUTE KOMPLEKT 75 OSA PROXXON 23107\"}]},{\"@type\":\"WebSite\",\"@id\":\"https:\/\/espak.ee\/epood\/#website\",\"url\":\"https:\/\/espak.ee\/epood\/\",\"name\":\"Espak E-pood\",\"description\":\"\",\"potentialAction\":[{\"@type\":\"SearchAction\",\"target\":{\"@type\":\"EntryPoint\",\"urlTemplate\":\"https:\/\/espak.ee\/epood\/?s={search_term_string}\"},\"query-input\":{\"@type\":\"PropertyValueSpecification\",\"valueRequired\":true,\"valueName\":\"search_term_string\"}}],\"inLanguage\":\"et\"}]}<\/script>\n<!-- \/ Yoast SEO plugin. -->","yoast_head_json":{"title":"ERIOTSAKUTE KOMPLEKT 75 OSA PROXXON 23107 - Espak E-pood","robots":{"index":"index","follow":"follow","max-snippet":"max-snippet:-1","max-image-preview":"max-image-preview:large","max-video-preview":"max-video-preview:-1"},"canonical":"https:\/\/espak.ee\/epood\/toode\/eriotsakute-komplekt-75-osa-proxxon-23107\/","og_locale":"et_EE","og_type":"article","og_title":"ERIOTSAKUTE KOMPLEKT 75 OSA PROXXON 23107 - Espak E-pood","og_url":"https:\/\/espak.ee\/epood\/toode\/eriotsakute-komplekt-75-osa-proxxon-23107\/","og_site_name":"Espak E-pood","article_modified_time":"2025-01-27T11:47:23+00:00","og_image":[{"width":2048,"height":2017,"url":"https:\/\/espak.ee\/epood\/wp-content\/uploads\/23107-PX-scaled.jpg","type":"image\/jpeg"}],"twitter_card":"summary_large_image","twitter_misc":{"Est. reading time":"1 minut"},"schema":{"@context":"https:\/\/schema.org","@graph":[{"@type":"WebPage","@id":"https:\/\/espak.ee\/epood\/toode\/eriotsakute-komplekt-75-osa-proxxon-23107\/","url":"https:\/\/espak.ee\/epood\/toode\/eriotsakute-komplekt-75-osa-proxxon-23107\/","name":"ERIOTSAKUTE KOMPLEKT 75 OSA PROXXON 23107 - Espak E-pood","isPartOf":{"@id":"https:\/\/espak.ee\/epood\/#website"},"primaryImageOfPage":{"@id":"https:\/\/espak.ee\/epood\/toode\/eriotsakute-komplekt-75-osa-proxxon-23107\/#primaryimage"},"image":{"@id":"https:\/\/espak.ee\/epood\/toode\/eriotsakute-komplekt-75-osa-proxxon-23107\/#primaryimage"},"thumbnailUrl":"https:\/\/espak.ee\/epood\/wp-content\/uploads\/23107-PX-scaled.jpg","datePublished":"2020-12-03T06:45:46+00:00","dateModified":"2025-01-27T11:47:23+00:00","breadcrumb":{"@id":"https:\/\/espak.ee\/epood\/toode\/eriotsakute-komplekt-75-osa-proxxon-23107\/#breadcrumb"},"inLanguage":"et","potentialAction":[{"@type":"ReadAction","target":["https:\/\/espak.ee\/epood\/toode\/eriotsakute-komplekt-75-osa-proxxon-23107\/"]}]},{"@type":"ImageObject","inLanguage":"et","@id":"https:\/\/espak.ee\/epood\/toode\/eriotsakute-komplekt-75-osa-proxxon-23107\/#primaryimage","url":"https:\/\/espak.ee\/epood\/wp-content\/uploads\/23107-PX-scaled.jpg","contentUrl":"https:\/\/espak.ee\/epood\/wp-content\/uploads\/23107-PX-scaled.jpg","width":2048,"height":2017},{"@type":"BreadcrumbList","@id":"https:\/\/espak.ee\/epood\/toode\/eriotsakute-komplekt-75-osa-proxxon-23107\/#breadcrumb","itemListElement":[{"@type":"ListItem","position":1,"name":"Home","item":"https:\/\/espak.ee\/epood\/"},{"@type":"ListItem","position":2,"name":"Tootevalik","item":"https:\/\/espak.ee\/epood\/tootevalik\/"},{"@type":"ListItem","position":3,"name":"ERIOTSAKUTE KOMPLEKT 75 OSA PROXXON 23107"}]},{"@type":"WebSite","@id":"https:\/\/espak.ee\/epood\/#website","url":"https:\/\/espak.ee\/epood\/","name":"Espak E-pood","description":"","potentialAction":[{"@type":"SearchAction","target":{"@type":"EntryPoint","urlTemplate":"https:\/\/espak.ee\/epood\/?s={search_term_string}"},"query-input":{"@type":"PropertyValueSpecification","valueRequired":true,"valueName":"search_term_string"}}],"inLanguage":"et"}]}},"_links":{"self":[{"href":"https:\/\/espak.ee\/epood\/wp-json\/wp\/v2\/product\/51788","targetHints":{"allow":["GET"]}}],"collection":[{"href":"https:\/\/espak.ee\/epood\/wp-json\/wp\/v2\/product"}],"about":[{"href":"https:\/\/espak.ee\/epood\/wp-json\/wp\/v2\/types\/product"}],"replies":[{"embeddable":true,"href":"https:\/\/espak.ee\/epood\/wp-json\/wp\/v2\/comments?post=51788"}],"wp:featuredmedia":[{"embeddable":true,"href":"https:\/\/espak.ee\/epood\/wp-json\/wp\/v2\/media\/53429"}],"wp:attachment":[{"href":"https:\/\/espak.ee\/epood\/wp-json\/wp\/v2\/media?parent=51788"}],"wp:term":[{"taxonomy":"product_brand","embeddable":true,"href":"https:\/\/espak.ee\/epood\/wp-json\/wp\/v2\/product_brand?post=51788"},{"taxonomy":"product_cat","embeddable":true,"href":"https:\/\/espak.ee\/epood\/wp-json\/wp\/v2\/product_cat?post=51788"},{"taxonomy":"product_tag","embeddable":true,"href":"https:\/\/espak.ee\/epood\/wp-json\/wp\/v2\/product_tag?post=51788"}],"curies":[{"name":"wp","href":"https:\/\/api.w.org\/{rel}","templated":true}]}}