{"id":51499,"date":"2020-12-03T06:41:01","date_gmt":"2020-12-03T06:41:01","guid":{"rendered":"https:\/\/espak.ee\/hinnakiri\/?post_type=product&#038;p=51499"},"modified":"2024-03-23T14:38:07","modified_gmt":"2024-03-23T12:38:07","slug":"astmelised-kinnitusklambrid-kuni-35mm-proxxon-24257","status":"publish","type":"product","link":"https:\/\/espak.ee\/epood\/toode\/astmelised-kinnitusklambrid-kuni-35mm-proxxon-24257\/","title":{"rendered":"ASTMELISED KINNITUSKLAMBRID KUNI 35MM PROXXON 24257"},"content":{"rendered":"<div class=\"row\"  id=\"row-1634775665\">\n\n\t<div id=\"col-1512508784\" class=\"col medium-9 small-12 large-9\"  >\n\t\t\t\t<div class=\"col-inner\"  >\n\t\t\t\n\t\t\t\n<h3>Astmelised kinnitusklambrid PROXXON  <\/h3>\n<p>Astmelised terasklambrid kuni 35 mm paksuste toorikute kinnitamiseks.<br \/>\nKomplektis on 2 astmelist plokki ja klambrid. Varustatud MICROMOTi standardsele T-soonele (12 \u00d7 6 \u00d7 5 mm) sobivate soonemutrite ja kinnituspoltidega.<br \/>\n Liugkaanega puitkarbis.<\/p>\n\t\t<\/div>\n\t\t\t\t\t<\/div>\n\n\t\n\n\t<div id=\"col-1077551533\" class=\"col medium-3 small-12 large-3\"  >\n\t\t\t\t<div class=\"col-inner\"  >\n\t\t\t\n\t\t\t\n\t<div id=\"gap-1132896395\" class=\"gap-element clearfix\" style=\"display:block; height:auto;\">\n\t\t\n<style>\n#gap-1132896395 {\n  padding-top: 30px;\n}\n<\/style>\n\t<\/div>\n\t\n<p><img decoding=\"async\" src=\"https:\/\/espak.ee\/epood\/wp-content\/uploads\/PROXXON_logo-150x28.jpg\" alt=\"\" width=\"150\" height=\"28\" class=\"alignnone size-thumbnail wp-image-50061\" srcset=\"https:\/\/espak.ee\/epood\/wp-content\/uploads\/PROXXON_logo-150x28.jpg 150w, https:\/\/espak.ee\/epood\/wp-content\/uploads\/PROXXON_logo-500x94.jpg 500w, https:\/\/espak.ee\/epood\/wp-content\/uploads\/PROXXON_logo-769x145.jpg 769w, https:\/\/espak.ee\/epood\/wp-content\/uploads\/PROXXON_logo-300x56.jpg 300w, https:\/\/espak.ee\/epood\/wp-content\/uploads\/PROXXON_logo-1024x193.jpg 1024w, https:\/\/espak.ee\/epood\/wp-content\/uploads\/PROXXON_logo-768x144.jpg 768w, https:\/\/espak.ee\/epood\/wp-content\/uploads\/PROXXON_logo.jpg 1383w\" sizes=\"(max-width: 150px) 100vw, 150px\" \/><br \/>\n<div class=\"is-divider divider clearfix\" ><\/div>\n<p><strong>\u00dcksikasjalikuma n\u00f5u saamiseks v\u00f5tke \u00fchendust:<br \/><\/strong>Espak AS<br \/>Viadukti 42<br \/>11313<br \/>Tallinn<br \/> T\u00f6\u00f6riista osakond +372 6512 335<br \/><a href=\"mailto:tooriist@espak.ee\">tooriist@espak.ee<\/a><\/p>\n\t\t<\/div>\n\t\t\t\t\t<\/div>\n\n\t\n<\/div>\n","protected":false},"excerpt":{"rendered":"","protected":false},"featured_media":53028,"comment_status":"closed","ping_status":"closed","template":"","meta":[],"product_brand":[],"product_cat":[2739,2680,2763,2679],"product_tag":[],"class_list":{"0":"post-51499","1":"product","2":"type-product","3":"status-publish","4":"has-post-thumbnail","6":"product_cat-elektrikasitooriistad","7":"product_cat-elektritooriistad","8":"product_cat-elektritooriistade-tarvikud","9":"product_cat-tooriistad","10":"pa_kaubamark-proxxon","12":"first","13":"instock","14":"sale","15":"taxable","16":"shipping-taxable","17":"purchasable","18":"product-type-simple"},"yoast_head":"<!-- This site is optimized with the Yoast SEO plugin v26.9 - https:\/\/yoast.com\/product\/yoast-seo-wordpress\/ -->\n<title>ASTMELISED KINNITUSKLAMBRID KUNI 35MM PROXXON 24257 - Espak E-pood<\/title>\n<meta name=\"robots\" content=\"index, follow, max-snippet:-1, max-image-preview:large, max-video-preview:-1\" \/>\n<link rel=\"canonical\" href=\"https:\/\/espak.ee\/epood\/toode\/astmelised-kinnitusklambrid-kuni-35mm-proxxon-24257\/\" \/>\n<meta property=\"og:locale\" content=\"et_EE\" \/>\n<meta property=\"og:type\" content=\"article\" \/>\n<meta property=\"og:title\" content=\"ASTMELISED KINNITUSKLAMBRID KUNI 35MM PROXXON 24257 - Espak E-pood\" \/>\n<meta property=\"og:url\" content=\"https:\/\/espak.ee\/epood\/toode\/astmelised-kinnitusklambrid-kuni-35mm-proxxon-24257\/\" \/>\n<meta property=\"og:site_name\" content=\"Espak E-pood\" \/>\n<meta property=\"article:modified_time\" content=\"2024-03-23T12:38:07+00:00\" \/>\n<meta property=\"og:image\" content=\"https:\/\/espak.ee\/epood\/wp-content\/uploads\/24257-PX.jpg\" \/>\n\t<meta property=\"og:image:width\" content=\"1000\" \/>\n\t<meta property=\"og:image:height\" content=\"1000\" \/>\n\t<meta property=\"og:image:type\" content=\"image\/jpeg\" \/>\n<meta name=\"twitter:card\" content=\"summary_large_image\" \/>\n<script type=\"application\/ld+json\" class=\"yoast-schema-graph\">{\"@context\":\"https:\/\/schema.org\",\"@graph\":[{\"@type\":\"WebPage\",\"@id\":\"https:\/\/espak.ee\/epood\/toode\/astmelised-kinnitusklambrid-kuni-35mm-proxxon-24257\/\",\"url\":\"https:\/\/espak.ee\/epood\/toode\/astmelised-kinnitusklambrid-kuni-35mm-proxxon-24257\/\",\"name\":\"ASTMELISED KINNITUSKLAMBRID KUNI 35MM PROXXON 24257 - Espak E-pood\",\"isPartOf\":{\"@id\":\"https:\/\/espak.ee\/epood\/#website\"},\"primaryImageOfPage\":{\"@id\":\"https:\/\/espak.ee\/epood\/toode\/astmelised-kinnitusklambrid-kuni-35mm-proxxon-24257\/#primaryimage\"},\"image\":{\"@id\":\"https:\/\/espak.ee\/epood\/toode\/astmelised-kinnitusklambrid-kuni-35mm-proxxon-24257\/#primaryimage\"},\"thumbnailUrl\":\"https:\/\/espak.ee\/epood\/wp-content\/uploads\/24257-PX.jpg\",\"datePublished\":\"2020-12-03T06:41:01+00:00\",\"dateModified\":\"2024-03-23T12:38:07+00:00\",\"breadcrumb\":{\"@id\":\"https:\/\/espak.ee\/epood\/toode\/astmelised-kinnitusklambrid-kuni-35mm-proxxon-24257\/#breadcrumb\"},\"inLanguage\":\"et\",\"potentialAction\":[{\"@type\":\"ReadAction\",\"target\":[\"https:\/\/espak.ee\/epood\/toode\/astmelised-kinnitusklambrid-kuni-35mm-proxxon-24257\/\"]}]},{\"@type\":\"ImageObject\",\"inLanguage\":\"et\",\"@id\":\"https:\/\/espak.ee\/epood\/toode\/astmelised-kinnitusklambrid-kuni-35mm-proxxon-24257\/#primaryimage\",\"url\":\"https:\/\/espak.ee\/epood\/wp-content\/uploads\/24257-PX.jpg\",\"contentUrl\":\"https:\/\/espak.ee\/epood\/wp-content\/uploads\/24257-PX.jpg\",\"width\":1000,\"height\":1000},{\"@type\":\"BreadcrumbList\",\"@id\":\"https:\/\/espak.ee\/epood\/toode\/astmelised-kinnitusklambrid-kuni-35mm-proxxon-24257\/#breadcrumb\",\"itemListElement\":[{\"@type\":\"ListItem\",\"position\":1,\"name\":\"Home\",\"item\":\"https:\/\/espak.ee\/epood\/\"},{\"@type\":\"ListItem\",\"position\":2,\"name\":\"Tootevalik\",\"item\":\"https:\/\/espak.ee\/epood\/tootevalik\/\"},{\"@type\":\"ListItem\",\"position\":3,\"name\":\"ASTMELISED KINNITUSKLAMBRID KUNI 35MM PROXXON 24257\"}]},{\"@type\":\"WebSite\",\"@id\":\"https:\/\/espak.ee\/epood\/#website\",\"url\":\"https:\/\/espak.ee\/epood\/\",\"name\":\"Espak E-pood\",\"description\":\"\",\"potentialAction\":[{\"@type\":\"SearchAction\",\"target\":{\"@type\":\"EntryPoint\",\"urlTemplate\":\"https:\/\/espak.ee\/epood\/?s={search_term_string}\"},\"query-input\":{\"@type\":\"PropertyValueSpecification\",\"valueRequired\":true,\"valueName\":\"search_term_string\"}}],\"inLanguage\":\"et\"}]}<\/script>\n<!-- \/ Yoast SEO plugin. -->","yoast_head_json":{"title":"ASTMELISED KINNITUSKLAMBRID KUNI 35MM PROXXON 24257 - Espak E-pood","robots":{"index":"index","follow":"follow","max-snippet":"max-snippet:-1","max-image-preview":"max-image-preview:large","max-video-preview":"max-video-preview:-1"},"canonical":"https:\/\/espak.ee\/epood\/toode\/astmelised-kinnitusklambrid-kuni-35mm-proxxon-24257\/","og_locale":"et_EE","og_type":"article","og_title":"ASTMELISED KINNITUSKLAMBRID KUNI 35MM PROXXON 24257 - Espak E-pood","og_url":"https:\/\/espak.ee\/epood\/toode\/astmelised-kinnitusklambrid-kuni-35mm-proxxon-24257\/","og_site_name":"Espak E-pood","article_modified_time":"2024-03-23T12:38:07+00:00","og_image":[{"url":"https:\/\/espak.ee\/epood\/wp-content\/uploads\/24257-PX.jpg","width":1000,"height":1000,"type":"image\/jpeg"}],"twitter_card":"summary_large_image","schema":{"@context":"https:\/\/schema.org","@graph":[{"@type":"WebPage","@id":"https:\/\/espak.ee\/epood\/toode\/astmelised-kinnitusklambrid-kuni-35mm-proxxon-24257\/","url":"https:\/\/espak.ee\/epood\/toode\/astmelised-kinnitusklambrid-kuni-35mm-proxxon-24257\/","name":"ASTMELISED KINNITUSKLAMBRID KUNI 35MM PROXXON 24257 - Espak E-pood","isPartOf":{"@id":"https:\/\/espak.ee\/epood\/#website"},"primaryImageOfPage":{"@id":"https:\/\/espak.ee\/epood\/toode\/astmelised-kinnitusklambrid-kuni-35mm-proxxon-24257\/#primaryimage"},"image":{"@id":"https:\/\/espak.ee\/epood\/toode\/astmelised-kinnitusklambrid-kuni-35mm-proxxon-24257\/#primaryimage"},"thumbnailUrl":"https:\/\/espak.ee\/epood\/wp-content\/uploads\/24257-PX.jpg","datePublished":"2020-12-03T06:41:01+00:00","dateModified":"2024-03-23T12:38:07+00:00","breadcrumb":{"@id":"https:\/\/espak.ee\/epood\/toode\/astmelised-kinnitusklambrid-kuni-35mm-proxxon-24257\/#breadcrumb"},"inLanguage":"et","potentialAction":[{"@type":"ReadAction","target":["https:\/\/espak.ee\/epood\/toode\/astmelised-kinnitusklambrid-kuni-35mm-proxxon-24257\/"]}]},{"@type":"ImageObject","inLanguage":"et","@id":"https:\/\/espak.ee\/epood\/toode\/astmelised-kinnitusklambrid-kuni-35mm-proxxon-24257\/#primaryimage","url":"https:\/\/espak.ee\/epood\/wp-content\/uploads\/24257-PX.jpg","contentUrl":"https:\/\/espak.ee\/epood\/wp-content\/uploads\/24257-PX.jpg","width":1000,"height":1000},{"@type":"BreadcrumbList","@id":"https:\/\/espak.ee\/epood\/toode\/astmelised-kinnitusklambrid-kuni-35mm-proxxon-24257\/#breadcrumb","itemListElement":[{"@type":"ListItem","position":1,"name":"Home","item":"https:\/\/espak.ee\/epood\/"},{"@type":"ListItem","position":2,"name":"Tootevalik","item":"https:\/\/espak.ee\/epood\/tootevalik\/"},{"@type":"ListItem","position":3,"name":"ASTMELISED KINNITUSKLAMBRID KUNI 35MM PROXXON 24257"}]},{"@type":"WebSite","@id":"https:\/\/espak.ee\/epood\/#website","url":"https:\/\/espak.ee\/epood\/","name":"Espak E-pood","description":"","potentialAction":[{"@type":"SearchAction","target":{"@type":"EntryPoint","urlTemplate":"https:\/\/espak.ee\/epood\/?s={search_term_string}"},"query-input":{"@type":"PropertyValueSpecification","valueRequired":true,"valueName":"search_term_string"}}],"inLanguage":"et"}]}},"_links":{"self":[{"href":"https:\/\/espak.ee\/epood\/wp-json\/wp\/v2\/product\/51499","targetHints":{"allow":["GET"]}}],"collection":[{"href":"https:\/\/espak.ee\/epood\/wp-json\/wp\/v2\/product"}],"about":[{"href":"https:\/\/espak.ee\/epood\/wp-json\/wp\/v2\/types\/product"}],"replies":[{"embeddable":true,"href":"https:\/\/espak.ee\/epood\/wp-json\/wp\/v2\/comments?post=51499"}],"wp:featuredmedia":[{"embeddable":true,"href":"https:\/\/espak.ee\/epood\/wp-json\/wp\/v2\/media\/53028"}],"wp:attachment":[{"href":"https:\/\/espak.ee\/epood\/wp-json\/wp\/v2\/media?parent=51499"}],"wp:term":[{"taxonomy":"product_brand","embeddable":true,"href":"https:\/\/espak.ee\/epood\/wp-json\/wp\/v2\/product_brand?post=51499"},{"taxonomy":"product_cat","embeddable":true,"href":"https:\/\/espak.ee\/epood\/wp-json\/wp\/v2\/product_cat?post=51499"},{"taxonomy":"product_tag","embeddable":true,"href":"https:\/\/espak.ee\/epood\/wp-json\/wp\/v2\/product_tag?post=51499"}],"curies":[{"name":"wp","href":"https:\/\/api.w.org\/{rel}","templated":true}]}}