{"id":51174,"date":"2020-11-28T06:28:37","date_gmt":"2020-11-28T06:28:37","guid":{"rendered":"https:\/\/espak.ee\/hinnakiri\/?post_type=product&#038;p=51174"},"modified":"2024-03-23T14:37:56","modified_gmt":"2024-03-23T12:37:56","slug":"joulukuusk-arvika-210cm","status":"publish","type":"product","link":"https:\/\/espak.ee\/epood\/toode\/joulukuusk-arvika-210cm\/","title":{"rendered":"J\u00d5ULUKUUSK ARVIKA 210CM"},"content":{"rendered":"<p>Dekoratiivne roheline j\u00f5ulupuu, mille okstel on lumi, puu k\u00f5rgus 210 cm.<\/p>\n<p>V\u00e4rv: Roheline<br \/>\nLaius \/ pikkus (cm): 130.00<br \/>\nK\u00f5rgus (cm): 210.00<br \/>\nS\u00fcgavus (cm): 130.00<br \/>\nKasutusala: V\u00e4ljas<br \/>\nValgusallikas kaasas: Ei<\/p>\n","protected":false},"excerpt":{"rendered":"<p>Dekoratiivne roheline j\u00f5ulupuu, mille okstel on lumi, puu k\u00f5rgus 210 cm. V\u00e4rv: Roheline Laius \/ pikkus (cm): 130.00 K\u00f5rgus (cm): 210.00 S\u00fcgavus (cm): 130.00 Kasutusala: V\u00e4ljas Valgusallikas kaasas: Ei<\/p>\n","protected":false},"featured_media":51350,"comment_status":"closed","ping_status":"closed","template":"","meta":[],"product_brand":[],"product_cat":[2934,3306,3488,2959],"product_tag":[],"class_list":{"0":"post-51174","1":"product","2":"type-product","3":"status-publish","4":"has-post-thumbnail","6":"product_cat-elektrikaubad-ja-valgustid","7":"product_cat-jouluvalgustid","8":"product_cat-jouluvalgustid-jouluvalgustid","9":"product_cat-valgustid","10":"pa_kaubamark-star-trading-ab","12":"first","13":"outofstock","14":"sale","15":"taxable","16":"shipping-taxable","17":"purchasable","18":"product-type-simple"},"yoast_head":"<!-- This site is optimized with the Yoast SEO plugin v26.9 - https:\/\/yoast.com\/product\/yoast-seo-wordpress\/ -->\n<title>J\u00d5ULUKUUSK ARVIKA 210CM - Espak E-pood<\/title>\n<meta name=\"robots\" content=\"index, follow, max-snippet:-1, max-image-preview:large, max-video-preview:-1\" \/>\n<link rel=\"canonical\" href=\"https:\/\/espak.ee\/epood\/toode\/joulukuusk-arvika-210cm\/\" \/>\n<meta property=\"og:locale\" content=\"et_EE\" \/>\n<meta property=\"og:type\" content=\"article\" \/>\n<meta property=\"og:title\" content=\"J\u00d5ULUKUUSK ARVIKA 210CM - Espak E-pood\" \/>\n<meta property=\"og:description\" content=\"Dekoratiivne roheline j\u00f5ulupuu, mille okstel on lumi, puu k\u00f5rgus 210 cm. V\u00e4rv: Roheline Laius \/ pikkus (cm): 130.00 K\u00f5rgus (cm): 210.00 S\u00fcgavus (cm): 130.00 Kasutusala: V\u00e4ljas Valgusallikas kaasas: Ei\" \/>\n<meta property=\"og:url\" content=\"https:\/\/espak.ee\/epood\/toode\/joulukuusk-arvika-210cm\/\" \/>\n<meta property=\"og:site_name\" content=\"Espak E-pood\" \/>\n<meta property=\"article:modified_time\" content=\"2024-03-23T12:37:56+00:00\" \/>\n<meta property=\"og:image\" content=\"https:\/\/espak.ee\/epood\/wp-content\/uploads\/606-51_MN.png\" \/>\n\t<meta property=\"og:image:width\" content=\"600\" \/>\n\t<meta property=\"og:image:height\" content=\"600\" \/>\n\t<meta property=\"og:image:type\" content=\"image\/png\" \/>\n<meta name=\"twitter:card\" content=\"summary_large_image\" \/>\n<script type=\"application\/ld+json\" class=\"yoast-schema-graph\">{\"@context\":\"https:\/\/schema.org\",\"@graph\":[{\"@type\":\"WebPage\",\"@id\":\"https:\/\/espak.ee\/epood\/toode\/joulukuusk-arvika-210cm\/\",\"url\":\"https:\/\/espak.ee\/epood\/toode\/joulukuusk-arvika-210cm\/\",\"name\":\"J\u00d5ULUKUUSK ARVIKA 210CM - Espak E-pood\",\"isPartOf\":{\"@id\":\"https:\/\/espak.ee\/epood\/#website\"},\"primaryImageOfPage\":{\"@id\":\"https:\/\/espak.ee\/epood\/toode\/joulukuusk-arvika-210cm\/#primaryimage\"},\"image\":{\"@id\":\"https:\/\/espak.ee\/epood\/toode\/joulukuusk-arvika-210cm\/#primaryimage\"},\"thumbnailUrl\":\"https:\/\/espak.ee\/epood\/wp-content\/uploads\/606-51_MN.png\",\"datePublished\":\"2020-11-28T06:28:37+00:00\",\"dateModified\":\"2024-03-23T12:37:56+00:00\",\"breadcrumb\":{\"@id\":\"https:\/\/espak.ee\/epood\/toode\/joulukuusk-arvika-210cm\/#breadcrumb\"},\"inLanguage\":\"et\",\"potentialAction\":[{\"@type\":\"ReadAction\",\"target\":[\"https:\/\/espak.ee\/epood\/toode\/joulukuusk-arvika-210cm\/\"]}]},{\"@type\":\"ImageObject\",\"inLanguage\":\"et\",\"@id\":\"https:\/\/espak.ee\/epood\/toode\/joulukuusk-arvika-210cm\/#primaryimage\",\"url\":\"https:\/\/espak.ee\/epood\/wp-content\/uploads\/606-51_MN.png\",\"contentUrl\":\"https:\/\/espak.ee\/epood\/wp-content\/uploads\/606-51_MN.png\",\"width\":600,\"height\":600},{\"@type\":\"BreadcrumbList\",\"@id\":\"https:\/\/espak.ee\/epood\/toode\/joulukuusk-arvika-210cm\/#breadcrumb\",\"itemListElement\":[{\"@type\":\"ListItem\",\"position\":1,\"name\":\"Home\",\"item\":\"https:\/\/espak.ee\/epood\/\"},{\"@type\":\"ListItem\",\"position\":2,\"name\":\"Tootevalik\",\"item\":\"https:\/\/espak.ee\/epood\/tootevalik\/\"},{\"@type\":\"ListItem\",\"position\":3,\"name\":\"J\u00d5ULUKUUSK ARVIKA 210CM\"}]},{\"@type\":\"WebSite\",\"@id\":\"https:\/\/espak.ee\/epood\/#website\",\"url\":\"https:\/\/espak.ee\/epood\/\",\"name\":\"Espak E-pood\",\"description\":\"\",\"potentialAction\":[{\"@type\":\"SearchAction\",\"target\":{\"@type\":\"EntryPoint\",\"urlTemplate\":\"https:\/\/espak.ee\/epood\/?s={search_term_string}\"},\"query-input\":{\"@type\":\"PropertyValueSpecification\",\"valueRequired\":true,\"valueName\":\"search_term_string\"}}],\"inLanguage\":\"et\"}]}<\/script>\n<!-- \/ Yoast SEO plugin. -->","yoast_head_json":{"title":"J\u00d5ULUKUUSK ARVIKA 210CM - Espak E-pood","robots":{"index":"index","follow":"follow","max-snippet":"max-snippet:-1","max-image-preview":"max-image-preview:large","max-video-preview":"max-video-preview:-1"},"canonical":"https:\/\/espak.ee\/epood\/toode\/joulukuusk-arvika-210cm\/","og_locale":"et_EE","og_type":"article","og_title":"J\u00d5ULUKUUSK ARVIKA 210CM - Espak E-pood","og_description":"Dekoratiivne roheline j\u00f5ulupuu, mille okstel on lumi, puu k\u00f5rgus 210 cm. V\u00e4rv: Roheline Laius \/ pikkus (cm): 130.00 K\u00f5rgus (cm): 210.00 S\u00fcgavus (cm): 130.00 Kasutusala: V\u00e4ljas Valgusallikas kaasas: Ei","og_url":"https:\/\/espak.ee\/epood\/toode\/joulukuusk-arvika-210cm\/","og_site_name":"Espak E-pood","article_modified_time":"2024-03-23T12:37:56+00:00","og_image":[{"width":600,"height":600,"url":"https:\/\/espak.ee\/epood\/wp-content\/uploads\/606-51_MN.png","type":"image\/png"}],"twitter_card":"summary_large_image","schema":{"@context":"https:\/\/schema.org","@graph":[{"@type":"WebPage","@id":"https:\/\/espak.ee\/epood\/toode\/joulukuusk-arvika-210cm\/","url":"https:\/\/espak.ee\/epood\/toode\/joulukuusk-arvika-210cm\/","name":"J\u00d5ULUKUUSK ARVIKA 210CM - Espak E-pood","isPartOf":{"@id":"https:\/\/espak.ee\/epood\/#website"},"primaryImageOfPage":{"@id":"https:\/\/espak.ee\/epood\/toode\/joulukuusk-arvika-210cm\/#primaryimage"},"image":{"@id":"https:\/\/espak.ee\/epood\/toode\/joulukuusk-arvika-210cm\/#primaryimage"},"thumbnailUrl":"https:\/\/espak.ee\/epood\/wp-content\/uploads\/606-51_MN.png","datePublished":"2020-11-28T06:28:37+00:00","dateModified":"2024-03-23T12:37:56+00:00","breadcrumb":{"@id":"https:\/\/espak.ee\/epood\/toode\/joulukuusk-arvika-210cm\/#breadcrumb"},"inLanguage":"et","potentialAction":[{"@type":"ReadAction","target":["https:\/\/espak.ee\/epood\/toode\/joulukuusk-arvika-210cm\/"]}]},{"@type":"ImageObject","inLanguage":"et","@id":"https:\/\/espak.ee\/epood\/toode\/joulukuusk-arvika-210cm\/#primaryimage","url":"https:\/\/espak.ee\/epood\/wp-content\/uploads\/606-51_MN.png","contentUrl":"https:\/\/espak.ee\/epood\/wp-content\/uploads\/606-51_MN.png","width":600,"height":600},{"@type":"BreadcrumbList","@id":"https:\/\/espak.ee\/epood\/toode\/joulukuusk-arvika-210cm\/#breadcrumb","itemListElement":[{"@type":"ListItem","position":1,"name":"Home","item":"https:\/\/espak.ee\/epood\/"},{"@type":"ListItem","position":2,"name":"Tootevalik","item":"https:\/\/espak.ee\/epood\/tootevalik\/"},{"@type":"ListItem","position":3,"name":"J\u00d5ULUKUUSK ARVIKA 210CM"}]},{"@type":"WebSite","@id":"https:\/\/espak.ee\/epood\/#website","url":"https:\/\/espak.ee\/epood\/","name":"Espak E-pood","description":"","potentialAction":[{"@type":"SearchAction","target":{"@type":"EntryPoint","urlTemplate":"https:\/\/espak.ee\/epood\/?s={search_term_string}"},"query-input":{"@type":"PropertyValueSpecification","valueRequired":true,"valueName":"search_term_string"}}],"inLanguage":"et"}]}},"_links":{"self":[{"href":"https:\/\/espak.ee\/epood\/wp-json\/wp\/v2\/product\/51174","targetHints":{"allow":["GET"]}}],"collection":[{"href":"https:\/\/espak.ee\/epood\/wp-json\/wp\/v2\/product"}],"about":[{"href":"https:\/\/espak.ee\/epood\/wp-json\/wp\/v2\/types\/product"}],"replies":[{"embeddable":true,"href":"https:\/\/espak.ee\/epood\/wp-json\/wp\/v2\/comments?post=51174"}],"wp:featuredmedia":[{"embeddable":true,"href":"https:\/\/espak.ee\/epood\/wp-json\/wp\/v2\/media\/51350"}],"wp:attachment":[{"href":"https:\/\/espak.ee\/epood\/wp-json\/wp\/v2\/media?parent=51174"}],"wp:term":[{"taxonomy":"product_brand","embeddable":true,"href":"https:\/\/espak.ee\/epood\/wp-json\/wp\/v2\/product_brand?post=51174"},{"taxonomy":"product_cat","embeddable":true,"href":"https:\/\/espak.ee\/epood\/wp-json\/wp\/v2\/product_cat?post=51174"},{"taxonomy":"product_tag","embeddable":true,"href":"https:\/\/espak.ee\/epood\/wp-json\/wp\/v2\/product_tag?post=51174"}],"curies":[{"name":"wp","href":"https:\/\/api.w.org\/{rel}","templated":true}]}}