{"id":51162,"date":"2020-11-28T06:28:26","date_gmt":"2020-11-28T06:28:26","guid":{"rendered":"https:\/\/espak.ee\/hinnakiri\/?post_type=product&#038;p=51162"},"modified":"2024-05-21T12:33:41","modified_gmt":"2024-05-21T09:33:41","slug":"mineraalvillmatt-unifit-033-5012008700-10-44m2","status":"publish","type":"product","link":"https:\/\/espak.ee\/epood\/toode\/mineraalvillmatt-unifit-033-5012008700-10-44m2\/","title":{"rendered":"MINERAALVILLAMATT UNIFIT 033 50*1200*8700 10.44M2"},"content":{"rendered":"<div class=\"row\"  id=\"row-1994274263\">\n\n\t<div id=\"col-2029201606\" class=\"col medium-9 small-12 large-9\"  >\n\t\t\t\t<div class=\"col-inner\"  >\n\t\t\t\n\t\t\t\n<h2>Mineraalvillamatt Unifit<\/h2>\n<p>ECOSE\u00ae  tehnoloogia abil valmistatud mineraalvillamatid Unifit 033 on ette n\u00e4htud kaldkatuste soojustamiseks. Need paigaldatakse sarikatevahelisse ruumi, aga ka t\u00e4iendava soojustusena sarikate alla. Kogu sarikatevahelise ruumi mineraalvillaga t\u00e4itmise v\u00f5imalus oleneb  kasutatavast  katusekatte t\u00fc\u00fcbist. T\u00e4iendav teine v\u00f5i isegi kolmas soojustuskiht paigaldatakse harilikult sarikate alla kinnitatud t\u00e4iendava teras- v\u00f5i puits\u00f5restiku roovide ja ristroovide vahele. Soojustuse piisav kaitse v\u00e4lise niiskuse eest tagatakse korralikult paigaldatud katusekattega, aga ka t\u00e4iendava veekindla kihiga, mida tuntakse ka tuulet\u00f5kkekihina. Kaitse sisemise niiskuse vastu tagatakse katusestruktuuri kihtide \u00f5ige j\u00e4rjestusega, mis kindlustavad, et aurutakistus v\u00e4heneb seestpoolt v\u00e4ljapoole. K\u00f5rgema temperatuuri v\u00f5i suhtelise niiskusega ruumidesse peab olema paigaldatud aurut\u00f5kke kile, eriti juhul, kui katusekatte all on tuulutuspilu; muudel juhtudel on aurut\u00f5kke kile paigaldamine soovituslik. Ruumide sisemine vooderdus v\u00f5ib olla valmistatud kipsplaatidest, puidust v\u00f5i muudest selliste ruumide viimistlemiseks sobivatest materjalidest. Mineraalvilla suurendatud j\u00e4ikuse t\u00f5ttu vajab mattide sarikate vahele paigaldamine vaid kerget vajutamist. Villale kantud m\u00e4rgised aitavad materjali n\u00f5utava suuruse m\u00e4rkimist ja lihtsustavad  lahtil\u00f5ikamist.<\/p>\n<div class=\"message-box relative\" style=\"padding-top:15px;padding-bottom:15px;\"><div class=\"message-box-bg-image bg-fill fill\" ><\/div><div class=\"message-box-bg-overlay bg-fill fill\" ><\/div><div class=\"container relative\"><div class=\"inner last-reset\">\n<div class=\"row align-middle align-center\"  id=\"row-551780856\">\n\n\t<div id=\"col-1778086834\" class=\"col small-12 large-12\"  >\n\t\t\t\t<div class=\"col-inner text-left\"  >\n\t\t\t\n\t\t\t\n<h4>Omadused<\/h4>\n<div class=\"row\"  id=\"row-1874239053\">\n\n\t<div id=\"col-376961109\" class=\"col medium-6 small-12 large-6\"  >\n\t\t\t\t<div class=\"col-inner\"  >\n\t\t\t\n\t\t\t\n<p><i class=\"fa fa-check fa-2x\"><\/i> <strong>Suurep\u00e4rased soojuse ja m\u00fcra isoleerimise omadused<\/strong><\/p>\n<p><i class=\"fa fa-check fa-2x\"><\/i> <strong>V\u00e4ga hea tulekindlus<\/strong><\/p>\n\t\t<\/div>\n\t\t\t\t\n<style>\n#col-376961109 > .col-inner {\n  margin: 0px 0px 15px 0px;\n}\n<\/style>\n\t<\/div>\n\n\t\n\n\t<div id=\"col-1171435553\" class=\"col medium-6 small-12 large-6\"  >\n\t\t\t\t<div class=\"col-inner\"  >\n\t\t\t\n\t\t\t\n<p><i class=\"fa fa-check fa-2x\"><\/i> <strong>Suurendatud j\u00e4ikus<\/strong><\/p>\n<p><i class=\"fa fa-check fa-2x\"><\/i> <strong>V\u00e4ga hea kujup\u00fcsivus<\/strong><\/p>\n\t\t<\/div>\n\t\t\t\t\n<style>\n#col-1171435553 > .col-inner {\n  margin: 0px 0px 15px 0px;\n}\n<\/style>\n\t<\/div>\n\n\t\n<\/div>\n\t\t<\/div>\n\t\t\t\t\t<\/div>\n\n\t\n<\/div>\n<\/div><\/div><\/div>\n\t<div id=\"gap-31980233\" class=\"gap-element clearfix\" style=\"display:block; height:auto;\">\n\t\t\n<style>\n#gap-31980233 {\n  padding-top: 30px;\n}\n<\/style>\n\t<\/div>\n\t\n\t\t<\/div>\n\t\t\t\t\t<\/div>\n\n\t\n\n\t<div id=\"col-1968190468\" class=\"col medium-3 small-12 large-3\"  >\n\t\t\t\t<div class=\"col-inner\"  >\n\t\t\t\n\t\t\t\n\t<div id=\"gap-515618764\" class=\"gap-element clearfix\" style=\"display:block; height:auto;\">\n\t\t\n<style>\n#gap-515618764 {\n  padding-top: 30px;\n}\n<\/style>\n\t<\/div>\n\t\n<h3>Tehniline informatsioon<\/h3>\n<p><a href=\"https:\/\/espak.ee\/epood\/wp-content\/uploads\/MINERAALVILLMATT-UNIFIT-033-tooteleht.pdf\" target=\"_blank\" rel=\"noopener noreferrer\"><i class=\"far fa-file-pdf\"><\/i> Tehniline info (PDF)<\/a><\/p>\n<div class=\"is-divider divider clearfix\" ><\/div>\n<p><strong>\u00dcksikasjalikuma n\u00f5u saamiseks v\u00f5tke \u00fchendust:<br \/><\/strong>Espak AS<br \/>Viadukti 42<br \/>11313<br \/>Tallinn<br \/>+372 6 512333<\/p>\n<div class=\"is-divider divider clearfix\" ><\/div>\n\t\t<\/div>\n\t\t\t\t\t<\/div>\n\n\t\n<\/div>\n","protected":false},"excerpt":{"rendered":"","protected":false},"featured_media":53414,"comment_status":"closed","ping_status":"closed","template":"","meta":[],"product_brand":[],"product_cat":[2718,3510,2697,3511],"product_tag":[],"class_list":{"0":"post-51162","1":"product","2":"type-product","3":"status-publish","4":"has-post-thumbnail","6":"product_cat-isolatsioonimaterjalid","7":"product_cat-klaasvill","8":"product_cat-uldehitus","9":"product_cat-uldotstarbeline-klaasvill","10":"pa_kaubamark-knauf-insulation","12":"first","13":"outofstock","14":"sale","15":"taxable","16":"shipping-taxable","17":"purchasable","18":"product-type-simple"},"yoast_head":"<!-- This site is optimized with the Yoast SEO plugin v26.9 - https:\/\/yoast.com\/product\/yoast-seo-wordpress\/ -->\n<title>MINERAALVILLAMATT UNIFIT 033 50*1200*8700 10.44M2 - Espak E-pood<\/title>\n<meta name=\"robots\" content=\"index, follow, max-snippet:-1, max-image-preview:large, max-video-preview:-1\" \/>\n<link rel=\"canonical\" href=\"https:\/\/espak.ee\/epood\/toode\/mineraalvillmatt-unifit-033-5012008700-10-44m2\/\" \/>\n<meta property=\"og:locale\" content=\"et_EE\" \/>\n<meta property=\"og:type\" content=\"article\" \/>\n<meta property=\"og:title\" content=\"MINERAALVILLAMATT UNIFIT 033 50*1200*8700 10.44M2 - Espak E-pood\" \/>\n<meta property=\"og:url\" content=\"https:\/\/espak.ee\/epood\/toode\/mineraalvillmatt-unifit-033-5012008700-10-44m2\/\" \/>\n<meta property=\"og:site_name\" content=\"Espak E-pood\" \/>\n<meta property=\"article:modified_time\" content=\"2024-05-21T09:33:41+00:00\" \/>\n<meta property=\"og:image\" content=\"https:\/\/espak.ee\/epood\/wp-content\/uploads\/MINERAALVILLMATT-UNIFIT-033.png\" \/>\n\t<meta property=\"og:image:width\" content=\"360\" \/>\n\t<meta property=\"og:image:height\" content=\"360\" \/>\n\t<meta property=\"og:image:type\" content=\"image\/png\" \/>\n<meta name=\"twitter:card\" content=\"summary_large_image\" \/>\n<meta name=\"twitter:label1\" content=\"Est. reading time\" \/>\n\t<meta name=\"twitter:data1\" content=\"1 minut\" \/>\n<script type=\"application\/ld+json\" class=\"yoast-schema-graph\">{\"@context\":\"https:\/\/schema.org\",\"@graph\":[{\"@type\":\"WebPage\",\"@id\":\"https:\/\/espak.ee\/epood\/toode\/mineraalvillmatt-unifit-033-5012008700-10-44m2\/\",\"url\":\"https:\/\/espak.ee\/epood\/toode\/mineraalvillmatt-unifit-033-5012008700-10-44m2\/\",\"name\":\"MINERAALVILLAMATT UNIFIT 033 50*1200*8700 10.44M2 - Espak E-pood\",\"isPartOf\":{\"@id\":\"https:\/\/espak.ee\/epood\/#website\"},\"primaryImageOfPage\":{\"@id\":\"https:\/\/espak.ee\/epood\/toode\/mineraalvillmatt-unifit-033-5012008700-10-44m2\/#primaryimage\"},\"image\":{\"@id\":\"https:\/\/espak.ee\/epood\/toode\/mineraalvillmatt-unifit-033-5012008700-10-44m2\/#primaryimage\"},\"thumbnailUrl\":\"https:\/\/espak.ee\/epood\/wp-content\/uploads\/MINERAALVILLMATT-UNIFIT-033.png\",\"datePublished\":\"2020-11-28T06:28:26+00:00\",\"dateModified\":\"2024-05-21T09:33:41+00:00\",\"breadcrumb\":{\"@id\":\"https:\/\/espak.ee\/epood\/toode\/mineraalvillmatt-unifit-033-5012008700-10-44m2\/#breadcrumb\"},\"inLanguage\":\"et\",\"potentialAction\":[{\"@type\":\"ReadAction\",\"target\":[\"https:\/\/espak.ee\/epood\/toode\/mineraalvillmatt-unifit-033-5012008700-10-44m2\/\"]}]},{\"@type\":\"ImageObject\",\"inLanguage\":\"et\",\"@id\":\"https:\/\/espak.ee\/epood\/toode\/mineraalvillmatt-unifit-033-5012008700-10-44m2\/#primaryimage\",\"url\":\"https:\/\/espak.ee\/epood\/wp-content\/uploads\/MINERAALVILLMATT-UNIFIT-033.png\",\"contentUrl\":\"https:\/\/espak.ee\/epood\/wp-content\/uploads\/MINERAALVILLMATT-UNIFIT-033.png\",\"width\":360,\"height\":360},{\"@type\":\"BreadcrumbList\",\"@id\":\"https:\/\/espak.ee\/epood\/toode\/mineraalvillmatt-unifit-033-5012008700-10-44m2\/#breadcrumb\",\"itemListElement\":[{\"@type\":\"ListItem\",\"position\":1,\"name\":\"Home\",\"item\":\"https:\/\/espak.ee\/epood\/\"},{\"@type\":\"ListItem\",\"position\":2,\"name\":\"Tootevalik\",\"item\":\"https:\/\/espak.ee\/epood\/tootevalik\/\"},{\"@type\":\"ListItem\",\"position\":3,\"name\":\"MINERAALVILLAMATT UNIFIT 033 50*1200*8700 10.44M2\"}]},{\"@type\":\"WebSite\",\"@id\":\"https:\/\/espak.ee\/epood\/#website\",\"url\":\"https:\/\/espak.ee\/epood\/\",\"name\":\"Espak E-pood\",\"description\":\"\",\"potentialAction\":[{\"@type\":\"SearchAction\",\"target\":{\"@type\":\"EntryPoint\",\"urlTemplate\":\"https:\/\/espak.ee\/epood\/?s={search_term_string}\"},\"query-input\":{\"@type\":\"PropertyValueSpecification\",\"valueRequired\":true,\"valueName\":\"search_term_string\"}}],\"inLanguage\":\"et\"}]}<\/script>\n<!-- \/ Yoast SEO plugin. -->","yoast_head_json":{"title":"MINERAALVILLAMATT UNIFIT 033 50*1200*8700 10.44M2 - Espak E-pood","robots":{"index":"index","follow":"follow","max-snippet":"max-snippet:-1","max-image-preview":"max-image-preview:large","max-video-preview":"max-video-preview:-1"},"canonical":"https:\/\/espak.ee\/epood\/toode\/mineraalvillmatt-unifit-033-5012008700-10-44m2\/","og_locale":"et_EE","og_type":"article","og_title":"MINERAALVILLAMATT UNIFIT 033 50*1200*8700 10.44M2 - Espak E-pood","og_url":"https:\/\/espak.ee\/epood\/toode\/mineraalvillmatt-unifit-033-5012008700-10-44m2\/","og_site_name":"Espak E-pood","article_modified_time":"2024-05-21T09:33:41+00:00","og_image":[{"width":360,"height":360,"url":"https:\/\/espak.ee\/epood\/wp-content\/uploads\/MINERAALVILLMATT-UNIFIT-033.png","type":"image\/png"}],"twitter_card":"summary_large_image","twitter_misc":{"Est. reading time":"1 minut"},"schema":{"@context":"https:\/\/schema.org","@graph":[{"@type":"WebPage","@id":"https:\/\/espak.ee\/epood\/toode\/mineraalvillmatt-unifit-033-5012008700-10-44m2\/","url":"https:\/\/espak.ee\/epood\/toode\/mineraalvillmatt-unifit-033-5012008700-10-44m2\/","name":"MINERAALVILLAMATT UNIFIT 033 50*1200*8700 10.44M2 - Espak E-pood","isPartOf":{"@id":"https:\/\/espak.ee\/epood\/#website"},"primaryImageOfPage":{"@id":"https:\/\/espak.ee\/epood\/toode\/mineraalvillmatt-unifit-033-5012008700-10-44m2\/#primaryimage"},"image":{"@id":"https:\/\/espak.ee\/epood\/toode\/mineraalvillmatt-unifit-033-5012008700-10-44m2\/#primaryimage"},"thumbnailUrl":"https:\/\/espak.ee\/epood\/wp-content\/uploads\/MINERAALVILLMATT-UNIFIT-033.png","datePublished":"2020-11-28T06:28:26+00:00","dateModified":"2024-05-21T09:33:41+00:00","breadcrumb":{"@id":"https:\/\/espak.ee\/epood\/toode\/mineraalvillmatt-unifit-033-5012008700-10-44m2\/#breadcrumb"},"inLanguage":"et","potentialAction":[{"@type":"ReadAction","target":["https:\/\/espak.ee\/epood\/toode\/mineraalvillmatt-unifit-033-5012008700-10-44m2\/"]}]},{"@type":"ImageObject","inLanguage":"et","@id":"https:\/\/espak.ee\/epood\/toode\/mineraalvillmatt-unifit-033-5012008700-10-44m2\/#primaryimage","url":"https:\/\/espak.ee\/epood\/wp-content\/uploads\/MINERAALVILLMATT-UNIFIT-033.png","contentUrl":"https:\/\/espak.ee\/epood\/wp-content\/uploads\/MINERAALVILLMATT-UNIFIT-033.png","width":360,"height":360},{"@type":"BreadcrumbList","@id":"https:\/\/espak.ee\/epood\/toode\/mineraalvillmatt-unifit-033-5012008700-10-44m2\/#breadcrumb","itemListElement":[{"@type":"ListItem","position":1,"name":"Home","item":"https:\/\/espak.ee\/epood\/"},{"@type":"ListItem","position":2,"name":"Tootevalik","item":"https:\/\/espak.ee\/epood\/tootevalik\/"},{"@type":"ListItem","position":3,"name":"MINERAALVILLAMATT UNIFIT 033 50*1200*8700 10.44M2"}]},{"@type":"WebSite","@id":"https:\/\/espak.ee\/epood\/#website","url":"https:\/\/espak.ee\/epood\/","name":"Espak E-pood","description":"","potentialAction":[{"@type":"SearchAction","target":{"@type":"EntryPoint","urlTemplate":"https:\/\/espak.ee\/epood\/?s={search_term_string}"},"query-input":{"@type":"PropertyValueSpecification","valueRequired":true,"valueName":"search_term_string"}}],"inLanguage":"et"}]}},"_links":{"self":[{"href":"https:\/\/espak.ee\/epood\/wp-json\/wp\/v2\/product\/51162","targetHints":{"allow":["GET"]}}],"collection":[{"href":"https:\/\/espak.ee\/epood\/wp-json\/wp\/v2\/product"}],"about":[{"href":"https:\/\/espak.ee\/epood\/wp-json\/wp\/v2\/types\/product"}],"replies":[{"embeddable":true,"href":"https:\/\/espak.ee\/epood\/wp-json\/wp\/v2\/comments?post=51162"}],"wp:featuredmedia":[{"embeddable":true,"href":"https:\/\/espak.ee\/epood\/wp-json\/wp\/v2\/media\/53414"}],"wp:attachment":[{"href":"https:\/\/espak.ee\/epood\/wp-json\/wp\/v2\/media?parent=51162"}],"wp:term":[{"taxonomy":"product_brand","embeddable":true,"href":"https:\/\/espak.ee\/epood\/wp-json\/wp\/v2\/product_brand?post=51162"},{"taxonomy":"product_cat","embeddable":true,"href":"https:\/\/espak.ee\/epood\/wp-json\/wp\/v2\/product_cat?post=51162"},{"taxonomy":"product_tag","embeddable":true,"href":"https:\/\/espak.ee\/epood\/wp-json\/wp\/v2\/product_tag?post=51162"}],"curies":[{"name":"wp","href":"https:\/\/api.w.org\/{rel}","templated":true}]}}