{"id":5092,"date":"2019-04-17T13:19:42","date_gmt":"2019-04-17T10:19:42","guid":{"rendered":"https:\/\/espak.ee\/hinnakiri\/?post_type=product&#038;p=5092"},"modified":"2025-10-07T15:17:47","modified_gmt":"2025-10-07T12:17:47","slug":"komplekt-penosil-polystyrol-fixfoam-877-vahupustol-c1","status":"publish","type":"product","link":"https:\/\/espak.ee\/epood\/toode\/komplekt-penosil-polystyrol-fixfoam-877-vahupustol-c1\/","title":{"rendered":"KOMPLEKT PENOSIL POLYSTYROL FIXFOAM 877 + VAHUP\u00dcSTOL C1"},"content":{"rendered":"<div class=\"row\"  id=\"row-624556780\">\n\n\t<div id=\"col-1185437331\" class=\"col medium-9 small-12 large-9\"  >\n\t\t\t\t<div class=\"col-inner\"  >\n\t\t\t\n\t\t\t\n<p>\u00dchekomponentne pol\u00fcuretaanliim isolatsiooniplaatide ja kivivilla kinnitamiseks ehitiste soojustamisel. Liimvahul on v\u00e4ga head liimivad ja hermetiseerivad omadused. Nakkub h\u00e4sti enamike ehitus materjalidega, v\u00e4lja arvatud \u201cTeflon\u201d, pol\u00fcet\u00fcleen ja silikoonpinnad. Liimvaht on aerosoolballoonis, kasutatav vahup\u00fcstoli abil, tardub \u00f5huniiskuse toimel. Tardunud liimvaht on hea temperatuuri ja heli isolaator, kuid ei kannata UV-kiirgust ja vajab katmist.<\/p>\n<div class=\"message-box relative\" style=\"padding-top:15px;padding-bottom:15px;\"><div class=\"message-box-bg-image bg-fill fill\" ><\/div><div class=\"message-box-bg-overlay bg-fill fill\" ><\/div><div class=\"container relative\"><div class=\"inner last-reset\">\n<div class=\"row align-middle align-center\"  id=\"row-2056579550\">\n\n\t<div id=\"col-293035146\" class=\"col small-12 large-12\"  >\n\t\t\t\t<div class=\"col-inner text-left\"  >\n\t\t\t\n\t\t\t\n<h4>Omadused<\/h4>\n<div class=\"row\"  id=\"row-35941202\">\n\n\t<div id=\"col-219305035\" class=\"col medium-6 small-12 large-6\"  >\n\t\t\t\t<div class=\"col-inner\"  >\n\t\t\t\n\t\t\t\n<p><i class=\"fa fa-cloud-sun-rain fa-2x\"><\/i> <strong>Kvaliteetne tulemus erinevatel ilmastikutingimustel<\/strong><\/p>\n<p><i class=\"fa fa-clock-four fa-2x\"><\/i> <strong>\u00dchtlane tugev struktuur ja piisav elastsus<\/strong><\/p>\n\t\t<\/div>\n\t\t\t\t\n<style>\n#col-219305035 > .col-inner {\n  margin: 0px 0px 15px 0px;\n}\n<\/style>\n\t<\/div>\n\n\t\n\n\t<div id=\"col-978230285\" class=\"col medium-6 small-12 large-6\"  >\n\t\t\t\t<div class=\"col-inner\"  >\n\t\t\t\n\t\t\t\n<p><i class=\"far fa-check-circle fa-2x\"><\/i> <strong>Kasutatav vahup\u00fcstoliga<\/strong><\/p>\n<p><i class=\"far fa-check-circle fa-2x\"><\/i> <strong>V\u00e4ga heade liimivate ja hermetiseerivate omadustega<\/strong><\/p>\n\t\t<\/div>\n\t\t\t\t\n<style>\n#col-978230285 > .col-inner {\n  margin: 0px 0px 15px 0px;\n}\n<\/style>\n\t<\/div>\n\n\t\n<\/div>\n\t\t<\/div>\n\t\t\t\t\t<\/div>\n\n\t\n<\/div>\n<\/div><\/div><\/div>\n\t<div id=\"gap-516902929\" class=\"gap-element clearfix\" style=\"display:block; height:auto;\">\n\t\t\n<style>\n#gap-516902929 {\n  padding-top: 30px;\n}\n<\/style>\n\t<\/div>\n\t\n<h3>Kasutamise \u00fcksikasjad<\/h3>\n<p><strong>Kasutusalad:<\/strong> Kasutatakse vahtpol\u00fcst\u00fcreenist (tuntud ka vahtpol\u00fcst\u00fcrooli v\u00f5i penoplasti nime all) isolatsiooniplaatide kinnitamiseks fassaadidele ja vundamentidele hoonete soojustamisel, siseviimistlusplaatide kinnitamiseks seintele, kivivilla fikseerimiseks, aknalaudade kinnitamiseks.<\/p>\n<p><strong>Kasutamistingimused:<\/strong> \u00d5hutemperatuur kasutamisel -5\u00b0C kuni +30\u00b0C. Ballooni temperatuur kasutamisel +5\u00b0C kuni +25\u00b0C, parimad tulemused + 20\u00b0C juures. \u00dchendatavad pinnad peavad olema puhtad tolmust, lahtistest osakestest ja \u00f5list. Tardunud vaht on vesialuseliste v\u00e4rvidega \u00fclev\u00e4rvitav.<\/p>\n<p><strong>Kasutusjuhend:<\/strong> Vahuballooni hoida p\u00fcstises asendis, eemaldada adapteril olev kork ja keerata balloon p\u00fcstoli k\u00fclge, hoides \u00fche k\u00e4ega p\u00fcstoli k\u00e4epidemest ja teisega keerata ballooni. Keeramise ajal tuleb j\u00e4lgida, et p\u00fcstoli ette ei j\u00e4\u00e4ks teisi inimesi. Ballooni ei tohi keerata p\u00fcstolile nii, et balloon on ventiiliga allapoole v\u00f5i keerates p\u00fcstolit ballooni peal. Peale p\u00fcstoli kinnitamist loksutada ballooni v\u00e4hemalt 20 korda, seej\u00e4rel alustada t\u00f6\u00f6d hoides p\u00fcstolit t\u00f6\u00f6asendis, ballooni p\u00f5hi \u00fclespoole. Vahu hulka reguleerida p\u00fcstoli p\u00e4\u00e4stikuga. Aluspinda niisutada, sest vaht paisub niiskuse toimel. Eelnevalt niisutatud pind tagab parema tulemuse. K\u00fclmal ajal on vajalik enne t\u00f6\u00f6ga alustamist ballooni soojendada, kas soojas ruumis v\u00f5i soojas vees. Soojendava vee v\u00f5i \u00f5hu temperatuur ei tohi \u00fcletada +30\u00b0C. Liimvaht kanda soojustus- v\u00f5i viimistlusplaadile \u00fchtlase joana plaadi servadele 3\u20134 cm \u00e4\u00e4rest ning \u00fcks triip plaadi keskele paralleelselt pikema k\u00fcljega (liimiribade vahe ~25 cm). Peale liimvahu plaadile paigaldamist tuleb oodata 2\u20133 min ja seej\u00e4rel suruda plaat vastu seina. Kinnitatud plaatide pinna tasasust on v\u00f5imalik korrigeerida kuni 5 min jooksul. Liimvaht on piisavalt tugev, et kinnitada isolatsiooniplaate, kuid soojustusplaadi katmisel fassaadikattematerjalidega on vajalik kinnitustarvikute (kruvid, t\u00fc\u00fcblid) kasutamine, mis ulatuksid l\u00e4bi soojustuse tugeva konstruktsioonini.<\/p>\n<p><strong>Puhastamine:<\/strong> Tardumata liimvahu puhastamiseks pindadelt ja t\u00f6\u00f6riistadelt kasutada puhastusvahendit PENOSIL Premium Foam Cleaner. Tardunud liimvahtu saab eemaldada mehaaniliselt, kui seda eelnevalt pehmendada vahendiga PENOSIL Premium Foam Remover. K\u00e4te, riiete ja vahup\u00fcstoli puhastamiseks tardumata liimvahust sobivad puhastuslapid PENOSIL Premium Cleaning Wipes.<\/p>\n<p><strong>S\u00e4ilitamine:<\/strong> Ballooni tuleb ladustada ning transportida vertikaalselt. Hoida jahedas ja kuivas kohas. Ladustada temperatuuril +5\u00b0C kuni +30\u00b0C. Aerosoolballooni ei tohi hoida temperatuuridel \u00fcle +50\u00b0C, soojusallikate l\u00e4heduses ega otsese p\u00e4ikesevalguse k\u00e4es. Garanteeritud s\u00e4ilivusaeg avamata pakendis 9 kuud.<\/p>\n<p><strong>Ohutus:<\/strong> Toode on tuleohtlik, kaitsta \u00fclekuumenemise eest ja eemal s\u00fcttimisallikatest, v\u00e4ltida otsest p\u00e4ikesevalgust ja suitsetamist t\u00f6\u00f6tamise ajal. V\u00f5ib p\u00f5hjustada \u00fclitundlikkust sissehingamisel ja kokkupuutel nahaga. Kasutamise ajal tagada piisav ventilatsioon. Kanda kaitseprille ja -kindaid. Hoida lastele k\u00e4ttesaamatus kohas. Tardunud liimvahtu v\u00f5ib k\u00e4sitseda ilma igasuguse ohuta tervisele. T\u00e4psem ohutusinfo on k\u00e4ttesaadav toote ohutuskaardil (SDS).<\/p>\n\t\t<\/div>\n\t\t\t\t\t<\/div>\n\n\t\n\n\t<div id=\"col-529880313\" class=\"col medium-3 small-12 large-3\"  >\n\t\t\t\t<div class=\"col-inner\"  >\n\t\t\t\n\t\t\t\n\t<div id=\"gap-1596005066\" class=\"gap-element clearfix\" style=\"display:block; height:auto;\">\n\t\t\n<style>\n#gap-1596005066 {\n  padding-top: 30px;\n}\n<\/style>\n\t<\/div>\n\t\n<h3>Tehniline informatsioon<\/h3>\n<p><a href=\"https:\/\/espak.ee\/epood\/wp-content\/uploads\/teave.pdf\" target=\"_blank\" rel=\"noopener noreferrer\"><i class=\"far fa-file-pdf\"><\/i> Tehniline info (PDF)<\/a><\/p>\n<h3>Ohutusalane teave<\/h3>\n<p><a href=\"https:\/\/espak.ee\/epood\/wp-content\/uploads\/31214_PENOSIL_Premium_Polystyrol_FixFoam_877_SDS_EST_ver_2_01.04.16.pdf\" target=\"_blank\" rel=\"noopener noreferrer\"><i class=\"far fa-file-pdf\"><\/i> Ohutusalane teave (PDF)<\/a><\/p>\n<div class=\"is-divider divider clearfix\" ><\/div>\n<p><strong>\u00dcksikasjalikuma n\u00f5u saamiseks v\u00f5tke \u00fchendust:<br \/><\/strong>Wolf Group O\u00dc<br \/>Suur-Paala 6<br \/>13619<br \/>Tallinn<br \/>+372 605 9301<\/p>\n\t\t<\/div>\n\t\t\t\t\t<\/div>\n\n\t\n<\/div>\n","protected":false},"excerpt":{"rendered":"","protected":false},"featured_media":142031,"comment_status":"closed","ping_status":"closed","template":"","meta":[],"product_brand":[],"product_cat":[2703,2708,2710,2683],"product_tag":[],"class_list":{"0":"post-5092","1":"product","2":"type-product","3":"status-publish","4":"has-post-thumbnail","6":"product_cat-ehituskeemia","7":"product_cat-hermeetikud","8":"product_cat-montaazivahud","9":"product_cat-viimistluskaubad","10":"pa_kaubamark-krimelte-ou","12":"first","13":"instock","14":"sale","15":"taxable","16":"shipping-taxable","17":"purchasable","18":"product-type-simple"},"yoast_head":"<!-- This site is optimized with the Yoast SEO plugin v26.9 - https:\/\/yoast.com\/product\/yoast-seo-wordpress\/ -->\n<title>KOMPLEKT PENOSIL POLYSTYROL FIXFOAM 877 + VAHUP\u00dcSTOL C1 - Espak E-pood<\/title>\n<meta name=\"robots\" content=\"index, follow, max-snippet:-1, max-image-preview:large, max-video-preview:-1\" \/>\n<link rel=\"canonical\" href=\"https:\/\/espak.ee\/epood\/toode\/komplekt-penosil-polystyrol-fixfoam-877-vahupustol-c1\/\" \/>\n<meta property=\"og:locale\" content=\"et_EE\" \/>\n<meta property=\"og:type\" content=\"article\" \/>\n<meta property=\"og:title\" content=\"KOMPLEKT PENOSIL POLYSTYROL FIXFOAM 877 + VAHUP\u00dcSTOL C1 - Espak E-pood\" \/>\n<meta property=\"og:url\" content=\"https:\/\/espak.ee\/epood\/toode\/komplekt-penosil-polystyrol-fixfoam-877-vahupustol-c1\/\" \/>\n<meta property=\"og:site_name\" content=\"Espak E-pood\" \/>\n<meta property=\"article:modified_time\" content=\"2025-10-07T12:17:47+00:00\" \/>\n<meta property=\"og:image\" content=\"https:\/\/espak.ee\/epood\/wp-content\/uploads\/2019\/04\/877_Polystyrol_FixFoam_877_EE_FI_kombo.jpg\" \/>\n\t<meta property=\"og:image:width\" content=\"800\" \/>\n\t<meta property=\"og:image:height\" content=\"800\" \/>\n\t<meta property=\"og:image:type\" content=\"image\/jpeg\" \/>\n<meta name=\"twitter:card\" content=\"summary_large_image\" \/>\n<meta name=\"twitter:label1\" content=\"Est. reading time\" \/>\n\t<meta name=\"twitter:data1\" content=\"3 minutit\" \/>\n<script type=\"application\/ld+json\" class=\"yoast-schema-graph\">{\"@context\":\"https:\/\/schema.org\",\"@graph\":[{\"@type\":\"WebPage\",\"@id\":\"https:\/\/espak.ee\/epood\/toode\/komplekt-penosil-polystyrol-fixfoam-877-vahupustol-c1\/\",\"url\":\"https:\/\/espak.ee\/epood\/toode\/komplekt-penosil-polystyrol-fixfoam-877-vahupustol-c1\/\",\"name\":\"KOMPLEKT PENOSIL POLYSTYROL FIXFOAM 877 + VAHUP\u00dcSTOL C1 - Espak E-pood\",\"isPartOf\":{\"@id\":\"https:\/\/espak.ee\/epood\/#website\"},\"primaryImageOfPage\":{\"@id\":\"https:\/\/espak.ee\/epood\/toode\/komplekt-penosil-polystyrol-fixfoam-877-vahupustol-c1\/#primaryimage\"},\"image\":{\"@id\":\"https:\/\/espak.ee\/epood\/toode\/komplekt-penosil-polystyrol-fixfoam-877-vahupustol-c1\/#primaryimage\"},\"thumbnailUrl\":\"https:\/\/espak.ee\/epood\/wp-content\/uploads\/2019\/04\/877_Polystyrol_FixFoam_877_EE_FI_kombo.jpg\",\"datePublished\":\"2019-04-17T10:19:42+00:00\",\"dateModified\":\"2025-10-07T12:17:47+00:00\",\"breadcrumb\":{\"@id\":\"https:\/\/espak.ee\/epood\/toode\/komplekt-penosil-polystyrol-fixfoam-877-vahupustol-c1\/#breadcrumb\"},\"inLanguage\":\"et\",\"potentialAction\":[{\"@type\":\"ReadAction\",\"target\":[\"https:\/\/espak.ee\/epood\/toode\/komplekt-penosil-polystyrol-fixfoam-877-vahupustol-c1\/\"]}]},{\"@type\":\"ImageObject\",\"inLanguage\":\"et\",\"@id\":\"https:\/\/espak.ee\/epood\/toode\/komplekt-penosil-polystyrol-fixfoam-877-vahupustol-c1\/#primaryimage\",\"url\":\"https:\/\/espak.ee\/epood\/wp-content\/uploads\/2019\/04\/877_Polystyrol_FixFoam_877_EE_FI_kombo.jpg\",\"contentUrl\":\"https:\/\/espak.ee\/epood\/wp-content\/uploads\/2019\/04\/877_Polystyrol_FixFoam_877_EE_FI_kombo.jpg\",\"width\":800,\"height\":800},{\"@type\":\"BreadcrumbList\",\"@id\":\"https:\/\/espak.ee\/epood\/toode\/komplekt-penosil-polystyrol-fixfoam-877-vahupustol-c1\/#breadcrumb\",\"itemListElement\":[{\"@type\":\"ListItem\",\"position\":1,\"name\":\"Home\",\"item\":\"https:\/\/espak.ee\/epood\/\"},{\"@type\":\"ListItem\",\"position\":2,\"name\":\"Tootevalik\",\"item\":\"https:\/\/espak.ee\/epood\/tootevalik\/\"},{\"@type\":\"ListItem\",\"position\":3,\"name\":\"KOMPLEKT PENOSIL POLYSTYROL FIXFOAM 877 + VAHUP\u00dcSTOL C1\"}]},{\"@type\":\"WebSite\",\"@id\":\"https:\/\/espak.ee\/epood\/#website\",\"url\":\"https:\/\/espak.ee\/epood\/\",\"name\":\"Espak E-pood\",\"description\":\"\",\"potentialAction\":[{\"@type\":\"SearchAction\",\"target\":{\"@type\":\"EntryPoint\",\"urlTemplate\":\"https:\/\/espak.ee\/epood\/?s={search_term_string}\"},\"query-input\":{\"@type\":\"PropertyValueSpecification\",\"valueRequired\":true,\"valueName\":\"search_term_string\"}}],\"inLanguage\":\"et\"}]}<\/script>\n<!-- \/ Yoast SEO plugin. -->","yoast_head_json":{"title":"KOMPLEKT PENOSIL POLYSTYROL FIXFOAM 877 + VAHUP\u00dcSTOL C1 - Espak E-pood","robots":{"index":"index","follow":"follow","max-snippet":"max-snippet:-1","max-image-preview":"max-image-preview:large","max-video-preview":"max-video-preview:-1"},"canonical":"https:\/\/espak.ee\/epood\/toode\/komplekt-penosil-polystyrol-fixfoam-877-vahupustol-c1\/","og_locale":"et_EE","og_type":"article","og_title":"KOMPLEKT PENOSIL POLYSTYROL FIXFOAM 877 + VAHUP\u00dcSTOL C1 - Espak E-pood","og_url":"https:\/\/espak.ee\/epood\/toode\/komplekt-penosil-polystyrol-fixfoam-877-vahupustol-c1\/","og_site_name":"Espak E-pood","article_modified_time":"2025-10-07T12:17:47+00:00","og_image":[{"width":800,"height":800,"url":"https:\/\/espak.ee\/epood\/wp-content\/uploads\/2019\/04\/877_Polystyrol_FixFoam_877_EE_FI_kombo.jpg","type":"image\/jpeg"}],"twitter_card":"summary_large_image","twitter_misc":{"Est. reading time":"3 minutit"},"schema":{"@context":"https:\/\/schema.org","@graph":[{"@type":"WebPage","@id":"https:\/\/espak.ee\/epood\/toode\/komplekt-penosil-polystyrol-fixfoam-877-vahupustol-c1\/","url":"https:\/\/espak.ee\/epood\/toode\/komplekt-penosil-polystyrol-fixfoam-877-vahupustol-c1\/","name":"KOMPLEKT PENOSIL POLYSTYROL FIXFOAM 877 + VAHUP\u00dcSTOL C1 - Espak E-pood","isPartOf":{"@id":"https:\/\/espak.ee\/epood\/#website"},"primaryImageOfPage":{"@id":"https:\/\/espak.ee\/epood\/toode\/komplekt-penosil-polystyrol-fixfoam-877-vahupustol-c1\/#primaryimage"},"image":{"@id":"https:\/\/espak.ee\/epood\/toode\/komplekt-penosil-polystyrol-fixfoam-877-vahupustol-c1\/#primaryimage"},"thumbnailUrl":"https:\/\/espak.ee\/epood\/wp-content\/uploads\/2019\/04\/877_Polystyrol_FixFoam_877_EE_FI_kombo.jpg","datePublished":"2019-04-17T10:19:42+00:00","dateModified":"2025-10-07T12:17:47+00:00","breadcrumb":{"@id":"https:\/\/espak.ee\/epood\/toode\/komplekt-penosil-polystyrol-fixfoam-877-vahupustol-c1\/#breadcrumb"},"inLanguage":"et","potentialAction":[{"@type":"ReadAction","target":["https:\/\/espak.ee\/epood\/toode\/komplekt-penosil-polystyrol-fixfoam-877-vahupustol-c1\/"]}]},{"@type":"ImageObject","inLanguage":"et","@id":"https:\/\/espak.ee\/epood\/toode\/komplekt-penosil-polystyrol-fixfoam-877-vahupustol-c1\/#primaryimage","url":"https:\/\/espak.ee\/epood\/wp-content\/uploads\/2019\/04\/877_Polystyrol_FixFoam_877_EE_FI_kombo.jpg","contentUrl":"https:\/\/espak.ee\/epood\/wp-content\/uploads\/2019\/04\/877_Polystyrol_FixFoam_877_EE_FI_kombo.jpg","width":800,"height":800},{"@type":"BreadcrumbList","@id":"https:\/\/espak.ee\/epood\/toode\/komplekt-penosil-polystyrol-fixfoam-877-vahupustol-c1\/#breadcrumb","itemListElement":[{"@type":"ListItem","position":1,"name":"Home","item":"https:\/\/espak.ee\/epood\/"},{"@type":"ListItem","position":2,"name":"Tootevalik","item":"https:\/\/espak.ee\/epood\/tootevalik\/"},{"@type":"ListItem","position":3,"name":"KOMPLEKT PENOSIL POLYSTYROL FIXFOAM 877 + VAHUP\u00dcSTOL C1"}]},{"@type":"WebSite","@id":"https:\/\/espak.ee\/epood\/#website","url":"https:\/\/espak.ee\/epood\/","name":"Espak E-pood","description":"","potentialAction":[{"@type":"SearchAction","target":{"@type":"EntryPoint","urlTemplate":"https:\/\/espak.ee\/epood\/?s={search_term_string}"},"query-input":{"@type":"PropertyValueSpecification","valueRequired":true,"valueName":"search_term_string"}}],"inLanguage":"et"}]}},"_links":{"self":[{"href":"https:\/\/espak.ee\/epood\/wp-json\/wp\/v2\/product\/5092","targetHints":{"allow":["GET"]}}],"collection":[{"href":"https:\/\/espak.ee\/epood\/wp-json\/wp\/v2\/product"}],"about":[{"href":"https:\/\/espak.ee\/epood\/wp-json\/wp\/v2\/types\/product"}],"replies":[{"embeddable":true,"href":"https:\/\/espak.ee\/epood\/wp-json\/wp\/v2\/comments?post=5092"}],"wp:featuredmedia":[{"embeddable":true,"href":"https:\/\/espak.ee\/epood\/wp-json\/wp\/v2\/media\/142031"}],"wp:attachment":[{"href":"https:\/\/espak.ee\/epood\/wp-json\/wp\/v2\/media?parent=5092"}],"wp:term":[{"taxonomy":"product_brand","embeddable":true,"href":"https:\/\/espak.ee\/epood\/wp-json\/wp\/v2\/product_brand?post=5092"},{"taxonomy":"product_cat","embeddable":true,"href":"https:\/\/espak.ee\/epood\/wp-json\/wp\/v2\/product_cat?post=5092"},{"taxonomy":"product_tag","embeddable":true,"href":"https:\/\/espak.ee\/epood\/wp-json\/wp\/v2\/product_tag?post=5092"}],"curies":[{"name":"wp","href":"https:\/\/api.w.org\/{rel}","templated":true}]}}