{"id":50281,"date":"2020-11-20T06:28:27","date_gmt":"2020-11-20T06:28:27","guid":{"rendered":"https:\/\/espak.ee\/hinnakiri\/?post_type=product&#038;p=50281"},"modified":"2026-01-15T15:13:42","modified_gmt":"2026-01-15T13:13:42","slug":"aknalint-soudal-uv-total-valimine-70mm25m","status":"publish","type":"product","link":"https:\/\/espak.ee\/epood\/toode\/aknalint-soudal-uv-total-valimine-70mm25m\/","title":{"rendered":"AKNALINT SOUDAL UV+ TOTAL V\u00c4LIMINE 70MM*25M"},"content":{"rendered":"<div class=\"row\"  id=\"row-1807008031\">\n\n\t<div id=\"col-1345460833\" class=\"col medium-9 small-12 large-9\"  >\n\t\t\t\t<div class=\"col-inner\"  >\n\t\t\t\n\t\t\t\n<h3>Aknalint Soudal SWS UV+ Total v\u00e4limine 70mm*25m<\/h3>\n<p>Veeauru l\u00e4bilaskev, elastne ja paindlik pol\u00fcesterlint, mittekootud pol\u00fcprop\u00fcleenmaterjal, mis tagab veeauru l\u00e4bilaskvuse akna v\u00e4lisosas ja kaitseb \u00fchtlasi vee ja tuule eest. Lindi sisek\u00fclg on \u00fcleni kaetud liimiga, mis nakkub v\u00e4ga h\u00e4sti enamike ehitusmaterjalidega. Lint nakkub t\u00e4ie pinnaga ja selle alla ei j\u00e4\u00e4 \u00f5hut\u00fchemikke \u2013 mugav kasutada kipsplaadil. Liimiga kaetud ala on armeeritud v\u00f5rguga. Lindi liimimiseks aknaraamile on liimiriba ka lindi teisel k\u00fcljel. Suurendatud vastupidavus ultraviolettkiirgusele. <\/p>\n<h3>Kasutamise \u00fcksikasjad<\/h3>\n<p><strong>Kasutuskohad:<\/strong><br \/>\nAkende ja uste \u00fchendusvuukide veeauru l\u00e4bilaskvaks katmiseks v\u00e4ljastpoolt. <\/p>\n<p><strong>Juhised: <\/strong> Linti v\u00f5ib aknale kleepida enne v\u00f5i p\u00e4rast akna paigaldamist (oma kogemustest juhindudes soovitame seda teha enne akna paigaldamist).<br \/>\n\u2022 Aknaraamid peavad olema puhtad, kuivad ja tugevad (j\u00e4igad ja tolmuvabad).<br \/>\n\u2022 Eemaldage lindi otsast alates osa kaitsekilest (lindi sellelt poolelt, mille kleebite aknaraamile) ja seej\u00e4rel kleepige lint raamile, \u00e4rge j\u00e4tke kortsusid ja \u00e4rge liigselt venitage. J\u00e4tke lint lahti v\u00e4hemalt 3 cm ulatuses aknaraami nurgast.<br \/>\n\u2022 Kinnitage aken avasse ja t\u00e4ike aknaraami ja ava vaheline paigaldusvuuk vahuga.<br \/>\n\u2022 P\u00e4rast vahu tardumist ja liigse vahu mahal\u00f5ikamist eemaldage lindilt kaitsekile ja kleepige lint ava peale.<br \/>\n\u2022 Lint peab olema kleebitud pinnale t\u00e4ies ulatuses, ilma \u00f5hut\u00fchemikke j\u00e4tmata. Soovitame kasutada tasandamiseks ja lindi kinnisurumiseks j\u00e4ika rulli v\u00f5i pehmet pahtellabidat.<br \/>\n\u2022 Ehitise osade liikumise kompenseerimiseks \u00e4rge linti kleepimise ajal liigselt venitage.<br \/>\n\u2022 Kaitske vuuki vihma eest (ligikaudu 5 tundi), et lasta liimil k\u00f5veneda.<br \/>\n\u2022 Kipsplaat ei muuda lindi f\u00fc\u00fcsikalisi omadusi. \u2022 T\u00e4helepanu! Vajaduse korral v\u00f5ib linte kokku<br \/>\nliimida, et saada n\u00f5utav suurem laius.<\/p>\n\t\t<\/div>\n\t\t\t\t\t<\/div>\n\n\t\n\n\t<div id=\"col-1496041755\" class=\"col medium-3 small-12 large-3\"  >\n\t\t\t\t<div class=\"col-inner\"  >\n\t\t\t\n\t\t\t\n\t<div id=\"gap-935294508\" class=\"gap-element clearfix\" style=\"display:block; height:auto;\">\n\t\t\n<style>\n#gap-935294508 {\n  padding-top: 30px;\n}\n<\/style>\n\t<\/div>\n\t\n<h3>Tehniline informatsioon<\/h3>\n<p><a href=\"https:\/\/espak.ee\/epood\/wp-content\/uploads\/2024\/03\/FOLIENBAND-EC-OUTSIDE-UV-TOTAL.pdf\"target=\"_blank\" rel=\"noopener noreferrer\"><i class=\"far fa-file-pdf\"><\/i> Tehniline info (PDF)<\/a><\/p>\n<div class=\"is-divider divider clearfix\" ><\/div>\n<p><strong>\u00dcksikasjalikuma n\u00f5u saamiseks v\u00f5tke \u00fchendust:<br \/><\/strong>SOUDAL AS\ufeff<br \/>Haraka tn. 5<br \/>11311<br \/>Tallinn<br \/>+ 372 655 1851<\/p>\n\t\t<\/div>\n\t\t\t\t\t<\/div>\n\n\t\n<\/div>\n","protected":false},"excerpt":{"rendered":"","protected":false},"featured_media":191173,"comment_status":"closed","ping_status":"closed","template":"","meta":[],"product_brand":[],"product_cat":[2718,2722,2723],"product_tag":[],"class_list":{"0":"post-50281","1":"product","2":"type-product","3":"status-publish","4":"has-post-thumbnail","6":"product_cat-isolatsioonimaterjalid","7":"product_cat-tihendid","8":"product_cat-tihenduslindid","9":"pa_kaubamark-soudal-as","11":"first","12":"instock","13":"sale","14":"taxable","15":"shipping-taxable","16":"purchasable","17":"product-type-simple"},"yoast_head":"<!-- This site is optimized with the Yoast SEO plugin v26.9 - https:\/\/yoast.com\/product\/yoast-seo-wordpress\/ -->\n<title>AKNALINT SOUDAL UV+ TOTAL V\u00c4LIMINE 70MM*25M - Espak E-pood<\/title>\n<meta name=\"robots\" content=\"index, follow, max-snippet:-1, max-image-preview:large, max-video-preview:-1\" \/>\n<link rel=\"canonical\" href=\"https:\/\/espak.ee\/epood\/toode\/aknalint-soudal-uv-total-valimine-70mm25m\/\" \/>\n<meta property=\"og:locale\" content=\"et_EE\" \/>\n<meta property=\"og:type\" content=\"article\" \/>\n<meta property=\"og:title\" content=\"AKNALINT SOUDAL UV+ TOTAL V\u00c4LIMINE 70MM*25M - Espak E-pood\" \/>\n<meta property=\"og:url\" content=\"https:\/\/espak.ee\/epood\/toode\/aknalint-soudal-uv-total-valimine-70mm25m\/\" \/>\n<meta property=\"og:site_name\" content=\"Espak E-pood\" \/>\n<meta property=\"article:modified_time\" content=\"2026-01-15T13:13:42+00:00\" \/>\n<meta property=\"og:image\" content=\"https:\/\/espak.ee\/epood\/wp-content\/uploads\/2020\/11\/Isorine-UV-Total.jpg\" \/>\n\t<meta property=\"og:image:width\" content=\"1000\" \/>\n\t<meta property=\"og:image:height\" content=\"1000\" \/>\n\t<meta property=\"og:image:type\" content=\"image\/jpeg\" \/>\n<meta name=\"twitter:card\" content=\"summary_large_image\" \/>\n<meta name=\"twitter:label1\" content=\"Est. reading time\" \/>\n\t<meta name=\"twitter:data1\" content=\"1 minut\" \/>\n<script type=\"application\/ld+json\" class=\"yoast-schema-graph\">{\"@context\":\"https:\/\/schema.org\",\"@graph\":[{\"@type\":\"WebPage\",\"@id\":\"https:\/\/espak.ee\/epood\/toode\/aknalint-soudal-uv-total-valimine-70mm25m\/\",\"url\":\"https:\/\/espak.ee\/epood\/toode\/aknalint-soudal-uv-total-valimine-70mm25m\/\",\"name\":\"AKNALINT SOUDAL UV+ TOTAL V\u00c4LIMINE 70MM*25M - Espak E-pood\",\"isPartOf\":{\"@id\":\"https:\/\/espak.ee\/epood\/#website\"},\"primaryImageOfPage\":{\"@id\":\"https:\/\/espak.ee\/epood\/toode\/aknalint-soudal-uv-total-valimine-70mm25m\/#primaryimage\"},\"image\":{\"@id\":\"https:\/\/espak.ee\/epood\/toode\/aknalint-soudal-uv-total-valimine-70mm25m\/#primaryimage\"},\"thumbnailUrl\":\"https:\/\/espak.ee\/epood\/wp-content\/uploads\/2020\/11\/Isorine-UV-Total.jpg\",\"datePublished\":\"2020-11-20T06:28:27+00:00\",\"dateModified\":\"2026-01-15T13:13:42+00:00\",\"breadcrumb\":{\"@id\":\"https:\/\/espak.ee\/epood\/toode\/aknalint-soudal-uv-total-valimine-70mm25m\/#breadcrumb\"},\"inLanguage\":\"et\",\"potentialAction\":[{\"@type\":\"ReadAction\",\"target\":[\"https:\/\/espak.ee\/epood\/toode\/aknalint-soudal-uv-total-valimine-70mm25m\/\"]}]},{\"@type\":\"ImageObject\",\"inLanguage\":\"et\",\"@id\":\"https:\/\/espak.ee\/epood\/toode\/aknalint-soudal-uv-total-valimine-70mm25m\/#primaryimage\",\"url\":\"https:\/\/espak.ee\/epood\/wp-content\/uploads\/2020\/11\/Isorine-UV-Total.jpg\",\"contentUrl\":\"https:\/\/espak.ee\/epood\/wp-content\/uploads\/2020\/11\/Isorine-UV-Total.jpg\",\"width\":1000,\"height\":1000},{\"@type\":\"BreadcrumbList\",\"@id\":\"https:\/\/espak.ee\/epood\/toode\/aknalint-soudal-uv-total-valimine-70mm25m\/#breadcrumb\",\"itemListElement\":[{\"@type\":\"ListItem\",\"position\":1,\"name\":\"Home\",\"item\":\"https:\/\/espak.ee\/epood\/\"},{\"@type\":\"ListItem\",\"position\":2,\"name\":\"Tootevalik\",\"item\":\"https:\/\/espak.ee\/epood\/tootevalik\/\"},{\"@type\":\"ListItem\",\"position\":3,\"name\":\"AKNALINT SOUDAL UV+ TOTAL V\u00c4LIMINE 70MM*25M\"}]},{\"@type\":\"WebSite\",\"@id\":\"https:\/\/espak.ee\/epood\/#website\",\"url\":\"https:\/\/espak.ee\/epood\/\",\"name\":\"Espak E-pood\",\"description\":\"\",\"potentialAction\":[{\"@type\":\"SearchAction\",\"target\":{\"@type\":\"EntryPoint\",\"urlTemplate\":\"https:\/\/espak.ee\/epood\/?s={search_term_string}\"},\"query-input\":{\"@type\":\"PropertyValueSpecification\",\"valueRequired\":true,\"valueName\":\"search_term_string\"}}],\"inLanguage\":\"et\"}]}<\/script>\n<!-- \/ Yoast SEO plugin. -->","yoast_head_json":{"title":"AKNALINT SOUDAL UV+ TOTAL V\u00c4LIMINE 70MM*25M - Espak E-pood","robots":{"index":"index","follow":"follow","max-snippet":"max-snippet:-1","max-image-preview":"max-image-preview:large","max-video-preview":"max-video-preview:-1"},"canonical":"https:\/\/espak.ee\/epood\/toode\/aknalint-soudal-uv-total-valimine-70mm25m\/","og_locale":"et_EE","og_type":"article","og_title":"AKNALINT SOUDAL UV+ TOTAL V\u00c4LIMINE 70MM*25M - Espak E-pood","og_url":"https:\/\/espak.ee\/epood\/toode\/aknalint-soudal-uv-total-valimine-70mm25m\/","og_site_name":"Espak E-pood","article_modified_time":"2026-01-15T13:13:42+00:00","og_image":[{"width":1000,"height":1000,"url":"https:\/\/espak.ee\/epood\/wp-content\/uploads\/2020\/11\/Isorine-UV-Total.jpg","type":"image\/jpeg"}],"twitter_card":"summary_large_image","twitter_misc":{"Est. reading time":"1 minut"},"schema":{"@context":"https:\/\/schema.org","@graph":[{"@type":"WebPage","@id":"https:\/\/espak.ee\/epood\/toode\/aknalint-soudal-uv-total-valimine-70mm25m\/","url":"https:\/\/espak.ee\/epood\/toode\/aknalint-soudal-uv-total-valimine-70mm25m\/","name":"AKNALINT SOUDAL UV+ TOTAL V\u00c4LIMINE 70MM*25M - Espak E-pood","isPartOf":{"@id":"https:\/\/espak.ee\/epood\/#website"},"primaryImageOfPage":{"@id":"https:\/\/espak.ee\/epood\/toode\/aknalint-soudal-uv-total-valimine-70mm25m\/#primaryimage"},"image":{"@id":"https:\/\/espak.ee\/epood\/toode\/aknalint-soudal-uv-total-valimine-70mm25m\/#primaryimage"},"thumbnailUrl":"https:\/\/espak.ee\/epood\/wp-content\/uploads\/2020\/11\/Isorine-UV-Total.jpg","datePublished":"2020-11-20T06:28:27+00:00","dateModified":"2026-01-15T13:13:42+00:00","breadcrumb":{"@id":"https:\/\/espak.ee\/epood\/toode\/aknalint-soudal-uv-total-valimine-70mm25m\/#breadcrumb"},"inLanguage":"et","potentialAction":[{"@type":"ReadAction","target":["https:\/\/espak.ee\/epood\/toode\/aknalint-soudal-uv-total-valimine-70mm25m\/"]}]},{"@type":"ImageObject","inLanguage":"et","@id":"https:\/\/espak.ee\/epood\/toode\/aknalint-soudal-uv-total-valimine-70mm25m\/#primaryimage","url":"https:\/\/espak.ee\/epood\/wp-content\/uploads\/2020\/11\/Isorine-UV-Total.jpg","contentUrl":"https:\/\/espak.ee\/epood\/wp-content\/uploads\/2020\/11\/Isorine-UV-Total.jpg","width":1000,"height":1000},{"@type":"BreadcrumbList","@id":"https:\/\/espak.ee\/epood\/toode\/aknalint-soudal-uv-total-valimine-70mm25m\/#breadcrumb","itemListElement":[{"@type":"ListItem","position":1,"name":"Home","item":"https:\/\/espak.ee\/epood\/"},{"@type":"ListItem","position":2,"name":"Tootevalik","item":"https:\/\/espak.ee\/epood\/tootevalik\/"},{"@type":"ListItem","position":3,"name":"AKNALINT SOUDAL UV+ TOTAL V\u00c4LIMINE 70MM*25M"}]},{"@type":"WebSite","@id":"https:\/\/espak.ee\/epood\/#website","url":"https:\/\/espak.ee\/epood\/","name":"Espak E-pood","description":"","potentialAction":[{"@type":"SearchAction","target":{"@type":"EntryPoint","urlTemplate":"https:\/\/espak.ee\/epood\/?s={search_term_string}"},"query-input":{"@type":"PropertyValueSpecification","valueRequired":true,"valueName":"search_term_string"}}],"inLanguage":"et"}]}},"_links":{"self":[{"href":"https:\/\/espak.ee\/epood\/wp-json\/wp\/v2\/product\/50281","targetHints":{"allow":["GET"]}}],"collection":[{"href":"https:\/\/espak.ee\/epood\/wp-json\/wp\/v2\/product"}],"about":[{"href":"https:\/\/espak.ee\/epood\/wp-json\/wp\/v2\/types\/product"}],"replies":[{"embeddable":true,"href":"https:\/\/espak.ee\/epood\/wp-json\/wp\/v2\/comments?post=50281"}],"wp:featuredmedia":[{"embeddable":true,"href":"https:\/\/espak.ee\/epood\/wp-json\/wp\/v2\/media\/191173"}],"wp:attachment":[{"href":"https:\/\/espak.ee\/epood\/wp-json\/wp\/v2\/media?parent=50281"}],"wp:term":[{"taxonomy":"product_brand","embeddable":true,"href":"https:\/\/espak.ee\/epood\/wp-json\/wp\/v2\/product_brand?post=50281"},{"taxonomy":"product_cat","embeddable":true,"href":"https:\/\/espak.ee\/epood\/wp-json\/wp\/v2\/product_cat?post=50281"},{"taxonomy":"product_tag","embeddable":true,"href":"https:\/\/espak.ee\/epood\/wp-json\/wp\/v2\/product_tag?post=50281"}],"curies":[{"name":"wp","href":"https:\/\/api.w.org\/{rel}","templated":true}]}}