{"id":50279,"date":"2020-11-20T06:28:27","date_gmt":"2020-11-20T06:28:27","guid":{"rendered":"https:\/\/espak.ee\/hinnakiri\/?post_type=product&#038;p=50279"},"modified":"2026-01-15T15:12:22","modified_gmt":"2026-01-15T13:12:22","slug":"aknalint-soudal-alu-total-sisemine-70mm25m","status":"publish","type":"product","link":"https:\/\/espak.ee\/epood\/toode\/aknalint-soudal-alu-total-sisemine-70mm25m\/","title":{"rendered":"AKNALINT SOUDAL ALU TOTAL SISEMINE 70MM*25M"},"content":{"rendered":"<div class=\"row\"  id=\"row-2088405710\">\n\n\t<div id=\"col-512458924\" class=\"col medium-9 small-12 large-9\"  >\n\t\t\t\t<div class=\"col-inner\"  >\n\t\t\t\n\t\t\t\n<h3>Aknalint Soudal SWS Alu Total sisemine 70mm*25m<\/h3>\n<p>Aurukindel, kahepoolselt liimuv pol\u00fcesterlint, mis sobib akende ja uste montaa\u017eivuugiks. Lindi \u00fcks k\u00fclg on \u00fcleni liimiga kaetud, teisel on liimiriba \u00fches servas. Kogu lindi pinda kattev liim suurendab tihedust ja parandab naket. <\/p>\n<div class=\"message-box relative\" style=\"padding-top:15px;padding-bottom:15px;\"><div class=\"message-box-bg-image bg-fill fill\" ><\/div><div class=\"message-box-bg-overlay bg-fill fill\" ><\/div><div class=\"container relative\"><div class=\"inner last-reset\">\n<div class=\"row align-middle align-center\"  id=\"row-355756524\">\n\n\t<div id=\"col-1050049763\" class=\"col small-12 large-12\"  >\n\t\t\t\t<div class=\"col-inner text-left\"  >\n\t\t\t\n\t\t\t\n<h4>Omadused<\/h4>\n<div class=\"row\"  id=\"row-1583072602\">\n\n\t<div id=\"col-1568800274\" class=\"col medium-6 small-12 large-6\"  >\n\t\t\t\t<div class=\"col-inner\"  >\n\t\t\t\n\t\t\t\n<p><i class=\"far fa-check-circle fa-2x\"><\/i><strong>\u00a0Suurep\u00e4rane aurukindlus<\/strong><\/p>\n<p><strong><i class=\"far fa-check-circle fa-2x\"><\/i>\u00a0Tugev nake<\/strong><\/p>\n<p><strong><i class=\"far fa-check-circle fa-2x\"><\/i>\u00a0Lihtne kasutada<\/strong><\/p>\n\t\t<\/div>\n\t\t\t\t\n<style>\n#col-1568800274 > .col-inner {\n  margin: 0px 0px 15px 0px;\n}\n<\/style>\n\t<\/div>\n\n\t\n\n\t<div id=\"col-1475257639\" class=\"col medium-6 small-12 large-6\"  >\n\t\t\t\t<div class=\"col-inner\"  >\n\t\t\t\n\t\t\t\n<p><i class=\"far fa-check-circle fa-2x\"><\/i><strong>\u00a0\u00dclev\u00e4rvitav v\u00f5i krohviga kaetav<\/strong><\/p>\n<p><strong><i class=\"far fa-check-circle fa-2x\"><\/i>\u00a0Elastne \u2013 kompenseerib ehituskonstruktsioonide liikuvuse<\/strong><\/p>\n\t\t<\/div>\n\t\t\t\t\n<style>\n#col-1475257639 > .col-inner {\n  margin: 0px 0px 15px 0px;\n}\n<\/style>\n\t<\/div>\n\n\t\n<\/div>\n\t\t<\/div>\n\t\t\t\t\t<\/div>\n\n\t\n<\/div>\n<\/div><\/div><\/div>\n\t<div id=\"gap-706262843\" class=\"gap-element clearfix\" style=\"display:block; height:auto;\">\n\t\t\n<style>\n#gap-706262843 {\n  padding-top: 30px;\n}\n<\/style>\n\t<\/div>\n\t\n<h3>Kasutamise \u00fcksikasjad<\/h3>\n<p><strong>Kasutuskohad:<\/strong><br \/>\n Lint on m\u00f5eldud akende ja uste krohviga v\u00f5i pahtliga kaetavate \u00fchenduste hermetiseerimiseks sisepindadel. <\/p>\n<p><strong>Pinnad: <\/strong>Aluspinnad: Lint on sobilik PVC-st, puidust ja metallist (n\u00e4iteks kaetud alumiiniumist) akna- ja ukseraamidele. Lint liimub suurep\u00e4raselt enamikule levinumatele poorsetele ehituspindadele. Pind peab olema kuiv ning tolmu- ja rasvavaba; v\u00e4ga poorsed pinnad tuleks kruntida, kasutades toodet Soudal Primer 100. Pindu, millel on suurem nakke v\u00e4henemise t\u00f5en\u00e4osus (n\u00e4iteks raami nurgad), soovitame t\u00f6\u00f6delda krundiga Aerosol Primer.<\/p>\n<p><strong>Lindi pealekandmine:<\/strong> Liimige lint liimikihi abil akna- v\u00f5i ukseraami sise- v\u00f5i v\u00e4lisk\u00fcljele (j\u00e4tke raami nurkadesse varuks 5 cm linti). T\u00e4itke \u00fchendus vahuga (vajadusel l\u00f5igake \u00e4ra liigne vaht). Liimige lindi teine serv seina k\u00fclge, kasutades but\u00fc\u00fclkummist liimikihti.<\/p>\n\t\t<\/div>\n\t\t\t\t\t<\/div>\n\n\t\n\n\t<div id=\"col-205826109\" class=\"col medium-3 small-12 large-3\"  >\n\t\t\t\t<div class=\"col-inner\"  >\n\t\t\t\n\t\t\t\n\t<div id=\"gap-1576250843\" class=\"gap-element clearfix\" style=\"display:block; height:auto;\">\n\t\t\n<style>\n#gap-1576250843 {\n  padding-top: 30px;\n}\n<\/style>\n\t<\/div>\n\t\n<h3>Tehniline informatsioon<\/h3>\n<p><a href=\"https:\/\/espak.ee\/epood\/wp-content\/uploads\/2020\/11\/07.2020-Folienband-EC-Inside-ALU-TOTAL_ET.pdf\"target=\"_blank\" rel=\"noopener noreferrer\"><i class=\"far fa-file-pdf\"><\/i> Tehniline info (PDF)<\/a><\/p>\n<div class=\"is-divider divider clearfix\" ><\/div>\n<p><strong>\u00dcksikasjalikuma n\u00f5u saamiseks v\u00f5tke \u00fchendust:<br \/><\/strong>SOUDAL AS\ufeff<br \/>Haraka tn. 5<br \/>11311<br \/>Tallinn<br \/>+ 372 655 1851<\/p>\n\t\t<\/div>\n\t\t\t\t\t<\/div>\n\n\t\n<\/div>\n","protected":false},"excerpt":{"rendered":"","protected":false},"featured_media":191174,"comment_status":"closed","ping_status":"closed","template":"","meta":[],"product_brand":[],"product_cat":[2718,2722,2723],"product_tag":[],"class_list":{"0":"post-50279","1":"product","2":"type-product","3":"status-publish","4":"has-post-thumbnail","6":"product_cat-isolatsioonimaterjalid","7":"product_cat-tihendid","8":"product_cat-tihenduslindid","9":"pa_kaubamark-soudal-as","11":"first","12":"instock","13":"sale","14":"taxable","15":"shipping-taxable","16":"purchasable","17":"product-type-simple"},"yoast_head":"<!-- This site is optimized with the Yoast SEO plugin v26.9 - https:\/\/yoast.com\/product\/yoast-seo-wordpress\/ -->\n<title>AKNALINT SOUDAL ALU TOTAL SISEMINE 70MM*25M - Espak E-pood<\/title>\n<meta name=\"robots\" content=\"index, follow, max-snippet:-1, max-image-preview:large, max-video-preview:-1\" \/>\n<link rel=\"canonical\" href=\"https:\/\/espak.ee\/epood\/toode\/aknalint-soudal-alu-total-sisemine-70mm25m\/\" \/>\n<meta property=\"og:locale\" content=\"et_EE\" \/>\n<meta property=\"og:type\" content=\"article\" \/>\n<meta property=\"og:title\" content=\"AKNALINT SOUDAL ALU TOTAL SISEMINE 70MM*25M - Espak E-pood\" \/>\n<meta property=\"og:url\" content=\"https:\/\/espak.ee\/epood\/toode\/aknalint-soudal-alu-total-sisemine-70mm25m\/\" \/>\n<meta property=\"og:site_name\" content=\"Espak E-pood\" \/>\n<meta property=\"article:modified_time\" content=\"2026-01-15T13:12:22+00:00\" \/>\n<meta property=\"og:image\" content=\"https:\/\/espak.ee\/epood\/wp-content\/uploads\/2020\/11\/Vidine-ALU-Total.jpg\" \/>\n\t<meta property=\"og:image:width\" content=\"1000\" \/>\n\t<meta property=\"og:image:height\" content=\"1000\" \/>\n\t<meta property=\"og:image:type\" content=\"image\/jpeg\" \/>\n<meta name=\"twitter:card\" content=\"summary_large_image\" \/>\n<meta name=\"twitter:label1\" content=\"Est. reading time\" \/>\n\t<meta name=\"twitter:data1\" content=\"1 minut\" \/>\n<script type=\"application\/ld+json\" class=\"yoast-schema-graph\">{\"@context\":\"https:\/\/schema.org\",\"@graph\":[{\"@type\":\"WebPage\",\"@id\":\"https:\/\/espak.ee\/epood\/toode\/aknalint-soudal-alu-total-sisemine-70mm25m\/\",\"url\":\"https:\/\/espak.ee\/epood\/toode\/aknalint-soudal-alu-total-sisemine-70mm25m\/\",\"name\":\"AKNALINT SOUDAL ALU TOTAL SISEMINE 70MM*25M - Espak E-pood\",\"isPartOf\":{\"@id\":\"https:\/\/espak.ee\/epood\/#website\"},\"primaryImageOfPage\":{\"@id\":\"https:\/\/espak.ee\/epood\/toode\/aknalint-soudal-alu-total-sisemine-70mm25m\/#primaryimage\"},\"image\":{\"@id\":\"https:\/\/espak.ee\/epood\/toode\/aknalint-soudal-alu-total-sisemine-70mm25m\/#primaryimage\"},\"thumbnailUrl\":\"https:\/\/espak.ee\/epood\/wp-content\/uploads\/2020\/11\/Vidine-ALU-Total.jpg\",\"datePublished\":\"2020-11-20T06:28:27+00:00\",\"dateModified\":\"2026-01-15T13:12:22+00:00\",\"breadcrumb\":{\"@id\":\"https:\/\/espak.ee\/epood\/toode\/aknalint-soudal-alu-total-sisemine-70mm25m\/#breadcrumb\"},\"inLanguage\":\"et\",\"potentialAction\":[{\"@type\":\"ReadAction\",\"target\":[\"https:\/\/espak.ee\/epood\/toode\/aknalint-soudal-alu-total-sisemine-70mm25m\/\"]}]},{\"@type\":\"ImageObject\",\"inLanguage\":\"et\",\"@id\":\"https:\/\/espak.ee\/epood\/toode\/aknalint-soudal-alu-total-sisemine-70mm25m\/#primaryimage\",\"url\":\"https:\/\/espak.ee\/epood\/wp-content\/uploads\/2020\/11\/Vidine-ALU-Total.jpg\",\"contentUrl\":\"https:\/\/espak.ee\/epood\/wp-content\/uploads\/2020\/11\/Vidine-ALU-Total.jpg\",\"width\":1000,\"height\":1000},{\"@type\":\"BreadcrumbList\",\"@id\":\"https:\/\/espak.ee\/epood\/toode\/aknalint-soudal-alu-total-sisemine-70mm25m\/#breadcrumb\",\"itemListElement\":[{\"@type\":\"ListItem\",\"position\":1,\"name\":\"Home\",\"item\":\"https:\/\/espak.ee\/epood\/\"},{\"@type\":\"ListItem\",\"position\":2,\"name\":\"Tootevalik\",\"item\":\"https:\/\/espak.ee\/epood\/tootevalik\/\"},{\"@type\":\"ListItem\",\"position\":3,\"name\":\"AKNALINT SOUDAL ALU TOTAL SISEMINE 70MM*25M\"}]},{\"@type\":\"WebSite\",\"@id\":\"https:\/\/espak.ee\/epood\/#website\",\"url\":\"https:\/\/espak.ee\/epood\/\",\"name\":\"Espak E-pood\",\"description\":\"\",\"potentialAction\":[{\"@type\":\"SearchAction\",\"target\":{\"@type\":\"EntryPoint\",\"urlTemplate\":\"https:\/\/espak.ee\/epood\/?s={search_term_string}\"},\"query-input\":{\"@type\":\"PropertyValueSpecification\",\"valueRequired\":true,\"valueName\":\"search_term_string\"}}],\"inLanguage\":\"et\"}]}<\/script>\n<!-- \/ Yoast SEO plugin. -->","yoast_head_json":{"title":"AKNALINT SOUDAL ALU TOTAL SISEMINE 70MM*25M - Espak E-pood","robots":{"index":"index","follow":"follow","max-snippet":"max-snippet:-1","max-image-preview":"max-image-preview:large","max-video-preview":"max-video-preview:-1"},"canonical":"https:\/\/espak.ee\/epood\/toode\/aknalint-soudal-alu-total-sisemine-70mm25m\/","og_locale":"et_EE","og_type":"article","og_title":"AKNALINT SOUDAL ALU TOTAL SISEMINE 70MM*25M - Espak E-pood","og_url":"https:\/\/espak.ee\/epood\/toode\/aknalint-soudal-alu-total-sisemine-70mm25m\/","og_site_name":"Espak E-pood","article_modified_time":"2026-01-15T13:12:22+00:00","og_image":[{"width":1000,"height":1000,"url":"https:\/\/espak.ee\/epood\/wp-content\/uploads\/2020\/11\/Vidine-ALU-Total.jpg","type":"image\/jpeg"}],"twitter_card":"summary_large_image","twitter_misc":{"Est. reading time":"1 minut"},"schema":{"@context":"https:\/\/schema.org","@graph":[{"@type":"WebPage","@id":"https:\/\/espak.ee\/epood\/toode\/aknalint-soudal-alu-total-sisemine-70mm25m\/","url":"https:\/\/espak.ee\/epood\/toode\/aknalint-soudal-alu-total-sisemine-70mm25m\/","name":"AKNALINT SOUDAL ALU TOTAL SISEMINE 70MM*25M - Espak E-pood","isPartOf":{"@id":"https:\/\/espak.ee\/epood\/#website"},"primaryImageOfPage":{"@id":"https:\/\/espak.ee\/epood\/toode\/aknalint-soudal-alu-total-sisemine-70mm25m\/#primaryimage"},"image":{"@id":"https:\/\/espak.ee\/epood\/toode\/aknalint-soudal-alu-total-sisemine-70mm25m\/#primaryimage"},"thumbnailUrl":"https:\/\/espak.ee\/epood\/wp-content\/uploads\/2020\/11\/Vidine-ALU-Total.jpg","datePublished":"2020-11-20T06:28:27+00:00","dateModified":"2026-01-15T13:12:22+00:00","breadcrumb":{"@id":"https:\/\/espak.ee\/epood\/toode\/aknalint-soudal-alu-total-sisemine-70mm25m\/#breadcrumb"},"inLanguage":"et","potentialAction":[{"@type":"ReadAction","target":["https:\/\/espak.ee\/epood\/toode\/aknalint-soudal-alu-total-sisemine-70mm25m\/"]}]},{"@type":"ImageObject","inLanguage":"et","@id":"https:\/\/espak.ee\/epood\/toode\/aknalint-soudal-alu-total-sisemine-70mm25m\/#primaryimage","url":"https:\/\/espak.ee\/epood\/wp-content\/uploads\/2020\/11\/Vidine-ALU-Total.jpg","contentUrl":"https:\/\/espak.ee\/epood\/wp-content\/uploads\/2020\/11\/Vidine-ALU-Total.jpg","width":1000,"height":1000},{"@type":"BreadcrumbList","@id":"https:\/\/espak.ee\/epood\/toode\/aknalint-soudal-alu-total-sisemine-70mm25m\/#breadcrumb","itemListElement":[{"@type":"ListItem","position":1,"name":"Home","item":"https:\/\/espak.ee\/epood\/"},{"@type":"ListItem","position":2,"name":"Tootevalik","item":"https:\/\/espak.ee\/epood\/tootevalik\/"},{"@type":"ListItem","position":3,"name":"AKNALINT SOUDAL ALU TOTAL SISEMINE 70MM*25M"}]},{"@type":"WebSite","@id":"https:\/\/espak.ee\/epood\/#website","url":"https:\/\/espak.ee\/epood\/","name":"Espak E-pood","description":"","potentialAction":[{"@type":"SearchAction","target":{"@type":"EntryPoint","urlTemplate":"https:\/\/espak.ee\/epood\/?s={search_term_string}"},"query-input":{"@type":"PropertyValueSpecification","valueRequired":true,"valueName":"search_term_string"}}],"inLanguage":"et"}]}},"_links":{"self":[{"href":"https:\/\/espak.ee\/epood\/wp-json\/wp\/v2\/product\/50279","targetHints":{"allow":["GET"]}}],"collection":[{"href":"https:\/\/espak.ee\/epood\/wp-json\/wp\/v2\/product"}],"about":[{"href":"https:\/\/espak.ee\/epood\/wp-json\/wp\/v2\/types\/product"}],"replies":[{"embeddable":true,"href":"https:\/\/espak.ee\/epood\/wp-json\/wp\/v2\/comments?post=50279"}],"wp:featuredmedia":[{"embeddable":true,"href":"https:\/\/espak.ee\/epood\/wp-json\/wp\/v2\/media\/191174"}],"wp:attachment":[{"href":"https:\/\/espak.ee\/epood\/wp-json\/wp\/v2\/media?parent=50279"}],"wp:term":[{"taxonomy":"product_brand","embeddable":true,"href":"https:\/\/espak.ee\/epood\/wp-json\/wp\/v2\/product_brand?post=50279"},{"taxonomy":"product_cat","embeddable":true,"href":"https:\/\/espak.ee\/epood\/wp-json\/wp\/v2\/product_cat?post=50279"},{"taxonomy":"product_tag","embeddable":true,"href":"https:\/\/espak.ee\/epood\/wp-json\/wp\/v2\/product_tag?post=50279"}],"curies":[{"name":"wp","href":"https:\/\/api.w.org\/{rel}","templated":true}]}}