{"id":49255,"date":"2020-11-10T07:49:20","date_gmt":"2020-11-10T05:49:20","guid":{"rendered":"https:\/\/espak.ee\/hinnakiri\/?post_type=product&#038;p=49255"},"modified":"2026-03-23T13:26:29","modified_gmt":"2026-03-23T11:26:29","slug":"liistunael-12x32mm-5000tk-pk","status":"publish","type":"product","link":"https:\/\/espak.ee\/epood\/toode\/liistunael-12x32mm-5000tk-pk\/","title":{"rendered":"LIISTUNAEL 1,2x32MM 5000TK\/PK"},"content":{"rendered":"<div class=\"row\"  id=\"row-938498460\">\n\n\t<div id=\"col-40021204\" class=\"col medium-9 small-12 large-9\"  >\n\t\t\t\t<div class=\"col-inner\"  >\n\t\t\t\n\t\t\t\n<h3>Liistunael 1,2 x 32 mm  <\/h3>\n<p>Terasest tsingitud liistunaelad p\u00fcstolile.<br \/>\nLiistunaelad on kasutatavad t\u00f6\u00f6del, kus esineb vajadus peita\/varjata naelapead nt. viimistlust\u00f6\u00f6del, m\u00f6\u00f6bli koostamisel, liistude paigaldamisel, pildiraamide, saunade, paatide, jne ehituse juures.  <\/p>\n\t<div id=\"gap-924752356\" class=\"gap-element clearfix\" style=\"display:block; height:auto;\">\n\t\t\n<style>\n#gap-924752356 {\n  padding-top: 30px;\n}\n<\/style>\n\t<\/div>\n\t\n<p><strong>Parameetrid:<br \/><\/strong>Naelad kassetis: liimseosega 0\u00b0 kassett<br \/>Naela pikkus: 32 mm<br \/>Naela ristl\u00f5ige: 1,00 x 1,25 mm<br \/> Pea ristl\u00f5ige: 1,25 x 1,90 mm<br \/> Kogus pakendis: 5000 tk.<\/p>\n\t\t<\/div>\n\t\t\t\t\t<\/div>\n\n\t\n\n\t<div id=\"col-865917649\" class=\"col medium-3 small-12 large-3\"  >\n\t\t\t\t<div class=\"col-inner\"  >\n\t\t\t\n\t\t\t\n\t<div id=\"gap-4037296\" class=\"gap-element clearfix\" style=\"display:block; height:auto;\">\n\t\t\n<style>\n#gap-4037296 {\n  padding-top: 30px;\n}\n<\/style>\n\t<\/div>\n\t\n<p><img decoding=\"async\" src=\"https:\/\/espak.ee\/epood\/wp-content\/uploads\/download-150x57.png\" alt=\"\" width=\"150\" height=\"57\" class=\"alignnone size-thumbnail wp-image-49856\" srcset=\"https:\/\/espak.ee\/epood\/wp-content\/uploads\/download-150x57.png 150w, https:\/\/espak.ee\/epood\/wp-content\/uploads\/download-300x115.png 300w, https:\/\/espak.ee\/epood\/wp-content\/uploads\/download.png 363w\" sizes=\"(max-width: 150px) 100vw, 150px\" \/><\/p>\n\t\t<\/div>\n\t\t\t\t\t<\/div>\n\n\t\n<\/div>\n","protected":false},"excerpt":{"rendered":"","protected":false},"featured_media":49857,"comment_status":"closed","ping_status":"closed","template":"","meta":[],"product_brand":[],"product_cat":[3053,3054,2679,2951],"product_tag":[],"class_list":{"0":"post-49255","1":"product","2":"type-product","3":"status-publish","4":"has-post-thumbnail","6":"product_cat-pustoliklambrid-naelad-kruvid","7":"product_cat-pustolinaelad","8":"product_cat-tooriistad","9":"product_cat-tooriistatarvikud","10":"pa_kaubamark-bea","12":"first","13":"instock","14":"sale","15":"taxable","16":"shipping-taxable","17":"purchasable","18":"product-type-simple"},"yoast_head":"<!-- This site is optimized with the Yoast SEO plugin v26.9 - https:\/\/yoast.com\/product\/yoast-seo-wordpress\/ -->\n<title>LIISTUNAEL 1,2x32MM 5000TK\/PK - Espak E-pood<\/title>\n<meta name=\"robots\" content=\"index, follow, max-snippet:-1, max-image-preview:large, max-video-preview:-1\" \/>\n<link rel=\"canonical\" href=\"https:\/\/espak.ee\/epood\/toode\/liistunael-12x32mm-5000tk-pk\/\" \/>\n<meta property=\"og:locale\" content=\"et_EE\" \/>\n<meta property=\"og:type\" content=\"article\" \/>\n<meta property=\"og:title\" content=\"LIISTUNAEL 1,2x32MM 5000TK\/PK - Espak E-pood\" \/>\n<meta property=\"og:url\" content=\"https:\/\/espak.ee\/epood\/toode\/liistunael-12x32mm-5000tk-pk\/\" \/>\n<meta property=\"og:site_name\" content=\"Espak E-pood\" \/>\n<meta property=\"article:modified_time\" content=\"2026-03-23T11:26:29+00:00\" \/>\n<meta property=\"og:image\" content=\"https:\/\/espak.ee\/epood\/wp-content\/uploads\/Tihvtinael-TI-PIN-2.jpg\" \/>\n\t<meta property=\"og:image:width\" content=\"1424\" \/>\n\t<meta property=\"og:image:height\" content=\"1424\" \/>\n\t<meta property=\"og:image:type\" content=\"image\/jpeg\" \/>\n<meta name=\"twitter:card\" content=\"summary_large_image\" \/>\n<script type=\"application\/ld+json\" class=\"yoast-schema-graph\">{\"@context\":\"https:\/\/schema.org\",\"@graph\":[{\"@type\":\"WebPage\",\"@id\":\"https:\/\/espak.ee\/epood\/toode\/liistunael-12x32mm-5000tk-pk\/\",\"url\":\"https:\/\/espak.ee\/epood\/toode\/liistunael-12x32mm-5000tk-pk\/\",\"name\":\"LIISTUNAEL 1,2x32MM 5000TK\/PK - Espak E-pood\",\"isPartOf\":{\"@id\":\"https:\/\/espak.ee\/epood\/#website\"},\"primaryImageOfPage\":{\"@id\":\"https:\/\/espak.ee\/epood\/toode\/liistunael-12x32mm-5000tk-pk\/#primaryimage\"},\"image\":{\"@id\":\"https:\/\/espak.ee\/epood\/toode\/liistunael-12x32mm-5000tk-pk\/#primaryimage\"},\"thumbnailUrl\":\"https:\/\/espak.ee\/epood\/wp-content\/uploads\/Tihvtinael-TI-PIN-2.jpg\",\"datePublished\":\"2020-11-10T05:49:20+00:00\",\"dateModified\":\"2026-03-23T11:26:29+00:00\",\"breadcrumb\":{\"@id\":\"https:\/\/espak.ee\/epood\/toode\/liistunael-12x32mm-5000tk-pk\/#breadcrumb\"},\"inLanguage\":\"et\",\"potentialAction\":[{\"@type\":\"ReadAction\",\"target\":[\"https:\/\/espak.ee\/epood\/toode\/liistunael-12x32mm-5000tk-pk\/\"]}]},{\"@type\":\"ImageObject\",\"inLanguage\":\"et\",\"@id\":\"https:\/\/espak.ee\/epood\/toode\/liistunael-12x32mm-5000tk-pk\/#primaryimage\",\"url\":\"https:\/\/espak.ee\/epood\/wp-content\/uploads\/Tihvtinael-TI-PIN-2.jpg\",\"contentUrl\":\"https:\/\/espak.ee\/epood\/wp-content\/uploads\/Tihvtinael-TI-PIN-2.jpg\",\"width\":1424,\"height\":1424},{\"@type\":\"BreadcrumbList\",\"@id\":\"https:\/\/espak.ee\/epood\/toode\/liistunael-12x32mm-5000tk-pk\/#breadcrumb\",\"itemListElement\":[{\"@type\":\"ListItem\",\"position\":1,\"name\":\"Home\",\"item\":\"https:\/\/espak.ee\/epood\/\"},{\"@type\":\"ListItem\",\"position\":2,\"name\":\"Tootevalik\",\"item\":\"https:\/\/espak.ee\/epood\/tootevalik\/\"},{\"@type\":\"ListItem\",\"position\":3,\"name\":\"LIISTUNAEL 1,2x32MM 5000TK\/PK\"}]},{\"@type\":\"WebSite\",\"@id\":\"https:\/\/espak.ee\/epood\/#website\",\"url\":\"https:\/\/espak.ee\/epood\/\",\"name\":\"Espak E-pood\",\"description\":\"\",\"potentialAction\":[{\"@type\":\"SearchAction\",\"target\":{\"@type\":\"EntryPoint\",\"urlTemplate\":\"https:\/\/espak.ee\/epood\/?s={search_term_string}\"},\"query-input\":{\"@type\":\"PropertyValueSpecification\",\"valueRequired\":true,\"valueName\":\"search_term_string\"}}],\"inLanguage\":\"et\"}]}<\/script>\n<!-- \/ Yoast SEO plugin. -->","yoast_head_json":{"title":"LIISTUNAEL 1,2x32MM 5000TK\/PK - Espak E-pood","robots":{"index":"index","follow":"follow","max-snippet":"max-snippet:-1","max-image-preview":"max-image-preview:large","max-video-preview":"max-video-preview:-1"},"canonical":"https:\/\/espak.ee\/epood\/toode\/liistunael-12x32mm-5000tk-pk\/","og_locale":"et_EE","og_type":"article","og_title":"LIISTUNAEL 1,2x32MM 5000TK\/PK - Espak E-pood","og_url":"https:\/\/espak.ee\/epood\/toode\/liistunael-12x32mm-5000tk-pk\/","og_site_name":"Espak E-pood","article_modified_time":"2026-03-23T11:26:29+00:00","og_image":[{"width":1424,"height":1424,"url":"https:\/\/espak.ee\/epood\/wp-content\/uploads\/Tihvtinael-TI-PIN-2.jpg","type":"image\/jpeg"}],"twitter_card":"summary_large_image","schema":{"@context":"https:\/\/schema.org","@graph":[{"@type":"WebPage","@id":"https:\/\/espak.ee\/epood\/toode\/liistunael-12x32mm-5000tk-pk\/","url":"https:\/\/espak.ee\/epood\/toode\/liistunael-12x32mm-5000tk-pk\/","name":"LIISTUNAEL 1,2x32MM 5000TK\/PK - Espak E-pood","isPartOf":{"@id":"https:\/\/espak.ee\/epood\/#website"},"primaryImageOfPage":{"@id":"https:\/\/espak.ee\/epood\/toode\/liistunael-12x32mm-5000tk-pk\/#primaryimage"},"image":{"@id":"https:\/\/espak.ee\/epood\/toode\/liistunael-12x32mm-5000tk-pk\/#primaryimage"},"thumbnailUrl":"https:\/\/espak.ee\/epood\/wp-content\/uploads\/Tihvtinael-TI-PIN-2.jpg","datePublished":"2020-11-10T05:49:20+00:00","dateModified":"2026-03-23T11:26:29+00:00","breadcrumb":{"@id":"https:\/\/espak.ee\/epood\/toode\/liistunael-12x32mm-5000tk-pk\/#breadcrumb"},"inLanguage":"et","potentialAction":[{"@type":"ReadAction","target":["https:\/\/espak.ee\/epood\/toode\/liistunael-12x32mm-5000tk-pk\/"]}]},{"@type":"ImageObject","inLanguage":"et","@id":"https:\/\/espak.ee\/epood\/toode\/liistunael-12x32mm-5000tk-pk\/#primaryimage","url":"https:\/\/espak.ee\/epood\/wp-content\/uploads\/Tihvtinael-TI-PIN-2.jpg","contentUrl":"https:\/\/espak.ee\/epood\/wp-content\/uploads\/Tihvtinael-TI-PIN-2.jpg","width":1424,"height":1424},{"@type":"BreadcrumbList","@id":"https:\/\/espak.ee\/epood\/toode\/liistunael-12x32mm-5000tk-pk\/#breadcrumb","itemListElement":[{"@type":"ListItem","position":1,"name":"Home","item":"https:\/\/espak.ee\/epood\/"},{"@type":"ListItem","position":2,"name":"Tootevalik","item":"https:\/\/espak.ee\/epood\/tootevalik\/"},{"@type":"ListItem","position":3,"name":"LIISTUNAEL 1,2x32MM 5000TK\/PK"}]},{"@type":"WebSite","@id":"https:\/\/espak.ee\/epood\/#website","url":"https:\/\/espak.ee\/epood\/","name":"Espak E-pood","description":"","potentialAction":[{"@type":"SearchAction","target":{"@type":"EntryPoint","urlTemplate":"https:\/\/espak.ee\/epood\/?s={search_term_string}"},"query-input":{"@type":"PropertyValueSpecification","valueRequired":true,"valueName":"search_term_string"}}],"inLanguage":"et"}]}},"_links":{"self":[{"href":"https:\/\/espak.ee\/epood\/wp-json\/wp\/v2\/product\/49255","targetHints":{"allow":["GET"]}}],"collection":[{"href":"https:\/\/espak.ee\/epood\/wp-json\/wp\/v2\/product"}],"about":[{"href":"https:\/\/espak.ee\/epood\/wp-json\/wp\/v2\/types\/product"}],"replies":[{"embeddable":true,"href":"https:\/\/espak.ee\/epood\/wp-json\/wp\/v2\/comments?post=49255"}],"wp:featuredmedia":[{"embeddable":true,"href":"https:\/\/espak.ee\/epood\/wp-json\/wp\/v2\/media\/49857"}],"wp:attachment":[{"href":"https:\/\/espak.ee\/epood\/wp-json\/wp\/v2\/media?parent=49255"}],"wp:term":[{"taxonomy":"product_brand","embeddable":true,"href":"https:\/\/espak.ee\/epood\/wp-json\/wp\/v2\/product_brand?post=49255"},{"taxonomy":"product_cat","embeddable":true,"href":"https:\/\/espak.ee\/epood\/wp-json\/wp\/v2\/product_cat?post=49255"},{"taxonomy":"product_tag","embeddable":true,"href":"https:\/\/espak.ee\/epood\/wp-json\/wp\/v2\/product_tag?post=49255"}],"curies":[{"name":"wp","href":"https:\/\/api.w.org\/{rel}","templated":true}]}}