{"id":48573,"date":"2020-11-06T07:22:29","date_gmt":"2020-11-06T05:22:29","guid":{"rendered":"https:\/\/espak.ee\/hinnakiri\/?post_type=product&#038;p=48573"},"modified":"2026-03-14T12:20:43","modified_gmt":"2026-03-14T10:20:43","slug":"kanakaka-graanulid-baltic-agro-1l","status":"publish","type":"product","link":"https:\/\/espak.ee\/epood\/toode\/kanakaka-graanulid-baltic-agro-1l\/","title":{"rendered":"KANAKAKA GRAANULID BALTIC AGRO 1L"},"content":{"rendered":"<div class=\"row\"  id=\"row-919830639\">\n\n\t<div id=\"col-1518545997\" class=\"col medium-9 small-12 large-9\"  >\n\t\t\t\t<div class=\"col-inner\"  >\n\t\t\t\n\t\t\t\n<p>Baltic Agro kanakaka graanulid sisaldavad looduslikul kujul (graanulid 2-5 mm) k\u00f5iki p\u00f5hi- ja mikrotoitaineid, mida taimed vajavad. Tagab taimedele tugeva kasvu ja rikkaliku \u00f5itsemise, suurendab saagikust. Suur orgaanilise aine sisaldus parandab mullaelustikku ja mullastruktuuri, aidates sealjuures s\u00e4ilitada mulla viljakust ja parandades mulla v\u00f5imet hoida niiskust.<\/p>\n<p>V\u00e4etada v\u00f5ib enne mullaharimist v\u00f5i graanulid hooaja jooksul kobestamise ajal mulda segada ja kasta. Graanulid lahustuvad h\u00e4sti kokkupuutel mulla v\u00f5i niiskusega. Kastmisveeks lahjendada 0,25 l graanuleid 10 l vees.<br \/>\n1 kg = 10 m\u00b2<\/p>\n\t\t<\/div>\n\t\t\t\t\t<\/div>\n\n\t\n\n\t<div id=\"col-302360197\" class=\"col medium-3 small-12 large-3\"  >\n\t\t\t\t<div class=\"col-inner\"  >\n\t\t\t\n\t\t\t\n<p><strong>\u00dcksikasjalikuma n\u00f5u saamiseks v\u00f5tke \u00fchendust:<br \/><\/strong>Baltic Agro AS, Rukki tee 8, Lehmja k\u00fcla, Rae vald, Telefon +372 606 2260<\/p>\n\t\t<\/div>\n\t\t\t\t\t<\/div>\n\n\t\n<\/div>\n","protected":false},"excerpt":{"rendered":"","protected":false},"featured_media":61596,"comment_status":"closed","ping_status":"open","template":"","meta":[],"product_brand":[],"product_cat":[2789,2788,2878,2877],"product_tag":[],"class_list":{"0":"post-48573","1":"product","2":"type-product","3":"status-publish","4":"has-post-thumbnail","6":"product_cat-aiatarbed","7":"product_cat-aiatarbed-ja-kodukaubad","8":"product_cat-aiavaetised","9":"product_cat-vaetised","10":"pa_kaubamark-baltic-agro-as","12":"first","13":"instock","14":"sale","15":"taxable","16":"shipping-taxable","17":"purchasable","18":"product-type-simple"},"yoast_head":"<!-- This site is optimized with the Yoast SEO plugin v26.9 - https:\/\/yoast.com\/product\/yoast-seo-wordpress\/ -->\n<title>KANAKAKA GRAANULID BALTIC AGRO 1L - Espak E-pood<\/title>\n<meta name=\"robots\" content=\"index, follow, max-snippet:-1, max-image-preview:large, max-video-preview:-1\" \/>\n<link rel=\"canonical\" href=\"https:\/\/espak.ee\/epood\/toode\/kanakaka-graanulid-baltic-agro-1l\/\" \/>\n<meta property=\"og:locale\" content=\"et_EE\" \/>\n<meta property=\"og:type\" content=\"article\" \/>\n<meta property=\"og:title\" content=\"KANAKAKA GRAANULID BALTIC AGRO 1L - Espak E-pood\" \/>\n<meta property=\"og:url\" content=\"https:\/\/espak.ee\/epood\/toode\/kanakaka-graanulid-baltic-agro-1l\/\" \/>\n<meta property=\"og:site_name\" content=\"Espak E-pood\" \/>\n<meta property=\"article:modified_time\" content=\"2026-03-14T10:20:43+00:00\" \/>\n<meta property=\"og:image\" content=\"https:\/\/espak.ee\/epood\/wp-content\/uploads\/4742604000401-scaled.jpg\" \/>\n\t<meta property=\"og:image:width\" content=\"2048\" \/>\n\t<meta property=\"og:image:height\" content=\"2048\" \/>\n\t<meta property=\"og:image:type\" content=\"image\/jpeg\" \/>\n<meta name=\"twitter:card\" content=\"summary_large_image\" \/>\n<meta name=\"twitter:label1\" content=\"Est. reading time\" \/>\n\t<meta name=\"twitter:data1\" content=\"1 minut\" \/>\n<script type=\"application\/ld+json\" class=\"yoast-schema-graph\">{\"@context\":\"https:\/\/schema.org\",\"@graph\":[{\"@type\":\"WebPage\",\"@id\":\"https:\/\/espak.ee\/epood\/toode\/kanakaka-graanulid-baltic-agro-1l\/\",\"url\":\"https:\/\/espak.ee\/epood\/toode\/kanakaka-graanulid-baltic-agro-1l\/\",\"name\":\"KANAKAKA GRAANULID BALTIC AGRO 1L - Espak E-pood\",\"isPartOf\":{\"@id\":\"https:\/\/espak.ee\/epood\/#website\"},\"primaryImageOfPage\":{\"@id\":\"https:\/\/espak.ee\/epood\/toode\/kanakaka-graanulid-baltic-agro-1l\/#primaryimage\"},\"image\":{\"@id\":\"https:\/\/espak.ee\/epood\/toode\/kanakaka-graanulid-baltic-agro-1l\/#primaryimage\"},\"thumbnailUrl\":\"https:\/\/espak.ee\/epood\/wp-content\/uploads\/4742604000401-scaled.jpg\",\"datePublished\":\"2020-11-06T05:22:29+00:00\",\"dateModified\":\"2026-03-14T10:20:43+00:00\",\"breadcrumb\":{\"@id\":\"https:\/\/espak.ee\/epood\/toode\/kanakaka-graanulid-baltic-agro-1l\/#breadcrumb\"},\"inLanguage\":\"et\",\"potentialAction\":[{\"@type\":\"ReadAction\",\"target\":[\"https:\/\/espak.ee\/epood\/toode\/kanakaka-graanulid-baltic-agro-1l\/\"]}]},{\"@type\":\"ImageObject\",\"inLanguage\":\"et\",\"@id\":\"https:\/\/espak.ee\/epood\/toode\/kanakaka-graanulid-baltic-agro-1l\/#primaryimage\",\"url\":\"https:\/\/espak.ee\/epood\/wp-content\/uploads\/4742604000401-scaled.jpg\",\"contentUrl\":\"https:\/\/espak.ee\/epood\/wp-content\/uploads\/4742604000401-scaled.jpg\",\"width\":2048,\"height\":2048},{\"@type\":\"BreadcrumbList\",\"@id\":\"https:\/\/espak.ee\/epood\/toode\/kanakaka-graanulid-baltic-agro-1l\/#breadcrumb\",\"itemListElement\":[{\"@type\":\"ListItem\",\"position\":1,\"name\":\"Home\",\"item\":\"https:\/\/espak.ee\/epood\/\"},{\"@type\":\"ListItem\",\"position\":2,\"name\":\"Tootevalik\",\"item\":\"https:\/\/espak.ee\/epood\/tootevalik\/\"},{\"@type\":\"ListItem\",\"position\":3,\"name\":\"KANAKAKA GRAANULID BALTIC AGRO 1L\"}]},{\"@type\":\"WebSite\",\"@id\":\"https:\/\/espak.ee\/epood\/#website\",\"url\":\"https:\/\/espak.ee\/epood\/\",\"name\":\"Espak E-pood\",\"description\":\"\",\"potentialAction\":[{\"@type\":\"SearchAction\",\"target\":{\"@type\":\"EntryPoint\",\"urlTemplate\":\"https:\/\/espak.ee\/epood\/?s={search_term_string}\"},\"query-input\":{\"@type\":\"PropertyValueSpecification\",\"valueRequired\":true,\"valueName\":\"search_term_string\"}}],\"inLanguage\":\"et\"}]}<\/script>\n<!-- \/ Yoast SEO plugin. -->","yoast_head_json":{"title":"KANAKAKA GRAANULID BALTIC AGRO 1L - Espak E-pood","robots":{"index":"index","follow":"follow","max-snippet":"max-snippet:-1","max-image-preview":"max-image-preview:large","max-video-preview":"max-video-preview:-1"},"canonical":"https:\/\/espak.ee\/epood\/toode\/kanakaka-graanulid-baltic-agro-1l\/","og_locale":"et_EE","og_type":"article","og_title":"KANAKAKA GRAANULID BALTIC AGRO 1L - Espak E-pood","og_url":"https:\/\/espak.ee\/epood\/toode\/kanakaka-graanulid-baltic-agro-1l\/","og_site_name":"Espak E-pood","article_modified_time":"2026-03-14T10:20:43+00:00","og_image":[{"width":2048,"height":2048,"url":"https:\/\/espak.ee\/epood\/wp-content\/uploads\/4742604000401-scaled.jpg","type":"image\/jpeg"}],"twitter_card":"summary_large_image","twitter_misc":{"Est. reading time":"1 minut"},"schema":{"@context":"https:\/\/schema.org","@graph":[{"@type":"WebPage","@id":"https:\/\/espak.ee\/epood\/toode\/kanakaka-graanulid-baltic-agro-1l\/","url":"https:\/\/espak.ee\/epood\/toode\/kanakaka-graanulid-baltic-agro-1l\/","name":"KANAKAKA GRAANULID BALTIC AGRO 1L - Espak E-pood","isPartOf":{"@id":"https:\/\/espak.ee\/epood\/#website"},"primaryImageOfPage":{"@id":"https:\/\/espak.ee\/epood\/toode\/kanakaka-graanulid-baltic-agro-1l\/#primaryimage"},"image":{"@id":"https:\/\/espak.ee\/epood\/toode\/kanakaka-graanulid-baltic-agro-1l\/#primaryimage"},"thumbnailUrl":"https:\/\/espak.ee\/epood\/wp-content\/uploads\/4742604000401-scaled.jpg","datePublished":"2020-11-06T05:22:29+00:00","dateModified":"2026-03-14T10:20:43+00:00","breadcrumb":{"@id":"https:\/\/espak.ee\/epood\/toode\/kanakaka-graanulid-baltic-agro-1l\/#breadcrumb"},"inLanguage":"et","potentialAction":[{"@type":"ReadAction","target":["https:\/\/espak.ee\/epood\/toode\/kanakaka-graanulid-baltic-agro-1l\/"]}]},{"@type":"ImageObject","inLanguage":"et","@id":"https:\/\/espak.ee\/epood\/toode\/kanakaka-graanulid-baltic-agro-1l\/#primaryimage","url":"https:\/\/espak.ee\/epood\/wp-content\/uploads\/4742604000401-scaled.jpg","contentUrl":"https:\/\/espak.ee\/epood\/wp-content\/uploads\/4742604000401-scaled.jpg","width":2048,"height":2048},{"@type":"BreadcrumbList","@id":"https:\/\/espak.ee\/epood\/toode\/kanakaka-graanulid-baltic-agro-1l\/#breadcrumb","itemListElement":[{"@type":"ListItem","position":1,"name":"Home","item":"https:\/\/espak.ee\/epood\/"},{"@type":"ListItem","position":2,"name":"Tootevalik","item":"https:\/\/espak.ee\/epood\/tootevalik\/"},{"@type":"ListItem","position":3,"name":"KANAKAKA GRAANULID BALTIC AGRO 1L"}]},{"@type":"WebSite","@id":"https:\/\/espak.ee\/epood\/#website","url":"https:\/\/espak.ee\/epood\/","name":"Espak E-pood","description":"","potentialAction":[{"@type":"SearchAction","target":{"@type":"EntryPoint","urlTemplate":"https:\/\/espak.ee\/epood\/?s={search_term_string}"},"query-input":{"@type":"PropertyValueSpecification","valueRequired":true,"valueName":"search_term_string"}}],"inLanguage":"et"}]}},"_links":{"self":[{"href":"https:\/\/espak.ee\/epood\/wp-json\/wp\/v2\/product\/48573","targetHints":{"allow":["GET"]}}],"collection":[{"href":"https:\/\/espak.ee\/epood\/wp-json\/wp\/v2\/product"}],"about":[{"href":"https:\/\/espak.ee\/epood\/wp-json\/wp\/v2\/types\/product"}],"replies":[{"embeddable":true,"href":"https:\/\/espak.ee\/epood\/wp-json\/wp\/v2\/comments?post=48573"}],"wp:featuredmedia":[{"embeddable":true,"href":"https:\/\/espak.ee\/epood\/wp-json\/wp\/v2\/media\/61596"}],"wp:attachment":[{"href":"https:\/\/espak.ee\/epood\/wp-json\/wp\/v2\/media?parent=48573"}],"wp:term":[{"taxonomy":"product_brand","embeddable":true,"href":"https:\/\/espak.ee\/epood\/wp-json\/wp\/v2\/product_brand?post=48573"},{"taxonomy":"product_cat","embeddable":true,"href":"https:\/\/espak.ee\/epood\/wp-json\/wp\/v2\/product_cat?post=48573"},{"taxonomy":"product_tag","embeddable":true,"href":"https:\/\/espak.ee\/epood\/wp-json\/wp\/v2\/product_tag?post=48573"}],"curies":[{"name":"wp","href":"https:\/\/api.w.org\/{rel}","templated":true}]}}