{"id":48560,"date":"2020-11-06T07:22:19","date_gmt":"2020-11-06T05:22:19","guid":{"rendered":"https:\/\/espak.ee\/hinnakiri\/?post_type=product&#038;p=48560"},"modified":"2026-03-22T20:36:29","modified_gmt":"2026-03-22T18:36:29","slug":"magneesiumsulfaat-baltic-agro-1kg","status":"publish","type":"product","link":"https:\/\/espak.ee\/epood\/toode\/magneesiumsulfaat-baltic-agro-1kg\/","title":{"rendered":"MAGNEESIUMSULFAAT BALTIC AGRO 1KG"},"content":{"rendered":"<div class=\"row\"  id=\"row-678948362\">\n\n\t<div id=\"col-1328334852\" class=\"col medium-9 small-12 large-9\"  >\n\t\t\t\t<div class=\"col-inner\"  >\n\t\t\t\n\t\t\t\n<p>Kiiretoimeline magneesiumv\u00e4etis (m\u00f5rusool) aitab \u00e4ra hoida ja k\u00f5rvaldada magneesiumipuudusest tingitud okaste pruunistumist okaspuudel, samuti on abiks nii okas- kui ka lehtpuude ja p\u00f5\u00f5saste talvekahjustustest taastumisel. Magneesiumivaegus v\u00f5ib esineda v\u00e4ga erinevatel taimedel nii kasvuhoones kui ka aias. 1 kg = 100 m2<\/p>\n<p>KASUTAMINE<br \/>\nTalvekahjustuste k\u00f5rvaldamiseks puudel, p\u00f5\u00f5sastel 100\u2013150 g\/m2 segada \u00fchtlaselt kergelt mulla sisse varakevadest juuni l\u00f5puni.<br \/>\nKiire m\u00f5juga on taimede pritsimine v\u00e4etiselahusega. Selleks segada 20 g (2 kuhjaga tl) v\u00e4etist 10 l veega. Pritsida tuleks varakevadest juuni l\u00f5puni 1 kord n\u00e4dalas, kuni kahjustusn\u00e4hud kaovad.<br \/>\nPuude istutamisel v\u00f5ib istutusmulla sisse segada 75 g\/100 l mulla kohta.<br \/>\nKasvuhoonetaimede kasvuaegseks kastmiseks lahustatakse 5\u201310 g v\u00e4etist 10 l vees (0,05\u20130,1% lahus).<br \/>\nTaimede kastmiseks aias (ilu- ja tarbeaed) 10\u201320 g v\u00e4etist lahustatakse 10 l vees (0,1\u20130,2% lahus).<br \/>\nPritsimiseks lahustada 20 g magneesiumsulfaati 10 l vees.<\/p>\n\t\t<\/div>\n\t\t\t\t\t<\/div>\n\n\t\n\n\t<div id=\"col-920719462\" class=\"col medium-3 small-12 large-3\"  >\n\t\t\t\t<div class=\"col-inner\"  >\n\t\t\t\n\t\t\t\n<p><strong>\u00dcksikasjalikuma n\u00f5u saamiseks v\u00f5tke \u00fchendust:<br \/><\/strong>Baltic Agro AS, Rukki tee 8, Lehmja k\u00fcla, Rae vald, Telefon +372 606 2260<\/p>\n\t\t<\/div>\n\t\t\t\t\t<\/div>\n\n\t\n<\/div>\n","protected":false},"excerpt":{"rendered":"","protected":false},"featured_media":61613,"comment_status":"closed","ping_status":"open","template":"","meta":[],"product_brand":[],"product_cat":[2789,2788,2878,2877],"product_tag":[],"class_list":{"0":"post-48560","1":"product","2":"type-product","3":"status-publish","4":"has-post-thumbnail","6":"product_cat-aiatarbed","7":"product_cat-aiatarbed-ja-kodukaubad","8":"product_cat-aiavaetised","9":"product_cat-vaetised","10":"pa_kaubamark-baltic-agro-as","12":"first","13":"instock","14":"sale","15":"taxable","16":"shipping-taxable","17":"purchasable","18":"product-type-simple"},"yoast_head":"<!-- This site is optimized with the Yoast SEO plugin v26.9 - https:\/\/yoast.com\/product\/yoast-seo-wordpress\/ -->\n<title>MAGNEESIUMSULFAAT BALTIC AGRO 1KG - Espak E-pood<\/title>\n<meta name=\"robots\" content=\"index, follow, max-snippet:-1, max-image-preview:large, max-video-preview:-1\" \/>\n<link rel=\"canonical\" href=\"https:\/\/espak.ee\/epood\/toode\/magneesiumsulfaat-baltic-agro-1kg\/\" \/>\n<meta property=\"og:locale\" content=\"et_EE\" \/>\n<meta property=\"og:type\" content=\"article\" \/>\n<meta property=\"og:title\" content=\"MAGNEESIUMSULFAAT BALTIC AGRO 1KG - Espak E-pood\" \/>\n<meta property=\"og:url\" content=\"https:\/\/espak.ee\/epood\/toode\/magneesiumsulfaat-baltic-agro-1kg\/\" \/>\n<meta property=\"og:site_name\" content=\"Espak E-pood\" \/>\n<meta property=\"article:modified_time\" content=\"2026-03-22T18:36:29+00:00\" \/>\n<meta property=\"og:image\" content=\"https:\/\/espak.ee\/epood\/wp-content\/uploads\/4751004000478-scaled.jpg\" \/>\n\t<meta property=\"og:image:width\" content=\"2048\" \/>\n\t<meta property=\"og:image:height\" content=\"2048\" \/>\n\t<meta property=\"og:image:type\" content=\"image\/jpeg\" \/>\n<meta name=\"twitter:card\" content=\"summary_large_image\" \/>\n<meta name=\"twitter:label1\" content=\"Est. reading time\" \/>\n\t<meta name=\"twitter:data1\" content=\"1 minut\" \/>\n<script type=\"application\/ld+json\" class=\"yoast-schema-graph\">{\"@context\":\"https:\/\/schema.org\",\"@graph\":[{\"@type\":\"WebPage\",\"@id\":\"https:\/\/espak.ee\/epood\/toode\/magneesiumsulfaat-baltic-agro-1kg\/\",\"url\":\"https:\/\/espak.ee\/epood\/toode\/magneesiumsulfaat-baltic-agro-1kg\/\",\"name\":\"MAGNEESIUMSULFAAT BALTIC AGRO 1KG - Espak E-pood\",\"isPartOf\":{\"@id\":\"https:\/\/espak.ee\/epood\/#website\"},\"primaryImageOfPage\":{\"@id\":\"https:\/\/espak.ee\/epood\/toode\/magneesiumsulfaat-baltic-agro-1kg\/#primaryimage\"},\"image\":{\"@id\":\"https:\/\/espak.ee\/epood\/toode\/magneesiumsulfaat-baltic-agro-1kg\/#primaryimage\"},\"thumbnailUrl\":\"https:\/\/espak.ee\/epood\/wp-content\/uploads\/4751004000478-scaled.jpg\",\"datePublished\":\"2020-11-06T05:22:19+00:00\",\"dateModified\":\"2026-03-22T18:36:29+00:00\",\"breadcrumb\":{\"@id\":\"https:\/\/espak.ee\/epood\/toode\/magneesiumsulfaat-baltic-agro-1kg\/#breadcrumb\"},\"inLanguage\":\"et\",\"potentialAction\":[{\"@type\":\"ReadAction\",\"target\":[\"https:\/\/espak.ee\/epood\/toode\/magneesiumsulfaat-baltic-agro-1kg\/\"]}]},{\"@type\":\"ImageObject\",\"inLanguage\":\"et\",\"@id\":\"https:\/\/espak.ee\/epood\/toode\/magneesiumsulfaat-baltic-agro-1kg\/#primaryimage\",\"url\":\"https:\/\/espak.ee\/epood\/wp-content\/uploads\/4751004000478-scaled.jpg\",\"contentUrl\":\"https:\/\/espak.ee\/epood\/wp-content\/uploads\/4751004000478-scaled.jpg\",\"width\":2048,\"height\":2048},{\"@type\":\"BreadcrumbList\",\"@id\":\"https:\/\/espak.ee\/epood\/toode\/magneesiumsulfaat-baltic-agro-1kg\/#breadcrumb\",\"itemListElement\":[{\"@type\":\"ListItem\",\"position\":1,\"name\":\"Home\",\"item\":\"https:\/\/espak.ee\/epood\/\"},{\"@type\":\"ListItem\",\"position\":2,\"name\":\"Tootevalik\",\"item\":\"https:\/\/espak.ee\/epood\/tootevalik\/\"},{\"@type\":\"ListItem\",\"position\":3,\"name\":\"MAGNEESIUMSULFAAT BALTIC AGRO 1KG\"}]},{\"@type\":\"WebSite\",\"@id\":\"https:\/\/espak.ee\/epood\/#website\",\"url\":\"https:\/\/espak.ee\/epood\/\",\"name\":\"Espak E-pood\",\"description\":\"\",\"potentialAction\":[{\"@type\":\"SearchAction\",\"target\":{\"@type\":\"EntryPoint\",\"urlTemplate\":\"https:\/\/espak.ee\/epood\/?s={search_term_string}\"},\"query-input\":{\"@type\":\"PropertyValueSpecification\",\"valueRequired\":true,\"valueName\":\"search_term_string\"}}],\"inLanguage\":\"et\"}]}<\/script>\n<!-- \/ Yoast SEO plugin. -->","yoast_head_json":{"title":"MAGNEESIUMSULFAAT BALTIC AGRO 1KG - Espak E-pood","robots":{"index":"index","follow":"follow","max-snippet":"max-snippet:-1","max-image-preview":"max-image-preview:large","max-video-preview":"max-video-preview:-1"},"canonical":"https:\/\/espak.ee\/epood\/toode\/magneesiumsulfaat-baltic-agro-1kg\/","og_locale":"et_EE","og_type":"article","og_title":"MAGNEESIUMSULFAAT BALTIC AGRO 1KG - Espak E-pood","og_url":"https:\/\/espak.ee\/epood\/toode\/magneesiumsulfaat-baltic-agro-1kg\/","og_site_name":"Espak E-pood","article_modified_time":"2026-03-22T18:36:29+00:00","og_image":[{"width":2048,"height":2048,"url":"https:\/\/espak.ee\/epood\/wp-content\/uploads\/4751004000478-scaled.jpg","type":"image\/jpeg"}],"twitter_card":"summary_large_image","twitter_misc":{"Est. reading time":"1 minut"},"schema":{"@context":"https:\/\/schema.org","@graph":[{"@type":"WebPage","@id":"https:\/\/espak.ee\/epood\/toode\/magneesiumsulfaat-baltic-agro-1kg\/","url":"https:\/\/espak.ee\/epood\/toode\/magneesiumsulfaat-baltic-agro-1kg\/","name":"MAGNEESIUMSULFAAT BALTIC AGRO 1KG - Espak E-pood","isPartOf":{"@id":"https:\/\/espak.ee\/epood\/#website"},"primaryImageOfPage":{"@id":"https:\/\/espak.ee\/epood\/toode\/magneesiumsulfaat-baltic-agro-1kg\/#primaryimage"},"image":{"@id":"https:\/\/espak.ee\/epood\/toode\/magneesiumsulfaat-baltic-agro-1kg\/#primaryimage"},"thumbnailUrl":"https:\/\/espak.ee\/epood\/wp-content\/uploads\/4751004000478-scaled.jpg","datePublished":"2020-11-06T05:22:19+00:00","dateModified":"2026-03-22T18:36:29+00:00","breadcrumb":{"@id":"https:\/\/espak.ee\/epood\/toode\/magneesiumsulfaat-baltic-agro-1kg\/#breadcrumb"},"inLanguage":"et","potentialAction":[{"@type":"ReadAction","target":["https:\/\/espak.ee\/epood\/toode\/magneesiumsulfaat-baltic-agro-1kg\/"]}]},{"@type":"ImageObject","inLanguage":"et","@id":"https:\/\/espak.ee\/epood\/toode\/magneesiumsulfaat-baltic-agro-1kg\/#primaryimage","url":"https:\/\/espak.ee\/epood\/wp-content\/uploads\/4751004000478-scaled.jpg","contentUrl":"https:\/\/espak.ee\/epood\/wp-content\/uploads\/4751004000478-scaled.jpg","width":2048,"height":2048},{"@type":"BreadcrumbList","@id":"https:\/\/espak.ee\/epood\/toode\/magneesiumsulfaat-baltic-agro-1kg\/#breadcrumb","itemListElement":[{"@type":"ListItem","position":1,"name":"Home","item":"https:\/\/espak.ee\/epood\/"},{"@type":"ListItem","position":2,"name":"Tootevalik","item":"https:\/\/espak.ee\/epood\/tootevalik\/"},{"@type":"ListItem","position":3,"name":"MAGNEESIUMSULFAAT BALTIC AGRO 1KG"}]},{"@type":"WebSite","@id":"https:\/\/espak.ee\/epood\/#website","url":"https:\/\/espak.ee\/epood\/","name":"Espak E-pood","description":"","potentialAction":[{"@type":"SearchAction","target":{"@type":"EntryPoint","urlTemplate":"https:\/\/espak.ee\/epood\/?s={search_term_string}"},"query-input":{"@type":"PropertyValueSpecification","valueRequired":true,"valueName":"search_term_string"}}],"inLanguage":"et"}]}},"_links":{"self":[{"href":"https:\/\/espak.ee\/epood\/wp-json\/wp\/v2\/product\/48560","targetHints":{"allow":["GET"]}}],"collection":[{"href":"https:\/\/espak.ee\/epood\/wp-json\/wp\/v2\/product"}],"about":[{"href":"https:\/\/espak.ee\/epood\/wp-json\/wp\/v2\/types\/product"}],"replies":[{"embeddable":true,"href":"https:\/\/espak.ee\/epood\/wp-json\/wp\/v2\/comments?post=48560"}],"wp:featuredmedia":[{"embeddable":true,"href":"https:\/\/espak.ee\/epood\/wp-json\/wp\/v2\/media\/61613"}],"wp:attachment":[{"href":"https:\/\/espak.ee\/epood\/wp-json\/wp\/v2\/media?parent=48560"}],"wp:term":[{"taxonomy":"product_brand","embeddable":true,"href":"https:\/\/espak.ee\/epood\/wp-json\/wp\/v2\/product_brand?post=48560"},{"taxonomy":"product_cat","embeddable":true,"href":"https:\/\/espak.ee\/epood\/wp-json\/wp\/v2\/product_cat?post=48560"},{"taxonomy":"product_tag","embeddable":true,"href":"https:\/\/espak.ee\/epood\/wp-json\/wp\/v2\/product_tag?post=48560"}],"curies":[{"name":"wp","href":"https:\/\/api.w.org\/{rel}","templated":true}]}}