{"id":48520,"date":"2020-11-06T07:21:58","date_gmt":"2020-11-06T05:21:58","guid":{"rendered":"https:\/\/espak.ee\/hinnakiri\/?post_type=product&#038;p=48520"},"modified":"2026-05-05T17:36:07","modified_gmt":"2026-05-05T14:36:07","slug":"score-250-ec-taimehaiguste-torjeks-2-ml","status":"publish","type":"product","link":"https:\/\/espak.ee\/epood\/toode\/score-250-ec-taimehaiguste-torjeks-2-ml\/","title":{"rendered":"TAIMEKAITSEVAHEND SCORE 250 EC 2ML"},"content":{"rendered":"<div class=\"row\"  id=\"row-1828093798\">\n\n\t<div id=\"col-1927391827\" class=\"col medium-9 small-12 large-9\"  >\n\t\t\t\t<div class=\"col-inner\"  >\n\t\t\t\n\t\t\t\n<p>Laia toimespektriga s\u00fcsteemne fungitsiid.<\/p>\n<p>Kasutamine<br \/>\nKasutusala: \u00f5una-, pirni-,ploomi-, kirsipuu ja teiste seemne- ja luuviljaliste seenhaiguste t\u00f5rjeks.<br \/>\nNORM 2 ml segatuna 10 l veega, 2 l noorele ja 5 l kandeeas olevale puule.<br \/>\nT\u00f6\u00f6lahuse kulu on 2 liitrit noorele ja 5 liitrit t\u00e4ies kandeeas \u00f5una- v\u00f5i pirnipuule. Pritsida v\u00e4rskelt valmistatud lahusega tuulevaikse ilmaga, tagada lehtede \u00fchtlane kattumine t\u00f6\u00f6lahusega.Maksimaalne pritsimiste arv 4. Parimaid tulemusi annab prof\u00fclaktiline t\u00f5rje.<br \/>\nSoovitatav on pritsida kaks korda enne ja kaks korda p\u00e4rast \u00f5itsemist. Esimest korda pritsida \u00f5iepungade moodustumise faasis 10-12 p\u00e4evase intervalliga. Ravivalt pritsida v\u00e4hemalt 96 tundi (4 \u00f6\u00f6p\u00e4eva) p\u00e4rast infektsiooni algust. Pritsimisvaheline aeg m\u00e4\u00e4ratakse prognoosi j\u00e4rgi, kui ilmaolud on haiguste levikuks soodsad.<br \/>\nOoteaeg 20 p\u00e4eva.<\/p>\n<p>T\u00f5rjutavad haigused:k\u00e4rnt\u00f5bi, jahukaste ja m\u00e4danikud.<\/p>\n<p><strong>Kasutage taimekaitsevahendeid ohutult. Enne kasutamist lugege alati l\u00e4bi m\u00e4rgistus ja tootekirjeldus.<br \/><\/strong><\/p>\n<p>Pakend 2 ml.<\/p>\n\t\t<\/div>\n\t\t\t\t\t<\/div>\n\n\t\n\n\t<div id=\"col-600121909\" class=\"col medium-3 small-12 large-3\"  >\n\t\t\t\t<div class=\"col-inner\"  >\n\t\t\t\n\t\t\t\n<h3>Infoleht<\/h3>\n<p><a href=\"https:\/\/espak.ee\/epood\/wp-content\/uploads\/2020\/11\/infoleht_score-4771601313863.pdf\"target=\"_blank\" rel=\"noopener noreferrer\"><i class=\"far fa-file-pdf\"><\/i> Infoleht (PDF)<\/a><\/p>\n<h3>Ohutuskaart<\/h3>\n<p><a href=\"https:\/\/espak.ee\/epood\/wp-content\/uploads\/2020\/11\/ohutuskaart_score_250_ec_ee_2014-4771601313863.pdf\"target=\"_blank\" rel=\"noopener noreferrer\"><i class=\"far fa-file-pdf\"><\/i> Ohutuskaart (PDF)<\/a><\/p>\n<p><strong>\u00dcksikasjalikuma n\u00f5u saamiseks v\u00f5tke \u00fchendust:<br \/><\/strong>Baltic Agro AS, Rukki tee 8, Lehmja k\u00fcla, Rae vald, Telefon +372 606 2260<\/p>\n\t\t<\/div>\n\t\t\t\t\t<\/div>\n\n\t\n<\/div>\n","protected":false},"excerpt":{"rendered":"","protected":false},"featured_media":61197,"comment_status":"closed","ping_status":"closed","template":"","meta":[],"product_brand":[],"product_cat":[2789,2788,2883,2882],"product_tag":[],"class_list":{"0":"post-48520","1":"product","2":"type-product","3":"status-publish","4":"has-post-thumbnail","6":"product_cat-aiatarbed","7":"product_cat-aiatarbed-ja-kodukaubad","8":"product_cat-kahjurite-torjevahendid","9":"product_cat-taimekaitsevahendid","10":"pa_kaubamark-baltic-agro-as","12":"first","13":"instock","14":"sale","15":"taxable","16":"shipping-taxable","17":"purchasable","18":"product-type-simple"},"yoast_head":"<!-- This site is optimized with the Yoast SEO plugin v26.9 - https:\/\/yoast.com\/product\/yoast-seo-wordpress\/ -->\n<title>TAIMEKAITSEVAHEND SCORE 250 EC 2ML - Espak E-pood<\/title>\n<meta name=\"robots\" content=\"index, follow, max-snippet:-1, max-image-preview:large, max-video-preview:-1\" \/>\n<link rel=\"canonical\" href=\"https:\/\/espak.ee\/epood\/toode\/score-250-ec-taimehaiguste-torjeks-2-ml\/\" \/>\n<meta property=\"og:locale\" content=\"et_EE\" \/>\n<meta property=\"og:type\" content=\"article\" \/>\n<meta property=\"og:title\" content=\"TAIMEKAITSEVAHEND SCORE 250 EC 2ML - Espak E-pood\" \/>\n<meta property=\"og:url\" content=\"https:\/\/espak.ee\/epood\/toode\/score-250-ec-taimehaiguste-torjeks-2-ml\/\" \/>\n<meta property=\"og:site_name\" content=\"Espak E-pood\" \/>\n<meta property=\"article:modified_time\" content=\"2026-05-05T14:36:07+00:00\" \/>\n<meta property=\"og:image\" content=\"https:\/\/espak.ee\/epood\/wp-content\/uploads\/4771601313863-1-scaled.jpg\" \/>\n\t<meta property=\"og:image:width\" content=\"2048\" \/>\n\t<meta property=\"og:image:height\" content=\"2048\" \/>\n\t<meta property=\"og:image:type\" content=\"image\/jpeg\" \/>\n<meta name=\"twitter:card\" content=\"summary_large_image\" \/>\n<meta name=\"twitter:label1\" content=\"Est. reading time\" \/>\n\t<meta name=\"twitter:data1\" content=\"1 minut\" \/>\n<script type=\"application\/ld+json\" class=\"yoast-schema-graph\">{\"@context\":\"https:\/\/schema.org\",\"@graph\":[{\"@type\":\"WebPage\",\"@id\":\"https:\/\/espak.ee\/epood\/toode\/score-250-ec-taimehaiguste-torjeks-2-ml\/\",\"url\":\"https:\/\/espak.ee\/epood\/toode\/score-250-ec-taimehaiguste-torjeks-2-ml\/\",\"name\":\"TAIMEKAITSEVAHEND SCORE 250 EC 2ML - Espak E-pood\",\"isPartOf\":{\"@id\":\"https:\/\/espak.ee\/epood\/#website\"},\"primaryImageOfPage\":{\"@id\":\"https:\/\/espak.ee\/epood\/toode\/score-250-ec-taimehaiguste-torjeks-2-ml\/#primaryimage\"},\"image\":{\"@id\":\"https:\/\/espak.ee\/epood\/toode\/score-250-ec-taimehaiguste-torjeks-2-ml\/#primaryimage\"},\"thumbnailUrl\":\"https:\/\/espak.ee\/epood\/wp-content\/uploads\/4771601313863-1-scaled.jpg\",\"datePublished\":\"2020-11-06T05:21:58+00:00\",\"dateModified\":\"2026-05-05T14:36:07+00:00\",\"breadcrumb\":{\"@id\":\"https:\/\/espak.ee\/epood\/toode\/score-250-ec-taimehaiguste-torjeks-2-ml\/#breadcrumb\"},\"inLanguage\":\"et\",\"potentialAction\":[{\"@type\":\"ReadAction\",\"target\":[\"https:\/\/espak.ee\/epood\/toode\/score-250-ec-taimehaiguste-torjeks-2-ml\/\"]}]},{\"@type\":\"ImageObject\",\"inLanguage\":\"et\",\"@id\":\"https:\/\/espak.ee\/epood\/toode\/score-250-ec-taimehaiguste-torjeks-2-ml\/#primaryimage\",\"url\":\"https:\/\/espak.ee\/epood\/wp-content\/uploads\/4771601313863-1-scaled.jpg\",\"contentUrl\":\"https:\/\/espak.ee\/epood\/wp-content\/uploads\/4771601313863-1-scaled.jpg\",\"width\":2048,\"height\":2048},{\"@type\":\"BreadcrumbList\",\"@id\":\"https:\/\/espak.ee\/epood\/toode\/score-250-ec-taimehaiguste-torjeks-2-ml\/#breadcrumb\",\"itemListElement\":[{\"@type\":\"ListItem\",\"position\":1,\"name\":\"Home\",\"item\":\"https:\/\/espak.ee\/epood\/\"},{\"@type\":\"ListItem\",\"position\":2,\"name\":\"Tootevalik\",\"item\":\"https:\/\/espak.ee\/epood\/tootevalik\/\"},{\"@type\":\"ListItem\",\"position\":3,\"name\":\"TAIMEKAITSEVAHEND SCORE 250 EC 2ML\"}]},{\"@type\":\"WebSite\",\"@id\":\"https:\/\/espak.ee\/epood\/#website\",\"url\":\"https:\/\/espak.ee\/epood\/\",\"name\":\"Espak E-pood\",\"description\":\"\",\"potentialAction\":[{\"@type\":\"SearchAction\",\"target\":{\"@type\":\"EntryPoint\",\"urlTemplate\":\"https:\/\/espak.ee\/epood\/?s={search_term_string}\"},\"query-input\":{\"@type\":\"PropertyValueSpecification\",\"valueRequired\":true,\"valueName\":\"search_term_string\"}}],\"inLanguage\":\"et\"}]}<\/script>\n<!-- \/ Yoast SEO plugin. -->","yoast_head_json":{"title":"TAIMEKAITSEVAHEND SCORE 250 EC 2ML - Espak E-pood","robots":{"index":"index","follow":"follow","max-snippet":"max-snippet:-1","max-image-preview":"max-image-preview:large","max-video-preview":"max-video-preview:-1"},"canonical":"https:\/\/espak.ee\/epood\/toode\/score-250-ec-taimehaiguste-torjeks-2-ml\/","og_locale":"et_EE","og_type":"article","og_title":"TAIMEKAITSEVAHEND SCORE 250 EC 2ML - Espak E-pood","og_url":"https:\/\/espak.ee\/epood\/toode\/score-250-ec-taimehaiguste-torjeks-2-ml\/","og_site_name":"Espak E-pood","article_modified_time":"2026-05-05T14:36:07+00:00","og_image":[{"width":2048,"height":2048,"url":"https:\/\/espak.ee\/epood\/wp-content\/uploads\/4771601313863-1-scaled.jpg","type":"image\/jpeg"}],"twitter_card":"summary_large_image","twitter_misc":{"Est. reading time":"1 minut"},"schema":{"@context":"https:\/\/schema.org","@graph":[{"@type":"WebPage","@id":"https:\/\/espak.ee\/epood\/toode\/score-250-ec-taimehaiguste-torjeks-2-ml\/","url":"https:\/\/espak.ee\/epood\/toode\/score-250-ec-taimehaiguste-torjeks-2-ml\/","name":"TAIMEKAITSEVAHEND SCORE 250 EC 2ML - Espak E-pood","isPartOf":{"@id":"https:\/\/espak.ee\/epood\/#website"},"primaryImageOfPage":{"@id":"https:\/\/espak.ee\/epood\/toode\/score-250-ec-taimehaiguste-torjeks-2-ml\/#primaryimage"},"image":{"@id":"https:\/\/espak.ee\/epood\/toode\/score-250-ec-taimehaiguste-torjeks-2-ml\/#primaryimage"},"thumbnailUrl":"https:\/\/espak.ee\/epood\/wp-content\/uploads\/4771601313863-1-scaled.jpg","datePublished":"2020-11-06T05:21:58+00:00","dateModified":"2026-05-05T14:36:07+00:00","breadcrumb":{"@id":"https:\/\/espak.ee\/epood\/toode\/score-250-ec-taimehaiguste-torjeks-2-ml\/#breadcrumb"},"inLanguage":"et","potentialAction":[{"@type":"ReadAction","target":["https:\/\/espak.ee\/epood\/toode\/score-250-ec-taimehaiguste-torjeks-2-ml\/"]}]},{"@type":"ImageObject","inLanguage":"et","@id":"https:\/\/espak.ee\/epood\/toode\/score-250-ec-taimehaiguste-torjeks-2-ml\/#primaryimage","url":"https:\/\/espak.ee\/epood\/wp-content\/uploads\/4771601313863-1-scaled.jpg","contentUrl":"https:\/\/espak.ee\/epood\/wp-content\/uploads\/4771601313863-1-scaled.jpg","width":2048,"height":2048},{"@type":"BreadcrumbList","@id":"https:\/\/espak.ee\/epood\/toode\/score-250-ec-taimehaiguste-torjeks-2-ml\/#breadcrumb","itemListElement":[{"@type":"ListItem","position":1,"name":"Home","item":"https:\/\/espak.ee\/epood\/"},{"@type":"ListItem","position":2,"name":"Tootevalik","item":"https:\/\/espak.ee\/epood\/tootevalik\/"},{"@type":"ListItem","position":3,"name":"TAIMEKAITSEVAHEND SCORE 250 EC 2ML"}]},{"@type":"WebSite","@id":"https:\/\/espak.ee\/epood\/#website","url":"https:\/\/espak.ee\/epood\/","name":"Espak E-pood","description":"","potentialAction":[{"@type":"SearchAction","target":{"@type":"EntryPoint","urlTemplate":"https:\/\/espak.ee\/epood\/?s={search_term_string}"},"query-input":{"@type":"PropertyValueSpecification","valueRequired":true,"valueName":"search_term_string"}}],"inLanguage":"et"}]}},"_links":{"self":[{"href":"https:\/\/espak.ee\/epood\/wp-json\/wp\/v2\/product\/48520","targetHints":{"allow":["GET"]}}],"collection":[{"href":"https:\/\/espak.ee\/epood\/wp-json\/wp\/v2\/product"}],"about":[{"href":"https:\/\/espak.ee\/epood\/wp-json\/wp\/v2\/types\/product"}],"replies":[{"embeddable":true,"href":"https:\/\/espak.ee\/epood\/wp-json\/wp\/v2\/comments?post=48520"}],"wp:featuredmedia":[{"embeddable":true,"href":"https:\/\/espak.ee\/epood\/wp-json\/wp\/v2\/media\/61197"}],"wp:attachment":[{"href":"https:\/\/espak.ee\/epood\/wp-json\/wp\/v2\/media?parent=48520"}],"wp:term":[{"taxonomy":"product_brand","embeddable":true,"href":"https:\/\/espak.ee\/epood\/wp-json\/wp\/v2\/product_brand?post=48520"},{"taxonomy":"product_cat","embeddable":true,"href":"https:\/\/espak.ee\/epood\/wp-json\/wp\/v2\/product_cat?post=48520"},{"taxonomy":"product_tag","embeddable":true,"href":"https:\/\/espak.ee\/epood\/wp-json\/wp\/v2\/product_tag?post=48520"}],"curies":[{"name":"wp","href":"https:\/\/api.w.org\/{rel}","templated":true}]}}