{"id":48512,"date":"2020-11-06T07:21:53","date_gmt":"2020-11-06T05:21:53","guid":{"rendered":"https:\/\/espak.ee\/hinnakiri\/?post_type=product&#038;p=48512"},"modified":"2026-02-16T10:22:35","modified_gmt":"2026-02-16T08:22:35","slug":"liimpuunis-3-varvi-sinine-valge-kollane-3-m","status":"publish","type":"product","link":"https:\/\/espak.ee\/epood\/toode\/liimpuunis-3-varvi-sinine-valge-kollane-3-m\/","title":{"rendered":"LIIMP\u00dc\u00dcNIS BALTIC AGRO 3-V\u00c4RVI SININE-VALGE-KOLLANE 3M"},"content":{"rendered":"<div class=\"row\"  id=\"row-2051821332\">\n\n\t<div id=\"col-1191836763\" class=\"col medium-9 small-12 large-9\"  >\n\t\t\t\t<div class=\"col-inner\"  >\n\t\t\t\n\t\t\t\n<p>Liimp\u00fc\u00fcnis 3-v\u00e4rviga 3 m kasutamine. P\u00fc\u00fcnispaberi suuruse saab ise sobivaks l\u00f5igata.<br \/>\nKomplektis n\u00f6\u00f6r\u00fcmbrisega traat p\u00fc\u00fcnise riputamiseks. Riputage p\u00fc\u00fcnispaberi k\u00f5ik 3 v\u00e4rvi taimede l\u00e4hedusse, et kindlaks teha, millised kahjurid on taimi kahjustanud. Konkreetse kahjuri j\u00e4lgimiseks v\u00f5ib riputada \u00fchte v\u00e4rvi liimp\u00fc\u00fcnise osa. L\u00f5igake soovitud liimp\u00fc\u00fcnise ja riputustraadi pikkus. Soovitus puude jaoks: 42 cm liimpaberit ja 60 cm riputustraati. Murdke p\u00fc\u00fcnispaber \u00fcle traadi ja liimige pakendis oleva \u00fcmmarguse kleebisega kokku. Seej\u00e4rel riputage puu v\u00f5i taime k\u00fclge. Haarake liimi kattev paber ainult otstest ja t\u00f5mmake paber ettevaatlikult k\u00fclgedele. Vt. pakendil olevat joonist. Toas l\u00f5igake ca 6cm pikkune pabeririba ja pange pulga k\u00fclge ning torgake taimepotti. K\u00e4tele sattunud liimi saate eemaldada alkoholi v\u00f5i taime\u00f5liga.<br \/>\nKomposteeruv toode.<\/p>\n<p><strong> Enne kasutamist lugege alati l\u00e4bi m\u00e4rgistus ja tootekirjeldus.<br \/><\/strong><br \/>\n\t\t<\/div>\n\t\t\t\t\t<\/div>\n\n\t\n\n\t<div id=\"col-1419419608\" class=\"col medium-3 small-12 large-3\"  >\n\t\t\t\t<div class=\"col-inner\"  >\n\t\t\t\n\t\t\t\n<p><strong>\u00dcksikasjalikuma n\u00f5u saamiseks v\u00f5tke \u00fchendust:<br \/><\/strong>Baltic Agro AS, Rukki tee 8, Lehmja k\u00fcla, Rae vald, Telefon +372 606 2260<\/p>\n\t\t<\/div>\n\t\t\t\t\t<\/div>\n\n\t\n<\/div>\n","protected":false},"excerpt":{"rendered":"","protected":false},"featured_media":61073,"comment_status":"closed","ping_status":"closed","template":"","meta":[],"product_brand":[],"product_cat":[2789,2788,2883,2882],"product_tag":[],"class_list":{"0":"post-48512","1":"product","2":"type-product","3":"status-publish","4":"has-post-thumbnail","6":"product_cat-aiatarbed","7":"product_cat-aiatarbed-ja-kodukaubad","8":"product_cat-kahjurite-torjevahendid","9":"product_cat-taimekaitsevahendid","10":"pa_kaubamark-baltic-agro-as","12":"first","13":"instock","14":"sale","15":"taxable","16":"shipping-taxable","17":"purchasable","18":"product-type-simple"},"yoast_head":"<!-- This site is optimized with the Yoast SEO plugin v26.9 - https:\/\/yoast.com\/product\/yoast-seo-wordpress\/ -->\n<title>LIIMP\u00dc\u00dcNIS BALTIC AGRO 3-V\u00c4RVI SININE-VALGE-KOLLANE 3M - Espak E-pood<\/title>\n<meta name=\"robots\" content=\"index, follow, max-snippet:-1, max-image-preview:large, max-video-preview:-1\" \/>\n<link rel=\"canonical\" href=\"https:\/\/espak.ee\/epood\/toode\/liimpuunis-3-varvi-sinine-valge-kollane-3-m\/\" \/>\n<meta property=\"og:locale\" content=\"et_EE\" \/>\n<meta property=\"og:type\" content=\"article\" \/>\n<meta property=\"og:title\" content=\"LIIMP\u00dc\u00dcNIS BALTIC AGRO 3-V\u00c4RVI SININE-VALGE-KOLLANE 3M - Espak E-pood\" \/>\n<meta property=\"og:url\" content=\"https:\/\/espak.ee\/epood\/toode\/liimpuunis-3-varvi-sinine-valge-kollane-3-m\/\" \/>\n<meta property=\"og:site_name\" content=\"Espak E-pood\" \/>\n<meta property=\"article:modified_time\" content=\"2026-02-16T08:22:35+00:00\" \/>\n<meta property=\"og:image\" content=\"https:\/\/espak.ee\/epood\/wp-content\/uploads\/4003433003231-1.jpg\" \/>\n\t<meta property=\"og:image:width\" content=\"2000\" \/>\n\t<meta property=\"og:image:height\" content=\"2000\" \/>\n\t<meta property=\"og:image:type\" content=\"image\/jpeg\" \/>\n<meta name=\"twitter:card\" content=\"summary_large_image\" \/>\n<meta name=\"twitter:label1\" content=\"Est. reading time\" \/>\n\t<meta name=\"twitter:data1\" content=\"1 minut\" \/>\n<script type=\"application\/ld+json\" class=\"yoast-schema-graph\">{\"@context\":\"https:\/\/schema.org\",\"@graph\":[{\"@type\":\"WebPage\",\"@id\":\"https:\/\/espak.ee\/epood\/toode\/liimpuunis-3-varvi-sinine-valge-kollane-3-m\/\",\"url\":\"https:\/\/espak.ee\/epood\/toode\/liimpuunis-3-varvi-sinine-valge-kollane-3-m\/\",\"name\":\"LIIMP\u00dc\u00dcNIS BALTIC AGRO 3-V\u00c4RVI SININE-VALGE-KOLLANE 3M - Espak E-pood\",\"isPartOf\":{\"@id\":\"https:\/\/espak.ee\/epood\/#website\"},\"primaryImageOfPage\":{\"@id\":\"https:\/\/espak.ee\/epood\/toode\/liimpuunis-3-varvi-sinine-valge-kollane-3-m\/#primaryimage\"},\"image\":{\"@id\":\"https:\/\/espak.ee\/epood\/toode\/liimpuunis-3-varvi-sinine-valge-kollane-3-m\/#primaryimage\"},\"thumbnailUrl\":\"https:\/\/espak.ee\/epood\/wp-content\/uploads\/4003433003231-1.jpg\",\"datePublished\":\"2020-11-06T05:21:53+00:00\",\"dateModified\":\"2026-02-16T08:22:35+00:00\",\"breadcrumb\":{\"@id\":\"https:\/\/espak.ee\/epood\/toode\/liimpuunis-3-varvi-sinine-valge-kollane-3-m\/#breadcrumb\"},\"inLanguage\":\"et\",\"potentialAction\":[{\"@type\":\"ReadAction\",\"target\":[\"https:\/\/espak.ee\/epood\/toode\/liimpuunis-3-varvi-sinine-valge-kollane-3-m\/\"]}]},{\"@type\":\"ImageObject\",\"inLanguage\":\"et\",\"@id\":\"https:\/\/espak.ee\/epood\/toode\/liimpuunis-3-varvi-sinine-valge-kollane-3-m\/#primaryimage\",\"url\":\"https:\/\/espak.ee\/epood\/wp-content\/uploads\/4003433003231-1.jpg\",\"contentUrl\":\"https:\/\/espak.ee\/epood\/wp-content\/uploads\/4003433003231-1.jpg\",\"width\":2000,\"height\":2000},{\"@type\":\"BreadcrumbList\",\"@id\":\"https:\/\/espak.ee\/epood\/toode\/liimpuunis-3-varvi-sinine-valge-kollane-3-m\/#breadcrumb\",\"itemListElement\":[{\"@type\":\"ListItem\",\"position\":1,\"name\":\"Home\",\"item\":\"https:\/\/espak.ee\/epood\/\"},{\"@type\":\"ListItem\",\"position\":2,\"name\":\"Tootevalik\",\"item\":\"https:\/\/espak.ee\/epood\/tootevalik\/\"},{\"@type\":\"ListItem\",\"position\":3,\"name\":\"LIIMP\u00dc\u00dcNIS BALTIC AGRO 3-V\u00c4RVI SININE-VALGE-KOLLANE 3M\"}]},{\"@type\":\"WebSite\",\"@id\":\"https:\/\/espak.ee\/epood\/#website\",\"url\":\"https:\/\/espak.ee\/epood\/\",\"name\":\"Espak E-pood\",\"description\":\"\",\"potentialAction\":[{\"@type\":\"SearchAction\",\"target\":{\"@type\":\"EntryPoint\",\"urlTemplate\":\"https:\/\/espak.ee\/epood\/?s={search_term_string}\"},\"query-input\":{\"@type\":\"PropertyValueSpecification\",\"valueRequired\":true,\"valueName\":\"search_term_string\"}}],\"inLanguage\":\"et\"}]}<\/script>\n<!-- \/ Yoast SEO plugin. -->","yoast_head_json":{"title":"LIIMP\u00dc\u00dcNIS BALTIC AGRO 3-V\u00c4RVI SININE-VALGE-KOLLANE 3M - Espak E-pood","robots":{"index":"index","follow":"follow","max-snippet":"max-snippet:-1","max-image-preview":"max-image-preview:large","max-video-preview":"max-video-preview:-1"},"canonical":"https:\/\/espak.ee\/epood\/toode\/liimpuunis-3-varvi-sinine-valge-kollane-3-m\/","og_locale":"et_EE","og_type":"article","og_title":"LIIMP\u00dc\u00dcNIS BALTIC AGRO 3-V\u00c4RVI SININE-VALGE-KOLLANE 3M - Espak E-pood","og_url":"https:\/\/espak.ee\/epood\/toode\/liimpuunis-3-varvi-sinine-valge-kollane-3-m\/","og_site_name":"Espak E-pood","article_modified_time":"2026-02-16T08:22:35+00:00","og_image":[{"width":2000,"height":2000,"url":"https:\/\/espak.ee\/epood\/wp-content\/uploads\/4003433003231-1.jpg","type":"image\/jpeg"}],"twitter_card":"summary_large_image","twitter_misc":{"Est. reading time":"1 minut"},"schema":{"@context":"https:\/\/schema.org","@graph":[{"@type":"WebPage","@id":"https:\/\/espak.ee\/epood\/toode\/liimpuunis-3-varvi-sinine-valge-kollane-3-m\/","url":"https:\/\/espak.ee\/epood\/toode\/liimpuunis-3-varvi-sinine-valge-kollane-3-m\/","name":"LIIMP\u00dc\u00dcNIS BALTIC AGRO 3-V\u00c4RVI SININE-VALGE-KOLLANE 3M - Espak E-pood","isPartOf":{"@id":"https:\/\/espak.ee\/epood\/#website"},"primaryImageOfPage":{"@id":"https:\/\/espak.ee\/epood\/toode\/liimpuunis-3-varvi-sinine-valge-kollane-3-m\/#primaryimage"},"image":{"@id":"https:\/\/espak.ee\/epood\/toode\/liimpuunis-3-varvi-sinine-valge-kollane-3-m\/#primaryimage"},"thumbnailUrl":"https:\/\/espak.ee\/epood\/wp-content\/uploads\/4003433003231-1.jpg","datePublished":"2020-11-06T05:21:53+00:00","dateModified":"2026-02-16T08:22:35+00:00","breadcrumb":{"@id":"https:\/\/espak.ee\/epood\/toode\/liimpuunis-3-varvi-sinine-valge-kollane-3-m\/#breadcrumb"},"inLanguage":"et","potentialAction":[{"@type":"ReadAction","target":["https:\/\/espak.ee\/epood\/toode\/liimpuunis-3-varvi-sinine-valge-kollane-3-m\/"]}]},{"@type":"ImageObject","inLanguage":"et","@id":"https:\/\/espak.ee\/epood\/toode\/liimpuunis-3-varvi-sinine-valge-kollane-3-m\/#primaryimage","url":"https:\/\/espak.ee\/epood\/wp-content\/uploads\/4003433003231-1.jpg","contentUrl":"https:\/\/espak.ee\/epood\/wp-content\/uploads\/4003433003231-1.jpg","width":2000,"height":2000},{"@type":"BreadcrumbList","@id":"https:\/\/espak.ee\/epood\/toode\/liimpuunis-3-varvi-sinine-valge-kollane-3-m\/#breadcrumb","itemListElement":[{"@type":"ListItem","position":1,"name":"Home","item":"https:\/\/espak.ee\/epood\/"},{"@type":"ListItem","position":2,"name":"Tootevalik","item":"https:\/\/espak.ee\/epood\/tootevalik\/"},{"@type":"ListItem","position":3,"name":"LIIMP\u00dc\u00dcNIS BALTIC AGRO 3-V\u00c4RVI SININE-VALGE-KOLLANE 3M"}]},{"@type":"WebSite","@id":"https:\/\/espak.ee\/epood\/#website","url":"https:\/\/espak.ee\/epood\/","name":"Espak E-pood","description":"","potentialAction":[{"@type":"SearchAction","target":{"@type":"EntryPoint","urlTemplate":"https:\/\/espak.ee\/epood\/?s={search_term_string}"},"query-input":{"@type":"PropertyValueSpecification","valueRequired":true,"valueName":"search_term_string"}}],"inLanguage":"et"}]}},"_links":{"self":[{"href":"https:\/\/espak.ee\/epood\/wp-json\/wp\/v2\/product\/48512","targetHints":{"allow":["GET"]}}],"collection":[{"href":"https:\/\/espak.ee\/epood\/wp-json\/wp\/v2\/product"}],"about":[{"href":"https:\/\/espak.ee\/epood\/wp-json\/wp\/v2\/types\/product"}],"replies":[{"embeddable":true,"href":"https:\/\/espak.ee\/epood\/wp-json\/wp\/v2\/comments?post=48512"}],"wp:featuredmedia":[{"embeddable":true,"href":"https:\/\/espak.ee\/epood\/wp-json\/wp\/v2\/media\/61073"}],"wp:attachment":[{"href":"https:\/\/espak.ee\/epood\/wp-json\/wp\/v2\/media?parent=48512"}],"wp:term":[{"taxonomy":"product_brand","embeddable":true,"href":"https:\/\/espak.ee\/epood\/wp-json\/wp\/v2\/product_brand?post=48512"},{"taxonomy":"product_cat","embeddable":true,"href":"https:\/\/espak.ee\/epood\/wp-json\/wp\/v2\/product_cat?post=48512"},{"taxonomy":"product_tag","embeddable":true,"href":"https:\/\/espak.ee\/epood\/wp-json\/wp\/v2\/product_tag?post=48512"}],"curies":[{"name":"wp","href":"https:\/\/api.w.org\/{rel}","templated":true}]}}