{"id":48497,"date":"2020-11-06T07:21:47","date_gmt":"2020-11-06T05:21:47","guid":{"rendered":"https:\/\/espak.ee\/hinnakiri\/?post_type=product&#038;p=48497"},"modified":"2026-04-09T19:38:11","modified_gmt":"2026-04-09T16:38:11","slug":"koduaiamuru-3-kg-kilepakend","status":"publish","type":"product","link":"https:\/\/espak.ee\/epood\/toode\/koduaiamuru-3-kg-kilepakend\/","title":{"rendered":"KODUAIAMURU BALTIC AGRO 3KG"},"content":{"rendered":"<div class=\"row\"  id=\"row-512592927\">\n\n\t<div id=\"col-1177249197\" class=\"col medium-9 small-12 large-9\"  >\n\t\t\t\t<div class=\"col-inner\"  >\n\t\t\t\n\t\t\t\n<p>Koduaiamuru koosneb peenelehelistest liikidest, millest saab tiheda ja madalakasvulise muruvaiba. Segu kasvab nii p\u00e4ikese k\u00e4es kui varjus. On vastupidav ja taastub kahjustustest h\u00e4sti. Sobib h\u00e4sti koduaedadesse, m\u00e4nguv\u00e4ljakutele, haljasaladele. Parim k\u00fclviaeg varakevadel, hilissuvel v\u00f5i varas\u00fcgisel. 3 kg = 150 m2.<br \/>\nMuru k\u00fclvamisel: jaota seemned kahte v\u00f5rdsesse ossa. Kasutades ristk\u00fclvi, k\u00fclva seemned \u00fchtlaselt mullapinnale. Enne k\u00fclvi rehitse murukamar tugevasti l\u00e4bi. K\u00fclvi j\u00e4rel tihenda pind kergelt. Kasta idanemise ajal (umbes 3 n\u00e4dala jooksul), et t\u00e4rkav muru ei kuivaks.<\/p>\n<p>Hooldamisel: niida esimest korda, kui muru on 8-10 cm k\u00f5rgune. Seej\u00e4rel niida kord n\u00e4dalas (keskmine k\u00f5rgus 3,5 cm). Tekkinud t\u00fchikud murus t\u00e4ida mullaga ning k\u00fclva peale uus muruseeme.<\/p>\n\t\t<\/div>\n\t\t\t\t\t<\/div>\n\n\t\n\n\t<div id=\"col-556230124\" class=\"col medium-3 small-12 large-3\"  >\n\t\t\t\t<div class=\"col-inner\"  >\n\t\t\t\n\t\t\t\n<p><strong>\u00dcksikasjalikuma n\u00f5u saamiseks v\u00f5tke \u00fchendust:<br \/><\/strong>Baltic Agro AS, Rukki tee 8, Lehmja k\u00fcla, Rae vald, Telefon +372 606 2260<\/p>\n\t\t<\/div>\n\t\t\t\t\t<\/div>\n\n\t\n<\/div>\n","protected":false},"excerpt":{"rendered":"","protected":false},"featured_media":61093,"comment_status":"closed","ping_status":"closed","template":"","meta":[],"product_brand":[],"product_cat":[2789,2788,3471,3346],"product_tag":[],"class_list":{"0":"post-48497","1":"product","2":"type-product","3":"status-publish","4":"has-post-thumbnail","6":"product_cat-aiatarbed","7":"product_cat-aiatarbed-ja-kodukaubad","8":"product_cat-muruseemned","9":"product_cat-seemned-ja-sibulad","10":"pa_kaubamark-baltic-agro-as","12":"first","13":"instock","14":"sale","15":"taxable","16":"shipping-taxable","17":"purchasable","18":"product-type-simple"},"yoast_head":"<!-- This site is optimized with the Yoast SEO plugin v26.9 - https:\/\/yoast.com\/product\/yoast-seo-wordpress\/ -->\n<title>KODUAIAMURU BALTIC AGRO 3KG - Espak E-pood<\/title>\n<meta name=\"robots\" content=\"index, follow, max-snippet:-1, max-image-preview:large, max-video-preview:-1\" \/>\n<link rel=\"canonical\" href=\"https:\/\/espak.ee\/epood\/toode\/koduaiamuru-3-kg-kilepakend\/\" \/>\n<meta property=\"og:locale\" content=\"et_EE\" \/>\n<meta property=\"og:type\" content=\"article\" \/>\n<meta property=\"og:title\" content=\"KODUAIAMURU BALTIC AGRO 3KG - Espak E-pood\" \/>\n<meta property=\"og:url\" content=\"https:\/\/espak.ee\/epood\/toode\/koduaiamuru-3-kg-kilepakend\/\" \/>\n<meta property=\"og:site_name\" content=\"Espak E-pood\" \/>\n<meta property=\"article:modified_time\" content=\"2026-04-09T16:38:11+00:00\" \/>\n<meta property=\"og:image\" content=\"https:\/\/espak.ee\/epood\/wp-content\/uploads\/4742604000616-1-scaled.jpg\" \/>\n\t<meta property=\"og:image:width\" content=\"2048\" \/>\n\t<meta property=\"og:image:height\" content=\"2048\" \/>\n\t<meta property=\"og:image:type\" content=\"image\/jpeg\" \/>\n<meta name=\"twitter:card\" content=\"summary_large_image\" \/>\n<meta name=\"twitter:label1\" content=\"Est. reading time\" \/>\n\t<meta name=\"twitter:data1\" content=\"1 minut\" \/>\n<script type=\"application\/ld+json\" class=\"yoast-schema-graph\">{\"@context\":\"https:\/\/schema.org\",\"@graph\":[{\"@type\":\"WebPage\",\"@id\":\"https:\/\/espak.ee\/epood\/toode\/koduaiamuru-3-kg-kilepakend\/\",\"url\":\"https:\/\/espak.ee\/epood\/toode\/koduaiamuru-3-kg-kilepakend\/\",\"name\":\"KODUAIAMURU BALTIC AGRO 3KG - Espak E-pood\",\"isPartOf\":{\"@id\":\"https:\/\/espak.ee\/epood\/#website\"},\"primaryImageOfPage\":{\"@id\":\"https:\/\/espak.ee\/epood\/toode\/koduaiamuru-3-kg-kilepakend\/#primaryimage\"},\"image\":{\"@id\":\"https:\/\/espak.ee\/epood\/toode\/koduaiamuru-3-kg-kilepakend\/#primaryimage\"},\"thumbnailUrl\":\"https:\/\/espak.ee\/epood\/wp-content\/uploads\/4742604000616-1-scaled.jpg\",\"datePublished\":\"2020-11-06T05:21:47+00:00\",\"dateModified\":\"2026-04-09T16:38:11+00:00\",\"breadcrumb\":{\"@id\":\"https:\/\/espak.ee\/epood\/toode\/koduaiamuru-3-kg-kilepakend\/#breadcrumb\"},\"inLanguage\":\"et\",\"potentialAction\":[{\"@type\":\"ReadAction\",\"target\":[\"https:\/\/espak.ee\/epood\/toode\/koduaiamuru-3-kg-kilepakend\/\"]}]},{\"@type\":\"ImageObject\",\"inLanguage\":\"et\",\"@id\":\"https:\/\/espak.ee\/epood\/toode\/koduaiamuru-3-kg-kilepakend\/#primaryimage\",\"url\":\"https:\/\/espak.ee\/epood\/wp-content\/uploads\/4742604000616-1-scaled.jpg\",\"contentUrl\":\"https:\/\/espak.ee\/epood\/wp-content\/uploads\/4742604000616-1-scaled.jpg\",\"width\":2048,\"height\":2048},{\"@type\":\"BreadcrumbList\",\"@id\":\"https:\/\/espak.ee\/epood\/toode\/koduaiamuru-3-kg-kilepakend\/#breadcrumb\",\"itemListElement\":[{\"@type\":\"ListItem\",\"position\":1,\"name\":\"Home\",\"item\":\"https:\/\/espak.ee\/epood\/\"},{\"@type\":\"ListItem\",\"position\":2,\"name\":\"Tootevalik\",\"item\":\"https:\/\/espak.ee\/epood\/tootevalik\/\"},{\"@type\":\"ListItem\",\"position\":3,\"name\":\"KODUAIAMURU BALTIC AGRO 3KG\"}]},{\"@type\":\"WebSite\",\"@id\":\"https:\/\/espak.ee\/epood\/#website\",\"url\":\"https:\/\/espak.ee\/epood\/\",\"name\":\"Espak E-pood\",\"description\":\"\",\"potentialAction\":[{\"@type\":\"SearchAction\",\"target\":{\"@type\":\"EntryPoint\",\"urlTemplate\":\"https:\/\/espak.ee\/epood\/?s={search_term_string}\"},\"query-input\":{\"@type\":\"PropertyValueSpecification\",\"valueRequired\":true,\"valueName\":\"search_term_string\"}}],\"inLanguage\":\"et\"}]}<\/script>\n<!-- \/ Yoast SEO plugin. -->","yoast_head_json":{"title":"KODUAIAMURU BALTIC AGRO 3KG - Espak E-pood","robots":{"index":"index","follow":"follow","max-snippet":"max-snippet:-1","max-image-preview":"max-image-preview:large","max-video-preview":"max-video-preview:-1"},"canonical":"https:\/\/espak.ee\/epood\/toode\/koduaiamuru-3-kg-kilepakend\/","og_locale":"et_EE","og_type":"article","og_title":"KODUAIAMURU BALTIC AGRO 3KG - Espak E-pood","og_url":"https:\/\/espak.ee\/epood\/toode\/koduaiamuru-3-kg-kilepakend\/","og_site_name":"Espak E-pood","article_modified_time":"2026-04-09T16:38:11+00:00","og_image":[{"width":2048,"height":2048,"url":"https:\/\/espak.ee\/epood\/wp-content\/uploads\/4742604000616-1-scaled.jpg","type":"image\/jpeg"}],"twitter_card":"summary_large_image","twitter_misc":{"Est. reading time":"1 minut"},"schema":{"@context":"https:\/\/schema.org","@graph":[{"@type":"WebPage","@id":"https:\/\/espak.ee\/epood\/toode\/koduaiamuru-3-kg-kilepakend\/","url":"https:\/\/espak.ee\/epood\/toode\/koduaiamuru-3-kg-kilepakend\/","name":"KODUAIAMURU BALTIC AGRO 3KG - Espak E-pood","isPartOf":{"@id":"https:\/\/espak.ee\/epood\/#website"},"primaryImageOfPage":{"@id":"https:\/\/espak.ee\/epood\/toode\/koduaiamuru-3-kg-kilepakend\/#primaryimage"},"image":{"@id":"https:\/\/espak.ee\/epood\/toode\/koduaiamuru-3-kg-kilepakend\/#primaryimage"},"thumbnailUrl":"https:\/\/espak.ee\/epood\/wp-content\/uploads\/4742604000616-1-scaled.jpg","datePublished":"2020-11-06T05:21:47+00:00","dateModified":"2026-04-09T16:38:11+00:00","breadcrumb":{"@id":"https:\/\/espak.ee\/epood\/toode\/koduaiamuru-3-kg-kilepakend\/#breadcrumb"},"inLanguage":"et","potentialAction":[{"@type":"ReadAction","target":["https:\/\/espak.ee\/epood\/toode\/koduaiamuru-3-kg-kilepakend\/"]}]},{"@type":"ImageObject","inLanguage":"et","@id":"https:\/\/espak.ee\/epood\/toode\/koduaiamuru-3-kg-kilepakend\/#primaryimage","url":"https:\/\/espak.ee\/epood\/wp-content\/uploads\/4742604000616-1-scaled.jpg","contentUrl":"https:\/\/espak.ee\/epood\/wp-content\/uploads\/4742604000616-1-scaled.jpg","width":2048,"height":2048},{"@type":"BreadcrumbList","@id":"https:\/\/espak.ee\/epood\/toode\/koduaiamuru-3-kg-kilepakend\/#breadcrumb","itemListElement":[{"@type":"ListItem","position":1,"name":"Home","item":"https:\/\/espak.ee\/epood\/"},{"@type":"ListItem","position":2,"name":"Tootevalik","item":"https:\/\/espak.ee\/epood\/tootevalik\/"},{"@type":"ListItem","position":3,"name":"KODUAIAMURU BALTIC AGRO 3KG"}]},{"@type":"WebSite","@id":"https:\/\/espak.ee\/epood\/#website","url":"https:\/\/espak.ee\/epood\/","name":"Espak E-pood","description":"","potentialAction":[{"@type":"SearchAction","target":{"@type":"EntryPoint","urlTemplate":"https:\/\/espak.ee\/epood\/?s={search_term_string}"},"query-input":{"@type":"PropertyValueSpecification","valueRequired":true,"valueName":"search_term_string"}}],"inLanguage":"et"}]}},"_links":{"self":[{"href":"https:\/\/espak.ee\/epood\/wp-json\/wp\/v2\/product\/48497","targetHints":{"allow":["GET"]}}],"collection":[{"href":"https:\/\/espak.ee\/epood\/wp-json\/wp\/v2\/product"}],"about":[{"href":"https:\/\/espak.ee\/epood\/wp-json\/wp\/v2\/types\/product"}],"replies":[{"embeddable":true,"href":"https:\/\/espak.ee\/epood\/wp-json\/wp\/v2\/comments?post=48497"}],"wp:featuredmedia":[{"embeddable":true,"href":"https:\/\/espak.ee\/epood\/wp-json\/wp\/v2\/media\/61093"}],"wp:attachment":[{"href":"https:\/\/espak.ee\/epood\/wp-json\/wp\/v2\/media?parent=48497"}],"wp:term":[{"taxonomy":"product_brand","embeddable":true,"href":"https:\/\/espak.ee\/epood\/wp-json\/wp\/v2\/product_brand?post=48497"},{"taxonomy":"product_cat","embeddable":true,"href":"https:\/\/espak.ee\/epood\/wp-json\/wp\/v2\/product_cat?post=48497"},{"taxonomy":"product_tag","embeddable":true,"href":"https:\/\/espak.ee\/epood\/wp-json\/wp\/v2\/product_tag?post=48497"}],"curies":[{"name":"wp","href":"https:\/\/api.w.org\/{rel}","templated":true}]}}