{"id":48491,"date":"2020-11-06T07:21:42","date_gmt":"2020-11-06T05:21:42","guid":{"rendered":"https:\/\/espak.ee\/hinnakiri\/?post_type=product&#038;p=48491"},"modified":"2026-04-17T11:01:57","modified_gmt":"2026-04-17T08:01:57","slug":"koduaiamuru-valge-ristikuga-baltic-agro-5kg","status":"publish","type":"product","link":"https:\/\/espak.ee\/epood\/toode\/koduaiamuru-valge-ristikuga-baltic-agro-5kg\/","title":{"rendered":"KODUAIAMURU VALGE RISTIKUGA BALTIC AGRO 5KG"},"content":{"rendered":"<div class=\"row\"  id=\"row-605178298\">\n\n\t<div id=\"col-428601956\" class=\"col medium-9 small-12 large-9\"  >\n\t\t\t\t<div class=\"col-inner\"  >\n\t\t\t\n\t\t\t\n<p>Koduaiamuru valge ristikuga muru rajamiseks vajab v\u00e4he kastmist ja v\u00e4etamist ning on muru rajatamiseks eriti sobilik. Seemnesegu sisaldab valget ristikut, mis ise v\u00e4etab murukamarat, sidudes \u00f5hul\u00e4mmastikku. Sobib ideaalselt koduaedadesse, parkidesse ja m\u00e4nguv\u00e4ljakutele. Parim k\u00fclviaeg varakevadel, hilissuvel v\u00f5i varas\u00fcgisel. 5 kg<\/p>\n\t\t<\/div>\n\t\t\t\t\t<\/div>\n\n\t\n\n\t<div id=\"col-844322006\" class=\"col medium-3 small-12 large-3\"  >\n\t\t\t\t<div class=\"col-inner\"  >\n\t\t\t\n\t\t\t\n<p><strong>\u00dcksikasjalikuma n\u00f5u saamiseks v\u00f5tke \u00fchendust:<br \/><\/strong>Baltic Agro AS, Rukki tee 8, Lehmja k\u00fcla, Rae vald, Telefon +372 606 2260<\/p>\n\t\t<\/div>\n\t\t\t\t\t<\/div>\n\n\t\n<\/div>\n","protected":false},"excerpt":{"rendered":"","protected":false},"featured_media":61592,"comment_status":"closed","ping_status":"open","template":"","meta":[],"product_brand":[],"product_cat":[2789,2788,3471,3346],"product_tag":[],"class_list":{"0":"post-48491","1":"product","2":"type-product","3":"status-publish","4":"has-post-thumbnail","6":"product_cat-aiatarbed","7":"product_cat-aiatarbed-ja-kodukaubad","8":"product_cat-muruseemned","9":"product_cat-seemned-ja-sibulad","10":"pa_kaubamark-baltic-agro-as","12":"first","13":"instock","14":"sale","15":"taxable","16":"shipping-taxable","17":"purchasable","18":"product-type-simple"},"yoast_head":"<!-- This site is optimized with the Yoast SEO plugin v26.9 - https:\/\/yoast.com\/product\/yoast-seo-wordpress\/ -->\n<title>KODUAIAMURU VALGE RISTIKUGA BALTIC AGRO 5KG - Espak E-pood<\/title>\n<meta name=\"robots\" content=\"index, follow, max-snippet:-1, max-image-preview:large, max-video-preview:-1\" \/>\n<link rel=\"canonical\" href=\"https:\/\/espak.ee\/epood\/toode\/koduaiamuru-valge-ristikuga-baltic-agro-5kg\/\" \/>\n<meta property=\"og:locale\" content=\"et_EE\" \/>\n<meta property=\"og:type\" content=\"article\" \/>\n<meta property=\"og:title\" content=\"KODUAIAMURU VALGE RISTIKUGA BALTIC AGRO 5KG - Espak E-pood\" \/>\n<meta property=\"og:url\" content=\"https:\/\/espak.ee\/epood\/toode\/koduaiamuru-valge-ristikuga-baltic-agro-5kg\/\" \/>\n<meta property=\"og:site_name\" content=\"Espak E-pood\" \/>\n<meta property=\"article:modified_time\" content=\"2026-04-17T08:01:57+00:00\" \/>\n<meta property=\"og:image\" content=\"https:\/\/espak.ee\/epood\/wp-content\/uploads\/4742604000180.jpg\" \/>\n\t<meta property=\"og:image:width\" content=\"2000\" \/>\n\t<meta property=\"og:image:height\" content=\"2000\" \/>\n\t<meta property=\"og:image:type\" content=\"image\/jpeg\" \/>\n<meta name=\"twitter:card\" content=\"summary_large_image\" \/>\n<script type=\"application\/ld+json\" class=\"yoast-schema-graph\">{\"@context\":\"https:\/\/schema.org\",\"@graph\":[{\"@type\":\"WebPage\",\"@id\":\"https:\/\/espak.ee\/epood\/toode\/koduaiamuru-valge-ristikuga-baltic-agro-5kg\/\",\"url\":\"https:\/\/espak.ee\/epood\/toode\/koduaiamuru-valge-ristikuga-baltic-agro-5kg\/\",\"name\":\"KODUAIAMURU VALGE RISTIKUGA BALTIC AGRO 5KG - Espak E-pood\",\"isPartOf\":{\"@id\":\"https:\/\/espak.ee\/epood\/#website\"},\"primaryImageOfPage\":{\"@id\":\"https:\/\/espak.ee\/epood\/toode\/koduaiamuru-valge-ristikuga-baltic-agro-5kg\/#primaryimage\"},\"image\":{\"@id\":\"https:\/\/espak.ee\/epood\/toode\/koduaiamuru-valge-ristikuga-baltic-agro-5kg\/#primaryimage\"},\"thumbnailUrl\":\"https:\/\/espak.ee\/epood\/wp-content\/uploads\/4742604000180.jpg\",\"datePublished\":\"2020-11-06T05:21:42+00:00\",\"dateModified\":\"2026-04-17T08:01:57+00:00\",\"breadcrumb\":{\"@id\":\"https:\/\/espak.ee\/epood\/toode\/koduaiamuru-valge-ristikuga-baltic-agro-5kg\/#breadcrumb\"},\"inLanguage\":\"et\",\"potentialAction\":[{\"@type\":\"ReadAction\",\"target\":[\"https:\/\/espak.ee\/epood\/toode\/koduaiamuru-valge-ristikuga-baltic-agro-5kg\/\"]}]},{\"@type\":\"ImageObject\",\"inLanguage\":\"et\",\"@id\":\"https:\/\/espak.ee\/epood\/toode\/koduaiamuru-valge-ristikuga-baltic-agro-5kg\/#primaryimage\",\"url\":\"https:\/\/espak.ee\/epood\/wp-content\/uploads\/4742604000180.jpg\",\"contentUrl\":\"https:\/\/espak.ee\/epood\/wp-content\/uploads\/4742604000180.jpg\",\"width\":2000,\"height\":2000},{\"@type\":\"BreadcrumbList\",\"@id\":\"https:\/\/espak.ee\/epood\/toode\/koduaiamuru-valge-ristikuga-baltic-agro-5kg\/#breadcrumb\",\"itemListElement\":[{\"@type\":\"ListItem\",\"position\":1,\"name\":\"Home\",\"item\":\"https:\/\/espak.ee\/epood\/\"},{\"@type\":\"ListItem\",\"position\":2,\"name\":\"Tootevalik\",\"item\":\"https:\/\/espak.ee\/epood\/tootevalik\/\"},{\"@type\":\"ListItem\",\"position\":3,\"name\":\"KODUAIAMURU VALGE RISTIKUGA BALTIC AGRO 5KG\"}]},{\"@type\":\"WebSite\",\"@id\":\"https:\/\/espak.ee\/epood\/#website\",\"url\":\"https:\/\/espak.ee\/epood\/\",\"name\":\"Espak E-pood\",\"description\":\"\",\"potentialAction\":[{\"@type\":\"SearchAction\",\"target\":{\"@type\":\"EntryPoint\",\"urlTemplate\":\"https:\/\/espak.ee\/epood\/?s={search_term_string}\"},\"query-input\":{\"@type\":\"PropertyValueSpecification\",\"valueRequired\":true,\"valueName\":\"search_term_string\"}}],\"inLanguage\":\"et\"}]}<\/script>\n<!-- \/ Yoast SEO plugin. -->","yoast_head_json":{"title":"KODUAIAMURU VALGE RISTIKUGA BALTIC AGRO 5KG - Espak E-pood","robots":{"index":"index","follow":"follow","max-snippet":"max-snippet:-1","max-image-preview":"max-image-preview:large","max-video-preview":"max-video-preview:-1"},"canonical":"https:\/\/espak.ee\/epood\/toode\/koduaiamuru-valge-ristikuga-baltic-agro-5kg\/","og_locale":"et_EE","og_type":"article","og_title":"KODUAIAMURU VALGE RISTIKUGA BALTIC AGRO 5KG - Espak E-pood","og_url":"https:\/\/espak.ee\/epood\/toode\/koduaiamuru-valge-ristikuga-baltic-agro-5kg\/","og_site_name":"Espak E-pood","article_modified_time":"2026-04-17T08:01:57+00:00","og_image":[{"width":2000,"height":2000,"url":"https:\/\/espak.ee\/epood\/wp-content\/uploads\/4742604000180.jpg","type":"image\/jpeg"}],"twitter_card":"summary_large_image","schema":{"@context":"https:\/\/schema.org","@graph":[{"@type":"WebPage","@id":"https:\/\/espak.ee\/epood\/toode\/koduaiamuru-valge-ristikuga-baltic-agro-5kg\/","url":"https:\/\/espak.ee\/epood\/toode\/koduaiamuru-valge-ristikuga-baltic-agro-5kg\/","name":"KODUAIAMURU VALGE RISTIKUGA BALTIC AGRO 5KG - Espak E-pood","isPartOf":{"@id":"https:\/\/espak.ee\/epood\/#website"},"primaryImageOfPage":{"@id":"https:\/\/espak.ee\/epood\/toode\/koduaiamuru-valge-ristikuga-baltic-agro-5kg\/#primaryimage"},"image":{"@id":"https:\/\/espak.ee\/epood\/toode\/koduaiamuru-valge-ristikuga-baltic-agro-5kg\/#primaryimage"},"thumbnailUrl":"https:\/\/espak.ee\/epood\/wp-content\/uploads\/4742604000180.jpg","datePublished":"2020-11-06T05:21:42+00:00","dateModified":"2026-04-17T08:01:57+00:00","breadcrumb":{"@id":"https:\/\/espak.ee\/epood\/toode\/koduaiamuru-valge-ristikuga-baltic-agro-5kg\/#breadcrumb"},"inLanguage":"et","potentialAction":[{"@type":"ReadAction","target":["https:\/\/espak.ee\/epood\/toode\/koduaiamuru-valge-ristikuga-baltic-agro-5kg\/"]}]},{"@type":"ImageObject","inLanguage":"et","@id":"https:\/\/espak.ee\/epood\/toode\/koduaiamuru-valge-ristikuga-baltic-agro-5kg\/#primaryimage","url":"https:\/\/espak.ee\/epood\/wp-content\/uploads\/4742604000180.jpg","contentUrl":"https:\/\/espak.ee\/epood\/wp-content\/uploads\/4742604000180.jpg","width":2000,"height":2000},{"@type":"BreadcrumbList","@id":"https:\/\/espak.ee\/epood\/toode\/koduaiamuru-valge-ristikuga-baltic-agro-5kg\/#breadcrumb","itemListElement":[{"@type":"ListItem","position":1,"name":"Home","item":"https:\/\/espak.ee\/epood\/"},{"@type":"ListItem","position":2,"name":"Tootevalik","item":"https:\/\/espak.ee\/epood\/tootevalik\/"},{"@type":"ListItem","position":3,"name":"KODUAIAMURU VALGE RISTIKUGA BALTIC AGRO 5KG"}]},{"@type":"WebSite","@id":"https:\/\/espak.ee\/epood\/#website","url":"https:\/\/espak.ee\/epood\/","name":"Espak E-pood","description":"","potentialAction":[{"@type":"SearchAction","target":{"@type":"EntryPoint","urlTemplate":"https:\/\/espak.ee\/epood\/?s={search_term_string}"},"query-input":{"@type":"PropertyValueSpecification","valueRequired":true,"valueName":"search_term_string"}}],"inLanguage":"et"}]}},"_links":{"self":[{"href":"https:\/\/espak.ee\/epood\/wp-json\/wp\/v2\/product\/48491","targetHints":{"allow":["GET"]}}],"collection":[{"href":"https:\/\/espak.ee\/epood\/wp-json\/wp\/v2\/product"}],"about":[{"href":"https:\/\/espak.ee\/epood\/wp-json\/wp\/v2\/types\/product"}],"replies":[{"embeddable":true,"href":"https:\/\/espak.ee\/epood\/wp-json\/wp\/v2\/comments?post=48491"}],"wp:featuredmedia":[{"embeddable":true,"href":"https:\/\/espak.ee\/epood\/wp-json\/wp\/v2\/media\/61592"}],"wp:attachment":[{"href":"https:\/\/espak.ee\/epood\/wp-json\/wp\/v2\/media?parent=48491"}],"wp:term":[{"taxonomy":"product_brand","embeddable":true,"href":"https:\/\/espak.ee\/epood\/wp-json\/wp\/v2\/product_brand?post=48491"},{"taxonomy":"product_cat","embeddable":true,"href":"https:\/\/espak.ee\/epood\/wp-json\/wp\/v2\/product_cat?post=48491"},{"taxonomy":"product_tag","embeddable":true,"href":"https:\/\/espak.ee\/epood\/wp-json\/wp\/v2\/product_tag?post=48491"}],"curies":[{"name":"wp","href":"https:\/\/api.w.org\/{rel}","templated":true}]}}