{"id":48441,"date":"2020-11-06T07:21:08","date_gmt":"2020-11-06T05:21:08","guid":{"rendered":"https:\/\/espak.ee\/hinnakiri\/?post_type=product&#038;p=48441"},"modified":"2026-03-23T05:55:21","modified_gmt":"2026-03-23T03:55:21","slug":"linnuvork-8x10-m","status":"publish","type":"product","link":"https:\/\/espak.ee\/epood\/toode\/linnuvork-8x10-m\/","title":{"rendered":"LINNUV\u00d5RK BALTIC AGRO 8*10M"},"content":{"rendered":"<div class=\"row\"  id=\"row-1467228520\">\n\n\t<div id=\"col-594929299\" class=\"col medium-9 small-12 large-9\"  >\n\t\t\t\t<div class=\"col-inner\"  >\n\t\t\t\n\t\t\t\n<p>Linnuv\u00f5rku kasutatakse koduaias marja- ja puuviljasaagi kaitsmiseks lindude eest.<br \/>\nEt linnud ei p\u00e4\u00e4seks l\u00e4bi v\u00f5rgu pealtpoolt marju nokkima, asetada v\u00f5rgud marjap\u00f5\u00f5sastest\u2013puhmastest veidi k\u00f5rgemale, tokkidele v\u00f5i spetsiaalsele raamile. V\u00f5rkude alumine serv peaks j\u00e4\u00e4ma nii, et linnud ei p\u00e4\u00e4seks v\u00f5rgu alla. V\u00f5rke k\u00e4ia regulaarselt kontrollimas, kas m\u00f5ni lind pole sinna sisse j\u00e4\u00e4nud, et siis teda vajadusel lahti p\u00e4\u00e4sta. Ka v\u00f5ivad v\u00f5rkudesse takerduda pisemad loomad nagu siilid ja j\u00e4nesed.<br \/>\nPakend: 8&#215;10 m.<\/p>\n\t\t<\/div>\n\t\t\t\t\t<\/div>\n\n\t\n\n\t<div id=\"col-866587999\" class=\"col medium-3 small-12 large-3\"  >\n\t\t\t\t<div class=\"col-inner\"  >\n\t\t\t\n\t\t\t\n<p><strong>\u00dcksikasjalikuma n\u00f5u saamiseks v\u00f5tke \u00fchendust:<br \/><\/strong>Baltic Agro AS, Rukki tee 8, Lehmja k\u00fcla, Rae vald, Telefon +372 606 2260<\/p>\n\t\t<\/div>\n\t\t\t\t\t<\/div>\n\n\t\n<\/div>\n","protected":false},"excerpt":{"rendered":"","protected":false},"featured_media":61160,"comment_status":"closed","ping_status":"open","template":"","meta":[],"product_brand":[],"product_cat":[2789,2788,3343,3468],"product_tag":[],"class_list":{"0":"post-48441","1":"product","2":"type-product","3":"status-publish","4":"has-post-thumbnail","6":"product_cat-aiatarbed","7":"product_cat-aiatarbed-ja-kodukaubad","8":"product_cat-kiled-ja-kattekangad","9":"product_cat-putukavorgud","10":"pa_kaubamark-baltic-agro-as","12":"first","13":"instock","14":"sale","15":"taxable","16":"shipping-taxable","17":"purchasable","18":"product-type-simple"},"yoast_head":"<!-- This site is optimized with the Yoast SEO plugin v26.9 - https:\/\/yoast.com\/product\/yoast-seo-wordpress\/ -->\n<title>LINNUV\u00d5RK BALTIC AGRO 8*10M - Espak E-pood<\/title>\n<meta name=\"robots\" content=\"index, follow, max-snippet:-1, max-image-preview:large, max-video-preview:-1\" \/>\n<link rel=\"canonical\" href=\"https:\/\/espak.ee\/epood\/toode\/linnuvork-8x10-m\/\" \/>\n<meta property=\"og:locale\" content=\"et_EE\" \/>\n<meta property=\"og:type\" content=\"article\" \/>\n<meta property=\"og:title\" content=\"LINNUV\u00d5RK BALTIC AGRO 8*10M - Espak E-pood\" \/>\n<meta property=\"og:url\" content=\"https:\/\/espak.ee\/epood\/toode\/linnuvork-8x10-m\/\" \/>\n<meta property=\"og:site_name\" content=\"Espak E-pood\" \/>\n<meta property=\"article:modified_time\" content=\"2026-03-23T03:55:21+00:00\" \/>\n<meta property=\"og:image\" content=\"https:\/\/espak.ee\/epood\/wp-content\/uploads\/4744360010427-1.jpg\" \/>\n\t<meta property=\"og:image:width\" content=\"2000\" \/>\n\t<meta property=\"og:image:height\" content=\"2000\" \/>\n\t<meta property=\"og:image:type\" content=\"image\/jpeg\" \/>\n<meta name=\"twitter:card\" content=\"summary_large_image\" \/>\n<meta name=\"twitter:label1\" content=\"Est. reading time\" \/>\n\t<meta name=\"twitter:data1\" content=\"1 minut\" \/>\n<script type=\"application\/ld+json\" class=\"yoast-schema-graph\">{\"@context\":\"https:\/\/schema.org\",\"@graph\":[{\"@type\":\"WebPage\",\"@id\":\"https:\/\/espak.ee\/epood\/toode\/linnuvork-8x10-m\/\",\"url\":\"https:\/\/espak.ee\/epood\/toode\/linnuvork-8x10-m\/\",\"name\":\"LINNUV\u00d5RK BALTIC AGRO 8*10M - Espak E-pood\",\"isPartOf\":{\"@id\":\"https:\/\/espak.ee\/epood\/#website\"},\"primaryImageOfPage\":{\"@id\":\"https:\/\/espak.ee\/epood\/toode\/linnuvork-8x10-m\/#primaryimage\"},\"image\":{\"@id\":\"https:\/\/espak.ee\/epood\/toode\/linnuvork-8x10-m\/#primaryimage\"},\"thumbnailUrl\":\"https:\/\/espak.ee\/epood\/wp-content\/uploads\/4744360010427-1.jpg\",\"datePublished\":\"2020-11-06T05:21:08+00:00\",\"dateModified\":\"2026-03-23T03:55:21+00:00\",\"breadcrumb\":{\"@id\":\"https:\/\/espak.ee\/epood\/toode\/linnuvork-8x10-m\/#breadcrumb\"},\"inLanguage\":\"et\",\"potentialAction\":[{\"@type\":\"ReadAction\",\"target\":[\"https:\/\/espak.ee\/epood\/toode\/linnuvork-8x10-m\/\"]}]},{\"@type\":\"ImageObject\",\"inLanguage\":\"et\",\"@id\":\"https:\/\/espak.ee\/epood\/toode\/linnuvork-8x10-m\/#primaryimage\",\"url\":\"https:\/\/espak.ee\/epood\/wp-content\/uploads\/4744360010427-1.jpg\",\"contentUrl\":\"https:\/\/espak.ee\/epood\/wp-content\/uploads\/4744360010427-1.jpg\",\"width\":2000,\"height\":2000},{\"@type\":\"BreadcrumbList\",\"@id\":\"https:\/\/espak.ee\/epood\/toode\/linnuvork-8x10-m\/#breadcrumb\",\"itemListElement\":[{\"@type\":\"ListItem\",\"position\":1,\"name\":\"Home\",\"item\":\"https:\/\/espak.ee\/epood\/\"},{\"@type\":\"ListItem\",\"position\":2,\"name\":\"Tootevalik\",\"item\":\"https:\/\/espak.ee\/epood\/tootevalik\/\"},{\"@type\":\"ListItem\",\"position\":3,\"name\":\"LINNUV\u00d5RK BALTIC AGRO 8*10M\"}]},{\"@type\":\"WebSite\",\"@id\":\"https:\/\/espak.ee\/epood\/#website\",\"url\":\"https:\/\/espak.ee\/epood\/\",\"name\":\"Espak E-pood\",\"description\":\"\",\"potentialAction\":[{\"@type\":\"SearchAction\",\"target\":{\"@type\":\"EntryPoint\",\"urlTemplate\":\"https:\/\/espak.ee\/epood\/?s={search_term_string}\"},\"query-input\":{\"@type\":\"PropertyValueSpecification\",\"valueRequired\":true,\"valueName\":\"search_term_string\"}}],\"inLanguage\":\"et\"}]}<\/script>\n<!-- \/ Yoast SEO plugin. -->","yoast_head_json":{"title":"LINNUV\u00d5RK BALTIC AGRO 8*10M - Espak E-pood","robots":{"index":"index","follow":"follow","max-snippet":"max-snippet:-1","max-image-preview":"max-image-preview:large","max-video-preview":"max-video-preview:-1"},"canonical":"https:\/\/espak.ee\/epood\/toode\/linnuvork-8x10-m\/","og_locale":"et_EE","og_type":"article","og_title":"LINNUV\u00d5RK BALTIC AGRO 8*10M - Espak E-pood","og_url":"https:\/\/espak.ee\/epood\/toode\/linnuvork-8x10-m\/","og_site_name":"Espak E-pood","article_modified_time":"2026-03-23T03:55:21+00:00","og_image":[{"width":2000,"height":2000,"url":"https:\/\/espak.ee\/epood\/wp-content\/uploads\/4744360010427-1.jpg","type":"image\/jpeg"}],"twitter_card":"summary_large_image","twitter_misc":{"Est. reading time":"1 minut"},"schema":{"@context":"https:\/\/schema.org","@graph":[{"@type":"WebPage","@id":"https:\/\/espak.ee\/epood\/toode\/linnuvork-8x10-m\/","url":"https:\/\/espak.ee\/epood\/toode\/linnuvork-8x10-m\/","name":"LINNUV\u00d5RK BALTIC AGRO 8*10M - Espak E-pood","isPartOf":{"@id":"https:\/\/espak.ee\/epood\/#website"},"primaryImageOfPage":{"@id":"https:\/\/espak.ee\/epood\/toode\/linnuvork-8x10-m\/#primaryimage"},"image":{"@id":"https:\/\/espak.ee\/epood\/toode\/linnuvork-8x10-m\/#primaryimage"},"thumbnailUrl":"https:\/\/espak.ee\/epood\/wp-content\/uploads\/4744360010427-1.jpg","datePublished":"2020-11-06T05:21:08+00:00","dateModified":"2026-03-23T03:55:21+00:00","breadcrumb":{"@id":"https:\/\/espak.ee\/epood\/toode\/linnuvork-8x10-m\/#breadcrumb"},"inLanguage":"et","potentialAction":[{"@type":"ReadAction","target":["https:\/\/espak.ee\/epood\/toode\/linnuvork-8x10-m\/"]}]},{"@type":"ImageObject","inLanguage":"et","@id":"https:\/\/espak.ee\/epood\/toode\/linnuvork-8x10-m\/#primaryimage","url":"https:\/\/espak.ee\/epood\/wp-content\/uploads\/4744360010427-1.jpg","contentUrl":"https:\/\/espak.ee\/epood\/wp-content\/uploads\/4744360010427-1.jpg","width":2000,"height":2000},{"@type":"BreadcrumbList","@id":"https:\/\/espak.ee\/epood\/toode\/linnuvork-8x10-m\/#breadcrumb","itemListElement":[{"@type":"ListItem","position":1,"name":"Home","item":"https:\/\/espak.ee\/epood\/"},{"@type":"ListItem","position":2,"name":"Tootevalik","item":"https:\/\/espak.ee\/epood\/tootevalik\/"},{"@type":"ListItem","position":3,"name":"LINNUV\u00d5RK BALTIC AGRO 8*10M"}]},{"@type":"WebSite","@id":"https:\/\/espak.ee\/epood\/#website","url":"https:\/\/espak.ee\/epood\/","name":"Espak E-pood","description":"","potentialAction":[{"@type":"SearchAction","target":{"@type":"EntryPoint","urlTemplate":"https:\/\/espak.ee\/epood\/?s={search_term_string}"},"query-input":{"@type":"PropertyValueSpecification","valueRequired":true,"valueName":"search_term_string"}}],"inLanguage":"et"}]}},"_links":{"self":[{"href":"https:\/\/espak.ee\/epood\/wp-json\/wp\/v2\/product\/48441","targetHints":{"allow":["GET"]}}],"collection":[{"href":"https:\/\/espak.ee\/epood\/wp-json\/wp\/v2\/product"}],"about":[{"href":"https:\/\/espak.ee\/epood\/wp-json\/wp\/v2\/types\/product"}],"replies":[{"embeddable":true,"href":"https:\/\/espak.ee\/epood\/wp-json\/wp\/v2\/comments?post=48441"}],"wp:featuredmedia":[{"embeddable":true,"href":"https:\/\/espak.ee\/epood\/wp-json\/wp\/v2\/media\/61160"}],"wp:attachment":[{"href":"https:\/\/espak.ee\/epood\/wp-json\/wp\/v2\/media?parent=48441"}],"wp:term":[{"taxonomy":"product_brand","embeddable":true,"href":"https:\/\/espak.ee\/epood\/wp-json\/wp\/v2\/product_brand?post=48441"},{"taxonomy":"product_cat","embeddable":true,"href":"https:\/\/espak.ee\/epood\/wp-json\/wp\/v2\/product_cat?post=48441"},{"taxonomy":"product_tag","embeddable":true,"href":"https:\/\/espak.ee\/epood\/wp-json\/wp\/v2\/product_tag?post=48441"}],"curies":[{"name":"wp","href":"https:\/\/api.w.org\/{rel}","templated":true}]}}