{"id":48362,"date":"2020-11-06T06:16:08","date_gmt":"2020-11-06T04:16:08","guid":{"rendered":"https:\/\/espak.ee\/hinnakiri\/?post_type=product&#038;p=48362"},"modified":"2024-03-23T14:48:51","modified_gmt":"2024-03-23T12:48:51","slug":"rauaeraldusfilter-kemikaalivaba-airfilox-30","status":"publish","type":"product","link":"https:\/\/espak.ee\/epood\/toode\/rauaeraldusfilter-kemikaalivaba-airfilox-30\/","title":{"rendered":"RAUAERALDUSFILTER KEMIKAALIVABA AIRFILOX 30"},"content":{"rendered":"<div class=\"row\"  id=\"row-331630946\">\n\n\t<div id=\"col-264613096\" class=\"col medium-9 small-12 large-9\"  >\n\t\t\t\t<div class=\"col-inner\"  >\n\t\t\t\n\t\t\t\n<h2>Kemikaalivaba rauaeraldusfilter AirFilox<\/h2>\n<p>Punakaspruun sade kahhelplaatidel ja pesemisel kollakaks muutunud valge pesu viitavad vee liigsele rauasisaldusele. Selliste probleemidega puutuvad kokku eelk\u00f5ige need veetarbijad, kes kasutavad veeallikana puurkaevu.<\/p>\n<p>Filter v\u00e4hendab vees raua ja mangaani sisaldust ning eemaldab veest ebameeldiva l\u00f5hna (m\u00e4damuna). Paranevad ka vee v\u00e4rvus ja maitse.<\/p>\n<p>Filtri t\u00f6\u00f6d juhib uusim innovaatiline kontroller. Filtri t\u00e4idiseks on Filox\u00ae. T\u00e4idise l\u00e4bipesu, ehk regenereerimine toimub vee ja \u00f5huga, ilma lisakemikaale kasutamata.<\/p>\n<p>Filter on soovitatav paigaldada hoone veesisendi vahetusse l\u00e4hedusse tasasele pinnale. Asukoha valikul peab arvestama (ruumi)vajadusega hilisemateks teenindus- ja hooldust\u00f6\u00f6deks.<\/p>\n<p>Filtri vahetus l\u00e4heduses peab olema kanalisatsioon ja ~230V pistikupesa. \u00c4rge paigaldage filtrit ruumi, kus temperatuur v\u00f5ib langeda alla 5\u00baC v\u00f5i t\u00f5usta \u00fcle 35\u00baC.<\/p>\n\t<div id=\"gap-1200868953\" class=\"gap-element clearfix\" style=\"display:block; height:auto;\">\n\t\t\n<style>\n#gap-1200868953 {\n  padding-top: 30px;\n}\n<\/style>\n\t<\/div>\n\t\n\t\t<\/div>\n\t\t\t\t\t<\/div>\n\n\t\n\n\t<div id=\"col-853625956\" class=\"col medium-3 small-12 large-3\"  >\n\t\t\t\t<div class=\"col-inner\"  >\n\t\t\t\n\t\t\t\n\t<div id=\"gap-1014045526\" class=\"gap-element clearfix\" style=\"display:block; height:auto;\">\n\t\t\n<style>\n#gap-1014045526 {\n  padding-top: 30px;\n}\n<\/style>\n\t<\/div>\n\t\n<div class=\"is-divider divider clearfix\" ><\/div>\n<p><strong>\u00dcksikasjalikuma n\u00f5u saamiseks v\u00f5tke \u00fchendust:<br \/><\/strong>AP&#038;P GRUPI AS<br \/>M\u00e4ealuse 10<br \/>12618<br \/>Tallinn<br \/>+372 6813 590<\/p>\n<div class=\"is-divider divider clearfix\" ><\/div>\n\t\t<\/div>\n\t\t\t\t\t<\/div>\n\n\t\n<\/div>\n","protected":false},"excerpt":{"rendered":"","protected":false},"featured_media":168484,"comment_status":"closed","ping_status":"closed","template":"","meta":[],"product_brand":[],"product_cat":[2819,2820,3249,3248],"product_tag":[],"class_list":{"0":"post-48362","1":"product","2":"type-product","3":"status-publish","4":"has-post-thumbnail","6":"product_cat-sanitaartehnika","7":"product_cat-sanitaartehnika-sanitaartehnika","8":"product_cat-veefiltrid","9":"product_cat-veevarustus","10":"pa_kaubamark-app-grupi-as","12":"first","13":"outofstock","14":"sale","15":"taxable","16":"shipping-taxable","17":"purchasable","18":"product-type-simple"},"yoast_head":"<!-- This site is optimized with the Yoast SEO plugin v26.9 - https:\/\/yoast.com\/product\/yoast-seo-wordpress\/ -->\n<title>RAUAERALDUSFILTER KEMIKAALIVABA AIRFILOX 30 - Espak E-pood<\/title>\n<meta name=\"robots\" content=\"index, follow, max-snippet:-1, max-image-preview:large, max-video-preview:-1\" \/>\n<link rel=\"canonical\" href=\"https:\/\/espak.ee\/epood\/toode\/rauaeraldusfilter-kemikaalivaba-airfilox-30\/\" \/>\n<meta property=\"og:locale\" content=\"et_EE\" \/>\n<meta property=\"og:type\" content=\"article\" \/>\n<meta property=\"og:title\" content=\"RAUAERALDUSFILTER KEMIKAALIVABA AIRFILOX 30 - Espak E-pood\" \/>\n<meta property=\"og:url\" content=\"https:\/\/espak.ee\/epood\/toode\/rauaeraldusfilter-kemikaalivaba-airfilox-30\/\" \/>\n<meta property=\"og:site_name\" content=\"Espak E-pood\" \/>\n<meta property=\"article:modified_time\" content=\"2024-03-23T12:48:51+00:00\" \/>\n<meta property=\"og:image\" content=\"https:\/\/espak.ee\/epood\/wp-content\/uploads\/2020\/11\/AirBirm-2.jpg\" \/>\n\t<meta property=\"og:image:width\" content=\"800\" \/>\n\t<meta property=\"og:image:height\" content=\"800\" \/>\n\t<meta property=\"og:image:type\" content=\"image\/jpeg\" \/>\n<meta name=\"twitter:card\" content=\"summary_large_image\" \/>\n<meta name=\"twitter:label1\" content=\"Est. reading time\" \/>\n\t<meta name=\"twitter:data1\" content=\"1 minut\" \/>\n<script type=\"application\/ld+json\" class=\"yoast-schema-graph\">{\"@context\":\"https:\/\/schema.org\",\"@graph\":[{\"@type\":\"WebPage\",\"@id\":\"https:\/\/espak.ee\/epood\/toode\/rauaeraldusfilter-kemikaalivaba-airfilox-30\/\",\"url\":\"https:\/\/espak.ee\/epood\/toode\/rauaeraldusfilter-kemikaalivaba-airfilox-30\/\",\"name\":\"RAUAERALDUSFILTER KEMIKAALIVABA AIRFILOX 30 - Espak E-pood\",\"isPartOf\":{\"@id\":\"https:\/\/espak.ee\/epood\/#website\"},\"primaryImageOfPage\":{\"@id\":\"https:\/\/espak.ee\/epood\/toode\/rauaeraldusfilter-kemikaalivaba-airfilox-30\/#primaryimage\"},\"image\":{\"@id\":\"https:\/\/espak.ee\/epood\/toode\/rauaeraldusfilter-kemikaalivaba-airfilox-30\/#primaryimage\"},\"thumbnailUrl\":\"https:\/\/espak.ee\/epood\/wp-content\/uploads\/2020\/11\/AirBirm-2.jpg\",\"datePublished\":\"2020-11-06T04:16:08+00:00\",\"dateModified\":\"2024-03-23T12:48:51+00:00\",\"breadcrumb\":{\"@id\":\"https:\/\/espak.ee\/epood\/toode\/rauaeraldusfilter-kemikaalivaba-airfilox-30\/#breadcrumb\"},\"inLanguage\":\"et\",\"potentialAction\":[{\"@type\":\"ReadAction\",\"target\":[\"https:\/\/espak.ee\/epood\/toode\/rauaeraldusfilter-kemikaalivaba-airfilox-30\/\"]}]},{\"@type\":\"ImageObject\",\"inLanguage\":\"et\",\"@id\":\"https:\/\/espak.ee\/epood\/toode\/rauaeraldusfilter-kemikaalivaba-airfilox-30\/#primaryimage\",\"url\":\"https:\/\/espak.ee\/epood\/wp-content\/uploads\/2020\/11\/AirBirm-2.jpg\",\"contentUrl\":\"https:\/\/espak.ee\/epood\/wp-content\/uploads\/2020\/11\/AirBirm-2.jpg\",\"width\":800,\"height\":800},{\"@type\":\"BreadcrumbList\",\"@id\":\"https:\/\/espak.ee\/epood\/toode\/rauaeraldusfilter-kemikaalivaba-airfilox-30\/#breadcrumb\",\"itemListElement\":[{\"@type\":\"ListItem\",\"position\":1,\"name\":\"Home\",\"item\":\"https:\/\/espak.ee\/epood\/\"},{\"@type\":\"ListItem\",\"position\":2,\"name\":\"Tootevalik\",\"item\":\"https:\/\/espak.ee\/epood\/tootevalik\/\"},{\"@type\":\"ListItem\",\"position\":3,\"name\":\"RAUAERALDUSFILTER KEMIKAALIVABA AIRFILOX 30\"}]},{\"@type\":\"WebSite\",\"@id\":\"https:\/\/espak.ee\/epood\/#website\",\"url\":\"https:\/\/espak.ee\/epood\/\",\"name\":\"Espak E-pood\",\"description\":\"\",\"potentialAction\":[{\"@type\":\"SearchAction\",\"target\":{\"@type\":\"EntryPoint\",\"urlTemplate\":\"https:\/\/espak.ee\/epood\/?s={search_term_string}\"},\"query-input\":{\"@type\":\"PropertyValueSpecification\",\"valueRequired\":true,\"valueName\":\"search_term_string\"}}],\"inLanguage\":\"et\"}]}<\/script>\n<!-- \/ Yoast SEO plugin. -->","yoast_head_json":{"title":"RAUAERALDUSFILTER KEMIKAALIVABA AIRFILOX 30 - Espak E-pood","robots":{"index":"index","follow":"follow","max-snippet":"max-snippet:-1","max-image-preview":"max-image-preview:large","max-video-preview":"max-video-preview:-1"},"canonical":"https:\/\/espak.ee\/epood\/toode\/rauaeraldusfilter-kemikaalivaba-airfilox-30\/","og_locale":"et_EE","og_type":"article","og_title":"RAUAERALDUSFILTER KEMIKAALIVABA AIRFILOX 30 - Espak E-pood","og_url":"https:\/\/espak.ee\/epood\/toode\/rauaeraldusfilter-kemikaalivaba-airfilox-30\/","og_site_name":"Espak E-pood","article_modified_time":"2024-03-23T12:48:51+00:00","og_image":[{"width":800,"height":800,"url":"https:\/\/espak.ee\/epood\/wp-content\/uploads\/2020\/11\/AirBirm-2.jpg","type":"image\/jpeg"}],"twitter_card":"summary_large_image","twitter_misc":{"Est. reading time":"1 minut"},"schema":{"@context":"https:\/\/schema.org","@graph":[{"@type":"WebPage","@id":"https:\/\/espak.ee\/epood\/toode\/rauaeraldusfilter-kemikaalivaba-airfilox-30\/","url":"https:\/\/espak.ee\/epood\/toode\/rauaeraldusfilter-kemikaalivaba-airfilox-30\/","name":"RAUAERALDUSFILTER KEMIKAALIVABA AIRFILOX 30 - Espak E-pood","isPartOf":{"@id":"https:\/\/espak.ee\/epood\/#website"},"primaryImageOfPage":{"@id":"https:\/\/espak.ee\/epood\/toode\/rauaeraldusfilter-kemikaalivaba-airfilox-30\/#primaryimage"},"image":{"@id":"https:\/\/espak.ee\/epood\/toode\/rauaeraldusfilter-kemikaalivaba-airfilox-30\/#primaryimage"},"thumbnailUrl":"https:\/\/espak.ee\/epood\/wp-content\/uploads\/2020\/11\/AirBirm-2.jpg","datePublished":"2020-11-06T04:16:08+00:00","dateModified":"2024-03-23T12:48:51+00:00","breadcrumb":{"@id":"https:\/\/espak.ee\/epood\/toode\/rauaeraldusfilter-kemikaalivaba-airfilox-30\/#breadcrumb"},"inLanguage":"et","potentialAction":[{"@type":"ReadAction","target":["https:\/\/espak.ee\/epood\/toode\/rauaeraldusfilter-kemikaalivaba-airfilox-30\/"]}]},{"@type":"ImageObject","inLanguage":"et","@id":"https:\/\/espak.ee\/epood\/toode\/rauaeraldusfilter-kemikaalivaba-airfilox-30\/#primaryimage","url":"https:\/\/espak.ee\/epood\/wp-content\/uploads\/2020\/11\/AirBirm-2.jpg","contentUrl":"https:\/\/espak.ee\/epood\/wp-content\/uploads\/2020\/11\/AirBirm-2.jpg","width":800,"height":800},{"@type":"BreadcrumbList","@id":"https:\/\/espak.ee\/epood\/toode\/rauaeraldusfilter-kemikaalivaba-airfilox-30\/#breadcrumb","itemListElement":[{"@type":"ListItem","position":1,"name":"Home","item":"https:\/\/espak.ee\/epood\/"},{"@type":"ListItem","position":2,"name":"Tootevalik","item":"https:\/\/espak.ee\/epood\/tootevalik\/"},{"@type":"ListItem","position":3,"name":"RAUAERALDUSFILTER KEMIKAALIVABA AIRFILOX 30"}]},{"@type":"WebSite","@id":"https:\/\/espak.ee\/epood\/#website","url":"https:\/\/espak.ee\/epood\/","name":"Espak E-pood","description":"","potentialAction":[{"@type":"SearchAction","target":{"@type":"EntryPoint","urlTemplate":"https:\/\/espak.ee\/epood\/?s={search_term_string}"},"query-input":{"@type":"PropertyValueSpecification","valueRequired":true,"valueName":"search_term_string"}}],"inLanguage":"et"}]}},"_links":{"self":[{"href":"https:\/\/espak.ee\/epood\/wp-json\/wp\/v2\/product\/48362","targetHints":{"allow":["GET"]}}],"collection":[{"href":"https:\/\/espak.ee\/epood\/wp-json\/wp\/v2\/product"}],"about":[{"href":"https:\/\/espak.ee\/epood\/wp-json\/wp\/v2\/types\/product"}],"replies":[{"embeddable":true,"href":"https:\/\/espak.ee\/epood\/wp-json\/wp\/v2\/comments?post=48362"}],"wp:featuredmedia":[{"embeddable":true,"href":"https:\/\/espak.ee\/epood\/wp-json\/wp\/v2\/media\/168484"}],"wp:attachment":[{"href":"https:\/\/espak.ee\/epood\/wp-json\/wp\/v2\/media?parent=48362"}],"wp:term":[{"taxonomy":"product_brand","embeddable":true,"href":"https:\/\/espak.ee\/epood\/wp-json\/wp\/v2\/product_brand?post=48362"},{"taxonomy":"product_cat","embeddable":true,"href":"https:\/\/espak.ee\/epood\/wp-json\/wp\/v2\/product_cat?post=48362"},{"taxonomy":"product_tag","embeddable":true,"href":"https:\/\/espak.ee\/epood\/wp-json\/wp\/v2\/product_tag?post=48362"}],"curies":[{"name":"wp","href":"https:\/\/api.w.org\/{rel}","templated":true}]}}