{"id":48337,"date":"2020-11-06T05:58:30","date_gmt":"2020-11-06T03:58:30","guid":{"rendered":"https:\/\/espak.ee\/hinnakiri\/?post_type=product&#038;p=48337"},"modified":"2024-03-23T14:49:43","modified_gmt":"2024-03-23T12:49:43","slug":"vihmaulikond-coverguard-5pls-roheline-l","status":"publish","type":"product","link":"https:\/\/espak.ee\/epood\/toode\/vihmaulikond-coverguard-5pls-roheline-l\/","title":{"rendered":"VIHMA\u00dcLIKOND COVERGUARD 5PLS ROHELINE L"},"content":{"rendered":"<div class=\"row\"  id=\"row-1583350388\">\n\n\t<div id=\"col-1932491680\" class=\"col medium-9 small-12 large-9\"  >\n\t\t\t\t<div class=\"col-inner\"  >\n\t\t\t\n\t\t\t\n<h2>COVERGUARD 5PLS vihma\u00fclikond roheline L<\/h2>\n<p>COVERGUARD 5PLS vihma\u00fclikond kaitseb sind tuule ja vihma eest. Veekindlust suurendavad teibitud \u00f5mblused nii jakil kui ka p\u00fckstel. Pol\u00fcestrist v\u00e4ge kerge vihma\u00fclikond on PVC kattega.<br \/>\n Vihmajopel on kraes peidetud kapuuts, millel on reguleeritavad paelad. Ventileeritud seljaosa ja k\u00fcljed hingavuse suurendamiseks, ees t\u00f5mblukk ning kaks mahukat klapiga taskut.<br \/>\n P\u00fckstel annab liikumismugavust elastse kummiga v\u00e4rvel.<br \/>\n Valikus on kolm erinevat tooni: kollane, roheline ja sinine.<\/p>\n<p>&#8211; 100% pol\u00fcester PVC kattega, 200 g\/m2<br \/>\n&#8211; Veekindlad teibitud \u00f5mblused<br \/>\n&#8211; Kummiga v\u00e4rvel<br \/>\n&#8211; Peidetav kapuuts<\/p>\n\t<div id=\"gap-1104421133\" class=\"gap-element clearfix\" style=\"display:block; height:auto;\">\n\t\t\n<style>\n#gap-1104421133 {\n  padding-top: 30px;\n}\n<\/style>\n\t<\/div>\n\t\n\t\t<\/div>\n\t\t\t\t\t<\/div>\n\n\t\n\n\t<div id=\"col-1583300023\" class=\"col medium-3 small-12 large-3\"  >\n\t\t\t\t<div class=\"col-inner\"  >\n\t\t\t\n\t\t\t\n\t<div id=\"gap-795442866\" class=\"gap-element clearfix\" style=\"display:block; height:auto;\">\n\t\t\n<style>\n#gap-795442866 {\n  padding-top: 30px;\n}\n<\/style>\n\t<\/div>\n\t\n<div class=\"is-divider divider clearfix\" ><\/div>\n<p><strong>\u00dcksikasjalikuma n\u00f5u saamiseks v\u00f5tke \u00fchendust:<br \/><\/strong>Becky AS<br \/>Laki 30A \/ Kadaka tee 129<br \/>12915<br \/>Tallinn<br \/>+372 670 6880<\/p>\n<div class=\"is-divider divider clearfix\" ><\/div>\n\t\t<\/div>\n\t\t\t\t\t<\/div>\n\n\t\n<\/div>\n","protected":false},"excerpt":{"rendered":"","protected":false},"featured_media":118507,"comment_status":"closed","ping_status":"closed","template":"","meta":[],"product_brand":[],"product_cat":[2788,2972,3023,3024],"product_tag":[],"class_list":{"0":"post-48337","1":"product","2":"type-product","3":"status-publish","4":"has-post-thumbnail","6":"product_cat-aiatarbed-ja-kodukaubad","7":"product_cat-tookaitsevahendid","8":"product_cat-tooroivad","9":"product_cat-vihmariided","10":"pa_kaubamark-becky-as","12":"first","13":"instock","14":"sale","15":"taxable","16":"shipping-taxable","17":"purchasable","18":"product-type-simple"},"yoast_head":"<!-- This site is optimized with the Yoast SEO plugin v26.9 - https:\/\/yoast.com\/product\/yoast-seo-wordpress\/ -->\n<title>VIHMA\u00dcLIKOND COVERGUARD 5PLS ROHELINE L - Espak E-pood<\/title>\n<meta name=\"robots\" content=\"index, follow, max-snippet:-1, max-image-preview:large, max-video-preview:-1\" \/>\n<link rel=\"canonical\" href=\"https:\/\/espak.ee\/epood\/toode\/vihmaulikond-coverguard-5pls-roheline-l\/\" \/>\n<meta property=\"og:locale\" content=\"et_EE\" \/>\n<meta property=\"og:type\" content=\"article\" \/>\n<meta property=\"og:title\" content=\"VIHMA\u00dcLIKOND COVERGUARD 5PLS ROHELINE L - Espak E-pood\" \/>\n<meta property=\"og:url\" content=\"https:\/\/espak.ee\/epood\/toode\/vihmaulikond-coverguard-5pls-roheline-l\/\" \/>\n<meta property=\"og:site_name\" content=\"Espak E-pood\" \/>\n<meta property=\"article:modified_time\" content=\"2024-03-23T12:49:43+00:00\" \/>\n<meta property=\"og:image\" content=\"https:\/\/espak.ee\/epood\/wp-content\/uploads\/2020\/11\/5PLS120-Vihmaulikond-PE-PVC-roheline_1.jpg\" \/>\n\t<meta property=\"og:image:width\" content=\"1500\" \/>\n\t<meta property=\"og:image:height\" content=\"1500\" \/>\n\t<meta property=\"og:image:type\" content=\"image\/jpeg\" \/>\n<meta name=\"twitter:card\" content=\"summary_large_image\" \/>\n<meta name=\"twitter:label1\" content=\"Est. reading time\" \/>\n\t<meta name=\"twitter:data1\" content=\"1 minut\" \/>\n<script type=\"application\/ld+json\" class=\"yoast-schema-graph\">{\"@context\":\"https:\/\/schema.org\",\"@graph\":[{\"@type\":\"WebPage\",\"@id\":\"https:\/\/espak.ee\/epood\/toode\/vihmaulikond-coverguard-5pls-roheline-l\/\",\"url\":\"https:\/\/espak.ee\/epood\/toode\/vihmaulikond-coverguard-5pls-roheline-l\/\",\"name\":\"VIHMA\u00dcLIKOND COVERGUARD 5PLS ROHELINE L - Espak E-pood\",\"isPartOf\":{\"@id\":\"https:\/\/espak.ee\/epood\/#website\"},\"primaryImageOfPage\":{\"@id\":\"https:\/\/espak.ee\/epood\/toode\/vihmaulikond-coverguard-5pls-roheline-l\/#primaryimage\"},\"image\":{\"@id\":\"https:\/\/espak.ee\/epood\/toode\/vihmaulikond-coverguard-5pls-roheline-l\/#primaryimage\"},\"thumbnailUrl\":\"https:\/\/espak.ee\/epood\/wp-content\/uploads\/2020\/11\/5PLS120-Vihmaulikond-PE-PVC-roheline_1.jpg\",\"datePublished\":\"2020-11-06T03:58:30+00:00\",\"dateModified\":\"2024-03-23T12:49:43+00:00\",\"breadcrumb\":{\"@id\":\"https:\/\/espak.ee\/epood\/toode\/vihmaulikond-coverguard-5pls-roheline-l\/#breadcrumb\"},\"inLanguage\":\"et\",\"potentialAction\":[{\"@type\":\"ReadAction\",\"target\":[\"https:\/\/espak.ee\/epood\/toode\/vihmaulikond-coverguard-5pls-roheline-l\/\"]}]},{\"@type\":\"ImageObject\",\"inLanguage\":\"et\",\"@id\":\"https:\/\/espak.ee\/epood\/toode\/vihmaulikond-coverguard-5pls-roheline-l\/#primaryimage\",\"url\":\"https:\/\/espak.ee\/epood\/wp-content\/uploads\/2020\/11\/5PLS120-Vihmaulikond-PE-PVC-roheline_1.jpg\",\"contentUrl\":\"https:\/\/espak.ee\/epood\/wp-content\/uploads\/2020\/11\/5PLS120-Vihmaulikond-PE-PVC-roheline_1.jpg\",\"width\":1500,\"height\":1500},{\"@type\":\"BreadcrumbList\",\"@id\":\"https:\/\/espak.ee\/epood\/toode\/vihmaulikond-coverguard-5pls-roheline-l\/#breadcrumb\",\"itemListElement\":[{\"@type\":\"ListItem\",\"position\":1,\"name\":\"Home\",\"item\":\"https:\/\/espak.ee\/epood\/\"},{\"@type\":\"ListItem\",\"position\":2,\"name\":\"Tootevalik\",\"item\":\"https:\/\/espak.ee\/epood\/tootevalik\/\"},{\"@type\":\"ListItem\",\"position\":3,\"name\":\"VIHMA\u00dcLIKOND COVERGUARD 5PLS ROHELINE L\"}]},{\"@type\":\"WebSite\",\"@id\":\"https:\/\/espak.ee\/epood\/#website\",\"url\":\"https:\/\/espak.ee\/epood\/\",\"name\":\"Espak E-pood\",\"description\":\"\",\"potentialAction\":[{\"@type\":\"SearchAction\",\"target\":{\"@type\":\"EntryPoint\",\"urlTemplate\":\"https:\/\/espak.ee\/epood\/?s={search_term_string}\"},\"query-input\":{\"@type\":\"PropertyValueSpecification\",\"valueRequired\":true,\"valueName\":\"search_term_string\"}}],\"inLanguage\":\"et\"}]}<\/script>\n<!-- \/ Yoast SEO plugin. -->","yoast_head_json":{"title":"VIHMA\u00dcLIKOND COVERGUARD 5PLS ROHELINE L - Espak E-pood","robots":{"index":"index","follow":"follow","max-snippet":"max-snippet:-1","max-image-preview":"max-image-preview:large","max-video-preview":"max-video-preview:-1"},"canonical":"https:\/\/espak.ee\/epood\/toode\/vihmaulikond-coverguard-5pls-roheline-l\/","og_locale":"et_EE","og_type":"article","og_title":"VIHMA\u00dcLIKOND COVERGUARD 5PLS ROHELINE L - Espak E-pood","og_url":"https:\/\/espak.ee\/epood\/toode\/vihmaulikond-coverguard-5pls-roheline-l\/","og_site_name":"Espak E-pood","article_modified_time":"2024-03-23T12:49:43+00:00","og_image":[{"width":1500,"height":1500,"url":"https:\/\/espak.ee\/epood\/wp-content\/uploads\/2020\/11\/5PLS120-Vihmaulikond-PE-PVC-roheline_1.jpg","type":"image\/jpeg"}],"twitter_card":"summary_large_image","twitter_misc":{"Est. reading time":"1 minut"},"schema":{"@context":"https:\/\/schema.org","@graph":[{"@type":"WebPage","@id":"https:\/\/espak.ee\/epood\/toode\/vihmaulikond-coverguard-5pls-roheline-l\/","url":"https:\/\/espak.ee\/epood\/toode\/vihmaulikond-coverguard-5pls-roheline-l\/","name":"VIHMA\u00dcLIKOND COVERGUARD 5PLS ROHELINE L - Espak E-pood","isPartOf":{"@id":"https:\/\/espak.ee\/epood\/#website"},"primaryImageOfPage":{"@id":"https:\/\/espak.ee\/epood\/toode\/vihmaulikond-coverguard-5pls-roheline-l\/#primaryimage"},"image":{"@id":"https:\/\/espak.ee\/epood\/toode\/vihmaulikond-coverguard-5pls-roheline-l\/#primaryimage"},"thumbnailUrl":"https:\/\/espak.ee\/epood\/wp-content\/uploads\/2020\/11\/5PLS120-Vihmaulikond-PE-PVC-roheline_1.jpg","datePublished":"2020-11-06T03:58:30+00:00","dateModified":"2024-03-23T12:49:43+00:00","breadcrumb":{"@id":"https:\/\/espak.ee\/epood\/toode\/vihmaulikond-coverguard-5pls-roheline-l\/#breadcrumb"},"inLanguage":"et","potentialAction":[{"@type":"ReadAction","target":["https:\/\/espak.ee\/epood\/toode\/vihmaulikond-coverguard-5pls-roheline-l\/"]}]},{"@type":"ImageObject","inLanguage":"et","@id":"https:\/\/espak.ee\/epood\/toode\/vihmaulikond-coverguard-5pls-roheline-l\/#primaryimage","url":"https:\/\/espak.ee\/epood\/wp-content\/uploads\/2020\/11\/5PLS120-Vihmaulikond-PE-PVC-roheline_1.jpg","contentUrl":"https:\/\/espak.ee\/epood\/wp-content\/uploads\/2020\/11\/5PLS120-Vihmaulikond-PE-PVC-roheline_1.jpg","width":1500,"height":1500},{"@type":"BreadcrumbList","@id":"https:\/\/espak.ee\/epood\/toode\/vihmaulikond-coverguard-5pls-roheline-l\/#breadcrumb","itemListElement":[{"@type":"ListItem","position":1,"name":"Home","item":"https:\/\/espak.ee\/epood\/"},{"@type":"ListItem","position":2,"name":"Tootevalik","item":"https:\/\/espak.ee\/epood\/tootevalik\/"},{"@type":"ListItem","position":3,"name":"VIHMA\u00dcLIKOND COVERGUARD 5PLS ROHELINE L"}]},{"@type":"WebSite","@id":"https:\/\/espak.ee\/epood\/#website","url":"https:\/\/espak.ee\/epood\/","name":"Espak E-pood","description":"","potentialAction":[{"@type":"SearchAction","target":{"@type":"EntryPoint","urlTemplate":"https:\/\/espak.ee\/epood\/?s={search_term_string}"},"query-input":{"@type":"PropertyValueSpecification","valueRequired":true,"valueName":"search_term_string"}}],"inLanguage":"et"}]}},"_links":{"self":[{"href":"https:\/\/espak.ee\/epood\/wp-json\/wp\/v2\/product\/48337","targetHints":{"allow":["GET"]}}],"collection":[{"href":"https:\/\/espak.ee\/epood\/wp-json\/wp\/v2\/product"}],"about":[{"href":"https:\/\/espak.ee\/epood\/wp-json\/wp\/v2\/types\/product"}],"replies":[{"embeddable":true,"href":"https:\/\/espak.ee\/epood\/wp-json\/wp\/v2\/comments?post=48337"}],"wp:featuredmedia":[{"embeddable":true,"href":"https:\/\/espak.ee\/epood\/wp-json\/wp\/v2\/media\/118507"}],"wp:attachment":[{"href":"https:\/\/espak.ee\/epood\/wp-json\/wp\/v2\/media?parent=48337"}],"wp:term":[{"taxonomy":"product_brand","embeddable":true,"href":"https:\/\/espak.ee\/epood\/wp-json\/wp\/v2\/product_brand?post=48337"},{"taxonomy":"product_cat","embeddable":true,"href":"https:\/\/espak.ee\/epood\/wp-json\/wp\/v2\/product_cat?post=48337"},{"taxonomy":"product_tag","embeddable":true,"href":"https:\/\/espak.ee\/epood\/wp-json\/wp\/v2\/product_tag?post=48337"}],"curies":[{"name":"wp","href":"https:\/\/api.w.org\/{rel}","templated":true}]}}