{"id":48308,"date":"2020-11-06T04:04:15","date_gmt":"2020-11-06T02:04:15","guid":{"rendered":"https:\/\/espak.ee\/hinnakiri\/?post_type=product&#038;p=48308"},"modified":"2024-03-23T14:49:48","modified_gmt":"2024-03-23T12:49:48","slug":"0-47-681-stan","status":"publish","type":"product","link":"https:\/\/espak.ee\/epood\/toode\/0-47-681-stan\/","title":{"rendered":"M\u00c4RKEN\u00d6\u00d6R STANLEY FM 30M 0-47-681"},"content":{"rendered":"<p>M\u00e4rken\u00f6\u00f6ri komplekt Stanley Fatmax. 30m m\u00e4rken\u00f6\u00f6r ja 115g sinine m\u00e4rkepulber.<\/p>\n<p>Liugluuk kiireks ja mugavaks t\u00e4itmiseks<br \/>\nKesta k\u00fclge lukustuv metallv\u00e4nt<br \/>\nEriti vastupidav haakekonks on roostevaba terasest<br \/>\nPatenteeritud kriidin\u00e4idikult n\u00e4ed t\u00e4pselt, kui palju kriiti on mahutis alles<br \/>\n3,5 korda kerimine<br \/>\nSaab kasutada ka vertikaalse n\u00f6\u00f6rloodina<\/p>\n","protected":false},"excerpt":{"rendered":"<p>M\u00e4rken\u00f6\u00f6ri komplekt Stanley Fatmax. 30m m\u00e4rken\u00f6\u00f6r ja 115g sinine m\u00e4rkepulber. Liugluuk kiireks ja mugavaks t\u00e4itmiseks Kesta k\u00fclge lukustuv metallv\u00e4nt Eriti vastupidav haakekonks on roostevaba terasest Patenteeritud kriidin\u00e4idikult n\u00e4ed t\u00e4pselt, kui palju kriiti on mahutis alles 3,5 korda kerimine Saab kasutada ka vertikaalse n\u00f6\u00f6rloodina<\/p>\n","protected":false},"featured_media":58784,"comment_status":"closed","ping_status":"closed","template":"","meta":[],"product_brand":[],"product_cat":[2771,3101,3102,2679],"product_tag":[],"class_list":{"0":"post-48308","1":"product","2":"type-product","3":"status-publish","4":"has-post-thumbnail","6":"product_cat-kasitooriistad","7":"product_cat-markevahendid","8":"product_cat-markevahendid-markevahendid","9":"product_cat-tooriistad","10":"pa_kaubamark-stanley","12":"first","13":"instock","14":"sale","15":"taxable","16":"shipping-taxable","17":"purchasable","18":"product-type-simple"},"yoast_head":"<!-- This site is optimized with the Yoast SEO plugin v26.9 - https:\/\/yoast.com\/product\/yoast-seo-wordpress\/ -->\n<title>M\u00c4RKEN\u00d6\u00d6R STANLEY FM 30M 0-47-681 - Espak E-pood<\/title>\n<meta name=\"robots\" content=\"index, follow, max-snippet:-1, max-image-preview:large, max-video-preview:-1\" \/>\n<link rel=\"canonical\" href=\"https:\/\/espak.ee\/epood\/toode\/0-47-681-stan\/\" \/>\n<meta property=\"og:locale\" content=\"et_EE\" \/>\n<meta property=\"og:type\" content=\"article\" \/>\n<meta property=\"og:title\" content=\"M\u00c4RKEN\u00d6\u00d6R STANLEY FM 30M 0-47-681 - Espak E-pood\" \/>\n<meta property=\"og:description\" content=\"M\u00e4rken\u00f6\u00f6ri komplekt Stanley Fatmax. 30m m\u00e4rken\u00f6\u00f6r ja 115g sinine m\u00e4rkepulber. Liugluuk kiireks ja mugavaks t\u00e4itmiseks Kesta k\u00fclge lukustuv metallv\u00e4nt Eriti vastupidav haakekonks on roostevaba terasest Patenteeritud kriidin\u00e4idikult n\u00e4ed t\u00e4pselt, kui palju kriiti on mahutis alles 3,5 korda kerimine Saab kasutada ka vertikaalse n\u00f6\u00f6rloodina\" \/>\n<meta property=\"og:url\" content=\"https:\/\/espak.ee\/epood\/toode\/0-47-681-stan\/\" \/>\n<meta property=\"og:site_name\" content=\"Espak E-pood\" \/>\n<meta property=\"article:modified_time\" content=\"2024-03-23T12:49:48+00:00\" \/>\n<meta property=\"og:image\" content=\"https:\/\/espak.ee\/epood\/wp-content\/uploads\/47-681_1-scaled.jpg\" \/>\n\t<meta property=\"og:image:width\" content=\"2048\" \/>\n\t<meta property=\"og:image:height\" content=\"2048\" \/>\n\t<meta property=\"og:image:type\" content=\"image\/jpeg\" \/>\n<meta name=\"twitter:card\" content=\"summary_large_image\" \/>\n<script type=\"application\/ld+json\" class=\"yoast-schema-graph\">{\"@context\":\"https:\/\/schema.org\",\"@graph\":[{\"@type\":\"WebPage\",\"@id\":\"https:\/\/espak.ee\/epood\/toode\/0-47-681-stan\/\",\"url\":\"https:\/\/espak.ee\/epood\/toode\/0-47-681-stan\/\",\"name\":\"M\u00c4RKEN\u00d6\u00d6R STANLEY FM 30M 0-47-681 - Espak E-pood\",\"isPartOf\":{\"@id\":\"https:\/\/espak.ee\/epood\/#website\"},\"primaryImageOfPage\":{\"@id\":\"https:\/\/espak.ee\/epood\/toode\/0-47-681-stan\/#primaryimage\"},\"image\":{\"@id\":\"https:\/\/espak.ee\/epood\/toode\/0-47-681-stan\/#primaryimage\"},\"thumbnailUrl\":\"https:\/\/espak.ee\/epood\/wp-content\/uploads\/47-681_1-scaled.jpg\",\"datePublished\":\"2020-11-06T02:04:15+00:00\",\"dateModified\":\"2024-03-23T12:49:48+00:00\",\"breadcrumb\":{\"@id\":\"https:\/\/espak.ee\/epood\/toode\/0-47-681-stan\/#breadcrumb\"},\"inLanguage\":\"et\",\"potentialAction\":[{\"@type\":\"ReadAction\",\"target\":[\"https:\/\/espak.ee\/epood\/toode\/0-47-681-stan\/\"]}]},{\"@type\":\"ImageObject\",\"inLanguage\":\"et\",\"@id\":\"https:\/\/espak.ee\/epood\/toode\/0-47-681-stan\/#primaryimage\",\"url\":\"https:\/\/espak.ee\/epood\/wp-content\/uploads\/47-681_1-scaled.jpg\",\"contentUrl\":\"https:\/\/espak.ee\/epood\/wp-content\/uploads\/47-681_1-scaled.jpg\",\"width\":2048,\"height\":2048},{\"@type\":\"BreadcrumbList\",\"@id\":\"https:\/\/espak.ee\/epood\/toode\/0-47-681-stan\/#breadcrumb\",\"itemListElement\":[{\"@type\":\"ListItem\",\"position\":1,\"name\":\"Home\",\"item\":\"https:\/\/espak.ee\/epood\/\"},{\"@type\":\"ListItem\",\"position\":2,\"name\":\"Tootevalik\",\"item\":\"https:\/\/espak.ee\/epood\/tootevalik\/\"},{\"@type\":\"ListItem\",\"position\":3,\"name\":\"M\u00c4RKEN\u00d6\u00d6R STANLEY FM 30M 0-47-681\"}]},{\"@type\":\"WebSite\",\"@id\":\"https:\/\/espak.ee\/epood\/#website\",\"url\":\"https:\/\/espak.ee\/epood\/\",\"name\":\"Espak E-pood\",\"description\":\"\",\"potentialAction\":[{\"@type\":\"SearchAction\",\"target\":{\"@type\":\"EntryPoint\",\"urlTemplate\":\"https:\/\/espak.ee\/epood\/?s={search_term_string}\"},\"query-input\":{\"@type\":\"PropertyValueSpecification\",\"valueRequired\":true,\"valueName\":\"search_term_string\"}}],\"inLanguage\":\"et\"}]}<\/script>\n<!-- \/ Yoast SEO plugin. -->","yoast_head_json":{"title":"M\u00c4RKEN\u00d6\u00d6R STANLEY FM 30M 0-47-681 - Espak E-pood","robots":{"index":"index","follow":"follow","max-snippet":"max-snippet:-1","max-image-preview":"max-image-preview:large","max-video-preview":"max-video-preview:-1"},"canonical":"https:\/\/espak.ee\/epood\/toode\/0-47-681-stan\/","og_locale":"et_EE","og_type":"article","og_title":"M\u00c4RKEN\u00d6\u00d6R STANLEY FM 30M 0-47-681 - Espak E-pood","og_description":"M\u00e4rken\u00f6\u00f6ri komplekt Stanley Fatmax. 30m m\u00e4rken\u00f6\u00f6r ja 115g sinine m\u00e4rkepulber. Liugluuk kiireks ja mugavaks t\u00e4itmiseks Kesta k\u00fclge lukustuv metallv\u00e4nt Eriti vastupidav haakekonks on roostevaba terasest Patenteeritud kriidin\u00e4idikult n\u00e4ed t\u00e4pselt, kui palju kriiti on mahutis alles 3,5 korda kerimine Saab kasutada ka vertikaalse n\u00f6\u00f6rloodina","og_url":"https:\/\/espak.ee\/epood\/toode\/0-47-681-stan\/","og_site_name":"Espak E-pood","article_modified_time":"2024-03-23T12:49:48+00:00","og_image":[{"width":2048,"height":2048,"url":"https:\/\/espak.ee\/epood\/wp-content\/uploads\/47-681_1-scaled.jpg","type":"image\/jpeg"}],"twitter_card":"summary_large_image","schema":{"@context":"https:\/\/schema.org","@graph":[{"@type":"WebPage","@id":"https:\/\/espak.ee\/epood\/toode\/0-47-681-stan\/","url":"https:\/\/espak.ee\/epood\/toode\/0-47-681-stan\/","name":"M\u00c4RKEN\u00d6\u00d6R STANLEY FM 30M 0-47-681 - Espak E-pood","isPartOf":{"@id":"https:\/\/espak.ee\/epood\/#website"},"primaryImageOfPage":{"@id":"https:\/\/espak.ee\/epood\/toode\/0-47-681-stan\/#primaryimage"},"image":{"@id":"https:\/\/espak.ee\/epood\/toode\/0-47-681-stan\/#primaryimage"},"thumbnailUrl":"https:\/\/espak.ee\/epood\/wp-content\/uploads\/47-681_1-scaled.jpg","datePublished":"2020-11-06T02:04:15+00:00","dateModified":"2024-03-23T12:49:48+00:00","breadcrumb":{"@id":"https:\/\/espak.ee\/epood\/toode\/0-47-681-stan\/#breadcrumb"},"inLanguage":"et","potentialAction":[{"@type":"ReadAction","target":["https:\/\/espak.ee\/epood\/toode\/0-47-681-stan\/"]}]},{"@type":"ImageObject","inLanguage":"et","@id":"https:\/\/espak.ee\/epood\/toode\/0-47-681-stan\/#primaryimage","url":"https:\/\/espak.ee\/epood\/wp-content\/uploads\/47-681_1-scaled.jpg","contentUrl":"https:\/\/espak.ee\/epood\/wp-content\/uploads\/47-681_1-scaled.jpg","width":2048,"height":2048},{"@type":"BreadcrumbList","@id":"https:\/\/espak.ee\/epood\/toode\/0-47-681-stan\/#breadcrumb","itemListElement":[{"@type":"ListItem","position":1,"name":"Home","item":"https:\/\/espak.ee\/epood\/"},{"@type":"ListItem","position":2,"name":"Tootevalik","item":"https:\/\/espak.ee\/epood\/tootevalik\/"},{"@type":"ListItem","position":3,"name":"M\u00c4RKEN\u00d6\u00d6R STANLEY FM 30M 0-47-681"}]},{"@type":"WebSite","@id":"https:\/\/espak.ee\/epood\/#website","url":"https:\/\/espak.ee\/epood\/","name":"Espak E-pood","description":"","potentialAction":[{"@type":"SearchAction","target":{"@type":"EntryPoint","urlTemplate":"https:\/\/espak.ee\/epood\/?s={search_term_string}"},"query-input":{"@type":"PropertyValueSpecification","valueRequired":true,"valueName":"search_term_string"}}],"inLanguage":"et"}]}},"_links":{"self":[{"href":"https:\/\/espak.ee\/epood\/wp-json\/wp\/v2\/product\/48308","targetHints":{"allow":["GET"]}}],"collection":[{"href":"https:\/\/espak.ee\/epood\/wp-json\/wp\/v2\/product"}],"about":[{"href":"https:\/\/espak.ee\/epood\/wp-json\/wp\/v2\/types\/product"}],"replies":[{"embeddable":true,"href":"https:\/\/espak.ee\/epood\/wp-json\/wp\/v2\/comments?post=48308"}],"wp:featuredmedia":[{"embeddable":true,"href":"https:\/\/espak.ee\/epood\/wp-json\/wp\/v2\/media\/58784"}],"wp:attachment":[{"href":"https:\/\/espak.ee\/epood\/wp-json\/wp\/v2\/media?parent=48308"}],"wp:term":[{"taxonomy":"product_brand","embeddable":true,"href":"https:\/\/espak.ee\/epood\/wp-json\/wp\/v2\/product_brand?post=48308"},{"taxonomy":"product_cat","embeddable":true,"href":"https:\/\/espak.ee\/epood\/wp-json\/wp\/v2\/product_cat?post=48308"},{"taxonomy":"product_tag","embeddable":true,"href":"https:\/\/espak.ee\/epood\/wp-json\/wp\/v2\/product_tag?post=48308"}],"curies":[{"name":"wp","href":"https:\/\/api.w.org\/{rel}","templated":true}]}}