{"id":48294,"date":"2020-11-06T03:10:47","date_gmt":"2020-11-06T01:10:47","guid":{"rendered":"https:\/\/espak.ee\/hinnakiri\/?post_type=product&#038;p=48294"},"modified":"2025-09-25T19:37:03","modified_gmt":"2025-09-25T16:37:03","slug":"ceresit-ce-51-epoxyclean-1l","status":"publish","type":"product","link":"https:\/\/espak.ee\/epood\/toode\/ceresit-ce-51-epoxyclean-1l\/","title":{"rendered":"CERESIT CE-51 EPOXYCLEAN 1L"},"content":{"rendered":"<div class=\"row\"  id=\"row-1049951428\">\n\n\t<div id=\"col-1487110686\" class=\"col medium-9 small-12 large-9\"  >\n\t\t\t\t<div class=\"col-inner\"  >\n\t\t\t\n\t\t\t\n<h3>Puhastusvahend Ceresit CE-51 Epoxyclean 1L <\/h3>\n<p>Spetsiaalne puhastusvahend seguplekkide ja -j\u00e4\u00e4kide eemaldamiseks igat t\u00fc\u00fcpi keraamilistelt plaatidelt ning looduslikelt kividelt.<\/p>\n<p>Puhastusvahendit CERESIT\u00ae CE 51 v\u00f5ib kasutada lahjendamata puhastusvahendina toodete CERESIT CE 79 \/ CERESIT CE 89 plekkide ja j\u00e4\u00e4kide t\u00f5husaks eemaldamiseks, samuti plekkide eemaldamiseks poleeritud portselanist plaatidelt. Sobib kasutamiseks ka t\u00f6\u00f6riistade puhastamiseks ja plaatide paigaldamisel tekkinud vaiguj\u00e4\u00e4kide eemaldamiseks.\n<\/p>\n<div class=\"message-box relative\" style=\"padding-top:15px;padding-bottom:15px;\"><div class=\"message-box-bg-image bg-fill fill\" ><\/div><div class=\"message-box-bg-overlay bg-fill fill\" ><\/div><div class=\"container relative\"><div class=\"inner last-reset\">\n<div class=\"row align-middle align-center\"  id=\"row-830873597\">\n\n\t<div id=\"col-684314406\" class=\"col small-12 large-12\"  >\n\t\t\t\t<div class=\"col-inner text-left\"  >\n\t\t\t\n\t\t\t\n<h4>Omadused<\/h4>\n<div class=\"row\"  id=\"row-581895110\">\n\n\t<div id=\"col-1165570835\" class=\"col medium-6 small-12 large-6\"  >\n\t\t\t\t<div class=\"col-inner\"  >\n\t\t\t\n\t\t\t\n<p><i class=\"fa fa-check fa-2x\"><\/i> <strong>\u00dclit\u00f5hus kontsentraat<\/strong><\/p>\n<p><i class=\"fa fa-check fa-2x\"><\/i> <strong>Eemaldab k\u00f5vastunud epoks\u00fcsegu ja raskesti eemaldatava mustuse<\/strong><\/p>\n<p><i class=\"fa fa-check fa-2x\"><\/i> <strong>V\u00e4ga paljude erinevate m\u00e4\u00e4rdumist\u00fc\u00fcpide eemaldamiseks<\/strong><\/p>\n\t\t<\/div>\n\t\t\t\t\n<style>\n#col-1165570835 > .col-inner {\n  margin: 0px 0px 15px 0px;\n}\n<\/style>\n\t<\/div>\n\n\t\n\n\t<div id=\"col-455937255\" class=\"col medium-6 small-12 large-6\"  >\n\t\t\t\t<div class=\"col-inner\"  >\n\t\t\t\n\t\t\t\n<p><i class=\"fa fa-check fa-2x\"><\/i> <strong>V\u00f5ib kasutada ka \u00f5rnadel pindadel nagu lihvitud keraamika, klaas ja igat t\u00fc\u00fcpi looduslikud kivid (ka poleeritud)<\/strong><\/p>\n\t\t<\/div>\n\t\t\t\t\n<style>\n#col-455937255 > .col-inner {\n  margin: 0px 0px 15px 0px;\n}\n<\/style>\n\t<\/div>\n\n\t\n<\/div>\n\t\t<\/div>\n\t\t\t\t\t<\/div>\n\n\t\n<\/div>\n<\/div><\/div><\/div>\n\t<div id=\"gap-895260841\" class=\"gap-element clearfix\" style=\"display:block; height:auto;\">\n\t\t\n<style>\n#gap-895260841 {\n  padding-top: 30px;\n}\n<\/style>\n\t<\/div>\n\t\n<h3>Kasutamise \u00fcksikasjad<\/h3>\n<p><strong>Aluspinna ettevalmistus:<\/strong> Vuugit\u00e4ide peaks olema piisavalt kivistunud (min 24 h temperatuuril 20\u201325 \u00b0C). Suured kuivanud vaigutilgad v\u00f5i materjalij\u00e4\u00e4gid tuleb eemaldada mehaaniliselt (materjali on lihtsam eemaldada, kui seda f\u00f6\u00f6niga kuumutada).\n<\/p>\n<p><strong> Pealekandmine: <\/strong>Olenevalt materjalist ja pinnast kandke lahjendatud v\u00f5i lahjendamata toode CERESIT CE 51 otse pinnale. J\u00e4tke puhastusvahend umbes 10\u201315 minutiks toimima. P\u00e4rast toote pealekandmist h\u00f5\u00f5ruge pinda valge \u201ekarukeelega\u201c v\u00f5i kasutage suuremate alade puhul \u00fche kettaga lihvmasinat valge puhastuskettaga.  <\/p>\n<p><strong> Puhastamine: <\/strong>Koguge puhastuslahus kokku k\u00e4sna, kummikaabitsa v\u00f5i m\u00e4rgtolmuimeja abil. L\u00f5puks loputage p\u00f5hjalikult puhta veega ja kuivatage puhta lapiga.  <\/p>\n\t\t<\/div>\n\t\t\t\t\t<\/div>\n\n\t\n\n\t<div id=\"col-1494015301\" class=\"col medium-3 small-12 large-3\"  >\n\t\t\t\t<div class=\"col-inner\"  >\n\t\t\t\n\t\t\t\n\t<div id=\"gap-1136205645\" class=\"gap-element clearfix\" style=\"display:block; height:auto;\">\n\t\t\n<style>\n#gap-1136205645 {\n  padding-top: 30px;\n}\n<\/style>\n\t<\/div>\n\t\n<h3>Tehniline informatsioon<\/h3>\n<p><a href=\"https:\/\/espak.ee\/epood\/wp-content\/uploads\/2020\/11\/CERESIT-CE-51-et_EE.pdf\"target=\"_blank\" rel=\"noopener noreferrer\"><i class=\"far fa-file-pdf\"><\/i> Tehniline info (PDF)<\/a><\/p>\n<div class=\"is-divider divider clearfix\" ><\/div>\n<p><strong>\u00dcksikasjalikuma n\u00f5u saamiseks v\u00f5tke \u00fchendust:<br \/><\/strong>Henkel Balti O\u00dc<br \/>S\u00f5bra 61<br \/>51013<br \/>Tartu<br \/>+ 372 7305800<\/p>\n<div class=\"is-divider divider clearfix\" ><\/div>\n\t\t<\/div>\n\t\t\t\t\t<\/div>\n\n\t\n<\/div>\n","protected":false},"excerpt":{"rendered":"","protected":false},"featured_media":225077,"comment_status":"closed","ping_status":"closed","template":"","meta":[],"product_brand":[],"product_cat":[2698,2805,2697,2807],"product_tag":[],"class_list":{"0":"post-48294","1":"product","2":"type-product","3":"status-publish","4":"has-post-thumbnail","6":"product_cat-pahtlid-ja-kuivsegud","7":"product_cat-plaatimissegud","8":"product_cat-uldehitus","9":"product_cat-vuugisegud","10":"pa_kaubamark-henkel-balti-ou","12":"first","13":"instock","14":"sale","15":"taxable","16":"shipping-taxable","17":"purchasable","18":"product-type-simple"},"yoast_head":"<!-- This site is optimized with the Yoast SEO plugin v26.9 - https:\/\/yoast.com\/product\/yoast-seo-wordpress\/ -->\n<title>CERESIT CE-51 EPOXYCLEAN 1L - Espak E-pood<\/title>\n<meta name=\"robots\" content=\"index, follow, max-snippet:-1, max-image-preview:large, max-video-preview:-1\" \/>\n<link rel=\"canonical\" href=\"https:\/\/espak.ee\/epood\/toode\/ceresit-ce-51-epoxyclean-1l\/\" \/>\n<meta property=\"og:locale\" content=\"et_EE\" \/>\n<meta property=\"og:type\" content=\"article\" \/>\n<meta property=\"og:title\" content=\"CERESIT CE-51 EPOXYCLEAN 1L - Espak E-pood\" \/>\n<meta property=\"og:url\" content=\"https:\/\/espak.ee\/epood\/toode\/ceresit-ce-51-epoxyclean-1l\/\" \/>\n<meta property=\"og:site_name\" content=\"Espak E-pood\" \/>\n<meta property=\"article:modified_time\" content=\"2025-09-25T16:37:03+00:00\" \/>\n<meta property=\"og:image\" content=\"https:\/\/espak.ee\/epood\/wp-content\/uploads\/2020\/11\/Ceresit-CE51-1L-Front-EE-ecommerce.jpg\" \/>\n\t<meta property=\"og:image:width\" content=\"800\" \/>\n\t<meta property=\"og:image:height\" content=\"800\" \/>\n\t<meta property=\"og:image:type\" content=\"image\/jpeg\" \/>\n<meta name=\"twitter:card\" content=\"summary_large_image\" \/>\n<meta name=\"twitter:label1\" content=\"Est. reading time\" \/>\n\t<meta name=\"twitter:data1\" content=\"1 minut\" \/>\n<script type=\"application\/ld+json\" class=\"yoast-schema-graph\">{\"@context\":\"https:\/\/schema.org\",\"@graph\":[{\"@type\":\"WebPage\",\"@id\":\"https:\/\/espak.ee\/epood\/toode\/ceresit-ce-51-epoxyclean-1l\/\",\"url\":\"https:\/\/espak.ee\/epood\/toode\/ceresit-ce-51-epoxyclean-1l\/\",\"name\":\"CERESIT CE-51 EPOXYCLEAN 1L - Espak E-pood\",\"isPartOf\":{\"@id\":\"https:\/\/espak.ee\/epood\/#website\"},\"primaryImageOfPage\":{\"@id\":\"https:\/\/espak.ee\/epood\/toode\/ceresit-ce-51-epoxyclean-1l\/#primaryimage\"},\"image\":{\"@id\":\"https:\/\/espak.ee\/epood\/toode\/ceresit-ce-51-epoxyclean-1l\/#primaryimage\"},\"thumbnailUrl\":\"https:\/\/espak.ee\/epood\/wp-content\/uploads\/2020\/11\/Ceresit-CE51-1L-Front-EE-ecommerce.jpg\",\"datePublished\":\"2020-11-06T01:10:47+00:00\",\"dateModified\":\"2025-09-25T16:37:03+00:00\",\"breadcrumb\":{\"@id\":\"https:\/\/espak.ee\/epood\/toode\/ceresit-ce-51-epoxyclean-1l\/#breadcrumb\"},\"inLanguage\":\"et\",\"potentialAction\":[{\"@type\":\"ReadAction\",\"target\":[\"https:\/\/espak.ee\/epood\/toode\/ceresit-ce-51-epoxyclean-1l\/\"]}]},{\"@type\":\"ImageObject\",\"inLanguage\":\"et\",\"@id\":\"https:\/\/espak.ee\/epood\/toode\/ceresit-ce-51-epoxyclean-1l\/#primaryimage\",\"url\":\"https:\/\/espak.ee\/epood\/wp-content\/uploads\/2020\/11\/Ceresit-CE51-1L-Front-EE-ecommerce.jpg\",\"contentUrl\":\"https:\/\/espak.ee\/epood\/wp-content\/uploads\/2020\/11\/Ceresit-CE51-1L-Front-EE-ecommerce.jpg\",\"width\":800,\"height\":800},{\"@type\":\"BreadcrumbList\",\"@id\":\"https:\/\/espak.ee\/epood\/toode\/ceresit-ce-51-epoxyclean-1l\/#breadcrumb\",\"itemListElement\":[{\"@type\":\"ListItem\",\"position\":1,\"name\":\"Home\",\"item\":\"https:\/\/espak.ee\/epood\/\"},{\"@type\":\"ListItem\",\"position\":2,\"name\":\"Tootevalik\",\"item\":\"https:\/\/espak.ee\/epood\/tootevalik\/\"},{\"@type\":\"ListItem\",\"position\":3,\"name\":\"CERESIT CE-51 EPOXYCLEAN 1L\"}]},{\"@type\":\"WebSite\",\"@id\":\"https:\/\/espak.ee\/epood\/#website\",\"url\":\"https:\/\/espak.ee\/epood\/\",\"name\":\"Espak E-pood\",\"description\":\"\",\"potentialAction\":[{\"@type\":\"SearchAction\",\"target\":{\"@type\":\"EntryPoint\",\"urlTemplate\":\"https:\/\/espak.ee\/epood\/?s={search_term_string}\"},\"query-input\":{\"@type\":\"PropertyValueSpecification\",\"valueRequired\":true,\"valueName\":\"search_term_string\"}}],\"inLanguage\":\"et\"}]}<\/script>\n<!-- \/ Yoast SEO plugin. -->","yoast_head_json":{"title":"CERESIT CE-51 EPOXYCLEAN 1L - Espak E-pood","robots":{"index":"index","follow":"follow","max-snippet":"max-snippet:-1","max-image-preview":"max-image-preview:large","max-video-preview":"max-video-preview:-1"},"canonical":"https:\/\/espak.ee\/epood\/toode\/ceresit-ce-51-epoxyclean-1l\/","og_locale":"et_EE","og_type":"article","og_title":"CERESIT CE-51 EPOXYCLEAN 1L - Espak E-pood","og_url":"https:\/\/espak.ee\/epood\/toode\/ceresit-ce-51-epoxyclean-1l\/","og_site_name":"Espak E-pood","article_modified_time":"2025-09-25T16:37:03+00:00","og_image":[{"width":800,"height":800,"url":"https:\/\/espak.ee\/epood\/wp-content\/uploads\/2020\/11\/Ceresit-CE51-1L-Front-EE-ecommerce.jpg","type":"image\/jpeg"}],"twitter_card":"summary_large_image","twitter_misc":{"Est. reading time":"1 minut"},"schema":{"@context":"https:\/\/schema.org","@graph":[{"@type":"WebPage","@id":"https:\/\/espak.ee\/epood\/toode\/ceresit-ce-51-epoxyclean-1l\/","url":"https:\/\/espak.ee\/epood\/toode\/ceresit-ce-51-epoxyclean-1l\/","name":"CERESIT CE-51 EPOXYCLEAN 1L - Espak E-pood","isPartOf":{"@id":"https:\/\/espak.ee\/epood\/#website"},"primaryImageOfPage":{"@id":"https:\/\/espak.ee\/epood\/toode\/ceresit-ce-51-epoxyclean-1l\/#primaryimage"},"image":{"@id":"https:\/\/espak.ee\/epood\/toode\/ceresit-ce-51-epoxyclean-1l\/#primaryimage"},"thumbnailUrl":"https:\/\/espak.ee\/epood\/wp-content\/uploads\/2020\/11\/Ceresit-CE51-1L-Front-EE-ecommerce.jpg","datePublished":"2020-11-06T01:10:47+00:00","dateModified":"2025-09-25T16:37:03+00:00","breadcrumb":{"@id":"https:\/\/espak.ee\/epood\/toode\/ceresit-ce-51-epoxyclean-1l\/#breadcrumb"},"inLanguage":"et","potentialAction":[{"@type":"ReadAction","target":["https:\/\/espak.ee\/epood\/toode\/ceresit-ce-51-epoxyclean-1l\/"]}]},{"@type":"ImageObject","inLanguage":"et","@id":"https:\/\/espak.ee\/epood\/toode\/ceresit-ce-51-epoxyclean-1l\/#primaryimage","url":"https:\/\/espak.ee\/epood\/wp-content\/uploads\/2020\/11\/Ceresit-CE51-1L-Front-EE-ecommerce.jpg","contentUrl":"https:\/\/espak.ee\/epood\/wp-content\/uploads\/2020\/11\/Ceresit-CE51-1L-Front-EE-ecommerce.jpg","width":800,"height":800},{"@type":"BreadcrumbList","@id":"https:\/\/espak.ee\/epood\/toode\/ceresit-ce-51-epoxyclean-1l\/#breadcrumb","itemListElement":[{"@type":"ListItem","position":1,"name":"Home","item":"https:\/\/espak.ee\/epood\/"},{"@type":"ListItem","position":2,"name":"Tootevalik","item":"https:\/\/espak.ee\/epood\/tootevalik\/"},{"@type":"ListItem","position":3,"name":"CERESIT CE-51 EPOXYCLEAN 1L"}]},{"@type":"WebSite","@id":"https:\/\/espak.ee\/epood\/#website","url":"https:\/\/espak.ee\/epood\/","name":"Espak E-pood","description":"","potentialAction":[{"@type":"SearchAction","target":{"@type":"EntryPoint","urlTemplate":"https:\/\/espak.ee\/epood\/?s={search_term_string}"},"query-input":{"@type":"PropertyValueSpecification","valueRequired":true,"valueName":"search_term_string"}}],"inLanguage":"et"}]}},"_links":{"self":[{"href":"https:\/\/espak.ee\/epood\/wp-json\/wp\/v2\/product\/48294","targetHints":{"allow":["GET"]}}],"collection":[{"href":"https:\/\/espak.ee\/epood\/wp-json\/wp\/v2\/product"}],"about":[{"href":"https:\/\/espak.ee\/epood\/wp-json\/wp\/v2\/types\/product"}],"replies":[{"embeddable":true,"href":"https:\/\/espak.ee\/epood\/wp-json\/wp\/v2\/comments?post=48294"}],"wp:featuredmedia":[{"embeddable":true,"href":"https:\/\/espak.ee\/epood\/wp-json\/wp\/v2\/media\/225077"}],"wp:attachment":[{"href":"https:\/\/espak.ee\/epood\/wp-json\/wp\/v2\/media?parent=48294"}],"wp:term":[{"taxonomy":"product_brand","embeddable":true,"href":"https:\/\/espak.ee\/epood\/wp-json\/wp\/v2\/product_brand?post=48294"},{"taxonomy":"product_cat","embeddable":true,"href":"https:\/\/espak.ee\/epood\/wp-json\/wp\/v2\/product_cat?post=48294"},{"taxonomy":"product_tag","embeddable":true,"href":"https:\/\/espak.ee\/epood\/wp-json\/wp\/v2\/product_tag?post=48294"}],"curies":[{"name":"wp","href":"https:\/\/api.w.org\/{rel}","templated":true}]}}