{"id":48276,"date":"2020-11-06T02:16:07","date_gmt":"2020-11-06T00:16:07","guid":{"rendered":"https:\/\/espak.ee\/hinnakiri\/?post_type=product&#038;p=48276"},"modified":"2024-03-23T14:49:29","modified_gmt":"2024-03-23T12:49:29","slug":"vahtpolustureen-eps-200-50-foam-perimeeter-pluss-1006m","status":"publish","type":"product","link":"https:\/\/espak.ee\/epood\/toode\/vahtpolustureen-eps-200-50-foam-perimeeter-pluss-1006m\/","title":{"rendered":"VAHTPOL\u00dcST\u00dcREEN EPS 200-50 FOAM  1,0*0,6M"},"content":{"rendered":"<div class=\"row\"  id=\"row-1078899759\">\n\n\t<div id=\"col-1163076529\" class=\"col medium-9 small-12 large-9\"  >\n\t\t\t\t<div class=\"col-inner\"  >\n\t\t\t\n\t\t\t\n<p>EPS 200 Foam sobib kasutamiseks k\u00fclmakergete vastu kohtades, kus soojustusmaterjalile m\u00f5juvad suuremad pinnase v\u00f5i hoone\/rajatise koormused \u2013 s\u00fcgavate vundamentide, keldriseinte, terrasside, parklate, \u00f5uealade, jalgteede ja pinnases tehnorajatiste puhul.<\/p>\n<p>EPS 200 Foam on sulundliitega.<\/p>\n<div class=\"message-box relative\" style=\"padding-top:15px;padding-bottom:15px;\"><div class=\"message-box-bg-image bg-fill fill\" ><\/div><div class=\"message-box-bg-overlay bg-fill fill\" ><\/div><div class=\"container relative\"><div class=\"inner last-reset\">\n<div class=\"row align-middle align-center\"  id=\"row-281353314\">\n\n\t<div id=\"col-967132978\" class=\"col small-12 large-12\"  >\n\t\t\t\t<div class=\"col-inner text-left\"  >\n\t\t\t\n\t\t\t\n<h4>Omadused<\/h4>\n<div class=\"row\"  id=\"row-1809800228\">\n\n\t<div id=\"col-1609104515\" class=\"col medium-6 small-12 large-6\"  >\n\t\t\t\t<div class=\"col-inner\"  >\n\t\t\t\n\t\t\t\n<p><i class=\"far fa-check-circle fa-2x\"><\/i><strong>\u00a0V\u00e4ga hea niiskuskindlus \u2013 v\u00f5ib paigaldada otse pinnasesse<\/strong><\/p>\n<p><i class=\"far fa-check-circle fa-2x\"><\/i><strong>\u00a0Sulundliides tagab mugavama paigalduse<\/strong><\/p>\n\t\t<\/div>\n\t\t\t\t\n<style>\n#col-1609104515 > .col-inner {\n  margin: 10px 0px 15px 0px;\n}\n<\/style>\n\t<\/div>\n\n\t\n\n\t<div id=\"col-1972446044\" class=\"col medium-6 small-12 large-6\"  >\n\t\t\t\t<div class=\"col-inner\"  >\n\t\t\t\n\t\t\t\n<p><i class=\"far fa-check-circle fa-2x\"><\/i><strong>\u00a0Suur koormustaluvus \u2013 peab vastu pinnase survele<\/strong><\/p>\n\t\t<\/div>\n\t\t\t\t\n<style>\n#col-1972446044 > .col-inner {\n  margin: 10px 0px 15px 0px;\n}\n<\/style>\n\t<\/div>\n\n\t\n<\/div>\n\t\t<\/div>\n\t\t\t\t\t<\/div>\n\n\t\n<\/div>\n<\/div><\/div><\/div>\n\t<div id=\"gap-1670306050\" class=\"gap-element clearfix\" style=\"display:block; height:auto;\">\n\t\t\n<style>\n#gap-1670306050 {\n  padding-top: 30px;\n}\n<\/style>\n\t<\/div>\n\t\n\t\t<\/div>\n\t\t\t\t\t<\/div>\n\n\t\n\n\t<div id=\"col-1589523634\" class=\"col medium-3 small-12 large-3\"  >\n\t\t\t\t<div class=\"col-inner\"  >\n\t\t\t\n\t\t\t\n\t<div id=\"gap-1437965600\" class=\"gap-element clearfix\" style=\"display:block; height:auto;\">\n\t\t\n<style>\n#gap-1437965600 {\n  padding-top: 30px;\n}\n<\/style>\n\t<\/div>\n\t\n<h3>Toimivusdeklaratsioon<\/h3>\n<p><a href=\"https:\/\/espak.ee\/epood\/wp-content\/uploads\/2020\/11\/Toimivusdeklar-EPS200EPSFoam-1.pdf\"target=\"_blank\" rel=\"noopener noreferrer\"><i class=\"far fa-file-pdf\"><\/i> Toimivusdeklaratsioon (PDF)<\/a><\/p>\n<div class=\"is-divider divider clearfix\" ><\/div>\n<p><strong>\u00dcksikasjalikuma n\u00f5u saamiseks v\u00f5tke \u00fchendust:<br \/><\/strong>AS REIDENI PLAAT<br \/>Paide mnt 7<br \/>80042<br \/>P\u00e4rnu, P\u00e4rnu maakond<br \/>+372 4437 206<\/p>\n\t\t<\/div>\n\t\t\t\t\t<\/div>\n\n\t\n<\/div>\n","protected":false},"excerpt":{"rendered":"","protected":false},"featured_media":189320,"comment_status":"closed","ping_status":"closed","template":"","meta":[],"product_brand":[],"product_cat":[2718,2697,2794,3461],"product_tag":[],"class_list":{"0":"post-48276","1":"product","2":"type-product","3":"status-publish","4":"has-post-thumbnail","6":"product_cat-isolatsioonimaterjalid","7":"product_cat-uldehitus","8":"product_cat-vahtpolustureen","9":"product_cat-vahtpolustureen-super","10":"pa_kaubamark-reideni-plaat-as","12":"first","13":"outofstock","14":"sale","15":"taxable","16":"shipping-taxable","17":"purchasable","18":"product-type-simple"},"yoast_head":"<!-- This site is optimized with the Yoast SEO plugin v26.9 - https:\/\/yoast.com\/product\/yoast-seo-wordpress\/ -->\n<title>VAHTPOL\u00dcST\u00dcREEN EPS 200-50 FOAM 1,0*0,6M - Espak E-pood<\/title>\n<meta name=\"robots\" content=\"index, follow, max-snippet:-1, max-image-preview:large, max-video-preview:-1\" \/>\n<link rel=\"canonical\" href=\"https:\/\/espak.ee\/epood\/toode\/vahtpolustureen-eps-200-50-foam-perimeeter-pluss-1006m\/\" \/>\n<meta property=\"og:locale\" content=\"et_EE\" \/>\n<meta property=\"og:type\" content=\"article\" \/>\n<meta property=\"og:title\" content=\"VAHTPOL\u00dcST\u00dcREEN EPS 200-50 FOAM 1,0*0,6M - Espak E-pood\" \/>\n<meta property=\"og:url\" content=\"https:\/\/espak.ee\/epood\/toode\/vahtpolustureen-eps-200-50-foam-perimeeter-pluss-1006m\/\" \/>\n<meta property=\"og:site_name\" content=\"Espak E-pood\" \/>\n<meta property=\"article:modified_time\" content=\"2024-03-23T12:49:29+00:00\" \/>\n<meta property=\"og:image\" content=\"https:\/\/espak.ee\/epood\/wp-content\/uploads\/2019\/06\/EPS-200SU.jpg\" \/>\n\t<meta property=\"og:image:width\" content=\"1000\" \/>\n\t<meta property=\"og:image:height\" content=\"1000\" \/>\n\t<meta property=\"og:image:type\" content=\"image\/jpeg\" \/>\n<meta name=\"twitter:card\" content=\"summary_large_image\" \/>\n<meta name=\"twitter:label1\" content=\"Est. reading time\" \/>\n\t<meta name=\"twitter:data1\" content=\"1 minut\" \/>\n<script type=\"application\/ld+json\" class=\"yoast-schema-graph\">{\"@context\":\"https:\/\/schema.org\",\"@graph\":[{\"@type\":\"WebPage\",\"@id\":\"https:\/\/espak.ee\/epood\/toode\/vahtpolustureen-eps-200-50-foam-perimeeter-pluss-1006m\/\",\"url\":\"https:\/\/espak.ee\/epood\/toode\/vahtpolustureen-eps-200-50-foam-perimeeter-pluss-1006m\/\",\"name\":\"VAHTPOL\u00dcST\u00dcREEN EPS 200-50 FOAM 1,0*0,6M - Espak E-pood\",\"isPartOf\":{\"@id\":\"https:\/\/espak.ee\/epood\/#website\"},\"primaryImageOfPage\":{\"@id\":\"https:\/\/espak.ee\/epood\/toode\/vahtpolustureen-eps-200-50-foam-perimeeter-pluss-1006m\/#primaryimage\"},\"image\":{\"@id\":\"https:\/\/espak.ee\/epood\/toode\/vahtpolustureen-eps-200-50-foam-perimeeter-pluss-1006m\/#primaryimage\"},\"thumbnailUrl\":\"https:\/\/espak.ee\/epood\/wp-content\/uploads\/2019\/06\/EPS-200SU.jpg\",\"datePublished\":\"2020-11-06T00:16:07+00:00\",\"dateModified\":\"2024-03-23T12:49:29+00:00\",\"breadcrumb\":{\"@id\":\"https:\/\/espak.ee\/epood\/toode\/vahtpolustureen-eps-200-50-foam-perimeeter-pluss-1006m\/#breadcrumb\"},\"inLanguage\":\"et\",\"potentialAction\":[{\"@type\":\"ReadAction\",\"target\":[\"https:\/\/espak.ee\/epood\/toode\/vahtpolustureen-eps-200-50-foam-perimeeter-pluss-1006m\/\"]}]},{\"@type\":\"ImageObject\",\"inLanguage\":\"et\",\"@id\":\"https:\/\/espak.ee\/epood\/toode\/vahtpolustureen-eps-200-50-foam-perimeeter-pluss-1006m\/#primaryimage\",\"url\":\"https:\/\/espak.ee\/epood\/wp-content\/uploads\/2019\/06\/EPS-200SU.jpg\",\"contentUrl\":\"https:\/\/espak.ee\/epood\/wp-content\/uploads\/2019\/06\/EPS-200SU.jpg\",\"width\":1000,\"height\":1000},{\"@type\":\"BreadcrumbList\",\"@id\":\"https:\/\/espak.ee\/epood\/toode\/vahtpolustureen-eps-200-50-foam-perimeeter-pluss-1006m\/#breadcrumb\",\"itemListElement\":[{\"@type\":\"ListItem\",\"position\":1,\"name\":\"Home\",\"item\":\"https:\/\/espak.ee\/epood\/\"},{\"@type\":\"ListItem\",\"position\":2,\"name\":\"Tootevalik\",\"item\":\"https:\/\/espak.ee\/epood\/tootevalik\/\"},{\"@type\":\"ListItem\",\"position\":3,\"name\":\"VAHTPOL\u00dcST\u00dcREEN EPS 200-50 FOAM 1,0*0,6M\"}]},{\"@type\":\"WebSite\",\"@id\":\"https:\/\/espak.ee\/epood\/#website\",\"url\":\"https:\/\/espak.ee\/epood\/\",\"name\":\"Espak E-pood\",\"description\":\"\",\"potentialAction\":[{\"@type\":\"SearchAction\",\"target\":{\"@type\":\"EntryPoint\",\"urlTemplate\":\"https:\/\/espak.ee\/epood\/?s={search_term_string}\"},\"query-input\":{\"@type\":\"PropertyValueSpecification\",\"valueRequired\":true,\"valueName\":\"search_term_string\"}}],\"inLanguage\":\"et\"}]}<\/script>\n<!-- \/ Yoast SEO plugin. -->","yoast_head_json":{"title":"VAHTPOL\u00dcST\u00dcREEN EPS 200-50 FOAM 1,0*0,6M - Espak E-pood","robots":{"index":"index","follow":"follow","max-snippet":"max-snippet:-1","max-image-preview":"max-image-preview:large","max-video-preview":"max-video-preview:-1"},"canonical":"https:\/\/espak.ee\/epood\/toode\/vahtpolustureen-eps-200-50-foam-perimeeter-pluss-1006m\/","og_locale":"et_EE","og_type":"article","og_title":"VAHTPOL\u00dcST\u00dcREEN EPS 200-50 FOAM 1,0*0,6M - Espak E-pood","og_url":"https:\/\/espak.ee\/epood\/toode\/vahtpolustureen-eps-200-50-foam-perimeeter-pluss-1006m\/","og_site_name":"Espak E-pood","article_modified_time":"2024-03-23T12:49:29+00:00","og_image":[{"width":1000,"height":1000,"url":"https:\/\/espak.ee\/epood\/wp-content\/uploads\/2019\/06\/EPS-200SU.jpg","type":"image\/jpeg"}],"twitter_card":"summary_large_image","twitter_misc":{"Est. reading time":"1 minut"},"schema":{"@context":"https:\/\/schema.org","@graph":[{"@type":"WebPage","@id":"https:\/\/espak.ee\/epood\/toode\/vahtpolustureen-eps-200-50-foam-perimeeter-pluss-1006m\/","url":"https:\/\/espak.ee\/epood\/toode\/vahtpolustureen-eps-200-50-foam-perimeeter-pluss-1006m\/","name":"VAHTPOL\u00dcST\u00dcREEN EPS 200-50 FOAM 1,0*0,6M - Espak E-pood","isPartOf":{"@id":"https:\/\/espak.ee\/epood\/#website"},"primaryImageOfPage":{"@id":"https:\/\/espak.ee\/epood\/toode\/vahtpolustureen-eps-200-50-foam-perimeeter-pluss-1006m\/#primaryimage"},"image":{"@id":"https:\/\/espak.ee\/epood\/toode\/vahtpolustureen-eps-200-50-foam-perimeeter-pluss-1006m\/#primaryimage"},"thumbnailUrl":"https:\/\/espak.ee\/epood\/wp-content\/uploads\/2019\/06\/EPS-200SU.jpg","datePublished":"2020-11-06T00:16:07+00:00","dateModified":"2024-03-23T12:49:29+00:00","breadcrumb":{"@id":"https:\/\/espak.ee\/epood\/toode\/vahtpolustureen-eps-200-50-foam-perimeeter-pluss-1006m\/#breadcrumb"},"inLanguage":"et","potentialAction":[{"@type":"ReadAction","target":["https:\/\/espak.ee\/epood\/toode\/vahtpolustureen-eps-200-50-foam-perimeeter-pluss-1006m\/"]}]},{"@type":"ImageObject","inLanguage":"et","@id":"https:\/\/espak.ee\/epood\/toode\/vahtpolustureen-eps-200-50-foam-perimeeter-pluss-1006m\/#primaryimage","url":"https:\/\/espak.ee\/epood\/wp-content\/uploads\/2019\/06\/EPS-200SU.jpg","contentUrl":"https:\/\/espak.ee\/epood\/wp-content\/uploads\/2019\/06\/EPS-200SU.jpg","width":1000,"height":1000},{"@type":"BreadcrumbList","@id":"https:\/\/espak.ee\/epood\/toode\/vahtpolustureen-eps-200-50-foam-perimeeter-pluss-1006m\/#breadcrumb","itemListElement":[{"@type":"ListItem","position":1,"name":"Home","item":"https:\/\/espak.ee\/epood\/"},{"@type":"ListItem","position":2,"name":"Tootevalik","item":"https:\/\/espak.ee\/epood\/tootevalik\/"},{"@type":"ListItem","position":3,"name":"VAHTPOL\u00dcST\u00dcREEN EPS 200-50 FOAM 1,0*0,6M"}]},{"@type":"WebSite","@id":"https:\/\/espak.ee\/epood\/#website","url":"https:\/\/espak.ee\/epood\/","name":"Espak E-pood","description":"","potentialAction":[{"@type":"SearchAction","target":{"@type":"EntryPoint","urlTemplate":"https:\/\/espak.ee\/epood\/?s={search_term_string}"},"query-input":{"@type":"PropertyValueSpecification","valueRequired":true,"valueName":"search_term_string"}}],"inLanguage":"et"}]}},"_links":{"self":[{"href":"https:\/\/espak.ee\/epood\/wp-json\/wp\/v2\/product\/48276","targetHints":{"allow":["GET"]}}],"collection":[{"href":"https:\/\/espak.ee\/epood\/wp-json\/wp\/v2\/product"}],"about":[{"href":"https:\/\/espak.ee\/epood\/wp-json\/wp\/v2\/types\/product"}],"replies":[{"embeddable":true,"href":"https:\/\/espak.ee\/epood\/wp-json\/wp\/v2\/comments?post=48276"}],"wp:featuredmedia":[{"embeddable":true,"href":"https:\/\/espak.ee\/epood\/wp-json\/wp\/v2\/media\/189320"}],"wp:attachment":[{"href":"https:\/\/espak.ee\/epood\/wp-json\/wp\/v2\/media?parent=48276"}],"wp:term":[{"taxonomy":"product_brand","embeddable":true,"href":"https:\/\/espak.ee\/epood\/wp-json\/wp\/v2\/product_brand?post=48276"},{"taxonomy":"product_cat","embeddable":true,"href":"https:\/\/espak.ee\/epood\/wp-json\/wp\/v2\/product_cat?post=48276"},{"taxonomy":"product_tag","embeddable":true,"href":"https:\/\/espak.ee\/epood\/wp-json\/wp\/v2\/product_tag?post=48276"}],"curies":[{"name":"wp","href":"https:\/\/api.w.org\/{rel}","templated":true}]}}