{"id":47679,"date":"2020-10-28T07:27:46","date_gmt":"2020-10-28T05:27:46","guid":{"rendered":"https:\/\/espak.ee\/hinnakiri\/?post_type=product&#038;p=47679"},"modified":"2024-03-23T14:51:05","modified_gmt":"2024-03-23T12:51:05","slug":"laminaatparkett-d3000-8mm-kl32-naxos","status":"publish","type":"product","link":"https:\/\/espak.ee\/epood\/toode\/laminaatparkett-d3000-8mm-kl32-naxos\/","title":{"rendered":"LAMINAATPARKETT D3000 8MM KL32 NAXOS"},"content":{"rendered":"<div class=\"row\"  id=\"row-364004220\">\n\n\t<div id=\"col-312718421\" class=\"col medium-9 small-12 large-9\"  >\n\t\t\t\t<div class=\"col-inner\"  >\n\t\t\t\n\t\t\t\n<h3>LAMINAATPARKETT MEGA PLUS D3000 NAXOS <\/h3>\n<p>Kronotex MEGA PLUS kollektsioon on inimestele, kes armastavad erakordset. MEGA PLUS tootesari pakub teile laia valikut kiviplaatide v\u00e4limusega looduskivi dekooriga  ja  puidu imitatsiooniga paneele, millega saate luua eriti elavaid p\u00f5randamustreid.<br \/>\nSelle erineva kuju ja kujundusega laia valiku abil saab t\u00e4ita k\u00f5ik teie erisoovid. See t\u00e4hendab, et praktiliselt iga\u00fcks, kes soovib oma kodu kujundada eriti individuaalselt m\u00f5nev\u00f5rra ebatavalisema elustiiliga, saab oma ideed realiseerida.<br \/>\n Andke oma loovusele vabad k\u00e4ed!<\/p>\n<div class=\"message-box relative\" style=\"padding-top:15px;padding-bottom:15px;\"><div class=\"message-box-bg-image bg-fill fill\" ><\/div><div class=\"message-box-bg-overlay bg-fill fill\" ><\/div><div class=\"container relative\"><div class=\"inner last-reset\">\n<div class=\"row align-middle align-center\"  id=\"row-1799457145\">\n\n\t<div id=\"col-1922620884\" class=\"col small-12 large-12\"  >\n\t\t\t\t<div class=\"col-inner text-left\"  >\n\t\t\t\n\t\t\t\n<h4>Omadused<\/h4>\n<div class=\"row\"  id=\"row-2041997177\">\n\n\t<div id=\"col-1402607928\" class=\"col medium-6 small-12 large-6\"  >\n\t\t\t\t<div class=\"col-inner\"  >\n\t\t\t\n\t\t\t\n<p><i class=\"fa fa-check fa-2x\"><\/i> Sobilik keskmise koormusega \u00e4ripindadele<\/p>\n<p><i class=\"fa fa-check fa-2x\"><\/i> Plaadi imitatsiooniga<\/p>\n<p><i class=\"fa fa-check fa-2x\"><\/i> Sobib p\u00f5randak\u00fcttele<\/p>\n\t\t<\/div>\n\t\t\t\t\n<style>\n#col-1402607928 > .col-inner {\n  margin: 10px 0px 15px 0px;\n}\n<\/style>\n\t<\/div>\n\n\t\n\n\t<div id=\"col-1792851944\" class=\"col medium-6 small-12 large-6\"  >\n\t\t\t\t<div class=\"col-inner\"  >\n\t\t\t\n\t\t\t\n<p><i class=\"fa fa-check fa-2x\"><\/i> Ekstra laiad paneelid<\/p>\n<p><i class=\"fa fa-check fa-2x\"><\/i> Spetsiaalse pinnastruktuuriga<\/p>\n<p><i class=\"fa fa-check fa-2x\"><\/i> 4-st k\u00fcljest faasitud (V4) 45\u00b0 kaldservaga <\/p>\n\t\t<\/div>\n\t\t\t\t\n<style>\n#col-1792851944 > .col-inner {\n  margin: 10px 0px 15px 0px;\n}\n<\/style>\n\t<\/div>\n\n\t\n<\/div>\n\t\t<\/div>\n\t\t\t\t\t<\/div>\n\n\t\n<\/div>\n<\/div><\/div><\/div>\n\t<div id=\"gap-1519832908\" class=\"gap-element clearfix\" style=\"display:block; height:auto;\">\n\t\t\n<style>\n#gap-1519832908 {\n  padding-top: 30px;\n}\n<\/style>\n\t<\/div>\n\t\n\t\t<\/div>\n\t\t\t\t\t<\/div>\n\n\t\n\n\t<div id=\"col-971533048\" class=\"col medium-3 small-12 large-3\"  >\n\t\t\t\t<div class=\"col-inner\"  >\n\t\t\t\n\t\t\t\n\t<div id=\"gap-719885561\" class=\"gap-element clearfix\" style=\"display:block; height:auto;\">\n\t\t\n<style>\n#gap-719885561 {\n  padding-top: 30px;\n}\n<\/style>\n\t<\/div>\n\t\n<p><strong>\u00dcksikasjalikuma n\u00f5u saamiseks v\u00f5tke \u00fchendust:<br \/><\/strong>Espak AS<br \/>Viadukti 42<br \/>11313<br \/>Tallinn<br \/>+372 6 512333<\/p>\n\t\t<\/div>\n\t\t\t\t\t<\/div>\n\n\t\n<\/div>\n","protected":false},"excerpt":{"rendered":"","protected":false},"featured_media":47868,"comment_status":"closed","ping_status":"closed","template":"","meta":[],"product_brand":[],"product_cat":[3188,3189,3187,2683],"product_tag":[],"class_list":{"0":"post-47679","1":"product","2":"type-product","3":"status-publish","4":"has-post-thumbnail","6":"product_cat-laminaatparkett","7":"product_cat-laminaatparkett-8-mm","8":"product_cat-parketid","9":"product_cat-viimistluskaubad","10":"pa_kaubamark-kronotex-fussboden-gmbh-co","12":"first","13":"instock","14":"sale","15":"taxable","16":"shipping-taxable","17":"purchasable","18":"product-type-simple"},"yoast_head":"<!-- This site is optimized with the Yoast SEO plugin v26.9 - https:\/\/yoast.com\/product\/yoast-seo-wordpress\/ -->\n<title>LAMINAATPARKETT D3000 8MM KL32 NAXOS - Espak E-pood<\/title>\n<meta name=\"robots\" content=\"index, follow, max-snippet:-1, max-image-preview:large, max-video-preview:-1\" \/>\n<link rel=\"canonical\" href=\"https:\/\/espak.ee\/epood\/toode\/laminaatparkett-d3000-8mm-kl32-naxos\/\" \/>\n<meta property=\"og:locale\" content=\"et_EE\" \/>\n<meta property=\"og:type\" content=\"article\" \/>\n<meta property=\"og:title\" content=\"LAMINAATPARKETT D3000 8MM KL32 NAXOS - Espak E-pood\" \/>\n<meta property=\"og:url\" content=\"https:\/\/espak.ee\/epood\/toode\/laminaatparkett-d3000-8mm-kl32-naxos\/\" \/>\n<meta property=\"og:site_name\" content=\"Espak E-pood\" \/>\n<meta property=\"article:modified_time\" content=\"2024-03-23T12:51:05+00:00\" \/>\n<meta property=\"og:image\" content=\"https:\/\/espak.ee\/epood\/wp-content\/uploads\/D3000_1380_326_V4-Area_A2_CMYK_ECI.jpg-scaled.jpg\" \/>\n\t<meta property=\"og:image:width\" content=\"2048\" \/>\n\t<meta property=\"og:image:height\" content=\"2048\" \/>\n\t<meta property=\"og:image:type\" content=\"image\/jpeg\" \/>\n<meta name=\"twitter:card\" content=\"summary_large_image\" \/>\n<meta name=\"twitter:label1\" content=\"Est. reading time\" \/>\n\t<meta name=\"twitter:data1\" content=\"1 minut\" \/>\n<script type=\"application\/ld+json\" class=\"yoast-schema-graph\">{\"@context\":\"https:\/\/schema.org\",\"@graph\":[{\"@type\":\"WebPage\",\"@id\":\"https:\/\/espak.ee\/epood\/toode\/laminaatparkett-d3000-8mm-kl32-naxos\/\",\"url\":\"https:\/\/espak.ee\/epood\/toode\/laminaatparkett-d3000-8mm-kl32-naxos\/\",\"name\":\"LAMINAATPARKETT D3000 8MM KL32 NAXOS - Espak E-pood\",\"isPartOf\":{\"@id\":\"https:\/\/espak.ee\/epood\/#website\"},\"primaryImageOfPage\":{\"@id\":\"https:\/\/espak.ee\/epood\/toode\/laminaatparkett-d3000-8mm-kl32-naxos\/#primaryimage\"},\"image\":{\"@id\":\"https:\/\/espak.ee\/epood\/toode\/laminaatparkett-d3000-8mm-kl32-naxos\/#primaryimage\"},\"thumbnailUrl\":\"https:\/\/espak.ee\/epood\/wp-content\/uploads\/D3000_1380_326_V4-Area_A2_CMYK_ECI.jpg-scaled.jpg\",\"datePublished\":\"2020-10-28T05:27:46+00:00\",\"dateModified\":\"2024-03-23T12:51:05+00:00\",\"breadcrumb\":{\"@id\":\"https:\/\/espak.ee\/epood\/toode\/laminaatparkett-d3000-8mm-kl32-naxos\/#breadcrumb\"},\"inLanguage\":\"et\",\"potentialAction\":[{\"@type\":\"ReadAction\",\"target\":[\"https:\/\/espak.ee\/epood\/toode\/laminaatparkett-d3000-8mm-kl32-naxos\/\"]}]},{\"@type\":\"ImageObject\",\"inLanguage\":\"et\",\"@id\":\"https:\/\/espak.ee\/epood\/toode\/laminaatparkett-d3000-8mm-kl32-naxos\/#primaryimage\",\"url\":\"https:\/\/espak.ee\/epood\/wp-content\/uploads\/D3000_1380_326_V4-Area_A2_CMYK_ECI.jpg-scaled.jpg\",\"contentUrl\":\"https:\/\/espak.ee\/epood\/wp-content\/uploads\/D3000_1380_326_V4-Area_A2_CMYK_ECI.jpg-scaled.jpg\",\"width\":2048,\"height\":2048},{\"@type\":\"BreadcrumbList\",\"@id\":\"https:\/\/espak.ee\/epood\/toode\/laminaatparkett-d3000-8mm-kl32-naxos\/#breadcrumb\",\"itemListElement\":[{\"@type\":\"ListItem\",\"position\":1,\"name\":\"Home\",\"item\":\"https:\/\/espak.ee\/epood\/\"},{\"@type\":\"ListItem\",\"position\":2,\"name\":\"Tootevalik\",\"item\":\"https:\/\/espak.ee\/epood\/tootevalik\/\"},{\"@type\":\"ListItem\",\"position\":3,\"name\":\"LAMINAATPARKETT D3000 8MM KL32 NAXOS\"}]},{\"@type\":\"WebSite\",\"@id\":\"https:\/\/espak.ee\/epood\/#website\",\"url\":\"https:\/\/espak.ee\/epood\/\",\"name\":\"Espak E-pood\",\"description\":\"\",\"potentialAction\":[{\"@type\":\"SearchAction\",\"target\":{\"@type\":\"EntryPoint\",\"urlTemplate\":\"https:\/\/espak.ee\/epood\/?s={search_term_string}\"},\"query-input\":{\"@type\":\"PropertyValueSpecification\",\"valueRequired\":true,\"valueName\":\"search_term_string\"}}],\"inLanguage\":\"et\"}]}<\/script>\n<!-- \/ Yoast SEO plugin. -->","yoast_head_json":{"title":"LAMINAATPARKETT D3000 8MM KL32 NAXOS - Espak E-pood","robots":{"index":"index","follow":"follow","max-snippet":"max-snippet:-1","max-image-preview":"max-image-preview:large","max-video-preview":"max-video-preview:-1"},"canonical":"https:\/\/espak.ee\/epood\/toode\/laminaatparkett-d3000-8mm-kl32-naxos\/","og_locale":"et_EE","og_type":"article","og_title":"LAMINAATPARKETT D3000 8MM KL32 NAXOS - Espak E-pood","og_url":"https:\/\/espak.ee\/epood\/toode\/laminaatparkett-d3000-8mm-kl32-naxos\/","og_site_name":"Espak E-pood","article_modified_time":"2024-03-23T12:51:05+00:00","og_image":[{"width":2048,"height":2048,"url":"https:\/\/espak.ee\/epood\/wp-content\/uploads\/D3000_1380_326_V4-Area_A2_CMYK_ECI.jpg-scaled.jpg","type":"image\/jpeg"}],"twitter_card":"summary_large_image","twitter_misc":{"Est. reading time":"1 minut"},"schema":{"@context":"https:\/\/schema.org","@graph":[{"@type":"WebPage","@id":"https:\/\/espak.ee\/epood\/toode\/laminaatparkett-d3000-8mm-kl32-naxos\/","url":"https:\/\/espak.ee\/epood\/toode\/laminaatparkett-d3000-8mm-kl32-naxos\/","name":"LAMINAATPARKETT D3000 8MM KL32 NAXOS - Espak E-pood","isPartOf":{"@id":"https:\/\/espak.ee\/epood\/#website"},"primaryImageOfPage":{"@id":"https:\/\/espak.ee\/epood\/toode\/laminaatparkett-d3000-8mm-kl32-naxos\/#primaryimage"},"image":{"@id":"https:\/\/espak.ee\/epood\/toode\/laminaatparkett-d3000-8mm-kl32-naxos\/#primaryimage"},"thumbnailUrl":"https:\/\/espak.ee\/epood\/wp-content\/uploads\/D3000_1380_326_V4-Area_A2_CMYK_ECI.jpg-scaled.jpg","datePublished":"2020-10-28T05:27:46+00:00","dateModified":"2024-03-23T12:51:05+00:00","breadcrumb":{"@id":"https:\/\/espak.ee\/epood\/toode\/laminaatparkett-d3000-8mm-kl32-naxos\/#breadcrumb"},"inLanguage":"et","potentialAction":[{"@type":"ReadAction","target":["https:\/\/espak.ee\/epood\/toode\/laminaatparkett-d3000-8mm-kl32-naxos\/"]}]},{"@type":"ImageObject","inLanguage":"et","@id":"https:\/\/espak.ee\/epood\/toode\/laminaatparkett-d3000-8mm-kl32-naxos\/#primaryimage","url":"https:\/\/espak.ee\/epood\/wp-content\/uploads\/D3000_1380_326_V4-Area_A2_CMYK_ECI.jpg-scaled.jpg","contentUrl":"https:\/\/espak.ee\/epood\/wp-content\/uploads\/D3000_1380_326_V4-Area_A2_CMYK_ECI.jpg-scaled.jpg","width":2048,"height":2048},{"@type":"BreadcrumbList","@id":"https:\/\/espak.ee\/epood\/toode\/laminaatparkett-d3000-8mm-kl32-naxos\/#breadcrumb","itemListElement":[{"@type":"ListItem","position":1,"name":"Home","item":"https:\/\/espak.ee\/epood\/"},{"@type":"ListItem","position":2,"name":"Tootevalik","item":"https:\/\/espak.ee\/epood\/tootevalik\/"},{"@type":"ListItem","position":3,"name":"LAMINAATPARKETT D3000 8MM KL32 NAXOS"}]},{"@type":"WebSite","@id":"https:\/\/espak.ee\/epood\/#website","url":"https:\/\/espak.ee\/epood\/","name":"Espak E-pood","description":"","potentialAction":[{"@type":"SearchAction","target":{"@type":"EntryPoint","urlTemplate":"https:\/\/espak.ee\/epood\/?s={search_term_string}"},"query-input":{"@type":"PropertyValueSpecification","valueRequired":true,"valueName":"search_term_string"}}],"inLanguage":"et"}]}},"_links":{"self":[{"href":"https:\/\/espak.ee\/epood\/wp-json\/wp\/v2\/product\/47679","targetHints":{"allow":["GET"]}}],"collection":[{"href":"https:\/\/espak.ee\/epood\/wp-json\/wp\/v2\/product"}],"about":[{"href":"https:\/\/espak.ee\/epood\/wp-json\/wp\/v2\/types\/product"}],"replies":[{"embeddable":true,"href":"https:\/\/espak.ee\/epood\/wp-json\/wp\/v2\/comments?post=47679"}],"wp:featuredmedia":[{"embeddable":true,"href":"https:\/\/espak.ee\/epood\/wp-json\/wp\/v2\/media\/47868"}],"wp:attachment":[{"href":"https:\/\/espak.ee\/epood\/wp-json\/wp\/v2\/media?parent=47679"}],"wp:term":[{"taxonomy":"product_brand","embeddable":true,"href":"https:\/\/espak.ee\/epood\/wp-json\/wp\/v2\/product_brand?post=47679"},{"taxonomy":"product_cat","embeddable":true,"href":"https:\/\/espak.ee\/epood\/wp-json\/wp\/v2\/product_cat?post=47679"},{"taxonomy":"product_tag","embeddable":true,"href":"https:\/\/espak.ee\/epood\/wp-json\/wp\/v2\/product_tag?post=47679"}],"curies":[{"name":"wp","href":"https:\/\/api.w.org\/{rel}","templated":true}]}}