{"id":47645,"date":"2020-10-28T07:27:32","date_gmt":"2020-10-28T05:27:32","guid":{"rendered":"https:\/\/espak.ee\/hinnakiri\/?post_type=product&#038;p=47645"},"modified":"2024-03-23T14:51:08","modified_gmt":"2024-03-23T12:51:08","slug":"akuhoovel-einhell-te-pl-18-82-li-solo","status":"publish","type":"product","link":"https:\/\/espak.ee\/epood\/toode\/akuhoovel-einhell-te-pl-18-82-li-solo\/","title":{"rendered":"AKUH\u00d6\u00d6VEL EINHELL TE-PL 18\/82 LI SOLO"},"content":{"rendered":"<div class=\"row\"  id=\"row-491550945\">\n\n\t<div id=\"col-1725797019\" class=\"col medium-9 small-12 large-9\"  >\n\t\t\t\t<div class=\"col-inner\"  >\n\t\t\t\n\t\t\t\n<div class=\"message-box relative\" style=\"padding-top:15px;padding-bottom:15px;\"><div class=\"message-box-bg-image bg-fill fill\" ><\/div><div class=\"message-box-bg-overlay bg-fill fill\" ><\/div><div class=\"container relative\"><div class=\"inner last-reset\">\n<div class=\"row align-middle align-center\"  id=\"row-1413403771\">\n\n\t<div id=\"col-93178140\" class=\"col small-12 large-12\"  >\n\t\t\t\t<div class=\"col-inner text-left\"  >\n\t\t\t\n\t\t\t\n<h4>Omadused<\/h4>\n<div class=\"row\"  id=\"row-745404471\">\n\n\t<div id=\"col-33912946\" class=\"col medium-6 small-12 large-6\"  >\n\t\t\t\t<div class=\"col-inner\"  >\n\t\t\t\n\t\t\t\n<p><i class=\"far fa-check-circle fa-2x\"><\/i><strong>\u00a0Power X-Change tootepere liige<\/strong><\/p>\n<p><i class=\"far fa-check-circle fa-2x\"><\/i><strong> Suur terahoidik parema h\u00f6\u00f6veldamise tulemuseks\u00a0<\/strong><\/p>\n<p><i class=\"far fa-check-circle fa-2x\"><\/i><strong> Ergonoomiline k\u00e4epide kergendab t\u00f6\u00f6 tegemist <\/strong><\/p>\n<p><i class=\"far fa-check-circle fa-2x\"><\/i><strong> Komplekt sisaldab k\u00fcljepiirajat, s\u00fcgavusepiirajat j\u00e4tkamiseks, 1x TCT h\u00f6\u00f6vlitera\u00a0<\/strong><\/p>\n<p><i class=\"far fa-check-circle fa-2x\"><\/i><strong> Komplekt tarnitakse ILMA aku ja akulaadurita\u00a0<\/strong><\/p>\n\t\t<\/div>\n\t\t\t\t\n<style>\n#col-33912946 > .col-inner {\n  margin: 0px 0px 15px 0px;\n}\n<\/style>\n\t<\/div>\n\n\t\n\n\t<div id=\"col-643734246\" class=\"col medium-6 small-12 large-6\"  >\n\t\t\t\t<div class=\"col-inner\"  >\n\t\t\t\n\t\t\t\n<p><i class=\"far fa-check-circle fa-2x\"><\/i><strong> V\u00f5imas aku k\u00e4sih\u00f6\u00f6vel, mis v\u00f5imaldab teha t\u00f6id kuni 2 mm laastu paksuseni <\/strong><\/p>\n<p><i class=\"far fa-check-circle fa-2x\"><\/i><strong> Alumiiniumist tald koos 1 V-kujulise soonega \u00e4\u00e4rte servamiseks\u00a0<\/strong><\/p>\n<p><i class=\"far fa-check-circle fa-2x\"><\/i><strong> Turvaline ja kasutajas\u00f5bralik k\u00e4sitlemine t\u00e4nu pehmendatud k\u00e4epidemele\u00a0<\/strong><\/p>\n<p><i class=\"far fa-check-circle fa-2x\"><\/i><strong> Optimaalse tulemuse saavutamiseks soovituslikult v\u00e4hemalt 2,5 Ah akud\u00a0<\/strong><\/p>\n\t\t<\/div>\n\t\t\t\t\n<style>\n#col-643734246 > .col-inner {\n  margin: 0px 0px 15px 0px;\n}\n<\/style>\n\t<\/div>\n\n\t\n<\/div>\n\t\t<\/div>\n\t\t\t\t\t<\/div>\n\n\t\n<\/div>\n<\/div><\/div><\/div>\n\t<div id=\"gap-1864254943\" class=\"gap-element clearfix\" style=\"display:block; height:auto;\">\n\t\t\n<style>\n#gap-1864254943 {\n  padding-top: 30px;\n}\n<\/style>\n\t<\/div>\n\t\n\t<div id=\"gap-2054075072\" class=\"gap-element clearfix\" style=\"display:block; height:auto;\">\n\t\t\n<style>\n#gap-2054075072 {\n  padding-top: 30px;\n}\n<\/style>\n\t<\/div>\n\t\n\t\t<\/div>\n\t\t\t\t\t<\/div>\n\n\t\n\n\t<div id=\"col-134368721\" class=\"col medium-3 small-12 large-3\"  >\n\t\t\t\t<div class=\"col-inner\"  >\n\t\t\t\n\t\t\t\n<img decoding=\"async\" src=\"https:\/\/espak.ee\/epood\/wp-content\/uploads\/2020\/04\/Power-x-change-logo.jpg\" alt=\"\" width=\"1772\" height=\"343\" class=\"alignnone size-full wp-image-97311\" srcset=\"https:\/\/espak.ee\/epood\/wp-content\/uploads\/2020\/04\/Power-x-change-logo.jpg 1772w, https:\/\/espak.ee\/epood\/wp-content\/uploads\/2020\/04\/Power-x-change-logo-500x97.jpg 500w, https:\/\/espak.ee\/epood\/wp-content\/uploads\/2020\/04\/Power-x-change-logo-769x149.jpg 769w, https:\/\/espak.ee\/epood\/wp-content\/uploads\/2020\/04\/Power-x-change-logo-300x58.jpg 300w, https:\/\/espak.ee\/epood\/wp-content\/uploads\/2020\/04\/Power-x-change-logo-1024x198.jpg 1024w, https:\/\/espak.ee\/epood\/wp-content\/uploads\/2020\/04\/Power-x-change-logo-150x29.jpg 150w, https:\/\/espak.ee\/epood\/wp-content\/uploads\/2020\/04\/Power-x-change-logo-768x149.jpg 768w, https:\/\/espak.ee\/epood\/wp-content\/uploads\/2020\/04\/Power-x-change-logo-1536x297.jpg 1536w\" sizes=\"(max-width: 1772px) 100vw, 1772px\" \/><br \/>\n<div class=\"is-divider divider clearfix\" ><\/div>\n<h3>Kasutusjuhend<\/h3>\n<p><a href=\"https:\/\/espak.ee\/epood\/wp-content\/uploads\/Akuhoovel-Einhell-TE-PL-18-82-Li-4345400-est.pdf\" target=\"_blank\" rel=\"noopener noreferrer\"><i class=\"far fa-file-pdf\"><\/i> Kasutusjuhend (PDF)<\/a><\/p>\n<div class=\"is-divider divider clearfix\" ><\/div>\n<p><strong>\u00dcksikasjalikuma n\u00f5u saamiseks v\u00f5tke \u00fchendust:<br \/><\/strong>Espak AS<br \/>Viadukti 42<br \/>11313<br \/>Tallinn<br \/>+372 6 512333<\/p>\n\t\t<\/div>\n\t\t\t\t\t<\/div>\n\n\t\n<\/div>\n","protected":false},"excerpt":{"rendered":"","protected":false},"featured_media":58147,"comment_status":"closed","ping_status":"closed","template":"","meta":[],"product_brand":[],"product_cat":[2736,2733,2680,2679],"product_tag":[],"class_list":{"0":"post-47645","1":"product","2":"type-product","3":"status-publish","4":"has-post-thumbnail","6":"product_cat-akuhoovlid","7":"product_cat-akutooriistad","8":"product_cat-elektritooriistad","9":"product_cat-tooriistad","10":"pa_kaubamark-einhell","12":"first","13":"instock","14":"sale","15":"taxable","16":"shipping-taxable","17":"purchasable","18":"product-type-simple"},"yoast_head":"<!-- This site is optimized with the Yoast SEO plugin v26.9 - https:\/\/yoast.com\/product\/yoast-seo-wordpress\/ -->\n<title>AKUH\u00d6\u00d6VEL EINHELL TE-PL 18\/82 LI SOLO - Espak E-pood<\/title>\n<meta name=\"robots\" content=\"index, follow, max-snippet:-1, max-image-preview:large, max-video-preview:-1\" \/>\n<link rel=\"canonical\" href=\"https:\/\/espak.ee\/epood\/toode\/akuhoovel-einhell-te-pl-18-82-li-solo\/\" \/>\n<meta property=\"og:locale\" content=\"et_EE\" \/>\n<meta property=\"og:type\" content=\"article\" \/>\n<meta property=\"og:title\" content=\"AKUH\u00d6\u00d6VEL EINHELL TE-PL 18\/82 LI SOLO - Espak E-pood\" \/>\n<meta property=\"og:url\" content=\"https:\/\/espak.ee\/epood\/toode\/akuhoovel-einhell-te-pl-18-82-li-solo\/\" \/>\n<meta property=\"og:site_name\" content=\"Espak E-pood\" \/>\n<meta property=\"article:modified_time\" content=\"2024-03-23T12:51:08+00:00\" \/>\n<meta property=\"og:image\" content=\"https:\/\/espak.ee\/epood\/wp-content\/uploads\/4345400_11019_001_TE_PL_18_82_Li_RAL3002_Pic-1024x866.jpg\" \/>\n\t<meta property=\"og:image:width\" content=\"1024\" \/>\n\t<meta property=\"og:image:height\" content=\"866\" \/>\n\t<meta property=\"og:image:type\" content=\"image\/jpeg\" \/>\n<meta name=\"twitter:card\" content=\"summary_large_image\" \/>\n<meta name=\"twitter:label1\" content=\"Est. reading time\" \/>\n\t<meta name=\"twitter:data1\" content=\"1 minut\" \/>\n<script type=\"application\/ld+json\" class=\"yoast-schema-graph\">{\"@context\":\"https:\/\/schema.org\",\"@graph\":[{\"@type\":\"WebPage\",\"@id\":\"https:\/\/espak.ee\/epood\/toode\/akuhoovel-einhell-te-pl-18-82-li-solo\/\",\"url\":\"https:\/\/espak.ee\/epood\/toode\/akuhoovel-einhell-te-pl-18-82-li-solo\/\",\"name\":\"AKUH\u00d6\u00d6VEL EINHELL TE-PL 18\/82 LI SOLO - Espak E-pood\",\"isPartOf\":{\"@id\":\"https:\/\/espak.ee\/epood\/#website\"},\"primaryImageOfPage\":{\"@id\":\"https:\/\/espak.ee\/epood\/toode\/akuhoovel-einhell-te-pl-18-82-li-solo\/#primaryimage\"},\"image\":{\"@id\":\"https:\/\/espak.ee\/epood\/toode\/akuhoovel-einhell-te-pl-18-82-li-solo\/#primaryimage\"},\"thumbnailUrl\":\"https:\/\/espak.ee\/epood\/wp-content\/uploads\/4345400_11019_001_TE_PL_18_82_Li_RAL3002_Pic.jpg\",\"datePublished\":\"2020-10-28T05:27:32+00:00\",\"dateModified\":\"2024-03-23T12:51:08+00:00\",\"breadcrumb\":{\"@id\":\"https:\/\/espak.ee\/epood\/toode\/akuhoovel-einhell-te-pl-18-82-li-solo\/#breadcrumb\"},\"inLanguage\":\"et\",\"potentialAction\":[{\"@type\":\"ReadAction\",\"target\":[\"https:\/\/espak.ee\/epood\/toode\/akuhoovel-einhell-te-pl-18-82-li-solo\/\"]}]},{\"@type\":\"ImageObject\",\"inLanguage\":\"et\",\"@id\":\"https:\/\/espak.ee\/epood\/toode\/akuhoovel-einhell-te-pl-18-82-li-solo\/#primaryimage\",\"url\":\"https:\/\/espak.ee\/epood\/wp-content\/uploads\/4345400_11019_001_TE_PL_18_82_Li_RAL3002_Pic.jpg\",\"contentUrl\":\"https:\/\/espak.ee\/epood\/wp-content\/uploads\/4345400_11019_001_TE_PL_18_82_Li_RAL3002_Pic.jpg\",\"width\":1772,\"height\":1499},{\"@type\":\"BreadcrumbList\",\"@id\":\"https:\/\/espak.ee\/epood\/toode\/akuhoovel-einhell-te-pl-18-82-li-solo\/#breadcrumb\",\"itemListElement\":[{\"@type\":\"ListItem\",\"position\":1,\"name\":\"Home\",\"item\":\"https:\/\/espak.ee\/epood\/\"},{\"@type\":\"ListItem\",\"position\":2,\"name\":\"Tootevalik\",\"item\":\"https:\/\/espak.ee\/epood\/tootevalik\/\"},{\"@type\":\"ListItem\",\"position\":3,\"name\":\"AKUH\u00d6\u00d6VEL EINHELL TE-PL 18\/82 LI SOLO\"}]},{\"@type\":\"WebSite\",\"@id\":\"https:\/\/espak.ee\/epood\/#website\",\"url\":\"https:\/\/espak.ee\/epood\/\",\"name\":\"Espak E-pood\",\"description\":\"\",\"potentialAction\":[{\"@type\":\"SearchAction\",\"target\":{\"@type\":\"EntryPoint\",\"urlTemplate\":\"https:\/\/espak.ee\/epood\/?s={search_term_string}\"},\"query-input\":{\"@type\":\"PropertyValueSpecification\",\"valueRequired\":true,\"valueName\":\"search_term_string\"}}],\"inLanguage\":\"et\"}]}<\/script>\n<!-- \/ Yoast SEO plugin. -->","yoast_head_json":{"title":"AKUH\u00d6\u00d6VEL EINHELL TE-PL 18\/82 LI SOLO - Espak E-pood","robots":{"index":"index","follow":"follow","max-snippet":"max-snippet:-1","max-image-preview":"max-image-preview:large","max-video-preview":"max-video-preview:-1"},"canonical":"https:\/\/espak.ee\/epood\/toode\/akuhoovel-einhell-te-pl-18-82-li-solo\/","og_locale":"et_EE","og_type":"article","og_title":"AKUH\u00d6\u00d6VEL EINHELL TE-PL 18\/82 LI SOLO - Espak E-pood","og_url":"https:\/\/espak.ee\/epood\/toode\/akuhoovel-einhell-te-pl-18-82-li-solo\/","og_site_name":"Espak E-pood","article_modified_time":"2024-03-23T12:51:08+00:00","og_image":[{"width":1024,"height":866,"url":"https:\/\/espak.ee\/epood\/wp-content\/uploads\/4345400_11019_001_TE_PL_18_82_Li_RAL3002_Pic-1024x866.jpg","type":"image\/jpeg"}],"twitter_card":"summary_large_image","twitter_misc":{"Est. reading time":"1 minut"},"schema":{"@context":"https:\/\/schema.org","@graph":[{"@type":"WebPage","@id":"https:\/\/espak.ee\/epood\/toode\/akuhoovel-einhell-te-pl-18-82-li-solo\/","url":"https:\/\/espak.ee\/epood\/toode\/akuhoovel-einhell-te-pl-18-82-li-solo\/","name":"AKUH\u00d6\u00d6VEL EINHELL TE-PL 18\/82 LI SOLO - Espak E-pood","isPartOf":{"@id":"https:\/\/espak.ee\/epood\/#website"},"primaryImageOfPage":{"@id":"https:\/\/espak.ee\/epood\/toode\/akuhoovel-einhell-te-pl-18-82-li-solo\/#primaryimage"},"image":{"@id":"https:\/\/espak.ee\/epood\/toode\/akuhoovel-einhell-te-pl-18-82-li-solo\/#primaryimage"},"thumbnailUrl":"https:\/\/espak.ee\/epood\/wp-content\/uploads\/4345400_11019_001_TE_PL_18_82_Li_RAL3002_Pic.jpg","datePublished":"2020-10-28T05:27:32+00:00","dateModified":"2024-03-23T12:51:08+00:00","breadcrumb":{"@id":"https:\/\/espak.ee\/epood\/toode\/akuhoovel-einhell-te-pl-18-82-li-solo\/#breadcrumb"},"inLanguage":"et","potentialAction":[{"@type":"ReadAction","target":["https:\/\/espak.ee\/epood\/toode\/akuhoovel-einhell-te-pl-18-82-li-solo\/"]}]},{"@type":"ImageObject","inLanguage":"et","@id":"https:\/\/espak.ee\/epood\/toode\/akuhoovel-einhell-te-pl-18-82-li-solo\/#primaryimage","url":"https:\/\/espak.ee\/epood\/wp-content\/uploads\/4345400_11019_001_TE_PL_18_82_Li_RAL3002_Pic.jpg","contentUrl":"https:\/\/espak.ee\/epood\/wp-content\/uploads\/4345400_11019_001_TE_PL_18_82_Li_RAL3002_Pic.jpg","width":1772,"height":1499},{"@type":"BreadcrumbList","@id":"https:\/\/espak.ee\/epood\/toode\/akuhoovel-einhell-te-pl-18-82-li-solo\/#breadcrumb","itemListElement":[{"@type":"ListItem","position":1,"name":"Home","item":"https:\/\/espak.ee\/epood\/"},{"@type":"ListItem","position":2,"name":"Tootevalik","item":"https:\/\/espak.ee\/epood\/tootevalik\/"},{"@type":"ListItem","position":3,"name":"AKUH\u00d6\u00d6VEL EINHELL TE-PL 18\/82 LI SOLO"}]},{"@type":"WebSite","@id":"https:\/\/espak.ee\/epood\/#website","url":"https:\/\/espak.ee\/epood\/","name":"Espak E-pood","description":"","potentialAction":[{"@type":"SearchAction","target":{"@type":"EntryPoint","urlTemplate":"https:\/\/espak.ee\/epood\/?s={search_term_string}"},"query-input":{"@type":"PropertyValueSpecification","valueRequired":true,"valueName":"search_term_string"}}],"inLanguage":"et"}]}},"_links":{"self":[{"href":"https:\/\/espak.ee\/epood\/wp-json\/wp\/v2\/product\/47645","targetHints":{"allow":["GET"]}}],"collection":[{"href":"https:\/\/espak.ee\/epood\/wp-json\/wp\/v2\/product"}],"about":[{"href":"https:\/\/espak.ee\/epood\/wp-json\/wp\/v2\/types\/product"}],"replies":[{"embeddable":true,"href":"https:\/\/espak.ee\/epood\/wp-json\/wp\/v2\/comments?post=47645"}],"wp:featuredmedia":[{"embeddable":true,"href":"https:\/\/espak.ee\/epood\/wp-json\/wp\/v2\/media\/58147"}],"wp:attachment":[{"href":"https:\/\/espak.ee\/epood\/wp-json\/wp\/v2\/media?parent=47645"}],"wp:term":[{"taxonomy":"product_brand","embeddable":true,"href":"https:\/\/espak.ee\/epood\/wp-json\/wp\/v2\/product_brand?post=47645"},{"taxonomy":"product_cat","embeddable":true,"href":"https:\/\/espak.ee\/epood\/wp-json\/wp\/v2\/product_cat?post=47645"},{"taxonomy":"product_tag","embeddable":true,"href":"https:\/\/espak.ee\/epood\/wp-json\/wp\/v2\/product_tag?post=47645"}],"curies":[{"name":"wp","href":"https:\/\/api.w.org\/{rel}","templated":true}]}}