{"id":47447,"date":"2020-10-27T07:34:01","date_gmt":"2020-10-27T05:34:01","guid":{"rendered":"https:\/\/espak.ee\/hinnakiri\/?post_type=product&#038;p=47447"},"modified":"2026-01-23T13:54:43","modified_gmt":"2026-01-23T11:54:43","slug":"ventilaator-vents-tt-125st","status":"publish","type":"product","link":"https:\/\/espak.ee\/epood\/toode\/ventilaator-vents-tt-125st\/","title":{"rendered":"VENTILAATOR VENTS TT 125ST"},"content":{"rendered":"<div class=\"row\"  id=\"row-2026921912\">\n\n\t<div id=\"col-758693639\" class=\"col medium-9 small-12 large-9\"  >\n\t\t\t\t<div class=\"col-inner\"  >\n\t\t\t\n\t\t\t\n<h3>Ventilaator Vents TT 125 ST <\/h3>\n<p>Ventilaatorid VENTS TT on aksiaal- ja tsentrifugaalventilaatorite laia v\u00f5imekuse ja suure j\u00f5udlusega ning on spetsiaalselt ette n\u00e4htud k\u00f5rget r\u00f5hku, v\u00f5imsat \u00f5huvoolu ja madalat m\u00fcrataset vajavate ruumide sisse- ja v\u00e4ljat\u00f5mbeventilatsiooniks.<br \/>\nVentilaatoritel VENTS TT p\u00f5hinevad v\u00e4ljat\u00f5mbeventilatsioonis\u00fcsteemid on parim lahendus vannitubade ja k\u00f6\u00f6kide ning muude niiskete ruumide ventilatsiooniks, aga ka korterite, suvilate, kaupluste, kohvikute jms ventilatsiooniks.<br \/>\nVentilaatoril on taimer, mis v\u00f5imaldab j\u00e4tkata t\u00f6\u00f6d 2-30 minutit peale v\u00e4ljal\u00fclitamist.<br \/>\nM\u00fcratase 3m kauguselt (min\/max): 31\/42 dB.<br \/>\n\u00d5hu l\u00e4bilaskev\u00f5ime (min\/max): 295\/440 m3\/h.<br \/>\nP\u00f6\u00f6retearv (min\/max): 1850\/2510 p\/min.<br \/>\nKaitseklass: IP X4. <\/p>\n<p><img decoding=\"async\" src=\"https:\/\/espak.ee\/epood\/wp-content\/uploads\/2020\/10\/312schema2.jpg\" alt=\"\" width=\"280\" height=\"258\" class=\"alignnone size-full wp-image-148805\" srcset=\"https:\/\/espak.ee\/epood\/wp-content\/uploads\/2020\/10\/312schema2.jpg 280w, https:\/\/espak.ee\/epood\/wp-content\/uploads\/2020\/10\/312schema2-150x138.jpg 150w\" sizes=\"(max-width: 280px) 100vw, 280px\" \/><br \/>\n\u00d8 D &#8211; 123 mm<br \/>\nB &#8211; 223\tmm<br \/>\nH &#8211; 250\tmm<br \/>\nL &#8211; 295\tmm\n<\/p>\n\t\t<\/div>\n\t\t\t\t\t<\/div>\n\n\t\n\n\t<div id=\"col-1225600306\" class=\"col medium-3 small-12 large-3\"  >\n\t\t\t\t<div class=\"col-inner\"  >\n\t\t\t\n\t\t\t\n\t<div id=\"gap-872670561\" class=\"gap-element clearfix\" style=\"display:block; height:auto;\">\n\t\t\n<style>\n#gap-872670561 {\n  padding-top: 30px;\n}\n<\/style>\n\t<\/div>\n\t\n<h3>Kasutusjuhend<\/h3>\n<p><a href=\"https:\/\/espak.ee\/epood\/wp-content\/uploads\/2020\/10\/VENTS-TT.pdf\"target=\"_blank\" rel=\"noopener noreferrer\"><i class=\"far fa-file-pdf\"><\/i> Kasutusjuhend (PDF)<\/a><\/p>\n<div class=\"is-divider divider clearfix\" ><\/div>\n<p><strong>\u00dcksikasjalikuma n\u00f5u saamiseks v\u00f5tke \u00fchendust:<br \/><\/strong>Espak AS<br \/>Viadukti 42<br \/>11313<br \/>Tallinn<br \/>+372 6 512333<\/p>\n<div class=\"is-divider divider clearfix\" ><\/div>\n\t\t<\/div>\n\t\t\t\t\t<\/div>\n\n\t\n<\/div>\n","protected":false},"excerpt":{"rendered":"","protected":false},"featured_media":148806,"comment_status":"closed","ping_status":"closed","template":"","meta":[],"product_brand":[],"product_cat":[3070,3418,3419,3398],"product_tag":[],"class_list":{"0":"post-47447","1":"product","2":"type-product","3":"status-publish","4":"has-post-thumbnail","6":"product_cat-kute-ja-ventilatsioon","7":"product_cat-toostusventilaatorid","8":"product_cat-toostusventilaatorid-vents","9":"product_cat-ventilatsioon","10":"pa_kaubamark-ventilation-systems","12":"first","13":"outofstock","14":"sale","15":"taxable","16":"shipping-taxable","17":"purchasable","18":"product-type-simple"},"yoast_head":"<!-- This site is optimized with the Yoast SEO plugin v26.9 - https:\/\/yoast.com\/product\/yoast-seo-wordpress\/ -->\n<title>VENTILAATOR VENTS TT 125ST - Espak E-pood<\/title>\n<meta name=\"robots\" content=\"index, follow, max-snippet:-1, max-image-preview:large, max-video-preview:-1\" \/>\n<link rel=\"canonical\" href=\"https:\/\/espak.ee\/epood\/toode\/ventilaator-vents-tt-125st\/\" \/>\n<meta property=\"og:locale\" content=\"et_EE\" \/>\n<meta property=\"og:type\" content=\"article\" \/>\n<meta property=\"og:title\" content=\"VENTILAATOR VENTS TT 125ST - Espak E-pood\" \/>\n<meta property=\"og:url\" content=\"https:\/\/espak.ee\/epood\/toode\/ventilaator-vents-tt-125st\/\" \/>\n<meta property=\"og:site_name\" content=\"Espak E-pood\" \/>\n<meta property=\"article:modified_time\" content=\"2026-01-23T11:54:43+00:00\" \/>\n<meta property=\"og:image\" content=\"https:\/\/espak.ee\/epood\/wp-content\/uploads\/2020\/10\/tt_125_800x8005.png\" \/>\n\t<meta property=\"og:image:width\" content=\"800\" \/>\n\t<meta property=\"og:image:height\" content=\"800\" \/>\n\t<meta property=\"og:image:type\" content=\"image\/png\" \/>\n<meta name=\"twitter:card\" content=\"summary_large_image\" \/>\n<meta name=\"twitter:label1\" content=\"Est. reading time\" \/>\n\t<meta name=\"twitter:data1\" content=\"1 minut\" \/>\n<script type=\"application\/ld+json\" class=\"yoast-schema-graph\">{\"@context\":\"https:\/\/schema.org\",\"@graph\":[{\"@type\":\"WebPage\",\"@id\":\"https:\/\/espak.ee\/epood\/toode\/ventilaator-vents-tt-125st\/\",\"url\":\"https:\/\/espak.ee\/epood\/toode\/ventilaator-vents-tt-125st\/\",\"name\":\"VENTILAATOR VENTS TT 125ST - Espak E-pood\",\"isPartOf\":{\"@id\":\"https:\/\/espak.ee\/epood\/#website\"},\"primaryImageOfPage\":{\"@id\":\"https:\/\/espak.ee\/epood\/toode\/ventilaator-vents-tt-125st\/#primaryimage\"},\"image\":{\"@id\":\"https:\/\/espak.ee\/epood\/toode\/ventilaator-vents-tt-125st\/#primaryimage\"},\"thumbnailUrl\":\"https:\/\/espak.ee\/epood\/wp-content\/uploads\/2020\/10\/tt_125_800x8005.png\",\"datePublished\":\"2020-10-27T05:34:01+00:00\",\"dateModified\":\"2026-01-23T11:54:43+00:00\",\"breadcrumb\":{\"@id\":\"https:\/\/espak.ee\/epood\/toode\/ventilaator-vents-tt-125st\/#breadcrumb\"},\"inLanguage\":\"et\",\"potentialAction\":[{\"@type\":\"ReadAction\",\"target\":[\"https:\/\/espak.ee\/epood\/toode\/ventilaator-vents-tt-125st\/\"]}]},{\"@type\":\"ImageObject\",\"inLanguage\":\"et\",\"@id\":\"https:\/\/espak.ee\/epood\/toode\/ventilaator-vents-tt-125st\/#primaryimage\",\"url\":\"https:\/\/espak.ee\/epood\/wp-content\/uploads\/2020\/10\/tt_125_800x8005.png\",\"contentUrl\":\"https:\/\/espak.ee\/epood\/wp-content\/uploads\/2020\/10\/tt_125_800x8005.png\",\"width\":800,\"height\":800},{\"@type\":\"BreadcrumbList\",\"@id\":\"https:\/\/espak.ee\/epood\/toode\/ventilaator-vents-tt-125st\/#breadcrumb\",\"itemListElement\":[{\"@type\":\"ListItem\",\"position\":1,\"name\":\"Home\",\"item\":\"https:\/\/espak.ee\/epood\/\"},{\"@type\":\"ListItem\",\"position\":2,\"name\":\"Tootevalik\",\"item\":\"https:\/\/espak.ee\/epood\/tootevalik\/\"},{\"@type\":\"ListItem\",\"position\":3,\"name\":\"VENTILAATOR VENTS TT 125ST\"}]},{\"@type\":\"WebSite\",\"@id\":\"https:\/\/espak.ee\/epood\/#website\",\"url\":\"https:\/\/espak.ee\/epood\/\",\"name\":\"Espak E-pood\",\"description\":\"\",\"potentialAction\":[{\"@type\":\"SearchAction\",\"target\":{\"@type\":\"EntryPoint\",\"urlTemplate\":\"https:\/\/espak.ee\/epood\/?s={search_term_string}\"},\"query-input\":{\"@type\":\"PropertyValueSpecification\",\"valueRequired\":true,\"valueName\":\"search_term_string\"}}],\"inLanguage\":\"et\"}]}<\/script>\n<!-- \/ Yoast SEO plugin. -->","yoast_head_json":{"title":"VENTILAATOR VENTS TT 125ST - Espak E-pood","robots":{"index":"index","follow":"follow","max-snippet":"max-snippet:-1","max-image-preview":"max-image-preview:large","max-video-preview":"max-video-preview:-1"},"canonical":"https:\/\/espak.ee\/epood\/toode\/ventilaator-vents-tt-125st\/","og_locale":"et_EE","og_type":"article","og_title":"VENTILAATOR VENTS TT 125ST - Espak E-pood","og_url":"https:\/\/espak.ee\/epood\/toode\/ventilaator-vents-tt-125st\/","og_site_name":"Espak E-pood","article_modified_time":"2026-01-23T11:54:43+00:00","og_image":[{"width":800,"height":800,"url":"https:\/\/espak.ee\/epood\/wp-content\/uploads\/2020\/10\/tt_125_800x8005.png","type":"image\/png"}],"twitter_card":"summary_large_image","twitter_misc":{"Est. reading time":"1 minut"},"schema":{"@context":"https:\/\/schema.org","@graph":[{"@type":"WebPage","@id":"https:\/\/espak.ee\/epood\/toode\/ventilaator-vents-tt-125st\/","url":"https:\/\/espak.ee\/epood\/toode\/ventilaator-vents-tt-125st\/","name":"VENTILAATOR VENTS TT 125ST - Espak E-pood","isPartOf":{"@id":"https:\/\/espak.ee\/epood\/#website"},"primaryImageOfPage":{"@id":"https:\/\/espak.ee\/epood\/toode\/ventilaator-vents-tt-125st\/#primaryimage"},"image":{"@id":"https:\/\/espak.ee\/epood\/toode\/ventilaator-vents-tt-125st\/#primaryimage"},"thumbnailUrl":"https:\/\/espak.ee\/epood\/wp-content\/uploads\/2020\/10\/tt_125_800x8005.png","datePublished":"2020-10-27T05:34:01+00:00","dateModified":"2026-01-23T11:54:43+00:00","breadcrumb":{"@id":"https:\/\/espak.ee\/epood\/toode\/ventilaator-vents-tt-125st\/#breadcrumb"},"inLanguage":"et","potentialAction":[{"@type":"ReadAction","target":["https:\/\/espak.ee\/epood\/toode\/ventilaator-vents-tt-125st\/"]}]},{"@type":"ImageObject","inLanguage":"et","@id":"https:\/\/espak.ee\/epood\/toode\/ventilaator-vents-tt-125st\/#primaryimage","url":"https:\/\/espak.ee\/epood\/wp-content\/uploads\/2020\/10\/tt_125_800x8005.png","contentUrl":"https:\/\/espak.ee\/epood\/wp-content\/uploads\/2020\/10\/tt_125_800x8005.png","width":800,"height":800},{"@type":"BreadcrumbList","@id":"https:\/\/espak.ee\/epood\/toode\/ventilaator-vents-tt-125st\/#breadcrumb","itemListElement":[{"@type":"ListItem","position":1,"name":"Home","item":"https:\/\/espak.ee\/epood\/"},{"@type":"ListItem","position":2,"name":"Tootevalik","item":"https:\/\/espak.ee\/epood\/tootevalik\/"},{"@type":"ListItem","position":3,"name":"VENTILAATOR VENTS TT 125ST"}]},{"@type":"WebSite","@id":"https:\/\/espak.ee\/epood\/#website","url":"https:\/\/espak.ee\/epood\/","name":"Espak E-pood","description":"","potentialAction":[{"@type":"SearchAction","target":{"@type":"EntryPoint","urlTemplate":"https:\/\/espak.ee\/epood\/?s={search_term_string}"},"query-input":{"@type":"PropertyValueSpecification","valueRequired":true,"valueName":"search_term_string"}}],"inLanguage":"et"}]}},"_links":{"self":[{"href":"https:\/\/espak.ee\/epood\/wp-json\/wp\/v2\/product\/47447","targetHints":{"allow":["GET"]}}],"collection":[{"href":"https:\/\/espak.ee\/epood\/wp-json\/wp\/v2\/product"}],"about":[{"href":"https:\/\/espak.ee\/epood\/wp-json\/wp\/v2\/types\/product"}],"replies":[{"embeddable":true,"href":"https:\/\/espak.ee\/epood\/wp-json\/wp\/v2\/comments?post=47447"}],"wp:featuredmedia":[{"embeddable":true,"href":"https:\/\/espak.ee\/epood\/wp-json\/wp\/v2\/media\/148806"}],"wp:attachment":[{"href":"https:\/\/espak.ee\/epood\/wp-json\/wp\/v2\/media?parent=47447"}],"wp:term":[{"taxonomy":"product_brand","embeddable":true,"href":"https:\/\/espak.ee\/epood\/wp-json\/wp\/v2\/product_brand?post=47447"},{"taxonomy":"product_cat","embeddable":true,"href":"https:\/\/espak.ee\/epood\/wp-json\/wp\/v2\/product_cat?post=47447"},{"taxonomy":"product_tag","embeddable":true,"href":"https:\/\/espak.ee\/epood\/wp-json\/wp\/v2\/product_tag?post=47447"}],"curies":[{"name":"wp","href":"https:\/\/api.w.org\/{rel}","templated":true}]}}