{"id":47437,"date":"2020-10-27T07:33:56","date_gmt":"2020-10-27T05:33:56","guid":{"rendered":"https:\/\/espak.ee\/hinnakiri\/?post_type=product&#038;p=47437"},"modified":"2024-03-23T14:51:35","modified_gmt":"2024-03-23T12:51:35","slug":"ventilaator-vents-250-vkmz-q","status":"publish","type":"product","link":"https:\/\/espak.ee\/epood\/toode\/ventilaator-vents-250-vkmz-q\/","title":{"rendered":"VENTILAATOR VENTS 250 VKMZ Q"},"content":{"rendered":"<div class=\"row\"  id=\"row-1079329713\">\n\n\t<div id=\"col-612081498\" class=\"col medium-9 small-12 large-9\"  >\n\t\t\t\t<div class=\"col-inner\"  >\n\t\t\t\n\t\t\t\n<h3>Ventilaator Vents 250 VKMz Q<\/h3>\n<p>Sissepuhke- ja v\u00e4ljat\u00f5mbeventilatsioonis\u00fcsteemid \u00e4ri-, b\u00fcroo- ja muude avalike v\u00f5i t\u00f6\u00f6stuspindade jaoks.<br \/>\n K\u00f5rgete m\u00fcran\u00f5uetega ruumide jaoks sobib madala m\u00fcratasemega modifikatsioon.<br \/>\nKorpus galvaniseeritud terasest.<br \/>\nTagasip\u00f6\u00f6ratud labadega tiivikut toidab \u00fchefaasiline v\u00e4lisrootori ja automaatse taask\u00e4ivitusega \u00fclekuumenemiskaitsega mootor.<br \/>\nSujuv v\u00f5i astmeline kiiruse reguleerimine t\u00fcristori v\u00f5i automaatse kiiruse regulaatoriga.<br \/>\nMaksimaalne \u00f5hu l\u00e4bilaskev\u00f5ime: 980 m3\/h.<br \/>\nM\u00fcratase 3m kauguselt: 51 dBA.<br \/>\nKaitseklass: IP X4. <\/p>\n<div class=\"is-divider divider clearfix\" ><\/div>\n<img decoding=\"async\" src=\"https:\/\/espak.ee\/epood\/wp-content\/uploads\/2020\/10\/39_schema.gif\" alt=\"\" width=\"250\" height=\"216\" class=\"alignnone size-full wp-image-148837\" \/><\/p>\n<p>\u2205D &#8211; 249 mm<br \/>\nB1 &#8211; 380 mm<br \/>\n\u00d8D1 &#8211; 332 mm<br \/>\nB &#8211; 340\tmm<br \/>\nL &#8211; 213\tmm<br \/>\nL1 &#8211; 25\tmm<br \/>\nL2 &#8211; 29\tmm<br \/>\nL3 &#8211; 40\tmm\n<\/p>\n\t\t<\/div>\n\t\t\t\t\t<\/div>\n\n\t\n\n\t<div id=\"col-1474779227\" class=\"col medium-3 small-12 large-3\"  >\n\t\t\t\t<div class=\"col-inner\"  >\n\t\t\t\n\t\t\t\n\t<div id=\"gap-954981946\" class=\"gap-element clearfix\" style=\"display:block; height:auto;\">\n\t\t\n<style>\n#gap-954981946 {\n  padding-top: 30px;\n}\n<\/style>\n\t<\/div>\n\t\n<div class=\"is-divider divider clearfix\" ><\/div>\n<p><strong>\u00dcksikasjalikuma n\u00f5u saamiseks v\u00f5tke \u00fchendust:<br \/><\/strong>Espak AS<br \/>Viadukti 42<br \/>11313<br \/>Tallinn<br \/>+372 6 512333<\/p>\n<div class=\"is-divider divider clearfix\" ><\/div>\n\t\t<\/div>\n\t\t\t\t\t<\/div>\n\n\t\n<\/div>\n","protected":false},"excerpt":{"rendered":"","protected":false},"featured_media":148842,"comment_status":"closed","ping_status":"closed","template":"","meta":[],"product_brand":[],"product_cat":[3070,3418,3419,3398],"product_tag":[],"class_list":{"0":"post-47437","1":"product","2":"type-product","3":"status-publish","4":"has-post-thumbnail","6":"product_cat-kute-ja-ventilatsioon","7":"product_cat-toostusventilaatorid","8":"product_cat-toostusventilaatorid-vents","9":"product_cat-ventilatsioon","10":"pa_kaubamark-ventilation-systems","12":"first","13":"instock","14":"sale","15":"taxable","16":"shipping-taxable","17":"purchasable","18":"product-type-simple"},"yoast_head":"<!-- This site is optimized with the Yoast SEO plugin v26.9 - https:\/\/yoast.com\/product\/yoast-seo-wordpress\/ -->\n<title>VENTILAATOR VENTS 250 VKMZ Q - Espak E-pood<\/title>\n<meta name=\"robots\" content=\"index, follow, max-snippet:-1, max-image-preview:large, max-video-preview:-1\" \/>\n<link rel=\"canonical\" href=\"https:\/\/espak.ee\/epood\/toode\/ventilaator-vents-250-vkmz-q\/\" \/>\n<meta property=\"og:locale\" content=\"et_EE\" \/>\n<meta property=\"og:type\" content=\"article\" \/>\n<meta property=\"og:title\" content=\"VENTILAATOR VENTS 250 VKMZ Q - Espak E-pood\" \/>\n<meta property=\"og:url\" content=\"https:\/\/espak.ee\/epood\/toode\/ventilaator-vents-250-vkmz-q\/\" \/>\n<meta property=\"og:site_name\" content=\"Espak E-pood\" \/>\n<meta property=\"article:modified_time\" content=\"2024-03-23T12:51:35+00:00\" \/>\n<meta property=\"og:image\" content=\"https:\/\/espak.ee\/epood\/wp-content\/uploads\/2020\/10\/vkmzterminalbox800.png\" \/>\n\t<meta property=\"og:image:width\" content=\"800\" \/>\n\t<meta property=\"og:image:height\" content=\"800\" \/>\n\t<meta property=\"og:image:type\" content=\"image\/png\" \/>\n<meta name=\"twitter:card\" content=\"summary_large_image\" \/>\n<meta name=\"twitter:label1\" content=\"Est. reading time\" \/>\n\t<meta name=\"twitter:data1\" content=\"1 minut\" \/>\n<script type=\"application\/ld+json\" class=\"yoast-schema-graph\">{\"@context\":\"https:\/\/schema.org\",\"@graph\":[{\"@type\":\"WebPage\",\"@id\":\"https:\/\/espak.ee\/epood\/toode\/ventilaator-vents-250-vkmz-q\/\",\"url\":\"https:\/\/espak.ee\/epood\/toode\/ventilaator-vents-250-vkmz-q\/\",\"name\":\"VENTILAATOR VENTS 250 VKMZ Q - Espak E-pood\",\"isPartOf\":{\"@id\":\"https:\/\/espak.ee\/epood\/#website\"},\"primaryImageOfPage\":{\"@id\":\"https:\/\/espak.ee\/epood\/toode\/ventilaator-vents-250-vkmz-q\/#primaryimage\"},\"image\":{\"@id\":\"https:\/\/espak.ee\/epood\/toode\/ventilaator-vents-250-vkmz-q\/#primaryimage\"},\"thumbnailUrl\":\"https:\/\/espak.ee\/epood\/wp-content\/uploads\/2020\/10\/vkmzterminalbox800.png\",\"datePublished\":\"2020-10-27T05:33:56+00:00\",\"dateModified\":\"2024-03-23T12:51:35+00:00\",\"breadcrumb\":{\"@id\":\"https:\/\/espak.ee\/epood\/toode\/ventilaator-vents-250-vkmz-q\/#breadcrumb\"},\"inLanguage\":\"et\",\"potentialAction\":[{\"@type\":\"ReadAction\",\"target\":[\"https:\/\/espak.ee\/epood\/toode\/ventilaator-vents-250-vkmz-q\/\"]}]},{\"@type\":\"ImageObject\",\"inLanguage\":\"et\",\"@id\":\"https:\/\/espak.ee\/epood\/toode\/ventilaator-vents-250-vkmz-q\/#primaryimage\",\"url\":\"https:\/\/espak.ee\/epood\/wp-content\/uploads\/2020\/10\/vkmzterminalbox800.png\",\"contentUrl\":\"https:\/\/espak.ee\/epood\/wp-content\/uploads\/2020\/10\/vkmzterminalbox800.png\",\"width\":800,\"height\":800},{\"@type\":\"BreadcrumbList\",\"@id\":\"https:\/\/espak.ee\/epood\/toode\/ventilaator-vents-250-vkmz-q\/#breadcrumb\",\"itemListElement\":[{\"@type\":\"ListItem\",\"position\":1,\"name\":\"Home\",\"item\":\"https:\/\/espak.ee\/epood\/\"},{\"@type\":\"ListItem\",\"position\":2,\"name\":\"Tootevalik\",\"item\":\"https:\/\/espak.ee\/epood\/tootevalik\/\"},{\"@type\":\"ListItem\",\"position\":3,\"name\":\"VENTILAATOR VENTS 250 VKMZ Q\"}]},{\"@type\":\"WebSite\",\"@id\":\"https:\/\/espak.ee\/epood\/#website\",\"url\":\"https:\/\/espak.ee\/epood\/\",\"name\":\"Espak E-pood\",\"description\":\"\",\"potentialAction\":[{\"@type\":\"SearchAction\",\"target\":{\"@type\":\"EntryPoint\",\"urlTemplate\":\"https:\/\/espak.ee\/epood\/?s={search_term_string}\"},\"query-input\":{\"@type\":\"PropertyValueSpecification\",\"valueRequired\":true,\"valueName\":\"search_term_string\"}}],\"inLanguage\":\"et\"}]}<\/script>\n<!-- \/ Yoast SEO plugin. -->","yoast_head_json":{"title":"VENTILAATOR VENTS 250 VKMZ Q - Espak E-pood","robots":{"index":"index","follow":"follow","max-snippet":"max-snippet:-1","max-image-preview":"max-image-preview:large","max-video-preview":"max-video-preview:-1"},"canonical":"https:\/\/espak.ee\/epood\/toode\/ventilaator-vents-250-vkmz-q\/","og_locale":"et_EE","og_type":"article","og_title":"VENTILAATOR VENTS 250 VKMZ Q - Espak E-pood","og_url":"https:\/\/espak.ee\/epood\/toode\/ventilaator-vents-250-vkmz-q\/","og_site_name":"Espak E-pood","article_modified_time":"2024-03-23T12:51:35+00:00","og_image":[{"width":800,"height":800,"url":"https:\/\/espak.ee\/epood\/wp-content\/uploads\/2020\/10\/vkmzterminalbox800.png","type":"image\/png"}],"twitter_card":"summary_large_image","twitter_misc":{"Est. reading time":"1 minut"},"schema":{"@context":"https:\/\/schema.org","@graph":[{"@type":"WebPage","@id":"https:\/\/espak.ee\/epood\/toode\/ventilaator-vents-250-vkmz-q\/","url":"https:\/\/espak.ee\/epood\/toode\/ventilaator-vents-250-vkmz-q\/","name":"VENTILAATOR VENTS 250 VKMZ Q - Espak E-pood","isPartOf":{"@id":"https:\/\/espak.ee\/epood\/#website"},"primaryImageOfPage":{"@id":"https:\/\/espak.ee\/epood\/toode\/ventilaator-vents-250-vkmz-q\/#primaryimage"},"image":{"@id":"https:\/\/espak.ee\/epood\/toode\/ventilaator-vents-250-vkmz-q\/#primaryimage"},"thumbnailUrl":"https:\/\/espak.ee\/epood\/wp-content\/uploads\/2020\/10\/vkmzterminalbox800.png","datePublished":"2020-10-27T05:33:56+00:00","dateModified":"2024-03-23T12:51:35+00:00","breadcrumb":{"@id":"https:\/\/espak.ee\/epood\/toode\/ventilaator-vents-250-vkmz-q\/#breadcrumb"},"inLanguage":"et","potentialAction":[{"@type":"ReadAction","target":["https:\/\/espak.ee\/epood\/toode\/ventilaator-vents-250-vkmz-q\/"]}]},{"@type":"ImageObject","inLanguage":"et","@id":"https:\/\/espak.ee\/epood\/toode\/ventilaator-vents-250-vkmz-q\/#primaryimage","url":"https:\/\/espak.ee\/epood\/wp-content\/uploads\/2020\/10\/vkmzterminalbox800.png","contentUrl":"https:\/\/espak.ee\/epood\/wp-content\/uploads\/2020\/10\/vkmzterminalbox800.png","width":800,"height":800},{"@type":"BreadcrumbList","@id":"https:\/\/espak.ee\/epood\/toode\/ventilaator-vents-250-vkmz-q\/#breadcrumb","itemListElement":[{"@type":"ListItem","position":1,"name":"Home","item":"https:\/\/espak.ee\/epood\/"},{"@type":"ListItem","position":2,"name":"Tootevalik","item":"https:\/\/espak.ee\/epood\/tootevalik\/"},{"@type":"ListItem","position":3,"name":"VENTILAATOR VENTS 250 VKMZ Q"}]},{"@type":"WebSite","@id":"https:\/\/espak.ee\/epood\/#website","url":"https:\/\/espak.ee\/epood\/","name":"Espak E-pood","description":"","potentialAction":[{"@type":"SearchAction","target":{"@type":"EntryPoint","urlTemplate":"https:\/\/espak.ee\/epood\/?s={search_term_string}"},"query-input":{"@type":"PropertyValueSpecification","valueRequired":true,"valueName":"search_term_string"}}],"inLanguage":"et"}]}},"_links":{"self":[{"href":"https:\/\/espak.ee\/epood\/wp-json\/wp\/v2\/product\/47437","targetHints":{"allow":["GET"]}}],"collection":[{"href":"https:\/\/espak.ee\/epood\/wp-json\/wp\/v2\/product"}],"about":[{"href":"https:\/\/espak.ee\/epood\/wp-json\/wp\/v2\/types\/product"}],"replies":[{"embeddable":true,"href":"https:\/\/espak.ee\/epood\/wp-json\/wp\/v2\/comments?post=47437"}],"wp:featuredmedia":[{"embeddable":true,"href":"https:\/\/espak.ee\/epood\/wp-json\/wp\/v2\/media\/148842"}],"wp:attachment":[{"href":"https:\/\/espak.ee\/epood\/wp-json\/wp\/v2\/media?parent=47437"}],"wp:term":[{"taxonomy":"product_brand","embeddable":true,"href":"https:\/\/espak.ee\/epood\/wp-json\/wp\/v2\/product_brand?post=47437"},{"taxonomy":"product_cat","embeddable":true,"href":"https:\/\/espak.ee\/epood\/wp-json\/wp\/v2\/product_cat?post=47437"},{"taxonomy":"product_tag","embeddable":true,"href":"https:\/\/espak.ee\/epood\/wp-json\/wp\/v2\/product_tag?post=47437"}],"curies":[{"name":"wp","href":"https:\/\/api.w.org\/{rel}","templated":true}]}}