{"id":47261,"date":"2020-10-23T07:25:01","date_gmt":"2020-10-23T04:25:01","guid":{"rendered":"https:\/\/espak.ee\/hinnakiri\/?post_type=product&#038;p=47261"},"modified":"2024-11-23T10:36:24","modified_gmt":"2024-11-23T08:36:24","slug":"ventilaator-vents-100-silenta-mth","status":"publish","type":"product","link":"https:\/\/espak.ee\/epood\/toode\/ventilaator-vents-100-silenta-mth\/","title":{"rendered":"VENTILAATOR VENTS 100 SILENTA MTH"},"content":{"rendered":"<div class=\"row\"  id=\"row-1480159743\">\n\n\t<div id=\"col-796416280\" class=\"col medium-9 small-12 large-9\"  >\n\t\t\t\t<div class=\"col-inner\"  >\n\t\t\t\n\t\t\t\n<h3>Ventilaator Vents 100 Silenta MTH <\/h3>\n<p>Vannitoa, du\u0161iruumi, k\u00f6\u00f6gi ja muude olmeruumide pidev v\u00f5i perioodiline v\u00e4ljat\u00f5mbeventilatsioon.<br \/>\nK\u00f5rge m\u00fcrataseme piiranguga ruumide ventilatsiooniks &#8211; tiivik ja mootor on disainitud vaikseks t\u00f6\u00f6ks.<br \/>\n Ventilaatoril on niiskusandur ja taimer TH (kui \u00f5huniiskuse tase ruumis \u00fcletab anduri l\u00e4ve reguleeritava v\u00e4\u00e4rtuse 60-90% piires, l\u00fclitub ventilaator automaatselt sisse ja t\u00f6\u00f6tab kuni niiskuse taseme langemiseni normtasemeni, peale seda j\u00e4tkab ventilaator t\u00f6\u00f6d ajavahemikus vastavalt taimeri seadistusele, seej\u00e4rel l\u00fclitub v\u00e4lja).<br \/>\nMaksimaalne v\u00f5imsus 78 m3\/h.<br \/>\nIP 34.<br \/>\nM\u00fcratase 3m kauguselt &#8211; 26 dB.<\/p>\n<p><img decoding=\"async\" src=\"https:\/\/espak.ee\/epood\/wp-content\/uploads\/2023\/02\/silenta_m_dimensions_200.png\" alt=\"\" width=\"200\" height=\"246\" class=\"alignnone size-full wp-image-148773\" srcset=\"https:\/\/espak.ee\/epood\/wp-content\/uploads\/2023\/02\/silenta_m_dimensions_200.png 200w, https:\/\/espak.ee\/epood\/wp-content\/uploads\/2023\/02\/silenta_m_dimensions_200-122x150.png 122w\" sizes=\"(max-width: 200px) 100vw, 200px\" \/><\/p>\n<p>\u00d8 D &#8211; 100 mm<br \/>\nB &#8211; 159\tmm<br \/>\nH &#8211; 135\tmm<br \/>\nL &#8211; 89 mm<br \/>\nL1 &#8211; 23\tmm<\/p>\n\t\t<\/div>\n\t\t\t\t\t<\/div>\n\n\t\n\n\t<div id=\"col-1396810796\" class=\"col medium-3 small-12 large-3\"  >\n\t\t\t\t<div class=\"col-inner\"  >\n\t\t\t\n\t\t\t\n\t<div id=\"gap-293673470\" class=\"gap-element clearfix\" style=\"display:block; height:auto;\">\n\t\t\n<style>\n#gap-293673470 {\n  padding-top: 30px;\n}\n<\/style>\n\t<\/div>\n\t\n<div class=\"is-divider divider clearfix\" ><\/div>\n<p><strong>\u00dcksikasjalikuma n\u00f5u saamiseks v\u00f5tke \u00fchendust:<br \/><\/strong>Espak AS<br \/>Viadukti 42<br \/>11313<br \/>Tallinn<br \/>+372 6 512333<\/p>\n<div class=\"is-divider divider clearfix\" ><\/div>\n\t\t<\/div>\n\t\t\t\t\t<\/div>\n\n\t\n<\/div>\n","protected":false},"excerpt":{"rendered":"","protected":false},"featured_media":148774,"comment_status":"closed","ping_status":"closed","template":"","meta":[],"product_brand":[],"product_cat":[3070,3420,3421,3398],"product_tag":[],"class_list":{"0":"post-47261","1":"product","2":"type-product","3":"status-publish","4":"has-post-thumbnail","6":"product_cat-kute-ja-ventilatsioon","7":"product_cat-vaikeventilaatorid","8":"product_cat-vaikeventilaatorid-vents","9":"product_cat-ventilatsioon","10":"pa_kaubamark-ventilation-systems","12":"first","13":"instock","14":"sale","15":"taxable","16":"shipping-taxable","17":"purchasable","18":"product-type-simple"},"yoast_head":"<!-- This site is optimized with the Yoast SEO plugin v26.9 - https:\/\/yoast.com\/product\/yoast-seo-wordpress\/ -->\n<title>VENTILAATOR VENTS 100 SILENTA MTH - Espak E-pood<\/title>\n<meta name=\"robots\" content=\"index, follow, max-snippet:-1, max-image-preview:large, max-video-preview:-1\" \/>\n<link rel=\"canonical\" href=\"https:\/\/espak.ee\/epood\/toode\/ventilaator-vents-100-silenta-mth\/\" \/>\n<meta property=\"og:locale\" content=\"et_EE\" \/>\n<meta property=\"og:type\" content=\"article\" \/>\n<meta property=\"og:title\" content=\"VENTILAATOR VENTS 100 SILENTA MTH - Espak E-pood\" \/>\n<meta property=\"og:url\" content=\"https:\/\/espak.ee\/epood\/toode\/ventilaator-vents-100-silenta-mth\/\" \/>\n<meta property=\"og:site_name\" content=\"Espak E-pood\" \/>\n<meta property=\"article:modified_time\" content=\"2024-11-23T08:36:24+00:00\" \/>\n<meta property=\"og:image\" content=\"https:\/\/espak.ee\/epood\/wp-content\/uploads\/2023\/02\/silentam.png\" \/>\n\t<meta property=\"og:image:width\" content=\"800\" \/>\n\t<meta property=\"og:image:height\" content=\"800\" \/>\n\t<meta property=\"og:image:type\" content=\"image\/png\" \/>\n<meta name=\"twitter:card\" content=\"summary_large_image\" \/>\n<meta name=\"twitter:label1\" content=\"Est. reading time\" \/>\n\t<meta name=\"twitter:data1\" content=\"1 minut\" \/>\n<script type=\"application\/ld+json\" class=\"yoast-schema-graph\">{\"@context\":\"https:\/\/schema.org\",\"@graph\":[{\"@type\":\"WebPage\",\"@id\":\"https:\/\/espak.ee\/epood\/toode\/ventilaator-vents-100-silenta-mth\/\",\"url\":\"https:\/\/espak.ee\/epood\/toode\/ventilaator-vents-100-silenta-mth\/\",\"name\":\"VENTILAATOR VENTS 100 SILENTA MTH - Espak E-pood\",\"isPartOf\":{\"@id\":\"https:\/\/espak.ee\/epood\/#website\"},\"primaryImageOfPage\":{\"@id\":\"https:\/\/espak.ee\/epood\/toode\/ventilaator-vents-100-silenta-mth\/#primaryimage\"},\"image\":{\"@id\":\"https:\/\/espak.ee\/epood\/toode\/ventilaator-vents-100-silenta-mth\/#primaryimage\"},\"thumbnailUrl\":\"https:\/\/espak.ee\/epood\/wp-content\/uploads\/2023\/02\/silentam.png\",\"datePublished\":\"2020-10-23T04:25:01+00:00\",\"dateModified\":\"2024-11-23T08:36:24+00:00\",\"breadcrumb\":{\"@id\":\"https:\/\/espak.ee\/epood\/toode\/ventilaator-vents-100-silenta-mth\/#breadcrumb\"},\"inLanguage\":\"et\",\"potentialAction\":[{\"@type\":\"ReadAction\",\"target\":[\"https:\/\/espak.ee\/epood\/toode\/ventilaator-vents-100-silenta-mth\/\"]}]},{\"@type\":\"ImageObject\",\"inLanguage\":\"et\",\"@id\":\"https:\/\/espak.ee\/epood\/toode\/ventilaator-vents-100-silenta-mth\/#primaryimage\",\"url\":\"https:\/\/espak.ee\/epood\/wp-content\/uploads\/2023\/02\/silentam.png\",\"contentUrl\":\"https:\/\/espak.ee\/epood\/wp-content\/uploads\/2023\/02\/silentam.png\",\"width\":800,\"height\":800},{\"@type\":\"BreadcrumbList\",\"@id\":\"https:\/\/espak.ee\/epood\/toode\/ventilaator-vents-100-silenta-mth\/#breadcrumb\",\"itemListElement\":[{\"@type\":\"ListItem\",\"position\":1,\"name\":\"Home\",\"item\":\"https:\/\/espak.ee\/epood\/\"},{\"@type\":\"ListItem\",\"position\":2,\"name\":\"Tootevalik\",\"item\":\"https:\/\/espak.ee\/epood\/tootevalik\/\"},{\"@type\":\"ListItem\",\"position\":3,\"name\":\"VENTILAATOR VENTS 100 SILENTA MTH\"}]},{\"@type\":\"WebSite\",\"@id\":\"https:\/\/espak.ee\/epood\/#website\",\"url\":\"https:\/\/espak.ee\/epood\/\",\"name\":\"Espak E-pood\",\"description\":\"\",\"potentialAction\":[{\"@type\":\"SearchAction\",\"target\":{\"@type\":\"EntryPoint\",\"urlTemplate\":\"https:\/\/espak.ee\/epood\/?s={search_term_string}\"},\"query-input\":{\"@type\":\"PropertyValueSpecification\",\"valueRequired\":true,\"valueName\":\"search_term_string\"}}],\"inLanguage\":\"et\"}]}<\/script>\n<!-- \/ Yoast SEO plugin. -->","yoast_head_json":{"title":"VENTILAATOR VENTS 100 SILENTA MTH - Espak E-pood","robots":{"index":"index","follow":"follow","max-snippet":"max-snippet:-1","max-image-preview":"max-image-preview:large","max-video-preview":"max-video-preview:-1"},"canonical":"https:\/\/espak.ee\/epood\/toode\/ventilaator-vents-100-silenta-mth\/","og_locale":"et_EE","og_type":"article","og_title":"VENTILAATOR VENTS 100 SILENTA MTH - Espak E-pood","og_url":"https:\/\/espak.ee\/epood\/toode\/ventilaator-vents-100-silenta-mth\/","og_site_name":"Espak E-pood","article_modified_time":"2024-11-23T08:36:24+00:00","og_image":[{"width":800,"height":800,"url":"https:\/\/espak.ee\/epood\/wp-content\/uploads\/2023\/02\/silentam.png","type":"image\/png"}],"twitter_card":"summary_large_image","twitter_misc":{"Est. reading time":"1 minut"},"schema":{"@context":"https:\/\/schema.org","@graph":[{"@type":"WebPage","@id":"https:\/\/espak.ee\/epood\/toode\/ventilaator-vents-100-silenta-mth\/","url":"https:\/\/espak.ee\/epood\/toode\/ventilaator-vents-100-silenta-mth\/","name":"VENTILAATOR VENTS 100 SILENTA MTH - Espak E-pood","isPartOf":{"@id":"https:\/\/espak.ee\/epood\/#website"},"primaryImageOfPage":{"@id":"https:\/\/espak.ee\/epood\/toode\/ventilaator-vents-100-silenta-mth\/#primaryimage"},"image":{"@id":"https:\/\/espak.ee\/epood\/toode\/ventilaator-vents-100-silenta-mth\/#primaryimage"},"thumbnailUrl":"https:\/\/espak.ee\/epood\/wp-content\/uploads\/2023\/02\/silentam.png","datePublished":"2020-10-23T04:25:01+00:00","dateModified":"2024-11-23T08:36:24+00:00","breadcrumb":{"@id":"https:\/\/espak.ee\/epood\/toode\/ventilaator-vents-100-silenta-mth\/#breadcrumb"},"inLanguage":"et","potentialAction":[{"@type":"ReadAction","target":["https:\/\/espak.ee\/epood\/toode\/ventilaator-vents-100-silenta-mth\/"]}]},{"@type":"ImageObject","inLanguage":"et","@id":"https:\/\/espak.ee\/epood\/toode\/ventilaator-vents-100-silenta-mth\/#primaryimage","url":"https:\/\/espak.ee\/epood\/wp-content\/uploads\/2023\/02\/silentam.png","contentUrl":"https:\/\/espak.ee\/epood\/wp-content\/uploads\/2023\/02\/silentam.png","width":800,"height":800},{"@type":"BreadcrumbList","@id":"https:\/\/espak.ee\/epood\/toode\/ventilaator-vents-100-silenta-mth\/#breadcrumb","itemListElement":[{"@type":"ListItem","position":1,"name":"Home","item":"https:\/\/espak.ee\/epood\/"},{"@type":"ListItem","position":2,"name":"Tootevalik","item":"https:\/\/espak.ee\/epood\/tootevalik\/"},{"@type":"ListItem","position":3,"name":"VENTILAATOR VENTS 100 SILENTA MTH"}]},{"@type":"WebSite","@id":"https:\/\/espak.ee\/epood\/#website","url":"https:\/\/espak.ee\/epood\/","name":"Espak E-pood","description":"","potentialAction":[{"@type":"SearchAction","target":{"@type":"EntryPoint","urlTemplate":"https:\/\/espak.ee\/epood\/?s={search_term_string}"},"query-input":{"@type":"PropertyValueSpecification","valueRequired":true,"valueName":"search_term_string"}}],"inLanguage":"et"}]}},"_links":{"self":[{"href":"https:\/\/espak.ee\/epood\/wp-json\/wp\/v2\/product\/47261","targetHints":{"allow":["GET"]}}],"collection":[{"href":"https:\/\/espak.ee\/epood\/wp-json\/wp\/v2\/product"}],"about":[{"href":"https:\/\/espak.ee\/epood\/wp-json\/wp\/v2\/types\/product"}],"replies":[{"embeddable":true,"href":"https:\/\/espak.ee\/epood\/wp-json\/wp\/v2\/comments?post=47261"}],"wp:featuredmedia":[{"embeddable":true,"href":"https:\/\/espak.ee\/epood\/wp-json\/wp\/v2\/media\/148774"}],"wp:attachment":[{"href":"https:\/\/espak.ee\/epood\/wp-json\/wp\/v2\/media?parent=47261"}],"wp:term":[{"taxonomy":"product_brand","embeddable":true,"href":"https:\/\/espak.ee\/epood\/wp-json\/wp\/v2\/product_brand?post=47261"},{"taxonomy":"product_cat","embeddable":true,"href":"https:\/\/espak.ee\/epood\/wp-json\/wp\/v2\/product_cat?post=47261"},{"taxonomy":"product_tag","embeddable":true,"href":"https:\/\/espak.ee\/epood\/wp-json\/wp\/v2\/product_tag?post=47261"}],"curies":[{"name":"wp","href":"https:\/\/api.w.org\/{rel}","templated":true}]}}