{"id":47174,"date":"2020-10-21T07:19:21","date_gmt":"2020-10-21T04:19:21","guid":{"rendered":"https:\/\/espak.ee\/hinnakiri\/?post_type=product&#038;p=47174"},"modified":"2026-02-03T09:42:25","modified_gmt":"2026-02-03T07:42:25","slug":"ventilaator-vents-100-quiet-th","status":"publish","type":"product","link":"https:\/\/espak.ee\/epood\/toode\/ventilaator-vents-100-quiet-th\/","title":{"rendered":"VENTILAATOR VENTS 100 QUIET TH"},"content":{"rendered":"<div class=\"row\"  id=\"row-1164795933\">\n\n\t<div id=\"col-2019664074\" class=\"col medium-9 small-12 large-9\"  >\n\t\t\t\t<div class=\"col-inner\"  >\n\t\t\t\n\t\t\t\n<h3>Ventilaator Vents 100 QUIET TH<\/h3>\n<p>Uuenduslik v\u00e4ljat\u00f5mbeventilaator vannitubadesse, du\u0161iruumidesse, k\u00f6\u00f6ki ja muudesse eluruumidesse.<br \/>\nMaksimaalne \u00f5hu l\u00e4bilaskev\u00f5imsus koos madala m\u00fcratasemega tagavad ideaalse mikrokliima.<br \/>\nVentilaator on varustatud niiskusanduri ja taimeriga TH (kui \u00f5huniiskuse tase ruumis \u00fcletab anduri l\u00e4ve 60-90% piires l\u00fclitub ventilaator automaatselt sisse ja t\u00f6\u00f6tab seni, kuni niiskustase langeb normtasemele, peale seda j\u00e4tkab ventilaator t\u00f6\u00f6d seadistatud ajavahemiku jooksul ning l\u00fclitub seej\u00e4rel v\u00e4lja).<br \/>\nMaksimaalne \u00f5hu l\u00e4bilaskev\u00f5ime: 97 m3\/h.<br \/>\nM\u00fcratase 3m kauguselt: 25 dBA.<br \/>\nIP45.  <\/p>\n<div class=\"is-divider divider clearfix\" ><\/div>\n<img decoding=\"async\" src=\"https:\/\/espak.ee\/epood\/wp-content\/uploads\/2020\/10\/6267schema-267x300.jpg\" alt=\"\" width=\"267\" height=\"300\" class=\"alignnone size-medium wp-image-148894\" srcset=\"https:\/\/espak.ee\/epood\/wp-content\/uploads\/2020\/10\/6267schema-267x300.jpg 267w, https:\/\/espak.ee\/epood\/wp-content\/uploads\/2020\/10\/6267schema-134x150.jpg 134w, https:\/\/espak.ee\/epood\/wp-content\/uploads\/2020\/10\/6267schema.jpg 270w\" sizes=\"(max-width: 267px) 100vw, 267px\" \/><\/p>\n<p>\u2205D &#8211; 99 mm<br \/>\nB &#8211; 158\tmm<br \/>\nH &#8211; 136\tmm<br \/>\nL &#8211; 81\tmm<br \/>\nL1 &#8211; 26\tmm<\/p>\n\t\t<\/div>\n\t\t\t\t\t<\/div>\n\n\t\n\n\t<div id=\"col-196220356\" class=\"col medium-3 small-12 large-3\"  >\n\t\t\t\t<div class=\"col-inner\"  >\n\t\t\t\n\t\t\t\n\t<div id=\"gap-1758190598\" class=\"gap-element clearfix\" style=\"display:block; height:auto;\">\n\t\t\n<style>\n#gap-1758190598 {\n  padding-top: 30px;\n}\n<\/style>\n\t<\/div>\n\t\n<div class=\"is-divider divider clearfix\" ><\/div>\n<p><strong>\u00dcksikasjalikuma n\u00f5u saamiseks v\u00f5tke \u00fchendust:<br \/><\/strong>Espak AS<br \/>Viadukti 42<br \/>11313<br \/>Tallinn<br \/>+372 6 512333<\/p>\n<div class=\"is-divider divider clearfix\" ><\/div>\n\t\t<\/div>\n\t\t\t\t\t<\/div>\n\n\t\n<\/div>\n","protected":false},"excerpt":{"rendered":"","protected":false},"featured_media":148895,"comment_status":"closed","ping_status":"closed","template":"","meta":[],"product_brand":[],"product_cat":[3070,3420,3421,3398],"product_tag":[],"class_list":{"0":"post-47174","1":"product","2":"type-product","3":"status-publish","4":"has-post-thumbnail","6":"product_cat-kute-ja-ventilatsioon","7":"product_cat-vaikeventilaatorid","8":"product_cat-vaikeventilaatorid-vents","9":"product_cat-ventilatsioon","10":"pa_kaubamark-ventilation-systems","12":"first","13":"instock","14":"sale","15":"taxable","16":"shipping-taxable","17":"purchasable","18":"product-type-simple"},"yoast_head":"<!-- This site is optimized with the Yoast SEO plugin v26.9 - https:\/\/yoast.com\/product\/yoast-seo-wordpress\/ -->\n<title>VENTILAATOR VENTS 100 QUIET TH - Espak E-pood<\/title>\n<meta name=\"robots\" content=\"index, follow, max-snippet:-1, max-image-preview:large, max-video-preview:-1\" \/>\n<link rel=\"canonical\" href=\"https:\/\/espak.ee\/epood\/toode\/ventilaator-vents-100-quiet-th\/\" \/>\n<meta property=\"og:locale\" content=\"et_EE\" \/>\n<meta property=\"og:type\" content=\"article\" \/>\n<meta property=\"og:title\" content=\"VENTILAATOR VENTS 100 QUIET TH - Espak E-pood\" \/>\n<meta property=\"og:url\" content=\"https:\/\/espak.ee\/epood\/toode\/ventilaator-vents-100-quiet-th\/\" \/>\n<meta property=\"og:site_name\" content=\"Espak E-pood\" \/>\n<meta property=\"article:modified_time\" content=\"2026-02-03T07:42:25+00:00\" \/>\n<meta property=\"og:image\" content=\"https:\/\/espak.ee\/epood\/wp-content\/uploads\/2020\/10\/quiet800.png\" \/>\n\t<meta property=\"og:image:width\" content=\"800\" \/>\n\t<meta property=\"og:image:height\" content=\"800\" \/>\n\t<meta property=\"og:image:type\" content=\"image\/png\" \/>\n<meta name=\"twitter:card\" content=\"summary_large_image\" \/>\n<meta name=\"twitter:label1\" content=\"Est. reading time\" \/>\n\t<meta name=\"twitter:data1\" content=\"1 minut\" \/>\n<script type=\"application\/ld+json\" class=\"yoast-schema-graph\">{\"@context\":\"https:\/\/schema.org\",\"@graph\":[{\"@type\":\"WebPage\",\"@id\":\"https:\/\/espak.ee\/epood\/toode\/ventilaator-vents-100-quiet-th\/\",\"url\":\"https:\/\/espak.ee\/epood\/toode\/ventilaator-vents-100-quiet-th\/\",\"name\":\"VENTILAATOR VENTS 100 QUIET TH - Espak E-pood\",\"isPartOf\":{\"@id\":\"https:\/\/espak.ee\/epood\/#website\"},\"primaryImageOfPage\":{\"@id\":\"https:\/\/espak.ee\/epood\/toode\/ventilaator-vents-100-quiet-th\/#primaryimage\"},\"image\":{\"@id\":\"https:\/\/espak.ee\/epood\/toode\/ventilaator-vents-100-quiet-th\/#primaryimage\"},\"thumbnailUrl\":\"https:\/\/espak.ee\/epood\/wp-content\/uploads\/2020\/10\/quiet800.png\",\"datePublished\":\"2020-10-21T04:19:21+00:00\",\"dateModified\":\"2026-02-03T07:42:25+00:00\",\"breadcrumb\":{\"@id\":\"https:\/\/espak.ee\/epood\/toode\/ventilaator-vents-100-quiet-th\/#breadcrumb\"},\"inLanguage\":\"et\",\"potentialAction\":[{\"@type\":\"ReadAction\",\"target\":[\"https:\/\/espak.ee\/epood\/toode\/ventilaator-vents-100-quiet-th\/\"]}]},{\"@type\":\"ImageObject\",\"inLanguage\":\"et\",\"@id\":\"https:\/\/espak.ee\/epood\/toode\/ventilaator-vents-100-quiet-th\/#primaryimage\",\"url\":\"https:\/\/espak.ee\/epood\/wp-content\/uploads\/2020\/10\/quiet800.png\",\"contentUrl\":\"https:\/\/espak.ee\/epood\/wp-content\/uploads\/2020\/10\/quiet800.png\",\"width\":800,\"height\":800},{\"@type\":\"BreadcrumbList\",\"@id\":\"https:\/\/espak.ee\/epood\/toode\/ventilaator-vents-100-quiet-th\/#breadcrumb\",\"itemListElement\":[{\"@type\":\"ListItem\",\"position\":1,\"name\":\"Home\",\"item\":\"https:\/\/espak.ee\/epood\/\"},{\"@type\":\"ListItem\",\"position\":2,\"name\":\"Tootevalik\",\"item\":\"https:\/\/espak.ee\/epood\/tootevalik\/\"},{\"@type\":\"ListItem\",\"position\":3,\"name\":\"VENTILAATOR VENTS 100 QUIET TH\"}]},{\"@type\":\"WebSite\",\"@id\":\"https:\/\/espak.ee\/epood\/#website\",\"url\":\"https:\/\/espak.ee\/epood\/\",\"name\":\"Espak E-pood\",\"description\":\"\",\"potentialAction\":[{\"@type\":\"SearchAction\",\"target\":{\"@type\":\"EntryPoint\",\"urlTemplate\":\"https:\/\/espak.ee\/epood\/?s={search_term_string}\"},\"query-input\":{\"@type\":\"PropertyValueSpecification\",\"valueRequired\":true,\"valueName\":\"search_term_string\"}}],\"inLanguage\":\"et\"}]}<\/script>\n<!-- \/ Yoast SEO plugin. -->","yoast_head_json":{"title":"VENTILAATOR VENTS 100 QUIET TH - Espak E-pood","robots":{"index":"index","follow":"follow","max-snippet":"max-snippet:-1","max-image-preview":"max-image-preview:large","max-video-preview":"max-video-preview:-1"},"canonical":"https:\/\/espak.ee\/epood\/toode\/ventilaator-vents-100-quiet-th\/","og_locale":"et_EE","og_type":"article","og_title":"VENTILAATOR VENTS 100 QUIET TH - Espak E-pood","og_url":"https:\/\/espak.ee\/epood\/toode\/ventilaator-vents-100-quiet-th\/","og_site_name":"Espak E-pood","article_modified_time":"2026-02-03T07:42:25+00:00","og_image":[{"width":800,"height":800,"url":"https:\/\/espak.ee\/epood\/wp-content\/uploads\/2020\/10\/quiet800.png","type":"image\/png"}],"twitter_card":"summary_large_image","twitter_misc":{"Est. reading time":"1 minut"},"schema":{"@context":"https:\/\/schema.org","@graph":[{"@type":"WebPage","@id":"https:\/\/espak.ee\/epood\/toode\/ventilaator-vents-100-quiet-th\/","url":"https:\/\/espak.ee\/epood\/toode\/ventilaator-vents-100-quiet-th\/","name":"VENTILAATOR VENTS 100 QUIET TH - Espak E-pood","isPartOf":{"@id":"https:\/\/espak.ee\/epood\/#website"},"primaryImageOfPage":{"@id":"https:\/\/espak.ee\/epood\/toode\/ventilaator-vents-100-quiet-th\/#primaryimage"},"image":{"@id":"https:\/\/espak.ee\/epood\/toode\/ventilaator-vents-100-quiet-th\/#primaryimage"},"thumbnailUrl":"https:\/\/espak.ee\/epood\/wp-content\/uploads\/2020\/10\/quiet800.png","datePublished":"2020-10-21T04:19:21+00:00","dateModified":"2026-02-03T07:42:25+00:00","breadcrumb":{"@id":"https:\/\/espak.ee\/epood\/toode\/ventilaator-vents-100-quiet-th\/#breadcrumb"},"inLanguage":"et","potentialAction":[{"@type":"ReadAction","target":["https:\/\/espak.ee\/epood\/toode\/ventilaator-vents-100-quiet-th\/"]}]},{"@type":"ImageObject","inLanguage":"et","@id":"https:\/\/espak.ee\/epood\/toode\/ventilaator-vents-100-quiet-th\/#primaryimage","url":"https:\/\/espak.ee\/epood\/wp-content\/uploads\/2020\/10\/quiet800.png","contentUrl":"https:\/\/espak.ee\/epood\/wp-content\/uploads\/2020\/10\/quiet800.png","width":800,"height":800},{"@type":"BreadcrumbList","@id":"https:\/\/espak.ee\/epood\/toode\/ventilaator-vents-100-quiet-th\/#breadcrumb","itemListElement":[{"@type":"ListItem","position":1,"name":"Home","item":"https:\/\/espak.ee\/epood\/"},{"@type":"ListItem","position":2,"name":"Tootevalik","item":"https:\/\/espak.ee\/epood\/tootevalik\/"},{"@type":"ListItem","position":3,"name":"VENTILAATOR VENTS 100 QUIET TH"}]},{"@type":"WebSite","@id":"https:\/\/espak.ee\/epood\/#website","url":"https:\/\/espak.ee\/epood\/","name":"Espak E-pood","description":"","potentialAction":[{"@type":"SearchAction","target":{"@type":"EntryPoint","urlTemplate":"https:\/\/espak.ee\/epood\/?s={search_term_string}"},"query-input":{"@type":"PropertyValueSpecification","valueRequired":true,"valueName":"search_term_string"}}],"inLanguage":"et"}]}},"_links":{"self":[{"href":"https:\/\/espak.ee\/epood\/wp-json\/wp\/v2\/product\/47174","targetHints":{"allow":["GET"]}}],"collection":[{"href":"https:\/\/espak.ee\/epood\/wp-json\/wp\/v2\/product"}],"about":[{"href":"https:\/\/espak.ee\/epood\/wp-json\/wp\/v2\/types\/product"}],"replies":[{"embeddable":true,"href":"https:\/\/espak.ee\/epood\/wp-json\/wp\/v2\/comments?post=47174"}],"wp:featuredmedia":[{"embeddable":true,"href":"https:\/\/espak.ee\/epood\/wp-json\/wp\/v2\/media\/148895"}],"wp:attachment":[{"href":"https:\/\/espak.ee\/epood\/wp-json\/wp\/v2\/media?parent=47174"}],"wp:term":[{"taxonomy":"product_brand","embeddable":true,"href":"https:\/\/espak.ee\/epood\/wp-json\/wp\/v2\/product_brand?post=47174"},{"taxonomy":"product_cat","embeddable":true,"href":"https:\/\/espak.ee\/epood\/wp-json\/wp\/v2\/product_cat?post=47174"},{"taxonomy":"product_tag","embeddable":true,"href":"https:\/\/espak.ee\/epood\/wp-json\/wp\/v2\/product_tag?post=47174"}],"curies":[{"name":"wp","href":"https:\/\/api.w.org\/{rel}","templated":true}]}}