{"id":47030,"date":"2020-10-20T07:16:12","date_gmt":"2020-10-20T04:16:12","guid":{"rendered":"https:\/\/espak.ee\/hinnakiri\/?post_type=product&#038;p=47030"},"modified":"2026-01-15T10:24:20","modified_gmt":"2026-01-15T08:24:20","slug":"vihmuti-trio","status":"publish","type":"product","link":"https:\/\/espak.ee\/epood\/toode\/vihmuti-trio\/","title":{"rendered":"VIHMUTI TRIO"},"content":{"rendered":"<p>J\u00e4tke k\u00f5ik kastmist\u00f6\u00f6d Aeduri kahe pihustiga vihmuti hoolde. Vihmuti vett pihustavad osad k\u00e4ivad ringi, kastes kiiresti ja mugavalt kogu enda \u00fcmbruse. Pihusti otsi on v\u00f5imalik suunata ja reguleerida nii, et vesi satub just sinna, kuhu vaja. Plastmassist vihmuti kinnitub vooliku otsa kiirliitme abil ja seda on v\u00f5imalik kiiresti ja kergelt \u00fcmber paigutada. Vihmuti roheline v\u00e4rv ja lehekujulised veepihustid sobib ideaalselt rohelusse.<\/p>\n","protected":false},"excerpt":{"rendered":"<p>J\u00e4tke k\u00f5ik kastmist\u00f6\u00f6d Aeduri kahe pihustiga vihmuti hoolde. Vihmuti vett pihustavad osad k\u00e4ivad ringi, kastes kiiresti ja mugavalt kogu enda \u00fcmbruse. Pihusti otsi on v\u00f5imalik suunata ja reguleerida nii, et vesi satub just sinna, kuhu vaja. Plastmassist vihmuti kinnitub vooliku otsa kiirliitme abil ja seda on v\u00f5imalik kiiresti ja kergelt \u00fcmber paigutada. Vihmuti roheline v\u00e4rv [&#8230;]\n","protected":false},"featured_media":47290,"comment_status":"closed","ping_status":"open","template":"","meta":[],"product_brand":[],"product_cat":[2789,2788,3280,3365],"product_tag":[],"class_list":{"0":"post-47030","1":"product","2":"type-product","3":"status-publish","4":"has-post-thumbnail","6":"product_cat-aiatarbed","7":"product_cat-aiatarbed-ja-kodukaubad","8":"product_cat-kastmistarvikud","9":"product_cat-vihmutid","10":"pa_kaubamark-aquamate-industrial-co-ltd","12":"first","13":"instock","14":"sale","15":"taxable","16":"shipping-taxable","17":"purchasable","18":"product-type-simple"},"yoast_head":"<!-- This site is optimized with the Yoast SEO plugin v26.9 - https:\/\/yoast.com\/product\/yoast-seo-wordpress\/ -->\n<title>VIHMUTI TRIO - Espak E-pood<\/title>\n<meta name=\"robots\" content=\"index, follow, max-snippet:-1, max-image-preview:large, max-video-preview:-1\" \/>\n<link rel=\"canonical\" href=\"https:\/\/espak.ee\/epood\/toode\/vihmuti-trio\/\" \/>\n<meta property=\"og:locale\" content=\"et_EE\" \/>\n<meta property=\"og:type\" content=\"article\" \/>\n<meta property=\"og:title\" content=\"VIHMUTI TRIO - Espak E-pood\" \/>\n<meta property=\"og:description\" content=\"J\u00e4tke k\u00f5ik kastmist\u00f6\u00f6d Aeduri kahe pihustiga vihmuti hoolde. Vihmuti vett pihustavad osad k\u00e4ivad ringi, kastes kiiresti ja mugavalt kogu enda \u00fcmbruse. Pihusti otsi on v\u00f5imalik suunata ja reguleerida nii, et vesi satub just sinna, kuhu vaja. Plastmassist vihmuti kinnitub vooliku otsa kiirliitme abil ja seda on v\u00f5imalik kiiresti ja kergelt \u00fcmber paigutada. Vihmuti roheline v\u00e4rv [...]\" \/>\n<meta property=\"og:url\" content=\"https:\/\/espak.ee\/epood\/toode\/vihmuti-trio\/\" \/>\n<meta property=\"og:site_name\" content=\"Espak E-pood\" \/>\n<meta property=\"article:modified_time\" content=\"2026-01-15T08:24:20+00:00\" \/>\n<meta property=\"og:image\" content=\"https:\/\/espak.ee\/epood\/wp-content\/uploads\/W-4102.jpg\" \/>\n\t<meta property=\"og:image:width\" content=\"1000\" \/>\n\t<meta property=\"og:image:height\" content=\"1000\" \/>\n\t<meta property=\"og:image:type\" content=\"image\/jpeg\" \/>\n<meta name=\"twitter:card\" content=\"summary_large_image\" \/>\n<script type=\"application\/ld+json\" class=\"yoast-schema-graph\">{\"@context\":\"https:\/\/schema.org\",\"@graph\":[{\"@type\":\"WebPage\",\"@id\":\"https:\/\/espak.ee\/epood\/toode\/vihmuti-trio\/\",\"url\":\"https:\/\/espak.ee\/epood\/toode\/vihmuti-trio\/\",\"name\":\"VIHMUTI TRIO - Espak E-pood\",\"isPartOf\":{\"@id\":\"https:\/\/espak.ee\/epood\/#website\"},\"primaryImageOfPage\":{\"@id\":\"https:\/\/espak.ee\/epood\/toode\/vihmuti-trio\/#primaryimage\"},\"image\":{\"@id\":\"https:\/\/espak.ee\/epood\/toode\/vihmuti-trio\/#primaryimage\"},\"thumbnailUrl\":\"https:\/\/espak.ee\/epood\/wp-content\/uploads\/W-4102.jpg\",\"datePublished\":\"2020-10-20T04:16:12+00:00\",\"dateModified\":\"2026-01-15T08:24:20+00:00\",\"breadcrumb\":{\"@id\":\"https:\/\/espak.ee\/epood\/toode\/vihmuti-trio\/#breadcrumb\"},\"inLanguage\":\"et\",\"potentialAction\":[{\"@type\":\"ReadAction\",\"target\":[\"https:\/\/espak.ee\/epood\/toode\/vihmuti-trio\/\"]}]},{\"@type\":\"ImageObject\",\"inLanguage\":\"et\",\"@id\":\"https:\/\/espak.ee\/epood\/toode\/vihmuti-trio\/#primaryimage\",\"url\":\"https:\/\/espak.ee\/epood\/wp-content\/uploads\/W-4102.jpg\",\"contentUrl\":\"https:\/\/espak.ee\/epood\/wp-content\/uploads\/W-4102.jpg\",\"width\":1000,\"height\":1000},{\"@type\":\"BreadcrumbList\",\"@id\":\"https:\/\/espak.ee\/epood\/toode\/vihmuti-trio\/#breadcrumb\",\"itemListElement\":[{\"@type\":\"ListItem\",\"position\":1,\"name\":\"Home\",\"item\":\"https:\/\/espak.ee\/epood\/\"},{\"@type\":\"ListItem\",\"position\":2,\"name\":\"Tootevalik\",\"item\":\"https:\/\/espak.ee\/epood\/tootevalik\/\"},{\"@type\":\"ListItem\",\"position\":3,\"name\":\"VIHMUTI TRIO\"}]},{\"@type\":\"WebSite\",\"@id\":\"https:\/\/espak.ee\/epood\/#website\",\"url\":\"https:\/\/espak.ee\/epood\/\",\"name\":\"Espak E-pood\",\"description\":\"\",\"potentialAction\":[{\"@type\":\"SearchAction\",\"target\":{\"@type\":\"EntryPoint\",\"urlTemplate\":\"https:\/\/espak.ee\/epood\/?s={search_term_string}\"},\"query-input\":{\"@type\":\"PropertyValueSpecification\",\"valueRequired\":true,\"valueName\":\"search_term_string\"}}],\"inLanguage\":\"et\"}]}<\/script>\n<!-- \/ Yoast SEO plugin. -->","yoast_head_json":{"title":"VIHMUTI TRIO - Espak E-pood","robots":{"index":"index","follow":"follow","max-snippet":"max-snippet:-1","max-image-preview":"max-image-preview:large","max-video-preview":"max-video-preview:-1"},"canonical":"https:\/\/espak.ee\/epood\/toode\/vihmuti-trio\/","og_locale":"et_EE","og_type":"article","og_title":"VIHMUTI TRIO - Espak E-pood","og_description":"J\u00e4tke k\u00f5ik kastmist\u00f6\u00f6d Aeduri kahe pihustiga vihmuti hoolde. Vihmuti vett pihustavad osad k\u00e4ivad ringi, kastes kiiresti ja mugavalt kogu enda \u00fcmbruse. Pihusti otsi on v\u00f5imalik suunata ja reguleerida nii, et vesi satub just sinna, kuhu vaja. Plastmassist vihmuti kinnitub vooliku otsa kiirliitme abil ja seda on v\u00f5imalik kiiresti ja kergelt \u00fcmber paigutada. Vihmuti roheline v\u00e4rv [...]","og_url":"https:\/\/espak.ee\/epood\/toode\/vihmuti-trio\/","og_site_name":"Espak E-pood","article_modified_time":"2026-01-15T08:24:20+00:00","og_image":[{"width":1000,"height":1000,"url":"https:\/\/espak.ee\/epood\/wp-content\/uploads\/W-4102.jpg","type":"image\/jpeg"}],"twitter_card":"summary_large_image","schema":{"@context":"https:\/\/schema.org","@graph":[{"@type":"WebPage","@id":"https:\/\/espak.ee\/epood\/toode\/vihmuti-trio\/","url":"https:\/\/espak.ee\/epood\/toode\/vihmuti-trio\/","name":"VIHMUTI TRIO - Espak E-pood","isPartOf":{"@id":"https:\/\/espak.ee\/epood\/#website"},"primaryImageOfPage":{"@id":"https:\/\/espak.ee\/epood\/toode\/vihmuti-trio\/#primaryimage"},"image":{"@id":"https:\/\/espak.ee\/epood\/toode\/vihmuti-trio\/#primaryimage"},"thumbnailUrl":"https:\/\/espak.ee\/epood\/wp-content\/uploads\/W-4102.jpg","datePublished":"2020-10-20T04:16:12+00:00","dateModified":"2026-01-15T08:24:20+00:00","breadcrumb":{"@id":"https:\/\/espak.ee\/epood\/toode\/vihmuti-trio\/#breadcrumb"},"inLanguage":"et","potentialAction":[{"@type":"ReadAction","target":["https:\/\/espak.ee\/epood\/toode\/vihmuti-trio\/"]}]},{"@type":"ImageObject","inLanguage":"et","@id":"https:\/\/espak.ee\/epood\/toode\/vihmuti-trio\/#primaryimage","url":"https:\/\/espak.ee\/epood\/wp-content\/uploads\/W-4102.jpg","contentUrl":"https:\/\/espak.ee\/epood\/wp-content\/uploads\/W-4102.jpg","width":1000,"height":1000},{"@type":"BreadcrumbList","@id":"https:\/\/espak.ee\/epood\/toode\/vihmuti-trio\/#breadcrumb","itemListElement":[{"@type":"ListItem","position":1,"name":"Home","item":"https:\/\/espak.ee\/epood\/"},{"@type":"ListItem","position":2,"name":"Tootevalik","item":"https:\/\/espak.ee\/epood\/tootevalik\/"},{"@type":"ListItem","position":3,"name":"VIHMUTI TRIO"}]},{"@type":"WebSite","@id":"https:\/\/espak.ee\/epood\/#website","url":"https:\/\/espak.ee\/epood\/","name":"Espak E-pood","description":"","potentialAction":[{"@type":"SearchAction","target":{"@type":"EntryPoint","urlTemplate":"https:\/\/espak.ee\/epood\/?s={search_term_string}"},"query-input":{"@type":"PropertyValueSpecification","valueRequired":true,"valueName":"search_term_string"}}],"inLanguage":"et"}]}},"_links":{"self":[{"href":"https:\/\/espak.ee\/epood\/wp-json\/wp\/v2\/product\/47030","targetHints":{"allow":["GET"]}}],"collection":[{"href":"https:\/\/espak.ee\/epood\/wp-json\/wp\/v2\/product"}],"about":[{"href":"https:\/\/espak.ee\/epood\/wp-json\/wp\/v2\/types\/product"}],"replies":[{"embeddable":true,"href":"https:\/\/espak.ee\/epood\/wp-json\/wp\/v2\/comments?post=47030"}],"wp:featuredmedia":[{"embeddable":true,"href":"https:\/\/espak.ee\/epood\/wp-json\/wp\/v2\/media\/47290"}],"wp:attachment":[{"href":"https:\/\/espak.ee\/epood\/wp-json\/wp\/v2\/media?parent=47030"}],"wp:term":[{"taxonomy":"product_brand","embeddable":true,"href":"https:\/\/espak.ee\/epood\/wp-json\/wp\/v2\/product_brand?post=47030"},{"taxonomy":"product_cat","embeddable":true,"href":"https:\/\/espak.ee\/epood\/wp-json\/wp\/v2\/product_cat?post=47030"},{"taxonomy":"product_tag","embeddable":true,"href":"https:\/\/espak.ee\/epood\/wp-json\/wp\/v2\/product_tag?post=47030"}],"curies":[{"name":"wp","href":"https:\/\/api.w.org\/{rel}","templated":true}]}}