{"id":46987,"date":"2020-10-20T07:15:51","date_gmt":"2020-10-20T04:15:51","guid":{"rendered":"https:\/\/espak.ee\/hinnakiri\/?post_type=product&#038;p=46987"},"modified":"2026-04-01T22:41:19","modified_gmt":"2026-04-01T19:41:19","slug":"terrassipesu-hari","status":"publish","type":"product","link":"https:\/\/espak.ee\/epood\/toode\/terrassipesu-hari\/","title":{"rendered":"TERRASSIPESU HARI"},"content":{"rendered":"<div class=\"row\"  id=\"row-983642461\">\n\n\t<div id=\"col-100702945\" class=\"col medium-9 small-12 large-9\"  >\n\t\t\t\t<div class=\"col-inner\"  >\n\t\t\t\n\t\t\t\n<h3>Terrassipesuhari Anza<\/h3>\n<p>Spetsiaalne terrassipesuhari, mis on mugava nurga all, et saaks pesemisel piisava surve t\u00f6\u00f6tades p\u00fcstiasendis. Harjased on \u00f5ige tugevuse ja pikkusega, et efektiivselt eemaldada mustus ning vetikad, kuid samas ei l\u00f5hu puitu.<\/p>\n\t<div id=\"gap-1261589560\" class=\"gap-element clearfix\" style=\"display:block; height:auto;\">\n\t\t\n<style>\n#gap-1261589560 {\n  padding-top: 30px;\n}\n<\/style>\n\t<\/div>\n\t\n\t\t<\/div>\n\t\t\t\t\t<\/div>\n\n\t\n\n\t<div id=\"col-1860102962\" class=\"col medium-3 small-12 large-3\"  >\n\t\t\t\t<div class=\"col-inner\"  >\n\t\t\t\n\t\t\t\n<h3>K\u00fcsi v\u00e4rvimisalast n\u00f5u:<\/h3>\n<p><a href=\"https:\/\/www.vivacolor.ee\/varviliin\" target=\"_blank\" rel=\"noopener noreferrer\"><img decoding=\"async\" class=\"alignnone size-full wp-image-12138\" src=\"https:\/\/espak.ee\/hinnakiri\/wp-content\/uploads\/Varviliin.png\" alt=\"\" width=\"158\" height=\"232\" srcset=\"https:\/\/espak.ee\/epood\/wp-content\/uploads\/Varviliin.png 158w, https:\/\/espak.ee\/epood\/wp-content\/uploads\/Varviliin-102x150.png 102w\" sizes=\"(max-width: 158px) 100vw, 158px\" \/><\/a><\/p>\n\t\t<\/div>\n\t\t\t\t\t<\/div>\n\n\t\n<\/div>\n","protected":false},"excerpt":{"rendered":"","protected":false},"featured_media":153033,"comment_status":"closed","ping_status":"closed","template":"","meta":[],"product_brand":[],"product_cat":[2716,2715,3444,2683],"product_tag":[],"class_list":{"0":"post-46987","1":"product","2":"type-product","3":"status-publish","4":"has-post-thumbnail","6":"product_cat-maalritarbed-maalritarbed","7":"product_cat-maalritarbed","8":"product_cat-pesu-ja-kuurimistarbed","9":"product_cat-viimistluskaubad","10":"pa_kaubamark-tikkurila","12":"first","13":"instock","14":"sale","15":"taxable","16":"shipping-taxable","17":"purchasable","18":"product-type-simple"},"yoast_head":"<!-- This site is optimized with the Yoast SEO plugin v26.9 - https:\/\/yoast.com\/product\/yoast-seo-wordpress\/ -->\n<title>TERRASSIPESU HARI - Espak E-pood<\/title>\n<meta name=\"robots\" content=\"index, follow, max-snippet:-1, max-image-preview:large, max-video-preview:-1\" \/>\n<link rel=\"canonical\" href=\"https:\/\/espak.ee\/epood\/toode\/terrassipesu-hari\/\" \/>\n<meta property=\"og:locale\" content=\"et_EE\" \/>\n<meta property=\"og:type\" content=\"article\" \/>\n<meta property=\"og:title\" content=\"TERRASSIPESU HARI - Espak E-pood\" \/>\n<meta property=\"og:url\" content=\"https:\/\/espak.ee\/epood\/toode\/terrassipesu-hari\/\" \/>\n<meta property=\"og:site_name\" content=\"Espak E-pood\" \/>\n<meta property=\"article:modified_time\" content=\"2026-04-01T19:41:19+00:00\" \/>\n<meta property=\"og:image\" content=\"https:\/\/espak.ee\/epood\/wp-content\/uploads\/2020\/10\/Anza_tool_35.jpg\" \/>\n\t<meta property=\"og:image:width\" content=\"800\" \/>\n\t<meta property=\"og:image:height\" content=\"800\" \/>\n\t<meta property=\"og:image:type\" content=\"image\/jpeg\" \/>\n<meta name=\"twitter:card\" content=\"summary_large_image\" \/>\n<script type=\"application\/ld+json\" class=\"yoast-schema-graph\">{\"@context\":\"https:\/\/schema.org\",\"@graph\":[{\"@type\":\"WebPage\",\"@id\":\"https:\/\/espak.ee\/epood\/toode\/terrassipesu-hari\/\",\"url\":\"https:\/\/espak.ee\/epood\/toode\/terrassipesu-hari\/\",\"name\":\"TERRASSIPESU HARI - Espak E-pood\",\"isPartOf\":{\"@id\":\"https:\/\/espak.ee\/epood\/#website\"},\"primaryImageOfPage\":{\"@id\":\"https:\/\/espak.ee\/epood\/toode\/terrassipesu-hari\/#primaryimage\"},\"image\":{\"@id\":\"https:\/\/espak.ee\/epood\/toode\/terrassipesu-hari\/#primaryimage\"},\"thumbnailUrl\":\"https:\/\/espak.ee\/epood\/wp-content\/uploads\/2020\/10\/Anza_tool_35.jpg\",\"datePublished\":\"2020-10-20T04:15:51+00:00\",\"dateModified\":\"2026-04-01T19:41:19+00:00\",\"breadcrumb\":{\"@id\":\"https:\/\/espak.ee\/epood\/toode\/terrassipesu-hari\/#breadcrumb\"},\"inLanguage\":\"et\",\"potentialAction\":[{\"@type\":\"ReadAction\",\"target\":[\"https:\/\/espak.ee\/epood\/toode\/terrassipesu-hari\/\"]}]},{\"@type\":\"ImageObject\",\"inLanguage\":\"et\",\"@id\":\"https:\/\/espak.ee\/epood\/toode\/terrassipesu-hari\/#primaryimage\",\"url\":\"https:\/\/espak.ee\/epood\/wp-content\/uploads\/2020\/10\/Anza_tool_35.jpg\",\"contentUrl\":\"https:\/\/espak.ee\/epood\/wp-content\/uploads\/2020\/10\/Anza_tool_35.jpg\",\"width\":800,\"height\":800},{\"@type\":\"BreadcrumbList\",\"@id\":\"https:\/\/espak.ee\/epood\/toode\/terrassipesu-hari\/#breadcrumb\",\"itemListElement\":[{\"@type\":\"ListItem\",\"position\":1,\"name\":\"Home\",\"item\":\"https:\/\/espak.ee\/epood\/\"},{\"@type\":\"ListItem\",\"position\":2,\"name\":\"Tootevalik\",\"item\":\"https:\/\/espak.ee\/epood\/tootevalik\/\"},{\"@type\":\"ListItem\",\"position\":3,\"name\":\"TERRASSIPESU HARI\"}]},{\"@type\":\"WebSite\",\"@id\":\"https:\/\/espak.ee\/epood\/#website\",\"url\":\"https:\/\/espak.ee\/epood\/\",\"name\":\"Espak E-pood\",\"description\":\"\",\"potentialAction\":[{\"@type\":\"SearchAction\",\"target\":{\"@type\":\"EntryPoint\",\"urlTemplate\":\"https:\/\/espak.ee\/epood\/?s={search_term_string}\"},\"query-input\":{\"@type\":\"PropertyValueSpecification\",\"valueRequired\":true,\"valueName\":\"search_term_string\"}}],\"inLanguage\":\"et\"}]}<\/script>\n<!-- \/ Yoast SEO plugin. -->","yoast_head_json":{"title":"TERRASSIPESU HARI - Espak E-pood","robots":{"index":"index","follow":"follow","max-snippet":"max-snippet:-1","max-image-preview":"max-image-preview:large","max-video-preview":"max-video-preview:-1"},"canonical":"https:\/\/espak.ee\/epood\/toode\/terrassipesu-hari\/","og_locale":"et_EE","og_type":"article","og_title":"TERRASSIPESU HARI - Espak E-pood","og_url":"https:\/\/espak.ee\/epood\/toode\/terrassipesu-hari\/","og_site_name":"Espak E-pood","article_modified_time":"2026-04-01T19:41:19+00:00","og_image":[{"width":800,"height":800,"url":"https:\/\/espak.ee\/epood\/wp-content\/uploads\/2020\/10\/Anza_tool_35.jpg","type":"image\/jpeg"}],"twitter_card":"summary_large_image","schema":{"@context":"https:\/\/schema.org","@graph":[{"@type":"WebPage","@id":"https:\/\/espak.ee\/epood\/toode\/terrassipesu-hari\/","url":"https:\/\/espak.ee\/epood\/toode\/terrassipesu-hari\/","name":"TERRASSIPESU HARI - Espak E-pood","isPartOf":{"@id":"https:\/\/espak.ee\/epood\/#website"},"primaryImageOfPage":{"@id":"https:\/\/espak.ee\/epood\/toode\/terrassipesu-hari\/#primaryimage"},"image":{"@id":"https:\/\/espak.ee\/epood\/toode\/terrassipesu-hari\/#primaryimage"},"thumbnailUrl":"https:\/\/espak.ee\/epood\/wp-content\/uploads\/2020\/10\/Anza_tool_35.jpg","datePublished":"2020-10-20T04:15:51+00:00","dateModified":"2026-04-01T19:41:19+00:00","breadcrumb":{"@id":"https:\/\/espak.ee\/epood\/toode\/terrassipesu-hari\/#breadcrumb"},"inLanguage":"et","potentialAction":[{"@type":"ReadAction","target":["https:\/\/espak.ee\/epood\/toode\/terrassipesu-hari\/"]}]},{"@type":"ImageObject","inLanguage":"et","@id":"https:\/\/espak.ee\/epood\/toode\/terrassipesu-hari\/#primaryimage","url":"https:\/\/espak.ee\/epood\/wp-content\/uploads\/2020\/10\/Anza_tool_35.jpg","contentUrl":"https:\/\/espak.ee\/epood\/wp-content\/uploads\/2020\/10\/Anza_tool_35.jpg","width":800,"height":800},{"@type":"BreadcrumbList","@id":"https:\/\/espak.ee\/epood\/toode\/terrassipesu-hari\/#breadcrumb","itemListElement":[{"@type":"ListItem","position":1,"name":"Home","item":"https:\/\/espak.ee\/epood\/"},{"@type":"ListItem","position":2,"name":"Tootevalik","item":"https:\/\/espak.ee\/epood\/tootevalik\/"},{"@type":"ListItem","position":3,"name":"TERRASSIPESU HARI"}]},{"@type":"WebSite","@id":"https:\/\/espak.ee\/epood\/#website","url":"https:\/\/espak.ee\/epood\/","name":"Espak E-pood","description":"","potentialAction":[{"@type":"SearchAction","target":{"@type":"EntryPoint","urlTemplate":"https:\/\/espak.ee\/epood\/?s={search_term_string}"},"query-input":{"@type":"PropertyValueSpecification","valueRequired":true,"valueName":"search_term_string"}}],"inLanguage":"et"}]}},"_links":{"self":[{"href":"https:\/\/espak.ee\/epood\/wp-json\/wp\/v2\/product\/46987","targetHints":{"allow":["GET"]}}],"collection":[{"href":"https:\/\/espak.ee\/epood\/wp-json\/wp\/v2\/product"}],"about":[{"href":"https:\/\/espak.ee\/epood\/wp-json\/wp\/v2\/types\/product"}],"replies":[{"embeddable":true,"href":"https:\/\/espak.ee\/epood\/wp-json\/wp\/v2\/comments?post=46987"}],"wp:featuredmedia":[{"embeddable":true,"href":"https:\/\/espak.ee\/epood\/wp-json\/wp\/v2\/media\/153033"}],"wp:attachment":[{"href":"https:\/\/espak.ee\/epood\/wp-json\/wp\/v2\/media?parent=46987"}],"wp:term":[{"taxonomy":"product_brand","embeddable":true,"href":"https:\/\/espak.ee\/epood\/wp-json\/wp\/v2\/product_brand?post=46987"},{"taxonomy":"product_cat","embeddable":true,"href":"https:\/\/espak.ee\/epood\/wp-json\/wp\/v2\/product_cat?post=46987"},{"taxonomy":"product_tag","embeddable":true,"href":"https:\/\/espak.ee\/epood\/wp-json\/wp\/v2\/product_tag?post=46987"}],"curies":[{"name":"wp","href":"https:\/\/api.w.org\/{rel}","templated":true}]}}