{"id":42848,"date":"2020-09-25T07:21:37","date_gmt":"2020-09-25T04:21:37","guid":{"rendered":"https:\/\/espak.ee\/hinnakiri\/?post_type=product&#038;p=42848"},"modified":"2024-08-07T14:26:50","modified_gmt":"2024-08-07T11:26:50","slug":"plokiratas-o75mm-8mm-05t","status":"publish","type":"product","link":"https:\/\/espak.ee\/epood\/toode\/plokiratas-o75mm-8mm-05t\/","title":{"rendered":"PLOKIRATAS \u00d875MM 8MM 0,5T"},"content":{"rendered":"<div class=\"row\"  id=\"row-1255883944\">\n\n\t<div id=\"col-1292842077\" class=\"col medium-9 small-12 large-9\"  >\n\t\t\t\t<div class=\"col-inner\"  >\n\t\t\t\n\t\t\t\n<h3>Plokiratas \u00d875mm 8mm 0,5T<\/h3>\n<p>M\u00f5eldud t\u00f5stmiseks v\u00f5ib kasutada ka t\u00f5mbamiseks.<br \/>\n K\u00fcljelt avanev konksuotstega trossi jaoks.<\/p>\n<p>*Pilt on illustreeriv<\/p>\n\t\t<\/div>\n\t\t\t\t\t<\/div>\n\n\t\n\n\t<div id=\"col-510051179\" class=\"col medium-3 small-12 large-3\"  >\n\t\t\t\t<div class=\"col-inner\"  >\n\t\t\t\n\t\t\t\n<div class=\"is-divider divider clearfix\" ><\/div>\n<p><strong>\u00dcksikasjalikuma n\u00f5u saamiseks v\u00f5tke \u00fchendust:<br \/><\/strong>Certex Eesti O\u00dc<br \/>V\u00e4ike-Paala 2\/1<br \/>11415<br \/>Tallinn<br \/>+372 6062 599<\/p>\n\t\t<\/div>\n\t\t\t\t\t<\/div>\n\n\t\n<\/div>\n","protected":false},"excerpt":{"rendered":"","protected":false},"featured_media":207377,"comment_status":"closed","ping_status":"closed","template":"","meta":[],"product_brand":[],"product_cat":[2917,2989,2893,2946],"product_tag":[],"class_list":{"0":"post-42848","1":"product","2":"type-product","3":"status-publish","4":"has-post-thumbnail","6":"product_cat-kinnitustarvikud","7":"product_cat-koierullikud","8":"product_cat-rauakaubad","9":"product_cat-trossi-ja-keti-tarvikud","10":"pa_kaubamark-certex-eesti-ou","12":"first","13":"instock","14":"sale","15":"taxable","16":"shipping-taxable","17":"purchasable","18":"product-type-simple"},"yoast_head":"<!-- This site is optimized with the Yoast SEO plugin v26.9 - https:\/\/yoast.com\/product\/yoast-seo-wordpress\/ -->\n<title>PLOKIRATAS \u00d875MM 8MM 0,5T - Espak E-pood<\/title>\n<meta name=\"robots\" content=\"index, follow, max-snippet:-1, max-image-preview:large, max-video-preview:-1\" \/>\n<link rel=\"canonical\" href=\"https:\/\/espak.ee\/epood\/toode\/plokiratas-o75mm-8mm-05t\/\" \/>\n<meta property=\"og:locale\" content=\"et_EE\" \/>\n<meta property=\"og:type\" content=\"article\" \/>\n<meta property=\"og:title\" content=\"PLOKIRATAS \u00d875MM 8MM 0,5T - Espak E-pood\" \/>\n<meta property=\"og:url\" content=\"https:\/\/espak.ee\/epood\/toode\/plokiratas-o75mm-8mm-05t\/\" \/>\n<meta property=\"og:site_name\" content=\"Espak E-pood\" \/>\n<meta property=\"article:modified_time\" content=\"2024-08-07T11:26:50+00:00\" \/>\n<meta property=\"og:image\" content=\"https:\/\/espak.ee\/epood\/wp-content\/uploads\/2020\/09\/VAP1000100@2x.356035b9.webp\" \/>\n\t<meta property=\"og:image:width\" content=\"2000\" \/>\n\t<meta property=\"og:image:height\" content=\"2000\" \/>\n\t<meta property=\"og:image:type\" content=\"image\/webp\" \/>\n<meta name=\"twitter:card\" content=\"summary_large_image\" \/>\n<script type=\"application\/ld+json\" class=\"yoast-schema-graph\">{\"@context\":\"https:\/\/schema.org\",\"@graph\":[{\"@type\":\"WebPage\",\"@id\":\"https:\/\/espak.ee\/epood\/toode\/plokiratas-o75mm-8mm-05t\/\",\"url\":\"https:\/\/espak.ee\/epood\/toode\/plokiratas-o75mm-8mm-05t\/\",\"name\":\"PLOKIRATAS \u00d875MM 8MM 0,5T - Espak E-pood\",\"isPartOf\":{\"@id\":\"https:\/\/espak.ee\/epood\/#website\"},\"primaryImageOfPage\":{\"@id\":\"https:\/\/espak.ee\/epood\/toode\/plokiratas-o75mm-8mm-05t\/#primaryimage\"},\"image\":{\"@id\":\"https:\/\/espak.ee\/epood\/toode\/plokiratas-o75mm-8mm-05t\/#primaryimage\"},\"thumbnailUrl\":\"https:\/\/espak.ee\/epood\/wp-content\/uploads\/2020\/09\/VAP1000100@2x.356035b9.webp\",\"datePublished\":\"2020-09-25T04:21:37+00:00\",\"dateModified\":\"2024-08-07T11:26:50+00:00\",\"breadcrumb\":{\"@id\":\"https:\/\/espak.ee\/epood\/toode\/plokiratas-o75mm-8mm-05t\/#breadcrumb\"},\"inLanguage\":\"et\",\"potentialAction\":[{\"@type\":\"ReadAction\",\"target\":[\"https:\/\/espak.ee\/epood\/toode\/plokiratas-o75mm-8mm-05t\/\"]}]},{\"@type\":\"ImageObject\",\"inLanguage\":\"et\",\"@id\":\"https:\/\/espak.ee\/epood\/toode\/plokiratas-o75mm-8mm-05t\/#primaryimage\",\"url\":\"https:\/\/espak.ee\/epood\/wp-content\/uploads\/2020\/09\/VAP1000100@2x.356035b9.webp\",\"contentUrl\":\"https:\/\/espak.ee\/epood\/wp-content\/uploads\/2020\/09\/VAP1000100@2x.356035b9.webp\",\"width\":2000,\"height\":2000},{\"@type\":\"BreadcrumbList\",\"@id\":\"https:\/\/espak.ee\/epood\/toode\/plokiratas-o75mm-8mm-05t\/#breadcrumb\",\"itemListElement\":[{\"@type\":\"ListItem\",\"position\":1,\"name\":\"Home\",\"item\":\"https:\/\/espak.ee\/epood\/\"},{\"@type\":\"ListItem\",\"position\":2,\"name\":\"Tootevalik\",\"item\":\"https:\/\/espak.ee\/epood\/tootevalik\/\"},{\"@type\":\"ListItem\",\"position\":3,\"name\":\"PLOKIRATAS \u00d875MM 8MM 0,5T\"}]},{\"@type\":\"WebSite\",\"@id\":\"https:\/\/espak.ee\/epood\/#website\",\"url\":\"https:\/\/espak.ee\/epood\/\",\"name\":\"Espak E-pood\",\"description\":\"\",\"potentialAction\":[{\"@type\":\"SearchAction\",\"target\":{\"@type\":\"EntryPoint\",\"urlTemplate\":\"https:\/\/espak.ee\/epood\/?s={search_term_string}\"},\"query-input\":{\"@type\":\"PropertyValueSpecification\",\"valueRequired\":true,\"valueName\":\"search_term_string\"}}],\"inLanguage\":\"et\"}]}<\/script>\n<!-- \/ Yoast SEO plugin. -->","yoast_head_json":{"title":"PLOKIRATAS \u00d875MM 8MM 0,5T - Espak E-pood","robots":{"index":"index","follow":"follow","max-snippet":"max-snippet:-1","max-image-preview":"max-image-preview:large","max-video-preview":"max-video-preview:-1"},"canonical":"https:\/\/espak.ee\/epood\/toode\/plokiratas-o75mm-8mm-05t\/","og_locale":"et_EE","og_type":"article","og_title":"PLOKIRATAS \u00d875MM 8MM 0,5T - Espak E-pood","og_url":"https:\/\/espak.ee\/epood\/toode\/plokiratas-o75mm-8mm-05t\/","og_site_name":"Espak E-pood","article_modified_time":"2024-08-07T11:26:50+00:00","og_image":[{"width":2000,"height":2000,"url":"https:\/\/espak.ee\/epood\/wp-content\/uploads\/2020\/09\/VAP1000100@2x.356035b9.webp","type":"image\/webp"}],"twitter_card":"summary_large_image","schema":{"@context":"https:\/\/schema.org","@graph":[{"@type":"WebPage","@id":"https:\/\/espak.ee\/epood\/toode\/plokiratas-o75mm-8mm-05t\/","url":"https:\/\/espak.ee\/epood\/toode\/plokiratas-o75mm-8mm-05t\/","name":"PLOKIRATAS \u00d875MM 8MM 0,5T - Espak E-pood","isPartOf":{"@id":"https:\/\/espak.ee\/epood\/#website"},"primaryImageOfPage":{"@id":"https:\/\/espak.ee\/epood\/toode\/plokiratas-o75mm-8mm-05t\/#primaryimage"},"image":{"@id":"https:\/\/espak.ee\/epood\/toode\/plokiratas-o75mm-8mm-05t\/#primaryimage"},"thumbnailUrl":"https:\/\/espak.ee\/epood\/wp-content\/uploads\/2020\/09\/VAP1000100@2x.356035b9.webp","datePublished":"2020-09-25T04:21:37+00:00","dateModified":"2024-08-07T11:26:50+00:00","breadcrumb":{"@id":"https:\/\/espak.ee\/epood\/toode\/plokiratas-o75mm-8mm-05t\/#breadcrumb"},"inLanguage":"et","potentialAction":[{"@type":"ReadAction","target":["https:\/\/espak.ee\/epood\/toode\/plokiratas-o75mm-8mm-05t\/"]}]},{"@type":"ImageObject","inLanguage":"et","@id":"https:\/\/espak.ee\/epood\/toode\/plokiratas-o75mm-8mm-05t\/#primaryimage","url":"https:\/\/espak.ee\/epood\/wp-content\/uploads\/2020\/09\/VAP1000100@2x.356035b9.webp","contentUrl":"https:\/\/espak.ee\/epood\/wp-content\/uploads\/2020\/09\/VAP1000100@2x.356035b9.webp","width":2000,"height":2000},{"@type":"BreadcrumbList","@id":"https:\/\/espak.ee\/epood\/toode\/plokiratas-o75mm-8mm-05t\/#breadcrumb","itemListElement":[{"@type":"ListItem","position":1,"name":"Home","item":"https:\/\/espak.ee\/epood\/"},{"@type":"ListItem","position":2,"name":"Tootevalik","item":"https:\/\/espak.ee\/epood\/tootevalik\/"},{"@type":"ListItem","position":3,"name":"PLOKIRATAS \u00d875MM 8MM 0,5T"}]},{"@type":"WebSite","@id":"https:\/\/espak.ee\/epood\/#website","url":"https:\/\/espak.ee\/epood\/","name":"Espak E-pood","description":"","potentialAction":[{"@type":"SearchAction","target":{"@type":"EntryPoint","urlTemplate":"https:\/\/espak.ee\/epood\/?s={search_term_string}"},"query-input":{"@type":"PropertyValueSpecification","valueRequired":true,"valueName":"search_term_string"}}],"inLanguage":"et"}]}},"_links":{"self":[{"href":"https:\/\/espak.ee\/epood\/wp-json\/wp\/v2\/product\/42848","targetHints":{"allow":["GET"]}}],"collection":[{"href":"https:\/\/espak.ee\/epood\/wp-json\/wp\/v2\/product"}],"about":[{"href":"https:\/\/espak.ee\/epood\/wp-json\/wp\/v2\/types\/product"}],"replies":[{"embeddable":true,"href":"https:\/\/espak.ee\/epood\/wp-json\/wp\/v2\/comments?post=42848"}],"wp:featuredmedia":[{"embeddable":true,"href":"https:\/\/espak.ee\/epood\/wp-json\/wp\/v2\/media\/207377"}],"wp:attachment":[{"href":"https:\/\/espak.ee\/epood\/wp-json\/wp\/v2\/media?parent=42848"}],"wp:term":[{"taxonomy":"product_brand","embeddable":true,"href":"https:\/\/espak.ee\/epood\/wp-json\/wp\/v2\/product_brand?post=42848"},{"taxonomy":"product_cat","embeddable":true,"href":"https:\/\/espak.ee\/epood\/wp-json\/wp\/v2\/product_cat?post=42848"},{"taxonomy":"product_tag","embeddable":true,"href":"https:\/\/espak.ee\/epood\/wp-json\/wp\/v2\/product_tag?post=42848"}],"curies":[{"name":"wp","href":"https:\/\/api.w.org\/{rel}","templated":true}]}}