{"id":42256,"date":"2020-09-23T07:12:07","date_gmt":"2020-09-23T04:12:07","guid":{"rendered":"https:\/\/espak.ee\/hinnakiri\/?post_type=product&#038;p=42256"},"modified":"2024-03-23T14:57:29","modified_gmt":"2024-03-23T12:57:29","slug":"voolikukaru-gardena-aquaroll-m","status":"publish","type":"product","link":"https:\/\/espak.ee\/epood\/toode\/voolikukaru-gardena-aquaroll-m\/","title":{"rendered":"VOOLIKUK\u00c4RU GARDENA CLEVERROLL M"},"content":{"rendered":"<div class=\"row\"  id=\"row-464447311\">\n\n\t<div id=\"col-1257934892\" class=\"col medium-9 small-12 large-9\"  >\n\t\t\t\t<div class=\"col-inner\"  >\n\t\t\t\n\t\t\t\n<h2>Voolikuk\u00e4ru<\/h2>\n<div class=\"message-box relative\" style=\"padding-top:15px;padding-bottom:15px;\"><div class=\"message-box-bg-image bg-fill fill\" ><\/div><div class=\"message-box-bg-overlay bg-fill fill\" ><\/div><div class=\"container relative\"><div class=\"inner last-reset\">\n<div class=\"row align-middle align-center\"  id=\"row-1064373838\">\n\n\t<div id=\"col-434717882\" class=\"col small-12 large-12\"  >\n\t\t\t\t<div class=\"col-inner text-left\"  >\n\t\t\t\n\t\t\t\n<h4>Omadused<\/h4>\n<div class=\"row\"  id=\"row-2080740976\">\n\n\t<div id=\"col-860728724\" class=\"col medium-6 small-12 large-6\"  >\n\t\t\t\t<div class=\"col-inner\"  >\n\t\t\t\n\t\t\t\n<p><i class=\"fa fa-check fa-2x\"><\/i> <strong>Kindel tugi<\/strong><\/p>\n<p><i class=\"fa fa-check fa-2x\"><\/i> <strong>Kastmistarviku hoidik<\/strong><\/p>\n\t\t<\/div>\n\t\t\t\t\n<style>\n#col-860728724 > .col-inner {\n  margin: 0px 0px 15px 0px;\n}\n<\/style>\n\t<\/div>\n\n\t\n\n\t<div id=\"col-1074745848\" class=\"col medium-6 small-12 large-6\"  >\n\t\t\t\t<div class=\"col-inner\"  >\n\t\t\t\n\t\t\t\n<p><i class=\"fa fa-check fa-2x\"><\/i> <strong>Vesi ei voola tahtmatult maha<\/strong><\/p>\n<p><i class=\"fa fa-check fa-2x\"><\/i> <strong>Maksimaalne veevool<\/strong><\/p>\n\t\t<\/div>\n\t\t\t\t\n<style>\n#col-1074745848 > .col-inner {\n  margin: 0px 0px 15px 0px;\n}\n<\/style>\n\t<\/div>\n\n\t\n<\/div>\n\t\t<\/div>\n\t\t\t\t\t<\/div>\n\n\t\n<\/div>\n<\/div><\/div><\/div>\n\t<div id=\"gap-669079944\" class=\"gap-element clearfix\" style=\"display:block; height:auto;\">\n\t\t\n<style>\n#gap-669079944 {\n  padding-top: 30px;\n}\n<\/style>\n\t<\/div>\n\t\n<h3>Kasutamise \u00fcksikasjad<\/h3>\n<p><strong>Kirjeldus:<\/strong> GARDENA CleverRoll M v\u00f5imaldab aiavooliku ruumis\u00e4\u00e4stliku hoiustamist ning seda on mugav kasutada. Ergonoomilise pehmest plastist komponentidega v\u00e4ndaga on vooliku tagasi kerimine v\u00e4ga lihtne ning mugav. Voolikuk\u00e4ru k\u00e4epidemel olev riputusaas v\u00f5imaldab sinna toetada kastmispihusti. K\u00fclmumiskindlus ja 5-aastane garantii t\u00f5estavad, et tegemist on kvaliteetse \u201eToodetud Saksamaal\u201c tootega.<\/p>\n\t\t<\/div>\n\t\t\t\t\t<\/div>\n\n\t\n\n\t<div id=\"col-2054574333\" class=\"col medium-3 small-12 large-3\"  >\n\t\t\t\t<div class=\"col-inner\"  >\n\t\t\t\n\t\t\t\n\t<div id=\"gap-598895087\" class=\"gap-element clearfix\" style=\"display:block; height:auto;\">\n\t\t\n<style>\n#gap-598895087 {\n  padding-top: 30px;\n}\n<\/style>\n\t<\/div>\n\t\n<div class=\"is-divider divider clearfix\" ><\/div>\n<p><strong>\u00dcksikasjalikuma n\u00f5u saamiseks v\u00f5tke \u00fchendust:<br \/><\/strong>Espak AS<br \/>Viadukti 42<br \/>11313<br \/>Tallinn<br \/>+372 6 512333<\/p>\n<div class=\"is-divider divider clearfix\" ><\/div>\n\t\t<\/div>\n\t\t\t\t\t<\/div>\n\n\t\n<\/div>\n","protected":false},"excerpt":{"rendered":"","protected":false},"featured_media":43855,"comment_status":"closed","ping_status":"closed","template":"","meta":[],"product_brand":[],"product_cat":[2789,2788,3373,3372],"product_tag":[],"class_list":{"0":"post-42256","1":"product","2":"type-product","3":"status-publish","4":"has-post-thumbnail","6":"product_cat-aiatarbed","7":"product_cat-aiatarbed-ja-kodukaubad","8":"product_cat-kastmisvoolikud","9":"product_cat-voolikud","10":"pa_kaubamark-husqvarna-eesti-ou","12":"first","13":"instock","14":"sale","15":"taxable","16":"shipping-taxable","17":"purchasable","18":"product-type-simple"},"yoast_head":"<!-- This site is optimized with the Yoast SEO plugin v26.9 - https:\/\/yoast.com\/product\/yoast-seo-wordpress\/ -->\n<title>VOOLIKUK\u00c4RU GARDENA CLEVERROLL M - Espak E-pood<\/title>\n<meta name=\"robots\" content=\"index, follow, max-snippet:-1, max-image-preview:large, max-video-preview:-1\" \/>\n<link rel=\"canonical\" href=\"https:\/\/espak.ee\/epood\/toode\/voolikukaru-gardena-aquaroll-m\/\" \/>\n<meta property=\"og:locale\" content=\"et_EE\" \/>\n<meta property=\"og:type\" content=\"article\" \/>\n<meta property=\"og:title\" content=\"VOOLIKUK\u00c4RU GARDENA CLEVERROLL M - Espak E-pood\" \/>\n<meta property=\"og:url\" content=\"https:\/\/espak.ee\/epood\/toode\/voolikukaru-gardena-aquaroll-m\/\" \/>\n<meta property=\"og:site_name\" content=\"Espak E-pood\" \/>\n<meta property=\"article:modified_time\" content=\"2024-03-23T12:57:29+00:00\" \/>\n<meta property=\"og:image\" content=\"https:\/\/espak.ee\/epood\/wp-content\/uploads\/VOOLIKUK\u00c4RU-GARDENA-AQUAROLL-M.png\" \/>\n\t<meta property=\"og:image:width\" content=\"530\" \/>\n\t<meta property=\"og:image:height\" content=\"530\" \/>\n\t<meta property=\"og:image:type\" content=\"image\/png\" \/>\n<meta name=\"twitter:card\" content=\"summary_large_image\" \/>\n<meta name=\"twitter:label1\" content=\"Est. reading time\" \/>\n\t<meta name=\"twitter:data1\" content=\"1 minut\" \/>\n<script type=\"application\/ld+json\" class=\"yoast-schema-graph\">{\"@context\":\"https:\/\/schema.org\",\"@graph\":[{\"@type\":\"WebPage\",\"@id\":\"https:\/\/espak.ee\/epood\/toode\/voolikukaru-gardena-aquaroll-m\/\",\"url\":\"https:\/\/espak.ee\/epood\/toode\/voolikukaru-gardena-aquaroll-m\/\",\"name\":\"VOOLIKUK\u00c4RU GARDENA CLEVERROLL M - Espak E-pood\",\"isPartOf\":{\"@id\":\"https:\/\/espak.ee\/epood\/#website\"},\"primaryImageOfPage\":{\"@id\":\"https:\/\/espak.ee\/epood\/toode\/voolikukaru-gardena-aquaroll-m\/#primaryimage\"},\"image\":{\"@id\":\"https:\/\/espak.ee\/epood\/toode\/voolikukaru-gardena-aquaroll-m\/#primaryimage\"},\"thumbnailUrl\":\"https:\/\/espak.ee\/epood\/wp-content\/uploads\/VOOLIKUK\u00c4RU-GARDENA-AQUAROLL-M.png\",\"datePublished\":\"2020-09-23T04:12:07+00:00\",\"dateModified\":\"2024-03-23T12:57:29+00:00\",\"breadcrumb\":{\"@id\":\"https:\/\/espak.ee\/epood\/toode\/voolikukaru-gardena-aquaroll-m\/#breadcrumb\"},\"inLanguage\":\"et\",\"potentialAction\":[{\"@type\":\"ReadAction\",\"target\":[\"https:\/\/espak.ee\/epood\/toode\/voolikukaru-gardena-aquaroll-m\/\"]}]},{\"@type\":\"ImageObject\",\"inLanguage\":\"et\",\"@id\":\"https:\/\/espak.ee\/epood\/toode\/voolikukaru-gardena-aquaroll-m\/#primaryimage\",\"url\":\"https:\/\/espak.ee\/epood\/wp-content\/uploads\/VOOLIKUK\u00c4RU-GARDENA-AQUAROLL-M.png\",\"contentUrl\":\"https:\/\/espak.ee\/epood\/wp-content\/uploads\/VOOLIKUK\u00c4RU-GARDENA-AQUAROLL-M.png\",\"width\":530,\"height\":530},{\"@type\":\"BreadcrumbList\",\"@id\":\"https:\/\/espak.ee\/epood\/toode\/voolikukaru-gardena-aquaroll-m\/#breadcrumb\",\"itemListElement\":[{\"@type\":\"ListItem\",\"position\":1,\"name\":\"Home\",\"item\":\"https:\/\/espak.ee\/epood\/\"},{\"@type\":\"ListItem\",\"position\":2,\"name\":\"Tootevalik\",\"item\":\"https:\/\/espak.ee\/epood\/tootevalik\/\"},{\"@type\":\"ListItem\",\"position\":3,\"name\":\"VOOLIKUK\u00c4RU GARDENA CLEVERROLL M\"}]},{\"@type\":\"WebSite\",\"@id\":\"https:\/\/espak.ee\/epood\/#website\",\"url\":\"https:\/\/espak.ee\/epood\/\",\"name\":\"Espak E-pood\",\"description\":\"\",\"potentialAction\":[{\"@type\":\"SearchAction\",\"target\":{\"@type\":\"EntryPoint\",\"urlTemplate\":\"https:\/\/espak.ee\/epood\/?s={search_term_string}\"},\"query-input\":{\"@type\":\"PropertyValueSpecification\",\"valueRequired\":true,\"valueName\":\"search_term_string\"}}],\"inLanguage\":\"et\"}]}<\/script>\n<!-- \/ Yoast SEO plugin. -->","yoast_head_json":{"title":"VOOLIKUK\u00c4RU GARDENA CLEVERROLL M - Espak E-pood","robots":{"index":"index","follow":"follow","max-snippet":"max-snippet:-1","max-image-preview":"max-image-preview:large","max-video-preview":"max-video-preview:-1"},"canonical":"https:\/\/espak.ee\/epood\/toode\/voolikukaru-gardena-aquaroll-m\/","og_locale":"et_EE","og_type":"article","og_title":"VOOLIKUK\u00c4RU GARDENA CLEVERROLL M - Espak E-pood","og_url":"https:\/\/espak.ee\/epood\/toode\/voolikukaru-gardena-aquaroll-m\/","og_site_name":"Espak E-pood","article_modified_time":"2024-03-23T12:57:29+00:00","og_image":[{"width":530,"height":530,"url":"https:\/\/espak.ee\/epood\/wp-content\/uploads\/VOOLIKUK\u00c4RU-GARDENA-AQUAROLL-M.png","type":"image\/png"}],"twitter_card":"summary_large_image","twitter_misc":{"Est. reading time":"1 minut"},"schema":{"@context":"https:\/\/schema.org","@graph":[{"@type":"WebPage","@id":"https:\/\/espak.ee\/epood\/toode\/voolikukaru-gardena-aquaroll-m\/","url":"https:\/\/espak.ee\/epood\/toode\/voolikukaru-gardena-aquaroll-m\/","name":"VOOLIKUK\u00c4RU GARDENA CLEVERROLL M - Espak E-pood","isPartOf":{"@id":"https:\/\/espak.ee\/epood\/#website"},"primaryImageOfPage":{"@id":"https:\/\/espak.ee\/epood\/toode\/voolikukaru-gardena-aquaroll-m\/#primaryimage"},"image":{"@id":"https:\/\/espak.ee\/epood\/toode\/voolikukaru-gardena-aquaroll-m\/#primaryimage"},"thumbnailUrl":"https:\/\/espak.ee\/epood\/wp-content\/uploads\/VOOLIKUK\u00c4RU-GARDENA-AQUAROLL-M.png","datePublished":"2020-09-23T04:12:07+00:00","dateModified":"2024-03-23T12:57:29+00:00","breadcrumb":{"@id":"https:\/\/espak.ee\/epood\/toode\/voolikukaru-gardena-aquaroll-m\/#breadcrumb"},"inLanguage":"et","potentialAction":[{"@type":"ReadAction","target":["https:\/\/espak.ee\/epood\/toode\/voolikukaru-gardena-aquaroll-m\/"]}]},{"@type":"ImageObject","inLanguage":"et","@id":"https:\/\/espak.ee\/epood\/toode\/voolikukaru-gardena-aquaroll-m\/#primaryimage","url":"https:\/\/espak.ee\/epood\/wp-content\/uploads\/VOOLIKUK\u00c4RU-GARDENA-AQUAROLL-M.png","contentUrl":"https:\/\/espak.ee\/epood\/wp-content\/uploads\/VOOLIKUK\u00c4RU-GARDENA-AQUAROLL-M.png","width":530,"height":530},{"@type":"BreadcrumbList","@id":"https:\/\/espak.ee\/epood\/toode\/voolikukaru-gardena-aquaroll-m\/#breadcrumb","itemListElement":[{"@type":"ListItem","position":1,"name":"Home","item":"https:\/\/espak.ee\/epood\/"},{"@type":"ListItem","position":2,"name":"Tootevalik","item":"https:\/\/espak.ee\/epood\/tootevalik\/"},{"@type":"ListItem","position":3,"name":"VOOLIKUK\u00c4RU GARDENA CLEVERROLL M"}]},{"@type":"WebSite","@id":"https:\/\/espak.ee\/epood\/#website","url":"https:\/\/espak.ee\/epood\/","name":"Espak E-pood","description":"","potentialAction":[{"@type":"SearchAction","target":{"@type":"EntryPoint","urlTemplate":"https:\/\/espak.ee\/epood\/?s={search_term_string}"},"query-input":{"@type":"PropertyValueSpecification","valueRequired":true,"valueName":"search_term_string"}}],"inLanguage":"et"}]}},"_links":{"self":[{"href":"https:\/\/espak.ee\/epood\/wp-json\/wp\/v2\/product\/42256","targetHints":{"allow":["GET"]}}],"collection":[{"href":"https:\/\/espak.ee\/epood\/wp-json\/wp\/v2\/product"}],"about":[{"href":"https:\/\/espak.ee\/epood\/wp-json\/wp\/v2\/types\/product"}],"replies":[{"embeddable":true,"href":"https:\/\/espak.ee\/epood\/wp-json\/wp\/v2\/comments?post=42256"}],"wp:featuredmedia":[{"embeddable":true,"href":"https:\/\/espak.ee\/epood\/wp-json\/wp\/v2\/media\/43855"}],"wp:attachment":[{"href":"https:\/\/espak.ee\/epood\/wp-json\/wp\/v2\/media?parent=42256"}],"wp:term":[{"taxonomy":"product_brand","embeddable":true,"href":"https:\/\/espak.ee\/epood\/wp-json\/wp\/v2\/product_brand?post=42256"},{"taxonomy":"product_cat","embeddable":true,"href":"https:\/\/espak.ee\/epood\/wp-json\/wp\/v2\/product_cat?post=42256"},{"taxonomy":"product_tag","embeddable":true,"href":"https:\/\/espak.ee\/epood\/wp-json\/wp\/v2\/product_tag?post=42256"}],"curies":[{"name":"wp","href":"https:\/\/api.w.org\/{rel}","templated":true}]}}