{"id":42134,"date":"2020-09-22T07:16:10","date_gmt":"2020-09-22T04:16:10","guid":{"rendered":"https:\/\/espak.ee\/hinnakiri\/?post_type=product&#038;p=42134"},"modified":"2024-08-20T22:03:33","modified_gmt":"2024-08-20T19:03:33","slug":"gardena-premium-ringvihmuti-lamejalal-75-490-m%c2%b2","status":"publish","type":"product","link":"https:\/\/espak.ee\/epood\/toode\/gardena-premium-ringvihmuti-lamejalal-75-490-m%c2%b2\/","title":{"rendered":"GARDENA PREMIUM RINGVIHMUTI LAMEJALAL, 75 &#8211; 490 M\u00b2"},"content":{"rendered":"<div class=\"row\"  id=\"row-1549940249\">\n\n\t<div id=\"col-1956142231\" class=\"col medium-9 small-12 large-9\"  >\n\t\t\t\t<div class=\"col-inner\"  >\n\t\t\t\n\t\t\t\n<h2>Premium ringvihmuti lamejalal<\/h2>\n<div class=\"message-box relative\" style=\"padding-top:15px;padding-bottom:15px;\"><div class=\"message-box-bg-image bg-fill fill\" ><\/div><div class=\"message-box-bg-overlay bg-fill fill\" ><\/div><div class=\"container relative\"><div class=\"inner last-reset\">\n<div class=\"row align-middle align-center\"  id=\"row-595522652\">\n\n\t<div id=\"col-1976320006\" class=\"col small-12 large-12\"  >\n\t\t\t\t<div class=\"col-inner text-left\"  >\n\t\t\t\n\t\t\t\n<h4>Omadused<\/h4>\n<div class=\"row\"  id=\"row-821571133\">\n\n\t<div id=\"col-914339384\" class=\"col medium-6 small-12 large-6\"  >\n\t\t\t\t<div class=\"col-inner\"  >\n\t\t\t\n\t\t\t\n<p><i class=\"fa fa-check fa-2x\"><\/i> <strong>M\u00e4\u00e4ra kastmisala h\u00f5lpsalt ja t\u00e4pse kastmisulatuse valikuga<\/strong><\/p>\n<p><i class=\"fa fa-check fa-2x\"><\/i> <strong>Kvaliteetne ja vastupidav<\/strong><\/p>\n\t\t<\/div>\n\t\t\t\t\n<style>\n#col-914339384 > .col-inner {\n  margin: 0px 0px 15px 0px;\n}\n<\/style>\n\t<\/div>\n\n\t\n\n\t<div id=\"col-487003383\" class=\"col medium-6 small-12 large-6\"  >\n\t\t\t\t<div class=\"col-inner\"  >\n\t\t\t\n\t\t\t\n<p><i class=\"fa fa-check fa-2x\"><\/i> <strong>K\u00e4ep\u00e4rane, t\u00e4ielik kastmisulatuse reguleerimine<\/strong><\/p>\n<p><i class=\"fa fa-check fa-2x\"><\/i> <strong>H\u00f5lpsalt pikendatav<\/strong><\/p>\n\t\t<\/div>\n\t\t\t\t\n<style>\n#col-487003383 > .col-inner {\n  margin: 0px 0px 15px 0px;\n}\n<\/style>\n\t<\/div>\n\n\t\n<\/div>\n\t\t<\/div>\n\t\t\t\t\t<\/div>\n\n\t\n<\/div>\n<\/div><\/div><\/div>\n\t<div id=\"gap-1976910707\" class=\"gap-element clearfix\" style=\"display:block; height:auto;\">\n\t\t\n<style>\n#gap-1976910707 {\n  padding-top: 30px;\n}\n<\/style>\n\t<\/div>\n\t\n<h3>Kasutamise \u00fcksikasjad<\/h3>\n<p><strong>Kirjeldus:<\/strong> GARDENA pulseeriva t\u00e4isring- v\u00f5i sektorvihmutiga Premium saab vaevata suuri pindu kasta. Selle valmistamisel on \u00fchendatud tugev metall ja plast. K\u00f5ik see muudab vihmutipea v\u00e4ga stabiilseks. Reguleerimisr\u00f5ngastel saab h\u00f5lpsalt ja t\u00e4pselt m\u00e4\u00e4rata kastetava sektori vahemikus 25\u00b0\u2012360\u00b0. Reguleerimisr\u00f5ngastelt saab m\u00e4\u00e4ratud kastmissektorit igal ajal h\u00f5lpsalt vaadelda. \u00dclit\u00e4pse vaskotsiku abil saab vett \u00fchtlaselt jaotada. Suure h\u00f5lpsalt kasutatava p\u00f6\u00f6rdnupu abil on kerge kastmisulatust m\u00e4\u00e4rata. Kastmisulatuseks saab m\u00e4\u00e4rata 5 m kuni maksimaalselt 12,5 m. Vihmuti abil saab kasta 75 m\u00b2 kuni maksimaalselt 490 m\u00b2 suurusega pindu. Vihmutipea saab keerata 21 mm (G 1\/2) l\u00e4bim\u00f5\u00f5duga v\u00e4liskeermele. Vihmuti on kinnitatud metallist torkevarda k\u00fclge. Torkevardal on stabiilseks toestuseks m\u00f5eldud kolm metallist ora. Plastalus tagab hea stabiilsuse. Vihmuti on varustatud GARDENA Systemi liitmiku ja otsakorgiga. Seda saad kasutada otsekohe. GARDENA kraaniliitmiku (toode nr 901) abil saab omavahel \u00fchendada mitu vihmutit. Suurte pindade kastmine ei ole enam probleem.<\/p>\n\t\t<\/div>\n\t\t\t\t\t<\/div>\n\n\t\n\n\t<div id=\"col-755652731\" class=\"col medium-3 small-12 large-3\"  >\n\t\t\t\t<div class=\"col-inner\"  >\n\t\t\t\n\t\t\t\n\t<div id=\"gap-680253633\" class=\"gap-element clearfix\" style=\"display:block; height:auto;\">\n\t\t\n<style>\n#gap-680253633 {\n  padding-top: 30px;\n}\n<\/style>\n\t<\/div>\n\t\n<div class=\"is-divider divider clearfix\" ><\/div>\n<p><strong>\u00dcksikasjalikuma n\u00f5u saamiseks v\u00f5tke \u00fchendust:<br \/><\/strong>Espak AS<br \/>Viadukti 42<br \/>11313<br \/>Tallinn<br \/>+372 6 512333<\/p>\n<div class=\"is-divider divider clearfix\" ><\/div>\n\t\t<\/div>\n\t\t\t\t\t<\/div>\n\n\t\n<\/div>\n","protected":false},"excerpt":{"rendered":"","protected":false},"featured_media":46653,"comment_status":"closed","ping_status":"closed","template":"","meta":[],"product_brand":[],"product_cat":[2789,2788,3280,3365],"product_tag":[],"class_list":{"0":"post-42134","1":"product","2":"type-product","3":"status-publish","4":"has-post-thumbnail","6":"product_cat-aiatarbed","7":"product_cat-aiatarbed-ja-kodukaubad","8":"product_cat-kastmistarvikud","9":"product_cat-vihmutid","10":"pa_kaubamark-husqvarna-eesti-ou","12":"first","13":"instock","14":"sale","15":"taxable","16":"shipping-taxable","17":"purchasable","18":"product-type-simple"},"yoast_head":"<!-- This site is optimized with the Yoast SEO plugin v26.9 - https:\/\/yoast.com\/product\/yoast-seo-wordpress\/ -->\n<title>GARDENA PREMIUM RINGVIHMUTI LAMEJALAL, 75 - 490 M\u00b2 - Espak E-pood<\/title>\n<meta name=\"robots\" content=\"index, follow, max-snippet:-1, max-image-preview:large, max-video-preview:-1\" \/>\n<link rel=\"canonical\" href=\"https:\/\/espak.ee\/epood\/toode\/gardena-premium-ringvihmuti-lamejalal-75-490-m\u00b2\/\" \/>\n<meta property=\"og:locale\" content=\"et_EE\" \/>\n<meta property=\"og:type\" content=\"article\" \/>\n<meta property=\"og:title\" content=\"GARDENA PREMIUM RINGVIHMUTI LAMEJALAL, 75 - 490 M\u00b2 - Espak E-pood\" \/>\n<meta property=\"og:url\" content=\"https:\/\/espak.ee\/epood\/toode\/gardena-premium-ringvihmuti-lamejalal-75-490-m\u00b2\/\" \/>\n<meta property=\"og:site_name\" content=\"Espak E-pood\" \/>\n<meta property=\"article:modified_time\" content=\"2024-08-20T19:03:33+00:00\" \/>\n<meta property=\"og:image\" content=\"https:\/\/espak.ee\/epood\/wp-content\/uploads\/GARDENA-PREMIUM-RINGVIHMUTI-LAMEJALAL-75-490-M\u00b2.png\" \/>\n\t<meta property=\"og:image:width\" content=\"631\" \/>\n\t<meta property=\"og:image:height\" content=\"631\" \/>\n\t<meta property=\"og:image:type\" content=\"image\/png\" \/>\n<meta name=\"twitter:card\" content=\"summary_large_image\" \/>\n<meta name=\"twitter:label1\" content=\"Est. reading time\" \/>\n\t<meta name=\"twitter:data1\" content=\"1 minut\" \/>\n<script type=\"application\/ld+json\" class=\"yoast-schema-graph\">{\"@context\":\"https:\/\/schema.org\",\"@graph\":[{\"@type\":\"WebPage\",\"@id\":\"https:\/\/espak.ee\/epood\/toode\/gardena-premium-ringvihmuti-lamejalal-75-490-m%c2%b2\/\",\"url\":\"https:\/\/espak.ee\/epood\/toode\/gardena-premium-ringvihmuti-lamejalal-75-490-m%c2%b2\/\",\"name\":\"GARDENA PREMIUM RINGVIHMUTI LAMEJALAL, 75 - 490 M\u00b2 - Espak E-pood\",\"isPartOf\":{\"@id\":\"https:\/\/espak.ee\/epood\/#website\"},\"primaryImageOfPage\":{\"@id\":\"https:\/\/espak.ee\/epood\/toode\/gardena-premium-ringvihmuti-lamejalal-75-490-m%c2%b2\/#primaryimage\"},\"image\":{\"@id\":\"https:\/\/espak.ee\/epood\/toode\/gardena-premium-ringvihmuti-lamejalal-75-490-m%c2%b2\/#primaryimage\"},\"thumbnailUrl\":\"https:\/\/espak.ee\/epood\/wp-content\/uploads\/GARDENA-PREMIUM-RINGVIHMUTI-LAMEJALAL-75-490-M\u00b2.png\",\"datePublished\":\"2020-09-22T04:16:10+00:00\",\"dateModified\":\"2024-08-20T19:03:33+00:00\",\"breadcrumb\":{\"@id\":\"https:\/\/espak.ee\/epood\/toode\/gardena-premium-ringvihmuti-lamejalal-75-490-m%c2%b2\/#breadcrumb\"},\"inLanguage\":\"et\",\"potentialAction\":[{\"@type\":\"ReadAction\",\"target\":[\"https:\/\/espak.ee\/epood\/toode\/gardena-premium-ringvihmuti-lamejalal-75-490-m%c2%b2\/\"]}]},{\"@type\":\"ImageObject\",\"inLanguage\":\"et\",\"@id\":\"https:\/\/espak.ee\/epood\/toode\/gardena-premium-ringvihmuti-lamejalal-75-490-m%c2%b2\/#primaryimage\",\"url\":\"https:\/\/espak.ee\/epood\/wp-content\/uploads\/GARDENA-PREMIUM-RINGVIHMUTI-LAMEJALAL-75-490-M\u00b2.png\",\"contentUrl\":\"https:\/\/espak.ee\/epood\/wp-content\/uploads\/GARDENA-PREMIUM-RINGVIHMUTI-LAMEJALAL-75-490-M\u00b2.png\",\"width\":631,\"height\":631},{\"@type\":\"BreadcrumbList\",\"@id\":\"https:\/\/espak.ee\/epood\/toode\/gardena-premium-ringvihmuti-lamejalal-75-490-m%c2%b2\/#breadcrumb\",\"itemListElement\":[{\"@type\":\"ListItem\",\"position\":1,\"name\":\"Home\",\"item\":\"https:\/\/espak.ee\/epood\/\"},{\"@type\":\"ListItem\",\"position\":2,\"name\":\"Tootevalik\",\"item\":\"https:\/\/espak.ee\/epood\/tootevalik\/\"},{\"@type\":\"ListItem\",\"position\":3,\"name\":\"GARDENA PREMIUM RINGVIHMUTI LAMEJALAL, 75 &#8211; 490 M\u00b2\"}]},{\"@type\":\"WebSite\",\"@id\":\"https:\/\/espak.ee\/epood\/#website\",\"url\":\"https:\/\/espak.ee\/epood\/\",\"name\":\"Espak E-pood\",\"description\":\"\",\"potentialAction\":[{\"@type\":\"SearchAction\",\"target\":{\"@type\":\"EntryPoint\",\"urlTemplate\":\"https:\/\/espak.ee\/epood\/?s={search_term_string}\"},\"query-input\":{\"@type\":\"PropertyValueSpecification\",\"valueRequired\":true,\"valueName\":\"search_term_string\"}}],\"inLanguage\":\"et\"}]}<\/script>\n<!-- \/ Yoast SEO plugin. -->","yoast_head_json":{"title":"GARDENA PREMIUM RINGVIHMUTI LAMEJALAL, 75 - 490 M\u00b2 - Espak E-pood","robots":{"index":"index","follow":"follow","max-snippet":"max-snippet:-1","max-image-preview":"max-image-preview:large","max-video-preview":"max-video-preview:-1"},"canonical":"https:\/\/espak.ee\/epood\/toode\/gardena-premium-ringvihmuti-lamejalal-75-490-m\u00b2\/","og_locale":"et_EE","og_type":"article","og_title":"GARDENA PREMIUM RINGVIHMUTI LAMEJALAL, 75 - 490 M\u00b2 - Espak E-pood","og_url":"https:\/\/espak.ee\/epood\/toode\/gardena-premium-ringvihmuti-lamejalal-75-490-m\u00b2\/","og_site_name":"Espak E-pood","article_modified_time":"2024-08-20T19:03:33+00:00","og_image":[{"width":631,"height":631,"url":"https:\/\/espak.ee\/epood\/wp-content\/uploads\/GARDENA-PREMIUM-RINGVIHMUTI-LAMEJALAL-75-490-M\u00b2.png","type":"image\/png"}],"twitter_card":"summary_large_image","twitter_misc":{"Est. reading time":"1 minut"},"schema":{"@context":"https:\/\/schema.org","@graph":[{"@type":"WebPage","@id":"https:\/\/espak.ee\/epood\/toode\/gardena-premium-ringvihmuti-lamejalal-75-490-m%c2%b2\/","url":"https:\/\/espak.ee\/epood\/toode\/gardena-premium-ringvihmuti-lamejalal-75-490-m%c2%b2\/","name":"GARDENA PREMIUM RINGVIHMUTI LAMEJALAL, 75 - 490 M\u00b2 - Espak E-pood","isPartOf":{"@id":"https:\/\/espak.ee\/epood\/#website"},"primaryImageOfPage":{"@id":"https:\/\/espak.ee\/epood\/toode\/gardena-premium-ringvihmuti-lamejalal-75-490-m%c2%b2\/#primaryimage"},"image":{"@id":"https:\/\/espak.ee\/epood\/toode\/gardena-premium-ringvihmuti-lamejalal-75-490-m%c2%b2\/#primaryimage"},"thumbnailUrl":"https:\/\/espak.ee\/epood\/wp-content\/uploads\/GARDENA-PREMIUM-RINGVIHMUTI-LAMEJALAL-75-490-M\u00b2.png","datePublished":"2020-09-22T04:16:10+00:00","dateModified":"2024-08-20T19:03:33+00:00","breadcrumb":{"@id":"https:\/\/espak.ee\/epood\/toode\/gardena-premium-ringvihmuti-lamejalal-75-490-m%c2%b2\/#breadcrumb"},"inLanguage":"et","potentialAction":[{"@type":"ReadAction","target":["https:\/\/espak.ee\/epood\/toode\/gardena-premium-ringvihmuti-lamejalal-75-490-m%c2%b2\/"]}]},{"@type":"ImageObject","inLanguage":"et","@id":"https:\/\/espak.ee\/epood\/toode\/gardena-premium-ringvihmuti-lamejalal-75-490-m%c2%b2\/#primaryimage","url":"https:\/\/espak.ee\/epood\/wp-content\/uploads\/GARDENA-PREMIUM-RINGVIHMUTI-LAMEJALAL-75-490-M\u00b2.png","contentUrl":"https:\/\/espak.ee\/epood\/wp-content\/uploads\/GARDENA-PREMIUM-RINGVIHMUTI-LAMEJALAL-75-490-M\u00b2.png","width":631,"height":631},{"@type":"BreadcrumbList","@id":"https:\/\/espak.ee\/epood\/toode\/gardena-premium-ringvihmuti-lamejalal-75-490-m%c2%b2\/#breadcrumb","itemListElement":[{"@type":"ListItem","position":1,"name":"Home","item":"https:\/\/espak.ee\/epood\/"},{"@type":"ListItem","position":2,"name":"Tootevalik","item":"https:\/\/espak.ee\/epood\/tootevalik\/"},{"@type":"ListItem","position":3,"name":"GARDENA PREMIUM RINGVIHMUTI LAMEJALAL, 75 &#8211; 490 M\u00b2"}]},{"@type":"WebSite","@id":"https:\/\/espak.ee\/epood\/#website","url":"https:\/\/espak.ee\/epood\/","name":"Espak E-pood","description":"","potentialAction":[{"@type":"SearchAction","target":{"@type":"EntryPoint","urlTemplate":"https:\/\/espak.ee\/epood\/?s={search_term_string}"},"query-input":{"@type":"PropertyValueSpecification","valueRequired":true,"valueName":"search_term_string"}}],"inLanguage":"et"}]}},"_links":{"self":[{"href":"https:\/\/espak.ee\/epood\/wp-json\/wp\/v2\/product\/42134","targetHints":{"allow":["GET"]}}],"collection":[{"href":"https:\/\/espak.ee\/epood\/wp-json\/wp\/v2\/product"}],"about":[{"href":"https:\/\/espak.ee\/epood\/wp-json\/wp\/v2\/types\/product"}],"replies":[{"embeddable":true,"href":"https:\/\/espak.ee\/epood\/wp-json\/wp\/v2\/comments?post=42134"}],"wp:featuredmedia":[{"embeddable":true,"href":"https:\/\/espak.ee\/epood\/wp-json\/wp\/v2\/media\/46653"}],"wp:attachment":[{"href":"https:\/\/espak.ee\/epood\/wp-json\/wp\/v2\/media?parent=42134"}],"wp:term":[{"taxonomy":"product_brand","embeddable":true,"href":"https:\/\/espak.ee\/epood\/wp-json\/wp\/v2\/product_brand?post=42134"},{"taxonomy":"product_cat","embeddable":true,"href":"https:\/\/espak.ee\/epood\/wp-json\/wp\/v2\/product_cat?post=42134"},{"taxonomy":"product_tag","embeddable":true,"href":"https:\/\/espak.ee\/epood\/wp-json\/wp\/v2\/product_tag?post=42134"}],"curies":[{"name":"wp","href":"https:\/\/api.w.org\/{rel}","templated":true}]}}