{"id":42074,"date":"2020-09-22T07:15:05","date_gmt":"2020-09-22T04:15:05","guid":{"rendered":"https:\/\/espak.ee\/hinnakiri\/?post_type=product&#038;p=42074"},"modified":"2024-03-23T14:59:04","modified_gmt":"2024-03-23T12:59:04","slug":"teleskoopvars-gardena-combisystem-210-390-cm","status":"publish","type":"product","link":"https:\/\/espak.ee\/epood\/toode\/teleskoopvars-gardena-combisystem-210-390-cm\/","title":{"rendered":"TELESKOOPVARS GARDENA COMBISYSTEM 210-390 CM"},"content":{"rendered":"<div class=\"row\"  id=\"row-1466208785\">\n\n\t<div id=\"col-1924262448\" class=\"col medium-9 small-12 large-9\"  >\n\t\t\t\t<div class=\"col-inner\"  >\n\t\t\t\n\t\t\t\n<h2>Combisystem teleskoopvars 210-390 cm<\/h2>\n<div class=\"message-box relative\" style=\"padding-top:15px;padding-bottom:15px;\"><div class=\"message-box-bg-image bg-fill fill\" ><\/div><div class=\"message-box-bg-overlay bg-fill fill\" ><\/div><div class=\"container relative\"><div class=\"inner last-reset\">\n<div class=\"row align-middle align-center\"  id=\"row-2031349122\">\n\n\t<div id=\"col-1803309193\" class=\"col small-12 large-12\"  >\n\t\t\t\t<div class=\"col-inner text-left\"  >\n\t\t\t\n\t\t\t\n<h4>Omadused<\/h4>\n<div class=\"row\"  id=\"row-1674649940\">\n\n\t<div id=\"col-2107210516\" class=\"col medium-6 small-12 large-6\"  >\n\t\t\t\t<div class=\"col-inner\"  >\n\t\t\t\n\t\t\t\n<p><i class=\"fa fa-check fa-2x\"><\/i> <strong>Mugav kasutada vastavalt vajadusele<\/strong><\/p>\n<p><i class=\"fa fa-check fa-2x\"><\/i> <strong>Kindel \u00fchendus<\/strong><\/p>\n\t\t<\/div>\n\t\t\t\t\n<style>\n#col-2107210516 > .col-inner {\n  margin: 0px 0px 15px 0px;\n}\n<\/style>\n\t<\/div>\n\n\t\n\n\t<div id=\"col-848483345\" class=\"col medium-6 small-12 large-6\"  >\n\t\t\t\t<div class=\"col-inner\"  >\n\t\t\t\n\t\t\t\n<p><i class=\"fa fa-check fa-2x\"><\/i> <strong>Praktiline k\u00e4epide<\/strong><\/p>\n<p><i class=\"fa fa-check fa-2x\"><\/i> <strong>Combisystem t\u00f6\u00f6riistadele<\/strong><\/p>\n\t\t<\/div>\n\t\t\t\t\n<style>\n#col-848483345 > .col-inner {\n  margin: 0px 0px 15px 0px;\n}\n<\/style>\n\t<\/div>\n\n\t\n<\/div>\n\t\t<\/div>\n\t\t\t\t\t<\/div>\n\n\t\n<\/div>\n<\/div><\/div><\/div>\n\t<div id=\"gap-2083790828\" class=\"gap-element clearfix\" style=\"display:block; height:auto;\">\n\t\t\n<style>\n#gap-2083790828 {\n  padding-top: 30px;\n}\n<\/style>\n\t<\/div>\n\t\n<h3>Kasutamise \u00fcksikasjad<\/h3>\n<p><strong>Kirjeldus:<\/strong> GARDENA Combisystem teleskoopk\u00e4epide sobib mugavalt t\u00f6\u00f6tamiseks kuni 6 meetri k\u00f5rgusel. K\u00e4epideme pikkust on v\u00e4ga lihtne muuta 26 cm sammudena alates 210 cm kuni 390 cm. T\u00e4nu sellele on v\u00f5imalik teleskoop k\u00e4epidet reguleerida vastavalt otstarbele kui ka kasutaja pikkusele. K\u00e4epide on valmistatud vastupidavast alumiiniumist, mis on v\u00e4ga kergekaaluline ja stabiilne &#8211; viimane neist on v\u00e4ga oluline juhul, kui k\u00e4epidet kasutada p\u00fcstises asendis. Stabiilsuse tagab spetsiaalne ovaalne k\u00e4epideme kuju. K\u00e4epideme lukustus tagab selle, et t\u00f6\u00f6 ajal p\u00fcsiks k\u00e4epide fikseeritult ja ei avaneks tahtmatult. T\u00f6\u00f6riista kiirkinnituskruvi on libisemisvastase kattega ning seda ei ole v\u00f5imalik k\u00e4epideme k\u00fcljest \u00e4ra v\u00f5tta ega kaotada. Garantii 25 aastat.<\/p>\n\t\t<\/div>\n\t\t\t\t\t<\/div>\n\n\t\n\n\t<div id=\"col-41416958\" class=\"col medium-3 small-12 large-3\"  >\n\t\t\t\t<div class=\"col-inner\"  >\n\t\t\t\n\t\t\t\n\t<div id=\"gap-1795128550\" class=\"gap-element clearfix\" style=\"display:block; height:auto;\">\n\t\t\n<style>\n#gap-1795128550 {\n  padding-top: 30px;\n}\n<\/style>\n\t<\/div>\n\t\n<div class=\"is-divider divider clearfix\" ><\/div>\n<p><strong>\u00dcksikasjalikuma n\u00f5u saamiseks v\u00f5tke \u00fchendust:<br \/><\/strong>Espak AS<br \/>Viadukti 42<br \/>11313<br \/>Tallinn<br \/>+372 6 512333<\/p>\n<div class=\"is-divider divider clearfix\" ><\/div>\n\t\t<\/div>\n\t\t\t\t\t<\/div>\n\n\t\n<\/div>\n","protected":false},"excerpt":{"rendered":"","protected":false},"featured_media":47580,"comment_status":"closed","ping_status":"closed","template":"","meta":[],"product_brand":[],"product_cat":[2789,2788,3341,3360],"product_tag":[],"class_list":{"0":"post-42074","1":"product","2":"type-product","3":"status-publish","4":"has-post-thumbnail","6":"product_cat-aiatarbed","7":"product_cat-aiatarbed-ja-kodukaubad","8":"product_cat-aiatooriistad","9":"product_cat-hekikaarid","10":"pa_kaubamark-husqvarna-eesti-ou","12":"first","13":"outofstock","14":"sale","15":"taxable","16":"shipping-taxable","17":"purchasable","18":"product-type-simple"},"yoast_head":"<!-- This site is optimized with the Yoast SEO plugin v26.9 - https:\/\/yoast.com\/product\/yoast-seo-wordpress\/ -->\n<title>TELESKOOPVARS GARDENA COMBISYSTEM 210-390 CM - Espak E-pood<\/title>\n<meta name=\"robots\" content=\"index, follow, max-snippet:-1, max-image-preview:large, max-video-preview:-1\" \/>\n<link rel=\"canonical\" href=\"https:\/\/espak.ee\/epood\/toode\/teleskoopvars-gardena-combisystem-210-390-cm\/\" \/>\n<meta property=\"og:locale\" content=\"et_EE\" \/>\n<meta property=\"og:type\" content=\"article\" \/>\n<meta property=\"og:title\" content=\"TELESKOOPVARS GARDENA COMBISYSTEM 210-390 CM - Espak E-pood\" \/>\n<meta property=\"og:url\" content=\"https:\/\/espak.ee\/epood\/toode\/teleskoopvars-gardena-combisystem-210-390-cm\/\" \/>\n<meta property=\"og:site_name\" content=\"Espak E-pood\" \/>\n<meta property=\"article:modified_time\" content=\"2024-03-23T12:59:04+00:00\" \/>\n<meta property=\"og:image\" content=\"https:\/\/espak.ee\/epood\/wp-content\/uploads\/TELESKOOPVARS-GARDENA-COMBISYSTEM-210-390-CM.png\" \/>\n\t<meta property=\"og:image:width\" content=\"530\" \/>\n\t<meta property=\"og:image:height\" content=\"530\" \/>\n\t<meta property=\"og:image:type\" content=\"image\/png\" \/>\n<meta name=\"twitter:card\" content=\"summary_large_image\" \/>\n<meta name=\"twitter:label1\" content=\"Est. reading time\" \/>\n\t<meta name=\"twitter:data1\" content=\"1 minut\" \/>\n<script type=\"application\/ld+json\" class=\"yoast-schema-graph\">{\"@context\":\"https:\/\/schema.org\",\"@graph\":[{\"@type\":\"WebPage\",\"@id\":\"https:\/\/espak.ee\/epood\/toode\/teleskoopvars-gardena-combisystem-210-390-cm\/\",\"url\":\"https:\/\/espak.ee\/epood\/toode\/teleskoopvars-gardena-combisystem-210-390-cm\/\",\"name\":\"TELESKOOPVARS GARDENA COMBISYSTEM 210-390 CM - Espak E-pood\",\"isPartOf\":{\"@id\":\"https:\/\/espak.ee\/epood\/#website\"},\"primaryImageOfPage\":{\"@id\":\"https:\/\/espak.ee\/epood\/toode\/teleskoopvars-gardena-combisystem-210-390-cm\/#primaryimage\"},\"image\":{\"@id\":\"https:\/\/espak.ee\/epood\/toode\/teleskoopvars-gardena-combisystem-210-390-cm\/#primaryimage\"},\"thumbnailUrl\":\"https:\/\/espak.ee\/epood\/wp-content\/uploads\/TELESKOOPVARS-GARDENA-COMBISYSTEM-210-390-CM.png\",\"datePublished\":\"2020-09-22T04:15:05+00:00\",\"dateModified\":\"2024-03-23T12:59:04+00:00\",\"breadcrumb\":{\"@id\":\"https:\/\/espak.ee\/epood\/toode\/teleskoopvars-gardena-combisystem-210-390-cm\/#breadcrumb\"},\"inLanguage\":\"et\",\"potentialAction\":[{\"@type\":\"ReadAction\",\"target\":[\"https:\/\/espak.ee\/epood\/toode\/teleskoopvars-gardena-combisystem-210-390-cm\/\"]}]},{\"@type\":\"ImageObject\",\"inLanguage\":\"et\",\"@id\":\"https:\/\/espak.ee\/epood\/toode\/teleskoopvars-gardena-combisystem-210-390-cm\/#primaryimage\",\"url\":\"https:\/\/espak.ee\/epood\/wp-content\/uploads\/TELESKOOPVARS-GARDENA-COMBISYSTEM-210-390-CM.png\",\"contentUrl\":\"https:\/\/espak.ee\/epood\/wp-content\/uploads\/TELESKOOPVARS-GARDENA-COMBISYSTEM-210-390-CM.png\",\"width\":530,\"height\":530},{\"@type\":\"BreadcrumbList\",\"@id\":\"https:\/\/espak.ee\/epood\/toode\/teleskoopvars-gardena-combisystem-210-390-cm\/#breadcrumb\",\"itemListElement\":[{\"@type\":\"ListItem\",\"position\":1,\"name\":\"Home\",\"item\":\"https:\/\/espak.ee\/epood\/\"},{\"@type\":\"ListItem\",\"position\":2,\"name\":\"Tootevalik\",\"item\":\"https:\/\/espak.ee\/epood\/tootevalik\/\"},{\"@type\":\"ListItem\",\"position\":3,\"name\":\"TELESKOOPVARS GARDENA COMBISYSTEM 210-390 CM\"}]},{\"@type\":\"WebSite\",\"@id\":\"https:\/\/espak.ee\/epood\/#website\",\"url\":\"https:\/\/espak.ee\/epood\/\",\"name\":\"Espak E-pood\",\"description\":\"\",\"potentialAction\":[{\"@type\":\"SearchAction\",\"target\":{\"@type\":\"EntryPoint\",\"urlTemplate\":\"https:\/\/espak.ee\/epood\/?s={search_term_string}\"},\"query-input\":{\"@type\":\"PropertyValueSpecification\",\"valueRequired\":true,\"valueName\":\"search_term_string\"}}],\"inLanguage\":\"et\"}]}<\/script>\n<!-- \/ Yoast SEO plugin. -->","yoast_head_json":{"title":"TELESKOOPVARS GARDENA COMBISYSTEM 210-390 CM - Espak E-pood","robots":{"index":"index","follow":"follow","max-snippet":"max-snippet:-1","max-image-preview":"max-image-preview:large","max-video-preview":"max-video-preview:-1"},"canonical":"https:\/\/espak.ee\/epood\/toode\/teleskoopvars-gardena-combisystem-210-390-cm\/","og_locale":"et_EE","og_type":"article","og_title":"TELESKOOPVARS GARDENA COMBISYSTEM 210-390 CM - Espak E-pood","og_url":"https:\/\/espak.ee\/epood\/toode\/teleskoopvars-gardena-combisystem-210-390-cm\/","og_site_name":"Espak E-pood","article_modified_time":"2024-03-23T12:59:04+00:00","og_image":[{"width":530,"height":530,"url":"https:\/\/espak.ee\/epood\/wp-content\/uploads\/TELESKOOPVARS-GARDENA-COMBISYSTEM-210-390-CM.png","type":"image\/png"}],"twitter_card":"summary_large_image","twitter_misc":{"Est. reading time":"1 minut"},"schema":{"@context":"https:\/\/schema.org","@graph":[{"@type":"WebPage","@id":"https:\/\/espak.ee\/epood\/toode\/teleskoopvars-gardena-combisystem-210-390-cm\/","url":"https:\/\/espak.ee\/epood\/toode\/teleskoopvars-gardena-combisystem-210-390-cm\/","name":"TELESKOOPVARS GARDENA COMBISYSTEM 210-390 CM - Espak E-pood","isPartOf":{"@id":"https:\/\/espak.ee\/epood\/#website"},"primaryImageOfPage":{"@id":"https:\/\/espak.ee\/epood\/toode\/teleskoopvars-gardena-combisystem-210-390-cm\/#primaryimage"},"image":{"@id":"https:\/\/espak.ee\/epood\/toode\/teleskoopvars-gardena-combisystem-210-390-cm\/#primaryimage"},"thumbnailUrl":"https:\/\/espak.ee\/epood\/wp-content\/uploads\/TELESKOOPVARS-GARDENA-COMBISYSTEM-210-390-CM.png","datePublished":"2020-09-22T04:15:05+00:00","dateModified":"2024-03-23T12:59:04+00:00","breadcrumb":{"@id":"https:\/\/espak.ee\/epood\/toode\/teleskoopvars-gardena-combisystem-210-390-cm\/#breadcrumb"},"inLanguage":"et","potentialAction":[{"@type":"ReadAction","target":["https:\/\/espak.ee\/epood\/toode\/teleskoopvars-gardena-combisystem-210-390-cm\/"]}]},{"@type":"ImageObject","inLanguage":"et","@id":"https:\/\/espak.ee\/epood\/toode\/teleskoopvars-gardena-combisystem-210-390-cm\/#primaryimage","url":"https:\/\/espak.ee\/epood\/wp-content\/uploads\/TELESKOOPVARS-GARDENA-COMBISYSTEM-210-390-CM.png","contentUrl":"https:\/\/espak.ee\/epood\/wp-content\/uploads\/TELESKOOPVARS-GARDENA-COMBISYSTEM-210-390-CM.png","width":530,"height":530},{"@type":"BreadcrumbList","@id":"https:\/\/espak.ee\/epood\/toode\/teleskoopvars-gardena-combisystem-210-390-cm\/#breadcrumb","itemListElement":[{"@type":"ListItem","position":1,"name":"Home","item":"https:\/\/espak.ee\/epood\/"},{"@type":"ListItem","position":2,"name":"Tootevalik","item":"https:\/\/espak.ee\/epood\/tootevalik\/"},{"@type":"ListItem","position":3,"name":"TELESKOOPVARS GARDENA COMBISYSTEM 210-390 CM"}]},{"@type":"WebSite","@id":"https:\/\/espak.ee\/epood\/#website","url":"https:\/\/espak.ee\/epood\/","name":"Espak E-pood","description":"","potentialAction":[{"@type":"SearchAction","target":{"@type":"EntryPoint","urlTemplate":"https:\/\/espak.ee\/epood\/?s={search_term_string}"},"query-input":{"@type":"PropertyValueSpecification","valueRequired":true,"valueName":"search_term_string"}}],"inLanguage":"et"}]}},"_links":{"self":[{"href":"https:\/\/espak.ee\/epood\/wp-json\/wp\/v2\/product\/42074","targetHints":{"allow":["GET"]}}],"collection":[{"href":"https:\/\/espak.ee\/epood\/wp-json\/wp\/v2\/product"}],"about":[{"href":"https:\/\/espak.ee\/epood\/wp-json\/wp\/v2\/types\/product"}],"replies":[{"embeddable":true,"href":"https:\/\/espak.ee\/epood\/wp-json\/wp\/v2\/comments?post=42074"}],"wp:featuredmedia":[{"embeddable":true,"href":"https:\/\/espak.ee\/epood\/wp-json\/wp\/v2\/media\/47580"}],"wp:attachment":[{"href":"https:\/\/espak.ee\/epood\/wp-json\/wp\/v2\/media?parent=42074"}],"wp:term":[{"taxonomy":"product_brand","embeddable":true,"href":"https:\/\/espak.ee\/epood\/wp-json\/wp\/v2\/product_brand?post=42074"},{"taxonomy":"product_cat","embeddable":true,"href":"https:\/\/espak.ee\/epood\/wp-json\/wp\/v2\/product_cat?post=42074"},{"taxonomy":"product_tag","embeddable":true,"href":"https:\/\/espak.ee\/epood\/wp-json\/wp\/v2\/product_tag?post=42074"}],"curies":[{"name":"wp","href":"https:\/\/api.w.org\/{rel}","templated":true}]}}