{"id":41935,"date":"2020-09-19T07:06:31","date_gmt":"2020-09-19T04:06:31","guid":{"rendered":"https:\/\/espak.ee\/hinnakiri\/?post_type=product&#038;p=41935"},"modified":"2024-06-01T14:41:43","modified_gmt":"2024-06-01T11:41:43","slug":"gardena-kastmiskompuuter-select","status":"publish","type":"product","link":"https:\/\/espak.ee\/epood\/toode\/gardena-kastmiskompuuter-select\/","title":{"rendered":"GARDENA KASTMISKOMPUUTER SELECT"},"content":{"rendered":"<div class=\"row\"  id=\"row-457796705\">\n\n\t<div id=\"col-1181155775\" class=\"col medium-9 small-12 large-9\"  >\n\t\t\t\t<div class=\"col-inner\"  >\n\t\t\t\n\t\t\t\n<h2>Kastmiskompuuter Select<\/h2>\n<div class=\"message-box relative\" style=\"padding-top:15px;padding-bottom:15px;\"><div class=\"message-box-bg-image bg-fill fill\" ><\/div><div class=\"message-box-bg-overlay bg-fill fill\" ><\/div><div class=\"container relative\"><div class=\"inner last-reset\">\n<div class=\"row align-middle align-center\"  id=\"row-1583465704\">\n\n\t<div id=\"col-1629347588\" class=\"col small-12 large-12\"  >\n\t\t\t\t<div class=\"col-inner text-left\"  >\n\t\t\t\n\t\t\t\n<h4>Omadused<\/h4>\n<div class=\"row\"  id=\"row-1585457776\">\n\n\t<div id=\"col-1953849124\" class=\"col medium-6 small-12 large-6\"  >\n\t\t\t\t<div class=\"col-inner\"  >\n\t\t\t\n\t\t\t\n<p><i class=\"fa fa-check fa-2x\"><\/i> <strong>Automaatne ja aegas\u00e4\u00e4stev kastmine<\/strong><\/p>\n<p><i class=\"fa fa-check fa-2x\"><\/i> <strong>Lihtne kasutada<\/strong><\/p>\n\t\t<\/div>\n\t\t\t\t\n<style>\n#col-1953849124 > .col-inner {\n  margin: 0px 0px 15px 0px;\n}\n<\/style>\n\t<\/div>\n\n\t\n\n\t<div id=\"col-1033642280\" class=\"col medium-6 small-12 large-6\"  >\n\t\t\t\t<div class=\"col-inner\"  >\n\t\t\t\n\t\t\t\n<p><i class=\"fa fa-check fa-2x\"><\/i> <strong>Kolm kastmisprogrammi<\/strong><\/p>\n<p><i class=\"fa fa-check fa-2x\"><\/i> <strong>Vetts\u00e4\u00e4stev toimimine<\/strong><\/p>\n\t\t<\/div>\n\t\t\t\t\n<style>\n#col-1033642280 > .col-inner {\n  margin: 0px 0px 15px 0px;\n}\n<\/style>\n\t<\/div>\n\n\t\n<\/div>\n\t\t<\/div>\n\t\t\t\t\t<\/div>\n\n\t\n<\/div>\n<\/div><\/div><\/div>\n\t<div id=\"gap-711932558\" class=\"gap-element clearfix\" style=\"display:block; height:auto;\">\n\t\t\n<style>\n#gap-711932558 {\n  padding-top: 30px;\n}\n<\/style>\n\t<\/div>\n\t\n<h3>Kasutamise \u00fcksikasjad<\/h3>\n<p><strong>Kirjeldus:<\/strong> GARDENA kastmiskompuutrit Select kasutades on kastmine paindlik ja individuaalselt kavandatav. V\u00f5imalik on luua kuni kolm erinevat ja s\u00f5ltumatut kava. Kastmiskompuuter on akutoitel, \u00fchendatud vahetult kraaniga ja seda saab h\u00f5lpsalt juhtida, kasutades andmete valimiseks ja kinnitamiseks ainult p\u00f6\u00f6rdnuppu. Kergesti loetaval LCD-ekraanil kuvatakse l\u00fchidalt k\u00f5ik seaded. Ilmastikukindla t\u00f6\u00f6seadme saab vajadusel eemaldada. Kastmiskompuutrit Select saab kasutada koos GARDENA niiskusanduriga.<\/p>\n\t\t<\/div>\n\t\t\t\t\t<\/div>\n\n\t\n\n\t<div id=\"col-1432743125\" class=\"col medium-3 small-12 large-3\"  >\n\t\t\t\t<div class=\"col-inner\"  >\n\t\t\t\n\t\t\t\n\t<div id=\"gap-1996473091\" class=\"gap-element clearfix\" style=\"display:block; height:auto;\">\n\t\t\n<style>\n#gap-1996473091 {\n  padding-top: 30px;\n}\n<\/style>\n\t<\/div>\n\t\n<div class=\"is-divider divider clearfix\" ><\/div>\n<p><strong>\u00dcksikasjalikuma n\u00f5u saamiseks v\u00f5tke \u00fchendust:<br \/><\/strong>Espak AS<br \/>Viadukti 42<br \/>11313<br \/>Tallinn<br \/>+372 6 512333<\/p>\n<div class=\"is-divider divider clearfix\" ><\/div>\n\t\t<\/div>\n\t\t\t\t\t<\/div>\n\n\t\n<\/div>\n","protected":false},"excerpt":{"rendered":"","protected":false},"featured_media":44397,"comment_status":"closed","ping_status":"closed","template":"","meta":[],"product_brand":[],"product_cat":[2789,2788,3280,3365],"product_tag":[],"class_list":{"0":"post-41935","1":"product","2":"type-product","3":"status-publish","4":"has-post-thumbnail","6":"product_cat-aiatarbed","7":"product_cat-aiatarbed-ja-kodukaubad","8":"product_cat-kastmistarvikud","9":"product_cat-vihmutid","10":"pa_kaubamark-husqvarna-eesti-ou","12":"first","13":"instock","14":"sale","15":"taxable","16":"shipping-taxable","17":"purchasable","18":"product-type-simple"},"yoast_head":"<!-- This site is optimized with the Yoast SEO plugin v26.9 - https:\/\/yoast.com\/product\/yoast-seo-wordpress\/ -->\n<title>GARDENA KASTMISKOMPUUTER SELECT - Espak E-pood<\/title>\n<meta name=\"robots\" content=\"index, follow, max-snippet:-1, max-image-preview:large, max-video-preview:-1\" \/>\n<link rel=\"canonical\" href=\"https:\/\/espak.ee\/epood\/toode\/gardena-kastmiskompuuter-select\/\" \/>\n<meta property=\"og:locale\" content=\"et_EE\" \/>\n<meta property=\"og:type\" content=\"article\" \/>\n<meta property=\"og:title\" content=\"GARDENA KASTMISKOMPUUTER SELECT - Espak E-pood\" \/>\n<meta property=\"og:url\" content=\"https:\/\/espak.ee\/epood\/toode\/gardena-kastmiskompuuter-select\/\" \/>\n<meta property=\"og:site_name\" content=\"Espak E-pood\" \/>\n<meta property=\"article:modified_time\" content=\"2024-06-01T11:41:43+00:00\" \/>\n<meta property=\"og:image\" content=\"https:\/\/espak.ee\/epood\/wp-content\/uploads\/GARDENA-KASTMISKOMPUUTER-SELECT.png\" \/>\n\t<meta property=\"og:image:width\" content=\"530\" \/>\n\t<meta property=\"og:image:height\" content=\"530\" \/>\n\t<meta property=\"og:image:type\" content=\"image\/png\" \/>\n<meta name=\"twitter:card\" content=\"summary_large_image\" \/>\n<meta name=\"twitter:label1\" content=\"Est. reading time\" \/>\n\t<meta name=\"twitter:data1\" content=\"1 minut\" \/>\n<script type=\"application\/ld+json\" class=\"yoast-schema-graph\">{\"@context\":\"https:\/\/schema.org\",\"@graph\":[{\"@type\":\"WebPage\",\"@id\":\"https:\/\/espak.ee\/epood\/toode\/gardena-kastmiskompuuter-select\/\",\"url\":\"https:\/\/espak.ee\/epood\/toode\/gardena-kastmiskompuuter-select\/\",\"name\":\"GARDENA KASTMISKOMPUUTER SELECT - Espak E-pood\",\"isPartOf\":{\"@id\":\"https:\/\/espak.ee\/epood\/#website\"},\"primaryImageOfPage\":{\"@id\":\"https:\/\/espak.ee\/epood\/toode\/gardena-kastmiskompuuter-select\/#primaryimage\"},\"image\":{\"@id\":\"https:\/\/espak.ee\/epood\/toode\/gardena-kastmiskompuuter-select\/#primaryimage\"},\"thumbnailUrl\":\"https:\/\/espak.ee\/epood\/wp-content\/uploads\/GARDENA-KASTMISKOMPUUTER-SELECT.png\",\"datePublished\":\"2020-09-19T04:06:31+00:00\",\"dateModified\":\"2024-06-01T11:41:43+00:00\",\"breadcrumb\":{\"@id\":\"https:\/\/espak.ee\/epood\/toode\/gardena-kastmiskompuuter-select\/#breadcrumb\"},\"inLanguage\":\"et\",\"potentialAction\":[{\"@type\":\"ReadAction\",\"target\":[\"https:\/\/espak.ee\/epood\/toode\/gardena-kastmiskompuuter-select\/\"]}]},{\"@type\":\"ImageObject\",\"inLanguage\":\"et\",\"@id\":\"https:\/\/espak.ee\/epood\/toode\/gardena-kastmiskompuuter-select\/#primaryimage\",\"url\":\"https:\/\/espak.ee\/epood\/wp-content\/uploads\/GARDENA-KASTMISKOMPUUTER-SELECT.png\",\"contentUrl\":\"https:\/\/espak.ee\/epood\/wp-content\/uploads\/GARDENA-KASTMISKOMPUUTER-SELECT.png\",\"width\":530,\"height\":530},{\"@type\":\"BreadcrumbList\",\"@id\":\"https:\/\/espak.ee\/epood\/toode\/gardena-kastmiskompuuter-select\/#breadcrumb\",\"itemListElement\":[{\"@type\":\"ListItem\",\"position\":1,\"name\":\"Home\",\"item\":\"https:\/\/espak.ee\/epood\/\"},{\"@type\":\"ListItem\",\"position\":2,\"name\":\"Tootevalik\",\"item\":\"https:\/\/espak.ee\/epood\/tootevalik\/\"},{\"@type\":\"ListItem\",\"position\":3,\"name\":\"GARDENA KASTMISKOMPUUTER SELECT\"}]},{\"@type\":\"WebSite\",\"@id\":\"https:\/\/espak.ee\/epood\/#website\",\"url\":\"https:\/\/espak.ee\/epood\/\",\"name\":\"Espak E-pood\",\"description\":\"\",\"potentialAction\":[{\"@type\":\"SearchAction\",\"target\":{\"@type\":\"EntryPoint\",\"urlTemplate\":\"https:\/\/espak.ee\/epood\/?s={search_term_string}\"},\"query-input\":{\"@type\":\"PropertyValueSpecification\",\"valueRequired\":true,\"valueName\":\"search_term_string\"}}],\"inLanguage\":\"et\"}]}<\/script>\n<!-- \/ Yoast SEO plugin. -->","yoast_head_json":{"title":"GARDENA KASTMISKOMPUUTER SELECT - Espak E-pood","robots":{"index":"index","follow":"follow","max-snippet":"max-snippet:-1","max-image-preview":"max-image-preview:large","max-video-preview":"max-video-preview:-1"},"canonical":"https:\/\/espak.ee\/epood\/toode\/gardena-kastmiskompuuter-select\/","og_locale":"et_EE","og_type":"article","og_title":"GARDENA KASTMISKOMPUUTER SELECT - Espak E-pood","og_url":"https:\/\/espak.ee\/epood\/toode\/gardena-kastmiskompuuter-select\/","og_site_name":"Espak E-pood","article_modified_time":"2024-06-01T11:41:43+00:00","og_image":[{"width":530,"height":530,"url":"https:\/\/espak.ee\/epood\/wp-content\/uploads\/GARDENA-KASTMISKOMPUUTER-SELECT.png","type":"image\/png"}],"twitter_card":"summary_large_image","twitter_misc":{"Est. reading time":"1 minut"},"schema":{"@context":"https:\/\/schema.org","@graph":[{"@type":"WebPage","@id":"https:\/\/espak.ee\/epood\/toode\/gardena-kastmiskompuuter-select\/","url":"https:\/\/espak.ee\/epood\/toode\/gardena-kastmiskompuuter-select\/","name":"GARDENA KASTMISKOMPUUTER SELECT - Espak E-pood","isPartOf":{"@id":"https:\/\/espak.ee\/epood\/#website"},"primaryImageOfPage":{"@id":"https:\/\/espak.ee\/epood\/toode\/gardena-kastmiskompuuter-select\/#primaryimage"},"image":{"@id":"https:\/\/espak.ee\/epood\/toode\/gardena-kastmiskompuuter-select\/#primaryimage"},"thumbnailUrl":"https:\/\/espak.ee\/epood\/wp-content\/uploads\/GARDENA-KASTMISKOMPUUTER-SELECT.png","datePublished":"2020-09-19T04:06:31+00:00","dateModified":"2024-06-01T11:41:43+00:00","breadcrumb":{"@id":"https:\/\/espak.ee\/epood\/toode\/gardena-kastmiskompuuter-select\/#breadcrumb"},"inLanguage":"et","potentialAction":[{"@type":"ReadAction","target":["https:\/\/espak.ee\/epood\/toode\/gardena-kastmiskompuuter-select\/"]}]},{"@type":"ImageObject","inLanguage":"et","@id":"https:\/\/espak.ee\/epood\/toode\/gardena-kastmiskompuuter-select\/#primaryimage","url":"https:\/\/espak.ee\/epood\/wp-content\/uploads\/GARDENA-KASTMISKOMPUUTER-SELECT.png","contentUrl":"https:\/\/espak.ee\/epood\/wp-content\/uploads\/GARDENA-KASTMISKOMPUUTER-SELECT.png","width":530,"height":530},{"@type":"BreadcrumbList","@id":"https:\/\/espak.ee\/epood\/toode\/gardena-kastmiskompuuter-select\/#breadcrumb","itemListElement":[{"@type":"ListItem","position":1,"name":"Home","item":"https:\/\/espak.ee\/epood\/"},{"@type":"ListItem","position":2,"name":"Tootevalik","item":"https:\/\/espak.ee\/epood\/tootevalik\/"},{"@type":"ListItem","position":3,"name":"GARDENA KASTMISKOMPUUTER SELECT"}]},{"@type":"WebSite","@id":"https:\/\/espak.ee\/epood\/#website","url":"https:\/\/espak.ee\/epood\/","name":"Espak E-pood","description":"","potentialAction":[{"@type":"SearchAction","target":{"@type":"EntryPoint","urlTemplate":"https:\/\/espak.ee\/epood\/?s={search_term_string}"},"query-input":{"@type":"PropertyValueSpecification","valueRequired":true,"valueName":"search_term_string"}}],"inLanguage":"et"}]}},"_links":{"self":[{"href":"https:\/\/espak.ee\/epood\/wp-json\/wp\/v2\/product\/41935","targetHints":{"allow":["GET"]}}],"collection":[{"href":"https:\/\/espak.ee\/epood\/wp-json\/wp\/v2\/product"}],"about":[{"href":"https:\/\/espak.ee\/epood\/wp-json\/wp\/v2\/types\/product"}],"replies":[{"embeddable":true,"href":"https:\/\/espak.ee\/epood\/wp-json\/wp\/v2\/comments?post=41935"}],"wp:featuredmedia":[{"embeddable":true,"href":"https:\/\/espak.ee\/epood\/wp-json\/wp\/v2\/media\/44397"}],"wp:attachment":[{"href":"https:\/\/espak.ee\/epood\/wp-json\/wp\/v2\/media?parent=41935"}],"wp:term":[{"taxonomy":"product_brand","embeddable":true,"href":"https:\/\/espak.ee\/epood\/wp-json\/wp\/v2\/product_brand?post=41935"},{"taxonomy":"product_cat","embeddable":true,"href":"https:\/\/espak.ee\/epood\/wp-json\/wp\/v2\/product_cat?post=41935"},{"taxonomy":"product_tag","embeddable":true,"href":"https:\/\/espak.ee\/epood\/wp-json\/wp\/v2\/product_tag?post=41935"}],"curies":[{"name":"wp","href":"https:\/\/api.w.org\/{rel}","templated":true}]}}