{"id":41901,"date":"2020-09-19T07:06:13","date_gmt":"2020-09-19T04:06:13","guid":{"rendered":"https:\/\/espak.ee\/hinnakiri\/?post_type=product&#038;p=41901"},"modified":"2024-05-31T07:05:58","modified_gmt":"2024-05-31T04:05:58","slug":"multifunktsionaalne-kastmispustol-gardena-premium","status":"publish","type":"product","link":"https:\/\/espak.ee\/epood\/toode\/multifunktsionaalne-kastmispustol-gardena-premium\/","title":{"rendered":"MULTIFUNKTSIONAALNE KASTMISP\u00dcSTOL GARDENA PREMIUM"},"content":{"rendered":"<div class=\"row\"  id=\"row-36227731\">\n\n\t<div id=\"col-1102264681\" class=\"col medium-9 small-12 large-9\"  >\n\t\t\t\t<div class=\"col-inner\"  >\n\t\t\t\n\t\t\t\n<h2>Premium multifunktsionaalne kastmisp\u00fcstol<\/h2>\n<div class=\"message-box relative\" style=\"padding-top:15px;padding-bottom:15px;\"><div class=\"message-box-bg-image bg-fill fill\" ><\/div><div class=\"message-box-bg-overlay bg-fill fill\" ><\/div><div class=\"container relative\"><div class=\"inner last-reset\">\n<div class=\"row align-middle align-center\"  id=\"row-2052731699\">\n\n\t<div id=\"col-1912045003\" class=\"col small-12 large-12\"  >\n\t\t\t\t<div class=\"col-inner text-left\"  >\n\t\t\t\n\t\t\t\n<h4>Omadused<\/h4>\n<div class=\"row\"  id=\"row-1898872855\">\n\n\t<div id=\"col-605254150\" class=\"col medium-6 small-12 large-6\"  >\n\t\t\t\t<div class=\"col-inner\"  >\n\t\t\t\n\t\t\t\n<p><i class=\"fa fa-check fa-2x\"><\/i> <strong>Viis erinevat pihustusjoa valikut<\/strong><\/p>\n<p><i class=\"fa fa-check fa-2x\"><\/i> <strong>Mugav k\u00e4sitseda<\/strong><\/p>\n\t\t<\/div>\n\t\t\t\t\n<style>\n#col-605254150 > .col-inner {\n  margin: 0px 0px 15px 0px;\n}\n<\/style>\n\t<\/div>\n\n\t\n\n\t<div id=\"col-270885044\" class=\"col medium-6 small-12 large-6\"  >\n\t\t\t\t<div class=\"col-inner\"  >\n\t\t\t\n\t\t\t\n<p><i class=\"fa fa-check fa-2x\"><\/i> <strong>Lihtne puhastada<\/strong><\/p>\n<p><i class=\"fa fa-check fa-2x\"><\/i> <strong>V\u00e4ga vastupidav<\/strong><\/p>\n\t\t<\/div>\n\t\t\t\t\n<style>\n#col-270885044 > .col-inner {\n  margin: 0px 0px 15px 0px;\n}\n<\/style>\n\t<\/div>\n\n\t\n<\/div>\n\t\t<\/div>\n\t\t\t\t\t<\/div>\n\n\t\n<\/div>\n<\/div><\/div><\/div>\n\t<div id=\"gap-394365901\" class=\"gap-element clearfix\" style=\"display:block; height:auto;\">\n\t\t\n<style>\n#gap-394365901 {\n  padding-top: 30px;\n}\n<\/style>\n\t<\/div>\n\t\n<h3>Kasutamise \u00fcksikasjad<\/h3>\n<p><strong>Kirjeldus:<\/strong> GARDENA Premium-seeria multifunktsionaalsel kastmisp\u00fcstolil on viis pihustusjoa valikut, mis v\u00f5imaldavad seda kasutada k\u00f5ikideks kastmis- ja puhastust\u00f6\u00f6deks. Valikus on peen uduvihm, \u00f5rn vee- ja mullijuga kastmiseks ning tugev vee- ja lehvikjuga t\u00f5husaks puhastamiseks. Kastmisp\u00fcstolit katvad pehmest plastist osad kaitsevad kahjustuste eest. Pehmest plastist osadega ergonoomiline k\u00e4epide tagab optimaalse kasutusmugavuse. Sujuvalt reguleeritav veesurve. Kui osutub vajalikuks pikemaajaline kastmine, v\u00f5ib p\u00e4\u00e4stiku lukustada. Filtri saab puhastamiseks h\u00f5lpsalt v\u00e4lja v\u00f5tta. Premium-seeria multifunktsionaalne kastmisp\u00fcstol on k\u00fclmakindel.<\/p>\n\t\t<\/div>\n\t\t\t\t\t<\/div>\n\n\t\n\n\t<div id=\"col-1279370566\" class=\"col medium-3 small-12 large-3\"  >\n\t\t\t\t<div class=\"col-inner\"  >\n\t\t\t\n\t\t\t\n\t<div id=\"gap-1132356246\" class=\"gap-element clearfix\" style=\"display:block; height:auto;\">\n\t\t\n<style>\n#gap-1132356246 {\n  padding-top: 30px;\n}\n<\/style>\n\t<\/div>\n\t\n<div class=\"is-divider divider clearfix\" ><\/div>\n<p><strong>\u00dcksikasjalikuma n\u00f5u saamiseks v\u00f5tke \u00fchendust:<br \/><\/strong>Espak AS<br \/>Viadukti 42<br \/>11313<br \/>Tallinn<br \/>+372 6 512333<\/p>\n<div class=\"is-divider divider clearfix\" ><\/div>\n\t\t<\/div>\n\t\t\t\t\t<\/div>\n\n\t\n<\/div>\n","protected":false},"excerpt":{"rendered":"","protected":false},"featured_media":46731,"comment_status":"closed","ping_status":"closed","template":"","meta":[],"product_brand":[],"product_cat":[2789,2788,3364,3280],"product_tag":[],"class_list":{"0":"post-41901","1":"product","2":"type-product","3":"status-publish","4":"has-post-thumbnail","6":"product_cat-aiatarbed","7":"product_cat-aiatarbed-ja-kodukaubad","8":"product_cat-kastmispihustid","9":"product_cat-kastmistarvikud","10":"pa_kaubamark-husqvarna-eesti-ou","12":"first","13":"instock","14":"sale","15":"taxable","16":"shipping-taxable","17":"purchasable","18":"product-type-simple"},"yoast_head":"<!-- This site is optimized with the Yoast SEO plugin v26.9 - https:\/\/yoast.com\/product\/yoast-seo-wordpress\/ -->\n<title>MULTIFUNKTSIONAALNE KASTMISP\u00dcSTOL GARDENA PREMIUM - Espak E-pood<\/title>\n<meta name=\"robots\" content=\"index, follow, max-snippet:-1, max-image-preview:large, max-video-preview:-1\" \/>\n<link rel=\"canonical\" href=\"https:\/\/espak.ee\/epood\/toode\/multifunktsionaalne-kastmispustol-gardena-premium\/\" \/>\n<meta property=\"og:locale\" content=\"et_EE\" \/>\n<meta property=\"og:type\" content=\"article\" \/>\n<meta property=\"og:title\" content=\"MULTIFUNKTSIONAALNE KASTMISP\u00dcSTOL GARDENA PREMIUM - Espak E-pood\" \/>\n<meta property=\"og:url\" content=\"https:\/\/espak.ee\/epood\/toode\/multifunktsionaalne-kastmispustol-gardena-premium\/\" \/>\n<meta property=\"og:site_name\" content=\"Espak E-pood\" \/>\n<meta property=\"article:modified_time\" content=\"2024-05-31T04:05:58+00:00\" \/>\n<meta property=\"og:image\" content=\"https:\/\/espak.ee\/epood\/wp-content\/uploads\/MULTIFUNKTSIONAALNE-KASTMISPUSTOL-GARDENA-PREMIUM.png\" \/>\n\t<meta property=\"og:image:width\" content=\"850\" \/>\n\t<meta property=\"og:image:height\" content=\"850\" \/>\n\t<meta property=\"og:image:type\" content=\"image\/png\" \/>\n<meta name=\"twitter:card\" content=\"summary_large_image\" \/>\n<meta name=\"twitter:label1\" content=\"Est. reading time\" \/>\n\t<meta name=\"twitter:data1\" content=\"1 minut\" \/>\n<script type=\"application\/ld+json\" class=\"yoast-schema-graph\">{\"@context\":\"https:\/\/schema.org\",\"@graph\":[{\"@type\":\"WebPage\",\"@id\":\"https:\/\/espak.ee\/epood\/toode\/multifunktsionaalne-kastmispustol-gardena-premium\/\",\"url\":\"https:\/\/espak.ee\/epood\/toode\/multifunktsionaalne-kastmispustol-gardena-premium\/\",\"name\":\"MULTIFUNKTSIONAALNE KASTMISP\u00dcSTOL GARDENA PREMIUM - Espak E-pood\",\"isPartOf\":{\"@id\":\"https:\/\/espak.ee\/epood\/#website\"},\"primaryImageOfPage\":{\"@id\":\"https:\/\/espak.ee\/epood\/toode\/multifunktsionaalne-kastmispustol-gardena-premium\/#primaryimage\"},\"image\":{\"@id\":\"https:\/\/espak.ee\/epood\/toode\/multifunktsionaalne-kastmispustol-gardena-premium\/#primaryimage\"},\"thumbnailUrl\":\"https:\/\/espak.ee\/epood\/wp-content\/uploads\/MULTIFUNKTSIONAALNE-KASTMISPUSTOL-GARDENA-PREMIUM.png\",\"datePublished\":\"2020-09-19T04:06:13+00:00\",\"dateModified\":\"2024-05-31T04:05:58+00:00\",\"breadcrumb\":{\"@id\":\"https:\/\/espak.ee\/epood\/toode\/multifunktsionaalne-kastmispustol-gardena-premium\/#breadcrumb\"},\"inLanguage\":\"et\",\"potentialAction\":[{\"@type\":\"ReadAction\",\"target\":[\"https:\/\/espak.ee\/epood\/toode\/multifunktsionaalne-kastmispustol-gardena-premium\/\"]}]},{\"@type\":\"ImageObject\",\"inLanguage\":\"et\",\"@id\":\"https:\/\/espak.ee\/epood\/toode\/multifunktsionaalne-kastmispustol-gardena-premium\/#primaryimage\",\"url\":\"https:\/\/espak.ee\/epood\/wp-content\/uploads\/MULTIFUNKTSIONAALNE-KASTMISPUSTOL-GARDENA-PREMIUM.png\",\"contentUrl\":\"https:\/\/espak.ee\/epood\/wp-content\/uploads\/MULTIFUNKTSIONAALNE-KASTMISPUSTOL-GARDENA-PREMIUM.png\",\"width\":850,\"height\":850},{\"@type\":\"BreadcrumbList\",\"@id\":\"https:\/\/espak.ee\/epood\/toode\/multifunktsionaalne-kastmispustol-gardena-premium\/#breadcrumb\",\"itemListElement\":[{\"@type\":\"ListItem\",\"position\":1,\"name\":\"Home\",\"item\":\"https:\/\/espak.ee\/epood\/\"},{\"@type\":\"ListItem\",\"position\":2,\"name\":\"Tootevalik\",\"item\":\"https:\/\/espak.ee\/epood\/tootevalik\/\"},{\"@type\":\"ListItem\",\"position\":3,\"name\":\"MULTIFUNKTSIONAALNE KASTMISP\u00dcSTOL GARDENA PREMIUM\"}]},{\"@type\":\"WebSite\",\"@id\":\"https:\/\/espak.ee\/epood\/#website\",\"url\":\"https:\/\/espak.ee\/epood\/\",\"name\":\"Espak E-pood\",\"description\":\"\",\"potentialAction\":[{\"@type\":\"SearchAction\",\"target\":{\"@type\":\"EntryPoint\",\"urlTemplate\":\"https:\/\/espak.ee\/epood\/?s={search_term_string}\"},\"query-input\":{\"@type\":\"PropertyValueSpecification\",\"valueRequired\":true,\"valueName\":\"search_term_string\"}}],\"inLanguage\":\"et\"}]}<\/script>\n<!-- \/ Yoast SEO plugin. -->","yoast_head_json":{"title":"MULTIFUNKTSIONAALNE KASTMISP\u00dcSTOL GARDENA PREMIUM - Espak E-pood","robots":{"index":"index","follow":"follow","max-snippet":"max-snippet:-1","max-image-preview":"max-image-preview:large","max-video-preview":"max-video-preview:-1"},"canonical":"https:\/\/espak.ee\/epood\/toode\/multifunktsionaalne-kastmispustol-gardena-premium\/","og_locale":"et_EE","og_type":"article","og_title":"MULTIFUNKTSIONAALNE KASTMISP\u00dcSTOL GARDENA PREMIUM - Espak E-pood","og_url":"https:\/\/espak.ee\/epood\/toode\/multifunktsionaalne-kastmispustol-gardena-premium\/","og_site_name":"Espak E-pood","article_modified_time":"2024-05-31T04:05:58+00:00","og_image":[{"width":850,"height":850,"url":"https:\/\/espak.ee\/epood\/wp-content\/uploads\/MULTIFUNKTSIONAALNE-KASTMISPUSTOL-GARDENA-PREMIUM.png","type":"image\/png"}],"twitter_card":"summary_large_image","twitter_misc":{"Est. reading time":"1 minut"},"schema":{"@context":"https:\/\/schema.org","@graph":[{"@type":"WebPage","@id":"https:\/\/espak.ee\/epood\/toode\/multifunktsionaalne-kastmispustol-gardena-premium\/","url":"https:\/\/espak.ee\/epood\/toode\/multifunktsionaalne-kastmispustol-gardena-premium\/","name":"MULTIFUNKTSIONAALNE KASTMISP\u00dcSTOL GARDENA PREMIUM - Espak E-pood","isPartOf":{"@id":"https:\/\/espak.ee\/epood\/#website"},"primaryImageOfPage":{"@id":"https:\/\/espak.ee\/epood\/toode\/multifunktsionaalne-kastmispustol-gardena-premium\/#primaryimage"},"image":{"@id":"https:\/\/espak.ee\/epood\/toode\/multifunktsionaalne-kastmispustol-gardena-premium\/#primaryimage"},"thumbnailUrl":"https:\/\/espak.ee\/epood\/wp-content\/uploads\/MULTIFUNKTSIONAALNE-KASTMISPUSTOL-GARDENA-PREMIUM.png","datePublished":"2020-09-19T04:06:13+00:00","dateModified":"2024-05-31T04:05:58+00:00","breadcrumb":{"@id":"https:\/\/espak.ee\/epood\/toode\/multifunktsionaalne-kastmispustol-gardena-premium\/#breadcrumb"},"inLanguage":"et","potentialAction":[{"@type":"ReadAction","target":["https:\/\/espak.ee\/epood\/toode\/multifunktsionaalne-kastmispustol-gardena-premium\/"]}]},{"@type":"ImageObject","inLanguage":"et","@id":"https:\/\/espak.ee\/epood\/toode\/multifunktsionaalne-kastmispustol-gardena-premium\/#primaryimage","url":"https:\/\/espak.ee\/epood\/wp-content\/uploads\/MULTIFUNKTSIONAALNE-KASTMISPUSTOL-GARDENA-PREMIUM.png","contentUrl":"https:\/\/espak.ee\/epood\/wp-content\/uploads\/MULTIFUNKTSIONAALNE-KASTMISPUSTOL-GARDENA-PREMIUM.png","width":850,"height":850},{"@type":"BreadcrumbList","@id":"https:\/\/espak.ee\/epood\/toode\/multifunktsionaalne-kastmispustol-gardena-premium\/#breadcrumb","itemListElement":[{"@type":"ListItem","position":1,"name":"Home","item":"https:\/\/espak.ee\/epood\/"},{"@type":"ListItem","position":2,"name":"Tootevalik","item":"https:\/\/espak.ee\/epood\/tootevalik\/"},{"@type":"ListItem","position":3,"name":"MULTIFUNKTSIONAALNE KASTMISP\u00dcSTOL GARDENA PREMIUM"}]},{"@type":"WebSite","@id":"https:\/\/espak.ee\/epood\/#website","url":"https:\/\/espak.ee\/epood\/","name":"Espak E-pood","description":"","potentialAction":[{"@type":"SearchAction","target":{"@type":"EntryPoint","urlTemplate":"https:\/\/espak.ee\/epood\/?s={search_term_string}"},"query-input":{"@type":"PropertyValueSpecification","valueRequired":true,"valueName":"search_term_string"}}],"inLanguage":"et"}]}},"_links":{"self":[{"href":"https:\/\/espak.ee\/epood\/wp-json\/wp\/v2\/product\/41901","targetHints":{"allow":["GET"]}}],"collection":[{"href":"https:\/\/espak.ee\/epood\/wp-json\/wp\/v2\/product"}],"about":[{"href":"https:\/\/espak.ee\/epood\/wp-json\/wp\/v2\/types\/product"}],"replies":[{"embeddable":true,"href":"https:\/\/espak.ee\/epood\/wp-json\/wp\/v2\/comments?post=41901"}],"wp:featuredmedia":[{"embeddable":true,"href":"https:\/\/espak.ee\/epood\/wp-json\/wp\/v2\/media\/46731"}],"wp:attachment":[{"href":"https:\/\/espak.ee\/epood\/wp-json\/wp\/v2\/media?parent=41901"}],"wp:term":[{"taxonomy":"product_brand","embeddable":true,"href":"https:\/\/espak.ee\/epood\/wp-json\/wp\/v2\/product_brand?post=41901"},{"taxonomy":"product_cat","embeddable":true,"href":"https:\/\/espak.ee\/epood\/wp-json\/wp\/v2\/product_cat?post=41901"},{"taxonomy":"product_tag","embeddable":true,"href":"https:\/\/espak.ee\/epood\/wp-json\/wp\/v2\/product_tag?post=41901"}],"curies":[{"name":"wp","href":"https:\/\/api.w.org\/{rel}","templated":true}]}}