{"id":41890,"date":"2020-09-19T07:06:04","date_gmt":"2020-09-19T04:06:04","guid":{"rendered":"https:\/\/espak.ee\/hinnakiri\/?post_type=product&#038;p=41890"},"modified":"2026-03-07T14:01:08","modified_gmt":"2026-03-07T12:01:08","slug":"gardena-nelja-valjundiga-veejaotur","status":"publish","type":"product","link":"https:\/\/espak.ee\/epood\/toode\/gardena-nelja-valjundiga-veejaotur\/","title":{"rendered":"GARDENA NELJA V\u00c4LJUNDIGA VEEJAOTUR"},"content":{"rendered":"<div class=\"row\"  id=\"row-1907902032\">\n\n\t<div id=\"col-33683665\" class=\"col medium-9 small-12 large-9\"  >\n\t\t\t\t<div class=\"col-inner\"  >\n\t\t\t\n\t\t\t\n<h2>Nelja v\u00e4ljundiga veejaotur<\/h2>\n<div class=\"message-box relative\" style=\"padding-top:15px;padding-bottom:15px;\"><div class=\"message-box-bg-image bg-fill fill\" ><\/div><div class=\"message-box-bg-overlay bg-fill fill\" ><\/div><div class=\"container relative\"><div class=\"inner last-reset\">\n<div class=\"row align-middle align-center\"  id=\"row-1029269878\">\n\n\t<div id=\"col-1947905995\" class=\"col small-12 large-12\"  >\n\t\t\t\t<div class=\"col-inner text-left\"  >\n\t\t\t\n\t\t\t\n<h4>Omadused<\/h4>\n<div class=\"row\"  id=\"row-1482704697\">\n\n\t<div id=\"col-264325371\" class=\"col medium-6 small-12 large-6\"  >\n\t\t\t\t<div class=\"col-inner\"  >\n\t\t\t\n\t\t\t\n<p><i class=\"fa fa-check fa-2x\"><\/i> <strong>Neli v\u00e4ljundit<\/strong><\/p>\n<p><i class=\"fa fa-check fa-2x\"><\/i> <strong>Reguleeritav ja v\u00e4lja l\u00fclitatav<\/strong><\/p>\n\t\t<\/div>\n\t\t\t\t\n<style>\n#col-264325371 > .col-inner {\n  margin: 0px 0px 15px 0px;\n}\n<\/style>\n\t<\/div>\n\n\t\n<\/div>\n\t\t<\/div>\n\t\t\t\t\t<\/div>\n\n\t\n<\/div>\n<\/div><\/div><\/div>\n\t<div id=\"gap-1694837309\" class=\"gap-element clearfix\" style=\"display:block; height:auto;\">\n\t\t\n<style>\n#gap-1694837309 {\n  padding-top: 30px;\n}\n<\/style>\n\t<\/div>\n\t\n<h3>Kasutamise \u00fcksikasjad<\/h3>\n<p><strong>Kirjeldus:<\/strong> GARDENA nelja v\u00e4ljundiga veejagaja v\u00f5imaldab \u00fche kraani k\u00fclge samaaegselt \u00fchendada mitu aiatarvikut. Iga v\u00e4ljundi veevoolu saab eraldi reguleerida v\u00f5i sulgeda. Nelja v\u00e4ljundiga veejaoturiga saab \u00fchendada kaks GARDENA kastmiskompuutrit v\u00f5i kastmistaimerit. Nelja kanaliga veejaoturi saab muuta GARDENA &#8220;Profi&#8221; Maxi-Flow Systemile sobivaks, \u00fchendades selle &#8220;Profi&#8221; Maxi-Flow Systemi keermestatud kraani liitmikuga (toode nr 2801-20). See sobib 33,3 mm (G 1&#8243;), 26,5 mm (G 3\/4&#8243;), 23 mm (G 5\/8&#8243;) ja 21 mm (G 1\/2&#8243;) keermega kraanidele.<\/p>\n\t\t<\/div>\n\t\t\t\t\t<\/div>\n\n\t\n\n\t<div id=\"col-1431094801\" class=\"col medium-3 small-12 large-3\"  >\n\t\t\t\t<div class=\"col-inner\"  >\n\t\t\t\n\t\t\t\n\t<div id=\"gap-764587328\" class=\"gap-element clearfix\" style=\"display:block; height:auto;\">\n\t\t\n<style>\n#gap-764587328 {\n  padding-top: 30px;\n}\n<\/style>\n\t<\/div>\n\t\n<div class=\"is-divider divider clearfix\" ><\/div>\n<p><strong>\u00dcksikasjalikuma n\u00f5u saamiseks v\u00f5tke \u00fchendust:<br \/><\/strong>Espak AS<br \/>Viadukti 42<br \/>11313<br \/>Tallinn<br \/>+372 6 512333<\/p>\n<div class=\"is-divider divider clearfix\" ><\/div>\n\t\t<\/div>\n\t\t\t\t\t<\/div>\n\n\t\n<\/div>\n","protected":false},"excerpt":{"rendered":"","protected":false},"featured_media":46826,"comment_status":"closed","ping_status":"closed","template":"","meta":[],"product_brand":[],"product_cat":[2789,2788,3280,3282],"product_tag":[],"class_list":{"0":"post-41890","1":"product","2":"type-product","3":"status-publish","4":"has-post-thumbnail","6":"product_cat-aiatarbed","7":"product_cat-aiatarbed-ja-kodukaubad","8":"product_cat-kastmistarvikud","9":"product_cat-kiirliited","10":"pa_kaubamark-husqvarna-eesti-ou","12":"first","13":"instock","14":"sale","15":"taxable","16":"shipping-taxable","17":"purchasable","18":"product-type-simple"},"yoast_head":"<!-- This site is optimized with the Yoast SEO plugin v26.9 - https:\/\/yoast.com\/product\/yoast-seo-wordpress\/ -->\n<title>GARDENA NELJA V\u00c4LJUNDIGA VEEJAOTUR - Espak E-pood<\/title>\n<meta name=\"robots\" content=\"index, follow, max-snippet:-1, max-image-preview:large, max-video-preview:-1\" \/>\n<link rel=\"canonical\" href=\"https:\/\/espak.ee\/epood\/toode\/gardena-nelja-valjundiga-veejaotur\/\" \/>\n<meta property=\"og:locale\" content=\"et_EE\" \/>\n<meta property=\"og:type\" content=\"article\" \/>\n<meta property=\"og:title\" content=\"GARDENA NELJA V\u00c4LJUNDIGA VEEJAOTUR - Espak E-pood\" \/>\n<meta property=\"og:url\" content=\"https:\/\/espak.ee\/epood\/toode\/gardena-nelja-valjundiga-veejaotur\/\" \/>\n<meta property=\"og:site_name\" content=\"Espak E-pood\" \/>\n<meta property=\"article:modified_time\" content=\"2026-03-07T12:01:08+00:00\" \/>\n<meta property=\"og:image\" content=\"https:\/\/espak.ee\/epood\/wp-content\/uploads\/GARDENA-NELJA-VALJUNDIGA-VEEJAOTUR.png\" \/>\n\t<meta property=\"og:image:width\" content=\"850\" \/>\n\t<meta property=\"og:image:height\" content=\"850\" \/>\n\t<meta property=\"og:image:type\" content=\"image\/png\" \/>\n<meta name=\"twitter:card\" content=\"summary_large_image\" \/>\n<meta name=\"twitter:label1\" content=\"Est. reading time\" \/>\n\t<meta name=\"twitter:data1\" content=\"1 minut\" \/>\n<script type=\"application\/ld+json\" class=\"yoast-schema-graph\">{\"@context\":\"https:\/\/schema.org\",\"@graph\":[{\"@type\":\"WebPage\",\"@id\":\"https:\/\/espak.ee\/epood\/toode\/gardena-nelja-valjundiga-veejaotur\/\",\"url\":\"https:\/\/espak.ee\/epood\/toode\/gardena-nelja-valjundiga-veejaotur\/\",\"name\":\"GARDENA NELJA V\u00c4LJUNDIGA VEEJAOTUR - Espak E-pood\",\"isPartOf\":{\"@id\":\"https:\/\/espak.ee\/epood\/#website\"},\"primaryImageOfPage\":{\"@id\":\"https:\/\/espak.ee\/epood\/toode\/gardena-nelja-valjundiga-veejaotur\/#primaryimage\"},\"image\":{\"@id\":\"https:\/\/espak.ee\/epood\/toode\/gardena-nelja-valjundiga-veejaotur\/#primaryimage\"},\"thumbnailUrl\":\"https:\/\/espak.ee\/epood\/wp-content\/uploads\/GARDENA-NELJA-VALJUNDIGA-VEEJAOTUR.png\",\"datePublished\":\"2020-09-19T04:06:04+00:00\",\"dateModified\":\"2026-03-07T12:01:08+00:00\",\"breadcrumb\":{\"@id\":\"https:\/\/espak.ee\/epood\/toode\/gardena-nelja-valjundiga-veejaotur\/#breadcrumb\"},\"inLanguage\":\"et\",\"potentialAction\":[{\"@type\":\"ReadAction\",\"target\":[\"https:\/\/espak.ee\/epood\/toode\/gardena-nelja-valjundiga-veejaotur\/\"]}]},{\"@type\":\"ImageObject\",\"inLanguage\":\"et\",\"@id\":\"https:\/\/espak.ee\/epood\/toode\/gardena-nelja-valjundiga-veejaotur\/#primaryimage\",\"url\":\"https:\/\/espak.ee\/epood\/wp-content\/uploads\/GARDENA-NELJA-VALJUNDIGA-VEEJAOTUR.png\",\"contentUrl\":\"https:\/\/espak.ee\/epood\/wp-content\/uploads\/GARDENA-NELJA-VALJUNDIGA-VEEJAOTUR.png\",\"width\":850,\"height\":850},{\"@type\":\"BreadcrumbList\",\"@id\":\"https:\/\/espak.ee\/epood\/toode\/gardena-nelja-valjundiga-veejaotur\/#breadcrumb\",\"itemListElement\":[{\"@type\":\"ListItem\",\"position\":1,\"name\":\"Home\",\"item\":\"https:\/\/espak.ee\/epood\/\"},{\"@type\":\"ListItem\",\"position\":2,\"name\":\"Tootevalik\",\"item\":\"https:\/\/espak.ee\/epood\/tootevalik\/\"},{\"@type\":\"ListItem\",\"position\":3,\"name\":\"GARDENA NELJA V\u00c4LJUNDIGA VEEJAOTUR\"}]},{\"@type\":\"WebSite\",\"@id\":\"https:\/\/espak.ee\/epood\/#website\",\"url\":\"https:\/\/espak.ee\/epood\/\",\"name\":\"Espak E-pood\",\"description\":\"\",\"potentialAction\":[{\"@type\":\"SearchAction\",\"target\":{\"@type\":\"EntryPoint\",\"urlTemplate\":\"https:\/\/espak.ee\/epood\/?s={search_term_string}\"},\"query-input\":{\"@type\":\"PropertyValueSpecification\",\"valueRequired\":true,\"valueName\":\"search_term_string\"}}],\"inLanguage\":\"et\"}]}<\/script>\n<!-- \/ Yoast SEO plugin. -->","yoast_head_json":{"title":"GARDENA NELJA V\u00c4LJUNDIGA VEEJAOTUR - Espak E-pood","robots":{"index":"index","follow":"follow","max-snippet":"max-snippet:-1","max-image-preview":"max-image-preview:large","max-video-preview":"max-video-preview:-1"},"canonical":"https:\/\/espak.ee\/epood\/toode\/gardena-nelja-valjundiga-veejaotur\/","og_locale":"et_EE","og_type":"article","og_title":"GARDENA NELJA V\u00c4LJUNDIGA VEEJAOTUR - Espak E-pood","og_url":"https:\/\/espak.ee\/epood\/toode\/gardena-nelja-valjundiga-veejaotur\/","og_site_name":"Espak E-pood","article_modified_time":"2026-03-07T12:01:08+00:00","og_image":[{"width":850,"height":850,"url":"https:\/\/espak.ee\/epood\/wp-content\/uploads\/GARDENA-NELJA-VALJUNDIGA-VEEJAOTUR.png","type":"image\/png"}],"twitter_card":"summary_large_image","twitter_misc":{"Est. reading time":"1 minut"},"schema":{"@context":"https:\/\/schema.org","@graph":[{"@type":"WebPage","@id":"https:\/\/espak.ee\/epood\/toode\/gardena-nelja-valjundiga-veejaotur\/","url":"https:\/\/espak.ee\/epood\/toode\/gardena-nelja-valjundiga-veejaotur\/","name":"GARDENA NELJA V\u00c4LJUNDIGA VEEJAOTUR - Espak E-pood","isPartOf":{"@id":"https:\/\/espak.ee\/epood\/#website"},"primaryImageOfPage":{"@id":"https:\/\/espak.ee\/epood\/toode\/gardena-nelja-valjundiga-veejaotur\/#primaryimage"},"image":{"@id":"https:\/\/espak.ee\/epood\/toode\/gardena-nelja-valjundiga-veejaotur\/#primaryimage"},"thumbnailUrl":"https:\/\/espak.ee\/epood\/wp-content\/uploads\/GARDENA-NELJA-VALJUNDIGA-VEEJAOTUR.png","datePublished":"2020-09-19T04:06:04+00:00","dateModified":"2026-03-07T12:01:08+00:00","breadcrumb":{"@id":"https:\/\/espak.ee\/epood\/toode\/gardena-nelja-valjundiga-veejaotur\/#breadcrumb"},"inLanguage":"et","potentialAction":[{"@type":"ReadAction","target":["https:\/\/espak.ee\/epood\/toode\/gardena-nelja-valjundiga-veejaotur\/"]}]},{"@type":"ImageObject","inLanguage":"et","@id":"https:\/\/espak.ee\/epood\/toode\/gardena-nelja-valjundiga-veejaotur\/#primaryimage","url":"https:\/\/espak.ee\/epood\/wp-content\/uploads\/GARDENA-NELJA-VALJUNDIGA-VEEJAOTUR.png","contentUrl":"https:\/\/espak.ee\/epood\/wp-content\/uploads\/GARDENA-NELJA-VALJUNDIGA-VEEJAOTUR.png","width":850,"height":850},{"@type":"BreadcrumbList","@id":"https:\/\/espak.ee\/epood\/toode\/gardena-nelja-valjundiga-veejaotur\/#breadcrumb","itemListElement":[{"@type":"ListItem","position":1,"name":"Home","item":"https:\/\/espak.ee\/epood\/"},{"@type":"ListItem","position":2,"name":"Tootevalik","item":"https:\/\/espak.ee\/epood\/tootevalik\/"},{"@type":"ListItem","position":3,"name":"GARDENA NELJA V\u00c4LJUNDIGA VEEJAOTUR"}]},{"@type":"WebSite","@id":"https:\/\/espak.ee\/epood\/#website","url":"https:\/\/espak.ee\/epood\/","name":"Espak E-pood","description":"","potentialAction":[{"@type":"SearchAction","target":{"@type":"EntryPoint","urlTemplate":"https:\/\/espak.ee\/epood\/?s={search_term_string}"},"query-input":{"@type":"PropertyValueSpecification","valueRequired":true,"valueName":"search_term_string"}}],"inLanguage":"et"}]}},"_links":{"self":[{"href":"https:\/\/espak.ee\/epood\/wp-json\/wp\/v2\/product\/41890","targetHints":{"allow":["GET"]}}],"collection":[{"href":"https:\/\/espak.ee\/epood\/wp-json\/wp\/v2\/product"}],"about":[{"href":"https:\/\/espak.ee\/epood\/wp-json\/wp\/v2\/types\/product"}],"replies":[{"embeddable":true,"href":"https:\/\/espak.ee\/epood\/wp-json\/wp\/v2\/comments?post=41890"}],"wp:featuredmedia":[{"embeddable":true,"href":"https:\/\/espak.ee\/epood\/wp-json\/wp\/v2\/media\/46826"}],"wp:attachment":[{"href":"https:\/\/espak.ee\/epood\/wp-json\/wp\/v2\/media?parent=41890"}],"wp:term":[{"taxonomy":"product_brand","embeddable":true,"href":"https:\/\/espak.ee\/epood\/wp-json\/wp\/v2\/product_brand?post=41890"},{"taxonomy":"product_cat","embeddable":true,"href":"https:\/\/espak.ee\/epood\/wp-json\/wp\/v2\/product_cat?post=41890"},{"taxonomy":"product_tag","embeddable":true,"href":"https:\/\/espak.ee\/epood\/wp-json\/wp\/v2\/product_tag?post=41890"}],"curies":[{"name":"wp","href":"https:\/\/api.w.org\/{rel}","templated":true}]}}