{"id":41856,"date":"2020-09-19T07:05:36","date_gmt":"2020-09-19T04:05:36","guid":{"rendered":"https:\/\/espak.ee\/hinnakiri\/?post_type=product&#038;p=41856"},"modified":"2024-03-23T15:00:47","modified_gmt":"2024-03-23T13:00:47","slug":"oksaloikur-gardena-combisystem","status":"publish","type":"product","link":"https:\/\/espak.ee\/epood\/toode\/oksaloikur-gardena-combisystem\/","title":{"rendered":"OKSAL\u00d5IKUR GARDENA COMBISYSTEM"},"content":{"rendered":"<div class=\"row\"  id=\"row-1524024026\">\n\n\t<div id=\"col-430488499\" class=\"col medium-9 small-12 large-9\"  >\n\t\t\t\t<div class=\"col-inner\"  >\n\t\t\t\n\t\t\t\n<h2>Combisystem oksal\u00f5ikur<\/h2>\n<div class=\"message-box relative\" style=\"padding-top:15px;padding-bottom:15px;\"><div class=\"message-box-bg-image bg-fill fill\" ><\/div><div class=\"message-box-bg-overlay bg-fill fill\" ><\/div><div class=\"container relative\"><div class=\"inner last-reset\">\n<div class=\"row align-middle align-center\"  id=\"row-1826541810\">\n\n\t<div id=\"col-53763139\" class=\"col small-12 large-12\"  >\n\t\t\t\t<div class=\"col-inner text-left\"  >\n\t\t\t\n\t\t\t\n<h4>Omadused<\/h4>\n<div class=\"row\"  id=\"row-1159123745\">\n\n\t<div id=\"col-1068474453\" class=\"col medium-6 small-12 large-6\"  >\n\t\t\t\t<div class=\"col-inner\"  >\n\t\t\t\n\t\t\t\n<p><i class=\"fa fa-check fa-2x\"><\/i> <strong>Puhtad siledad l\u00f5ikepinnad<\/strong><\/p>\n<p><i class=\"fa fa-check fa-2x\"><\/i> <strong>Erakordselt v\u00f5imas<\/strong><\/p>\n\t\t<\/div>\n\t\t\t\t\n<style>\n#col-1068474453 > .col-inner {\n  margin: 0px 0px 15px 0px;\n}\n<\/style>\n\t<\/div>\n\n\t\n\n\t<div id=\"col-1193988220\" class=\"col medium-6 small-12 large-6\"  >\n\t\t\t\t<div class=\"col-inner\"  >\n\t\t\t\n\t\t\t\n<p><i class=\"fa fa-check fa-2x\"><\/i> <strong>Ergonoomiline D-k\u00e4epide<\/strong><\/p>\n<p><i class=\"fa fa-check fa-2x\"><\/i> <strong>Saab oksale riputada<\/strong><\/p>\n\t\t<\/div>\n\t\t\t\t\n<style>\n#col-1193988220 > .col-inner {\n  margin: 0px 0px 15px 0px;\n}\n<\/style>\n\t<\/div>\n\n\t\n<\/div>\n\t\t<\/div>\n\t\t\t\t\t<\/div>\n\n\t\n<\/div>\n<\/div><\/div><\/div>\n\t<div id=\"gap-1311038362\" class=\"gap-element clearfix\" style=\"display:block; height:auto;\">\n\t\t\n<style>\n#gap-1311038362 {\n  padding-top: 30px;\n}\n<\/style>\n\t<\/div>\n\t\n<h3>Kasutamise \u00fcksikasjad<\/h3>\n<p><strong>Kirjeldus:<\/strong> GARDENA Combisystem vaheliti terade ja plokk\u00fclekandega oksal\u00f5ikur sobib ideaalselt noorte okste l\u00f5ikamiseks, mis asuvad k\u00f5rgel puuv\u00f5ras. Kombineeritult GARDENA teleskoopvarrega, v\u00f5ib oksi l\u00f5igata otse maast ilma redelita. Turvalukk garanteerib, et oksal\u00f5ikur ei eraldu varrest soovimatult. Viiekordne plokks\u00fcsteem aitab vaevata l\u00f5igata ka kuni 35 mm l\u00e4bim\u00f5\u00f5duga oksi. Spetsiaalsed &#8220;mittekleepuvad&#8221; terad tagavad ilusa ja sirge l\u00f5ike. \u00dclemise teraga v\u00f5ib oksal\u00f5ikuri riputada oksa k\u00fclge ja seega pole vaja oksal\u00f5ikurit \u00fcleval hoida. Reguleeritav D-k\u00e4epide tagab parima eronoomika ning kasutusmugavuse. K\u00e4epidemel on k\u00fcljes n\u00f6\u00f6ri hoidik, kuhu on v\u00f5imalik t\u00f6\u00f6 ajaks \u00fclej\u00e4\u00e4nud n\u00e4\u00e4r kokku rullida. T\u00f5bmen\u00f6\u00f6r on 4.7 m pikk. Garantii 25 aastat.<\/p>\n\t\t<\/div>\n\t\t\t\t\t<\/div>\n\n\t\n\n\t<div id=\"col-1781357950\" class=\"col medium-3 small-12 large-3\"  >\n\t\t\t\t<div class=\"col-inner\"  >\n\t\t\t\n\t\t\t\n\t<div id=\"gap-2117273407\" class=\"gap-element clearfix\" style=\"display:block; height:auto;\">\n\t\t\n<style>\n#gap-2117273407 {\n  padding-top: 30px;\n}\n<\/style>\n\t<\/div>\n\t\n<div class=\"is-divider divider clearfix\" ><\/div>\n<p><strong>\u00dcksikasjalikuma n\u00f5u saamiseks v\u00f5tke \u00fchendust:<br \/><\/strong>Espak AS<br \/>Viadukti 42<br \/>11313<br \/>Tallinn<br \/>+372 6 512333<\/p>\n<div class=\"is-divider divider clearfix\" ><\/div>\n\t\t<\/div>\n\t\t\t\t\t<\/div>\n\n\t\n<\/div>\n","protected":false},"excerpt":{"rendered":"","protected":false},"featured_media":47578,"comment_status":"closed","ping_status":"closed","template":"","meta":[],"product_brand":[],"product_cat":[2789,2788,3341,3360],"product_tag":[],"class_list":{"0":"post-41856","1":"product","2":"type-product","3":"status-publish","4":"has-post-thumbnail","6":"product_cat-aiatarbed","7":"product_cat-aiatarbed-ja-kodukaubad","8":"product_cat-aiatooriistad","9":"product_cat-hekikaarid","10":"pa_kaubamark-husqvarna-eesti-ou","12":"first","13":"instock","14":"sale","15":"taxable","16":"shipping-taxable","17":"purchasable","18":"product-type-simple"},"yoast_head":"<!-- This site is optimized with the Yoast SEO plugin v26.9 - https:\/\/yoast.com\/product\/yoast-seo-wordpress\/ -->\n<title>OKSAL\u00d5IKUR GARDENA COMBISYSTEM - Espak E-pood<\/title>\n<meta name=\"robots\" content=\"index, follow, max-snippet:-1, max-image-preview:large, max-video-preview:-1\" \/>\n<link rel=\"canonical\" href=\"https:\/\/espak.ee\/epood\/toode\/oksaloikur-gardena-combisystem\/\" \/>\n<meta property=\"og:locale\" content=\"et_EE\" \/>\n<meta property=\"og:type\" content=\"article\" \/>\n<meta property=\"og:title\" content=\"OKSAL\u00d5IKUR GARDENA COMBISYSTEM - Espak E-pood\" \/>\n<meta property=\"og:url\" content=\"https:\/\/espak.ee\/epood\/toode\/oksaloikur-gardena-combisystem\/\" \/>\n<meta property=\"og:site_name\" content=\"Espak E-pood\" \/>\n<meta property=\"article:modified_time\" content=\"2024-03-23T13:00:47+00:00\" \/>\n<meta property=\"og:image\" content=\"https:\/\/espak.ee\/epood\/wp-content\/uploads\/OKSALOIKUR-GARDENA-COMBISYSTEM.png\" \/>\n\t<meta property=\"og:image:width\" content=\"646\" \/>\n\t<meta property=\"og:image:height\" content=\"646\" \/>\n\t<meta property=\"og:image:type\" content=\"image\/png\" \/>\n<meta name=\"twitter:card\" content=\"summary_large_image\" \/>\n<meta name=\"twitter:label1\" content=\"Est. reading time\" \/>\n\t<meta name=\"twitter:data1\" content=\"1 minut\" \/>\n<script type=\"application\/ld+json\" class=\"yoast-schema-graph\">{\"@context\":\"https:\/\/schema.org\",\"@graph\":[{\"@type\":\"WebPage\",\"@id\":\"https:\/\/espak.ee\/epood\/toode\/oksaloikur-gardena-combisystem\/\",\"url\":\"https:\/\/espak.ee\/epood\/toode\/oksaloikur-gardena-combisystem\/\",\"name\":\"OKSAL\u00d5IKUR GARDENA COMBISYSTEM - Espak E-pood\",\"isPartOf\":{\"@id\":\"https:\/\/espak.ee\/epood\/#website\"},\"primaryImageOfPage\":{\"@id\":\"https:\/\/espak.ee\/epood\/toode\/oksaloikur-gardena-combisystem\/#primaryimage\"},\"image\":{\"@id\":\"https:\/\/espak.ee\/epood\/toode\/oksaloikur-gardena-combisystem\/#primaryimage\"},\"thumbnailUrl\":\"https:\/\/espak.ee\/epood\/wp-content\/uploads\/OKSALOIKUR-GARDENA-COMBISYSTEM.png\",\"datePublished\":\"2020-09-19T04:05:36+00:00\",\"dateModified\":\"2024-03-23T13:00:47+00:00\",\"breadcrumb\":{\"@id\":\"https:\/\/espak.ee\/epood\/toode\/oksaloikur-gardena-combisystem\/#breadcrumb\"},\"inLanguage\":\"et\",\"potentialAction\":[{\"@type\":\"ReadAction\",\"target\":[\"https:\/\/espak.ee\/epood\/toode\/oksaloikur-gardena-combisystem\/\"]}]},{\"@type\":\"ImageObject\",\"inLanguage\":\"et\",\"@id\":\"https:\/\/espak.ee\/epood\/toode\/oksaloikur-gardena-combisystem\/#primaryimage\",\"url\":\"https:\/\/espak.ee\/epood\/wp-content\/uploads\/OKSALOIKUR-GARDENA-COMBISYSTEM.png\",\"contentUrl\":\"https:\/\/espak.ee\/epood\/wp-content\/uploads\/OKSALOIKUR-GARDENA-COMBISYSTEM.png\",\"width\":646,\"height\":646},{\"@type\":\"BreadcrumbList\",\"@id\":\"https:\/\/espak.ee\/epood\/toode\/oksaloikur-gardena-combisystem\/#breadcrumb\",\"itemListElement\":[{\"@type\":\"ListItem\",\"position\":1,\"name\":\"Home\",\"item\":\"https:\/\/espak.ee\/epood\/\"},{\"@type\":\"ListItem\",\"position\":2,\"name\":\"Tootevalik\",\"item\":\"https:\/\/espak.ee\/epood\/tootevalik\/\"},{\"@type\":\"ListItem\",\"position\":3,\"name\":\"OKSAL\u00d5IKUR GARDENA COMBISYSTEM\"}]},{\"@type\":\"WebSite\",\"@id\":\"https:\/\/espak.ee\/epood\/#website\",\"url\":\"https:\/\/espak.ee\/epood\/\",\"name\":\"Espak E-pood\",\"description\":\"\",\"potentialAction\":[{\"@type\":\"SearchAction\",\"target\":{\"@type\":\"EntryPoint\",\"urlTemplate\":\"https:\/\/espak.ee\/epood\/?s={search_term_string}\"},\"query-input\":{\"@type\":\"PropertyValueSpecification\",\"valueRequired\":true,\"valueName\":\"search_term_string\"}}],\"inLanguage\":\"et\"}]}<\/script>\n<!-- \/ Yoast SEO plugin. -->","yoast_head_json":{"title":"OKSAL\u00d5IKUR GARDENA COMBISYSTEM - Espak E-pood","robots":{"index":"index","follow":"follow","max-snippet":"max-snippet:-1","max-image-preview":"max-image-preview:large","max-video-preview":"max-video-preview:-1"},"canonical":"https:\/\/espak.ee\/epood\/toode\/oksaloikur-gardena-combisystem\/","og_locale":"et_EE","og_type":"article","og_title":"OKSAL\u00d5IKUR GARDENA COMBISYSTEM - Espak E-pood","og_url":"https:\/\/espak.ee\/epood\/toode\/oksaloikur-gardena-combisystem\/","og_site_name":"Espak E-pood","article_modified_time":"2024-03-23T13:00:47+00:00","og_image":[{"width":646,"height":646,"url":"https:\/\/espak.ee\/epood\/wp-content\/uploads\/OKSALOIKUR-GARDENA-COMBISYSTEM.png","type":"image\/png"}],"twitter_card":"summary_large_image","twitter_misc":{"Est. reading time":"1 minut"},"schema":{"@context":"https:\/\/schema.org","@graph":[{"@type":"WebPage","@id":"https:\/\/espak.ee\/epood\/toode\/oksaloikur-gardena-combisystem\/","url":"https:\/\/espak.ee\/epood\/toode\/oksaloikur-gardena-combisystem\/","name":"OKSAL\u00d5IKUR GARDENA COMBISYSTEM - Espak E-pood","isPartOf":{"@id":"https:\/\/espak.ee\/epood\/#website"},"primaryImageOfPage":{"@id":"https:\/\/espak.ee\/epood\/toode\/oksaloikur-gardena-combisystem\/#primaryimage"},"image":{"@id":"https:\/\/espak.ee\/epood\/toode\/oksaloikur-gardena-combisystem\/#primaryimage"},"thumbnailUrl":"https:\/\/espak.ee\/epood\/wp-content\/uploads\/OKSALOIKUR-GARDENA-COMBISYSTEM.png","datePublished":"2020-09-19T04:05:36+00:00","dateModified":"2024-03-23T13:00:47+00:00","breadcrumb":{"@id":"https:\/\/espak.ee\/epood\/toode\/oksaloikur-gardena-combisystem\/#breadcrumb"},"inLanguage":"et","potentialAction":[{"@type":"ReadAction","target":["https:\/\/espak.ee\/epood\/toode\/oksaloikur-gardena-combisystem\/"]}]},{"@type":"ImageObject","inLanguage":"et","@id":"https:\/\/espak.ee\/epood\/toode\/oksaloikur-gardena-combisystem\/#primaryimage","url":"https:\/\/espak.ee\/epood\/wp-content\/uploads\/OKSALOIKUR-GARDENA-COMBISYSTEM.png","contentUrl":"https:\/\/espak.ee\/epood\/wp-content\/uploads\/OKSALOIKUR-GARDENA-COMBISYSTEM.png","width":646,"height":646},{"@type":"BreadcrumbList","@id":"https:\/\/espak.ee\/epood\/toode\/oksaloikur-gardena-combisystem\/#breadcrumb","itemListElement":[{"@type":"ListItem","position":1,"name":"Home","item":"https:\/\/espak.ee\/epood\/"},{"@type":"ListItem","position":2,"name":"Tootevalik","item":"https:\/\/espak.ee\/epood\/tootevalik\/"},{"@type":"ListItem","position":3,"name":"OKSAL\u00d5IKUR GARDENA COMBISYSTEM"}]},{"@type":"WebSite","@id":"https:\/\/espak.ee\/epood\/#website","url":"https:\/\/espak.ee\/epood\/","name":"Espak E-pood","description":"","potentialAction":[{"@type":"SearchAction","target":{"@type":"EntryPoint","urlTemplate":"https:\/\/espak.ee\/epood\/?s={search_term_string}"},"query-input":{"@type":"PropertyValueSpecification","valueRequired":true,"valueName":"search_term_string"}}],"inLanguage":"et"}]}},"_links":{"self":[{"href":"https:\/\/espak.ee\/epood\/wp-json\/wp\/v2\/product\/41856","targetHints":{"allow":["GET"]}}],"collection":[{"href":"https:\/\/espak.ee\/epood\/wp-json\/wp\/v2\/product"}],"about":[{"href":"https:\/\/espak.ee\/epood\/wp-json\/wp\/v2\/types\/product"}],"replies":[{"embeddable":true,"href":"https:\/\/espak.ee\/epood\/wp-json\/wp\/v2\/comments?post=41856"}],"wp:featuredmedia":[{"embeddable":true,"href":"https:\/\/espak.ee\/epood\/wp-json\/wp\/v2\/media\/47578"}],"wp:attachment":[{"href":"https:\/\/espak.ee\/epood\/wp-json\/wp\/v2\/media?parent=41856"}],"wp:term":[{"taxonomy":"product_brand","embeddable":true,"href":"https:\/\/espak.ee\/epood\/wp-json\/wp\/v2\/product_brand?post=41856"},{"taxonomy":"product_cat","embeddable":true,"href":"https:\/\/espak.ee\/epood\/wp-json\/wp\/v2\/product_cat?post=41856"},{"taxonomy":"product_tag","embeddable":true,"href":"https:\/\/espak.ee\/epood\/wp-json\/wp\/v2\/product_tag?post=41856"}],"curies":[{"name":"wp","href":"https:\/\/api.w.org\/{rel}","templated":true}]}}