{"id":41793,"date":"2020-09-18T07:11:10","date_gmt":"2020-09-18T04:11:10","guid":{"rendered":"https:\/\/espak.ee\/hinnakiri\/?post_type=product&#038;p=41793"},"modified":"2024-03-23T15:00:33","modified_gmt":"2024-03-23T13:00:33","slug":"kaabitsaga-aknapesija-gardena","status":"publish","type":"product","link":"https:\/\/espak.ee\/epood\/toode\/kaabitsaga-aknapesija-gardena\/","title":{"rendered":"KAABITSAGA AKNAPESIJA GARDENA"},"content":{"rendered":"<div class=\"row\"  id=\"row-53855500\">\n\n\t<div id=\"col-1319878754\" class=\"col medium-9 small-12 large-9\"  >\n\t\t\t\t<div class=\"col-inner\"  >\n\t\t\t\n\t\t\t\n<h2>Kaabitsaga aknapesija<\/h2>\n<div class=\"message-box relative\" style=\"padding-top:15px;padding-bottom:15px;\"><div class=\"message-box-bg-image bg-fill fill\" ><\/div><div class=\"message-box-bg-overlay bg-fill fill\" ><\/div><div class=\"container relative\"><div class=\"inner last-reset\">\n<div class=\"row align-middle align-center\"  id=\"row-910217746\">\n\n\t<div id=\"col-1675843113\" class=\"col small-12 large-12\"  >\n\t\t\t\t<div class=\"col-inner text-left\"  >\n\t\t\t\n\t\t\t\n<h4>Omadused<\/h4>\n<div class=\"row\"  id=\"row-1738250544\">\n\n\t<div id=\"col-782347107\" class=\"col medium-6 small-12 large-6\"  >\n\t\t\t\t<div class=\"col-inner\"  >\n\t\t\t\n\t\t\t\n<p><i class=\"fa fa-check fa-2x\"><\/i> <strong>Mugav: pese ja p\u00fchi \u00fche tootega<\/strong><\/p>\n<p><i class=\"fa fa-check fa-2x\"><\/i> <strong>Vesi\u00fchendusega: kasutamiseks k\u00e4sit\u00f6\u00f6riista v\u00f5i varrega t\u00f6\u00f6riistana<\/strong><\/p>\n\t\t<\/div>\n\t\t\t\t\n<style>\n#col-782347107 > .col-inner {\n  margin: 0px 0px 15px 0px;\n}\n<\/style>\n\t<\/div>\n\n\t\n\n\t<div id=\"col-2055370656\" class=\"col medium-6 small-12 large-6\"  >\n\t\t\t\t<div class=\"col-inner\"  >\n\t\t\t\n\t\t\t\n<p><i class=\"fa fa-check fa-2x\"><\/i> <strong>T\u00f5hus p\u00fchkimine<\/strong><\/p>\n<p><i class=\"fa fa-check fa-2x\"><\/i> <strong>Paindlik ja lihtne kasutada<\/strong><\/p>\n\t\t<\/div>\n\t\t\t\t\n<style>\n#col-2055370656 > .col-inner {\n  margin: 0px 0px 15px 0px;\n}\n<\/style>\n\t<\/div>\n\n\t\n<\/div>\n\t\t<\/div>\n\t\t\t\t\t<\/div>\n\n\t\n<\/div>\n<\/div><\/div><\/div>\n\t<div id=\"gap-372596337\" class=\"gap-element clearfix\" style=\"display:block; height:auto;\">\n\t\t\n<style>\n#gap-372596337 {\n  padding-top: 30px;\n}\n<\/style>\n\t<\/div>\n\t\n<h3>Kasutamise \u00fcksikasjad<\/h3>\n<p><strong>Kirjeldus:<\/strong> GARDENA aknapesija on vesi\u00fchendusega ning \u00fchildub Original GARDENA Systemi liitmikega. GARDENA kaabitsaga aknapesija on kaks toodet \u00fches: mikrokiudlapiga saab klaaspinna m\u00e4rjaks teha, kaabitsaga vee klaasi pealt \u00e4ra p\u00fchkida. See tagab k\u00f5igi klaaspindade p\u00f5hjaliku ja t\u00f5husa puhastuse. Kaabitsaga aknapesijat saab \u00fchendada k\u00f5igi Original GARDENA Cleansystemi veevoolikuga \u00fchendatavate vartega (toote nr 5552-20, 5550-20, 5554-20). Olenevalt olukorrast saab aknapesijat kasutada nii k\u00e4sit\u00f6\u00f6riistana kui ka \u00fchendada veevoolikuga \u00fchenduva varrega. Kvaliteetne mikrokiudlapp tagab t\u00f5husa puhastamise. Lappi saab ka eemaldada ning see on masinpestav kuni 60-kraadises vees. GARDENA aknapesijal on 360\u00b0 p\u00f6\u00f6rdliigend. Seet\u00f5ttu on see eriti paindlike kasutusv\u00f5imalustega ning lihtsalt kasutatav igas olukorras. P\u00f6\u00f6rdliigendit saab fikseerida, nii et kaabitsat on lihtne k\u00fclge panna. Kaabits on valmistatud kvaliteetsest ja vastupidavast kummist. See tagab puhtad ja triipudeta aknad. GARDENA aknapesija t\u00f6\u00f6laius on 31 cm. Pesemist t\u00f5hustab veelgi GARDENA klaasipuhastusvahend (toote nr 5730-20).<\/p>\n\t\t<\/div>\n\t\t\t\t\t<\/div>\n\n\t\n\n\t<div id=\"col-428815370\" class=\"col medium-3 small-12 large-3\"  >\n\t\t\t\t<div class=\"col-inner\"  >\n\t\t\t\n\t\t\t\n\t<div id=\"gap-1007407243\" class=\"gap-element clearfix\" style=\"display:block; height:auto;\">\n\t\t\n<style>\n#gap-1007407243 {\n  padding-top: 30px;\n}\n<\/style>\n\t<\/div>\n\t\n<div class=\"is-divider divider clearfix\" ><\/div>\n<p><strong>\u00dcksikasjalikuma n\u00f5u saamiseks v\u00f5tke \u00fchendust:<br \/><\/strong>Espak AS<br \/>Viadukti 42<br \/>11313<br \/>Tallinn<br \/>+372 6 512333<\/p>\n<div class=\"is-divider divider clearfix\" ><\/div>\n\t\t<\/div>\n\t\t\t\t\t<\/div>\n\n\t\n<\/div>\n","protected":false},"excerpt":{"rendered":"","protected":false},"featured_media":44273,"comment_status":"closed","ping_status":"closed","template":"","meta":[],"product_brand":[],"product_cat":[2789,2788,3280,3366],"product_tag":[],"class_list":{"0":"post-41793","1":"product","2":"type-product","3":"status-publish","4":"has-post-thumbnail","6":"product_cat-aiatarbed","7":"product_cat-aiatarbed-ja-kodukaubad","8":"product_cat-kastmistarvikud","9":"product_cat-pesuharjad","10":"pa_kaubamark-husqvarna-eesti-ou","12":"first","13":"outofstock","14":"sale","15":"taxable","16":"shipping-taxable","17":"purchasable","18":"product-type-simple"},"yoast_head":"<!-- This site is optimized with the Yoast SEO plugin v26.9 - https:\/\/yoast.com\/product\/yoast-seo-wordpress\/ -->\n<title>KAABITSAGA AKNAPESIJA GARDENA - Espak E-pood<\/title>\n<meta name=\"robots\" content=\"index, follow, max-snippet:-1, max-image-preview:large, max-video-preview:-1\" \/>\n<link rel=\"canonical\" href=\"https:\/\/espak.ee\/epood\/toode\/kaabitsaga-aknapesija-gardena\/\" \/>\n<meta property=\"og:locale\" content=\"et_EE\" \/>\n<meta property=\"og:type\" content=\"article\" \/>\n<meta property=\"og:title\" content=\"KAABITSAGA AKNAPESIJA GARDENA - Espak E-pood\" \/>\n<meta property=\"og:url\" content=\"https:\/\/espak.ee\/epood\/toode\/kaabitsaga-aknapesija-gardena\/\" \/>\n<meta property=\"og:site_name\" content=\"Espak E-pood\" \/>\n<meta property=\"article:modified_time\" content=\"2024-03-23T13:00:33+00:00\" \/>\n<meta property=\"og:image\" content=\"https:\/\/espak.ee\/epood\/wp-content\/uploads\/KAABITSAGA-AKNAPESIJA-GARDENA.png\" \/>\n\t<meta property=\"og:image:width\" content=\"599\" \/>\n\t<meta property=\"og:image:height\" content=\"599\" \/>\n\t<meta property=\"og:image:type\" content=\"image\/png\" \/>\n<meta name=\"twitter:card\" content=\"summary_large_image\" \/>\n<meta name=\"twitter:label1\" content=\"Est. reading time\" \/>\n\t<meta name=\"twitter:data1\" content=\"1 minut\" \/>\n<script type=\"application\/ld+json\" class=\"yoast-schema-graph\">{\"@context\":\"https:\/\/schema.org\",\"@graph\":[{\"@type\":\"WebPage\",\"@id\":\"https:\/\/espak.ee\/epood\/toode\/kaabitsaga-aknapesija-gardena\/\",\"url\":\"https:\/\/espak.ee\/epood\/toode\/kaabitsaga-aknapesija-gardena\/\",\"name\":\"KAABITSAGA AKNAPESIJA GARDENA - Espak E-pood\",\"isPartOf\":{\"@id\":\"https:\/\/espak.ee\/epood\/#website\"},\"primaryImageOfPage\":{\"@id\":\"https:\/\/espak.ee\/epood\/toode\/kaabitsaga-aknapesija-gardena\/#primaryimage\"},\"image\":{\"@id\":\"https:\/\/espak.ee\/epood\/toode\/kaabitsaga-aknapesija-gardena\/#primaryimage\"},\"thumbnailUrl\":\"https:\/\/espak.ee\/epood\/wp-content\/uploads\/KAABITSAGA-AKNAPESIJA-GARDENA.png\",\"datePublished\":\"2020-09-18T04:11:10+00:00\",\"dateModified\":\"2024-03-23T13:00:33+00:00\",\"breadcrumb\":{\"@id\":\"https:\/\/espak.ee\/epood\/toode\/kaabitsaga-aknapesija-gardena\/#breadcrumb\"},\"inLanguage\":\"et\",\"potentialAction\":[{\"@type\":\"ReadAction\",\"target\":[\"https:\/\/espak.ee\/epood\/toode\/kaabitsaga-aknapesija-gardena\/\"]}]},{\"@type\":\"ImageObject\",\"inLanguage\":\"et\",\"@id\":\"https:\/\/espak.ee\/epood\/toode\/kaabitsaga-aknapesija-gardena\/#primaryimage\",\"url\":\"https:\/\/espak.ee\/epood\/wp-content\/uploads\/KAABITSAGA-AKNAPESIJA-GARDENA.png\",\"contentUrl\":\"https:\/\/espak.ee\/epood\/wp-content\/uploads\/KAABITSAGA-AKNAPESIJA-GARDENA.png\",\"width\":599,\"height\":599},{\"@type\":\"BreadcrumbList\",\"@id\":\"https:\/\/espak.ee\/epood\/toode\/kaabitsaga-aknapesija-gardena\/#breadcrumb\",\"itemListElement\":[{\"@type\":\"ListItem\",\"position\":1,\"name\":\"Home\",\"item\":\"https:\/\/espak.ee\/epood\/\"},{\"@type\":\"ListItem\",\"position\":2,\"name\":\"Tootevalik\",\"item\":\"https:\/\/espak.ee\/epood\/tootevalik\/\"},{\"@type\":\"ListItem\",\"position\":3,\"name\":\"KAABITSAGA AKNAPESIJA GARDENA\"}]},{\"@type\":\"WebSite\",\"@id\":\"https:\/\/espak.ee\/epood\/#website\",\"url\":\"https:\/\/espak.ee\/epood\/\",\"name\":\"Espak E-pood\",\"description\":\"\",\"potentialAction\":[{\"@type\":\"SearchAction\",\"target\":{\"@type\":\"EntryPoint\",\"urlTemplate\":\"https:\/\/espak.ee\/epood\/?s={search_term_string}\"},\"query-input\":{\"@type\":\"PropertyValueSpecification\",\"valueRequired\":true,\"valueName\":\"search_term_string\"}}],\"inLanguage\":\"et\"}]}<\/script>\n<!-- \/ Yoast SEO plugin. -->","yoast_head_json":{"title":"KAABITSAGA AKNAPESIJA GARDENA - Espak E-pood","robots":{"index":"index","follow":"follow","max-snippet":"max-snippet:-1","max-image-preview":"max-image-preview:large","max-video-preview":"max-video-preview:-1"},"canonical":"https:\/\/espak.ee\/epood\/toode\/kaabitsaga-aknapesija-gardena\/","og_locale":"et_EE","og_type":"article","og_title":"KAABITSAGA AKNAPESIJA GARDENA - Espak E-pood","og_url":"https:\/\/espak.ee\/epood\/toode\/kaabitsaga-aknapesija-gardena\/","og_site_name":"Espak E-pood","article_modified_time":"2024-03-23T13:00:33+00:00","og_image":[{"width":599,"height":599,"url":"https:\/\/espak.ee\/epood\/wp-content\/uploads\/KAABITSAGA-AKNAPESIJA-GARDENA.png","type":"image\/png"}],"twitter_card":"summary_large_image","twitter_misc":{"Est. reading time":"1 minut"},"schema":{"@context":"https:\/\/schema.org","@graph":[{"@type":"WebPage","@id":"https:\/\/espak.ee\/epood\/toode\/kaabitsaga-aknapesija-gardena\/","url":"https:\/\/espak.ee\/epood\/toode\/kaabitsaga-aknapesija-gardena\/","name":"KAABITSAGA AKNAPESIJA GARDENA - Espak E-pood","isPartOf":{"@id":"https:\/\/espak.ee\/epood\/#website"},"primaryImageOfPage":{"@id":"https:\/\/espak.ee\/epood\/toode\/kaabitsaga-aknapesija-gardena\/#primaryimage"},"image":{"@id":"https:\/\/espak.ee\/epood\/toode\/kaabitsaga-aknapesija-gardena\/#primaryimage"},"thumbnailUrl":"https:\/\/espak.ee\/epood\/wp-content\/uploads\/KAABITSAGA-AKNAPESIJA-GARDENA.png","datePublished":"2020-09-18T04:11:10+00:00","dateModified":"2024-03-23T13:00:33+00:00","breadcrumb":{"@id":"https:\/\/espak.ee\/epood\/toode\/kaabitsaga-aknapesija-gardena\/#breadcrumb"},"inLanguage":"et","potentialAction":[{"@type":"ReadAction","target":["https:\/\/espak.ee\/epood\/toode\/kaabitsaga-aknapesija-gardena\/"]}]},{"@type":"ImageObject","inLanguage":"et","@id":"https:\/\/espak.ee\/epood\/toode\/kaabitsaga-aknapesija-gardena\/#primaryimage","url":"https:\/\/espak.ee\/epood\/wp-content\/uploads\/KAABITSAGA-AKNAPESIJA-GARDENA.png","contentUrl":"https:\/\/espak.ee\/epood\/wp-content\/uploads\/KAABITSAGA-AKNAPESIJA-GARDENA.png","width":599,"height":599},{"@type":"BreadcrumbList","@id":"https:\/\/espak.ee\/epood\/toode\/kaabitsaga-aknapesija-gardena\/#breadcrumb","itemListElement":[{"@type":"ListItem","position":1,"name":"Home","item":"https:\/\/espak.ee\/epood\/"},{"@type":"ListItem","position":2,"name":"Tootevalik","item":"https:\/\/espak.ee\/epood\/tootevalik\/"},{"@type":"ListItem","position":3,"name":"KAABITSAGA AKNAPESIJA GARDENA"}]},{"@type":"WebSite","@id":"https:\/\/espak.ee\/epood\/#website","url":"https:\/\/espak.ee\/epood\/","name":"Espak E-pood","description":"","potentialAction":[{"@type":"SearchAction","target":{"@type":"EntryPoint","urlTemplate":"https:\/\/espak.ee\/epood\/?s={search_term_string}"},"query-input":{"@type":"PropertyValueSpecification","valueRequired":true,"valueName":"search_term_string"}}],"inLanguage":"et"}]}},"_links":{"self":[{"href":"https:\/\/espak.ee\/epood\/wp-json\/wp\/v2\/product\/41793","targetHints":{"allow":["GET"]}}],"collection":[{"href":"https:\/\/espak.ee\/epood\/wp-json\/wp\/v2\/product"}],"about":[{"href":"https:\/\/espak.ee\/epood\/wp-json\/wp\/v2\/types\/product"}],"replies":[{"embeddable":true,"href":"https:\/\/espak.ee\/epood\/wp-json\/wp\/v2\/comments?post=41793"}],"wp:featuredmedia":[{"embeddable":true,"href":"https:\/\/espak.ee\/epood\/wp-json\/wp\/v2\/media\/44273"}],"wp:attachment":[{"href":"https:\/\/espak.ee\/epood\/wp-json\/wp\/v2\/media?parent=41793"}],"wp:term":[{"taxonomy":"product_brand","embeddable":true,"href":"https:\/\/espak.ee\/epood\/wp-json\/wp\/v2\/product_brand?post=41793"},{"taxonomy":"product_cat","embeddable":true,"href":"https:\/\/espak.ee\/epood\/wp-json\/wp\/v2\/product_cat?post=41793"},{"taxonomy":"product_tag","embeddable":true,"href":"https:\/\/espak.ee\/epood\/wp-json\/wp\/v2\/product_tag?post=41793"}],"curies":[{"name":"wp","href":"https:\/\/api.w.org\/{rel}","templated":true}]}}