{"id":41788,"date":"2020-09-18T07:11:07","date_gmt":"2020-09-18T04:11:07","guid":{"rendered":"https:\/\/espak.ee\/hinnakiri\/?post_type=product&#038;p=41788"},"modified":"2024-05-17T13:06:01","modified_gmt":"2024-05-17T10:06:01","slug":"adapter-gardena-segistile-m22xm24","status":"publish","type":"product","link":"https:\/\/espak.ee\/epood\/toode\/adapter-gardena-segistile-m22xm24\/","title":{"rendered":"ADAPTER GARDENA SEGISTILE M22xM24"},"content":{"rendered":"<div class=\"row\"  id=\"row-32336231\">\n\n\t<div id=\"col-1864360210\" class=\"col medium-9 small-12 large-9\"  >\n\t\t\t\t<div class=\"col-inner\"  >\n\t\t\t\n\t\t\t\n<h3>Adapter segistile Gardena<\/h3>\n<p>GARDENA adapter segistile t\u00e4hendab, et kastmisn\u00f5ude kaasaskandmine on minevik. Kinnitage adapter veekraani k\u00fclge, n\u00e4iteks k\u00f6\u00f6gis v\u00f5i vannitoas. Seej\u00e4rel saate \u00fchendada aiavooliku, et j\u00f5uda otse oma lillede, taimede juurde v\u00f5i r\u00f5dule, verandale v\u00f5i terassile.<br \/>\n Paigaldamine on kiire ja lihtne. Peale kaasasoleva mutriv\u00f5tme ei vaja te muid t\u00f6\u00f6riistu. Kui olete keermestatud adapteri kraanile kinnitanud, saate kl\u00f5psuga \u00fchendada kraaniliitmiku. L\u00fckake oran\u017e liugur lukustamiseks sisse ja \u00fchendage voolik, selle avamiseks l\u00fckake hall liugur sisse. GARDENA originaals\u00fcsteem ei taga mitte ainult stabiilset ja veekindlat \u00fchendust, vaid voolikule on v\u00f5imalik kinnitada ka mis tahes \u00fchendusseade. Adapter \u00fchildub k\u00f5igi tavaliste veekraanidega, millel on M 24 x 1 sisemine v\u00f5i M 22 x 1 v\u00e4liskeere (ei sobi surve- v\u00f5i madalr\u00f5hu veesoojenditele).<br \/>\n Adapter on k\u00fclmakindel ja UV-kindel.<br \/>\n Adapter on kvaliteetne Saksamaal toodetud toode, millel on viieaastane tootja garantii. See on originaalne GARDENA s\u00fcsteem.\n  <\/p>\n<\/p>\n\t\t<\/div>\n\t\t\t\t\t<\/div>\n\n\t\n\n\t<div id=\"col-1166891270\" class=\"col medium-3 small-12 large-3\"  >\n\t\t\t\t<div class=\"col-inner\"  >\n\t\t\t\n\t\t\t\n\t<div id=\"gap-325397313\" class=\"gap-element clearfix\" style=\"display:block; height:auto;\">\n\t\t\n<style>\n#gap-325397313 {\n  padding-top: 30px;\n}\n<\/style>\n\t<\/div>\n\t\n<p><strong>\u00dcksikasjalikuma n\u00f5u saamiseks v\u00f5tke \u00fchendust:<br \/><\/strong>Espak AS<br \/>Viadukti 42<br \/>11313<br \/>Tallinn<br \/>+372 651 2333<\/p>\n\t\t<\/div>\n\t\t\t\t\t<\/div>\n\n\t\n<\/div>\n","protected":false},"excerpt":{"rendered":"","protected":false},"featured_media":199084,"comment_status":"closed","ping_status":"closed","template":"","meta":[],"product_brand":[],"product_cat":[2789,2788,3280,3282],"product_tag":[],"class_list":{"0":"post-41788","1":"product","2":"type-product","3":"status-publish","4":"has-post-thumbnail","6":"product_cat-aiatarbed","7":"product_cat-aiatarbed-ja-kodukaubad","8":"product_cat-kastmistarvikud","9":"product_cat-kiirliited","10":"pa_kaubamark-husqvarna-eesti-ou","12":"first","13":"instock","14":"sale","15":"taxable","16":"shipping-taxable","17":"purchasable","18":"product-type-simple"},"yoast_head":"<!-- This site is optimized with the Yoast SEO plugin v26.9 - https:\/\/yoast.com\/product\/yoast-seo-wordpress\/ -->\n<title>ADAPTER GARDENA SEGISTILE M22xM24 - Espak E-pood<\/title>\n<meta name=\"robots\" content=\"index, follow, max-snippet:-1, max-image-preview:large, max-video-preview:-1\" \/>\n<link rel=\"canonical\" href=\"https:\/\/espak.ee\/epood\/toode\/adapter-gardena-segistile-m22xm24\/\" \/>\n<meta property=\"og:locale\" content=\"et_EE\" \/>\n<meta property=\"og:type\" content=\"article\" \/>\n<meta property=\"og:title\" content=\"ADAPTER GARDENA SEGISTILE M22xM24 - Espak E-pood\" \/>\n<meta property=\"og:url\" content=\"https:\/\/espak.ee\/epood\/toode\/adapter-gardena-segistile-m22xm24\/\" \/>\n<meta property=\"og:site_name\" content=\"Espak E-pood\" \/>\n<meta property=\"article:modified_time\" content=\"2024-05-17T10:06:01+00:00\" \/>\n<meta property=\"og:image\" content=\"https:\/\/espak.ee\/epood\/wp-content\/uploads\/2020\/09\/GA110-1925.jpg\" \/>\n\t<meta property=\"og:image:width\" content=\"1000\" \/>\n\t<meta property=\"og:image:height\" content=\"1000\" \/>\n\t<meta property=\"og:image:type\" content=\"image\/jpeg\" \/>\n<meta name=\"twitter:card\" content=\"summary_large_image\" \/>\n<meta name=\"twitter:label1\" content=\"Est. reading time\" \/>\n\t<meta name=\"twitter:data1\" content=\"1 minut\" \/>\n<script type=\"application\/ld+json\" class=\"yoast-schema-graph\">{\"@context\":\"https:\/\/schema.org\",\"@graph\":[{\"@type\":\"WebPage\",\"@id\":\"https:\/\/espak.ee\/epood\/toode\/adapter-gardena-segistile-m22xm24\/\",\"url\":\"https:\/\/espak.ee\/epood\/toode\/adapter-gardena-segistile-m22xm24\/\",\"name\":\"ADAPTER GARDENA SEGISTILE M22xM24 - Espak E-pood\",\"isPartOf\":{\"@id\":\"https:\/\/espak.ee\/epood\/#website\"},\"primaryImageOfPage\":{\"@id\":\"https:\/\/espak.ee\/epood\/toode\/adapter-gardena-segistile-m22xm24\/#primaryimage\"},\"image\":{\"@id\":\"https:\/\/espak.ee\/epood\/toode\/adapter-gardena-segistile-m22xm24\/#primaryimage\"},\"thumbnailUrl\":\"https:\/\/espak.ee\/epood\/wp-content\/uploads\/2020\/09\/GA110-1925.jpg\",\"datePublished\":\"2020-09-18T04:11:07+00:00\",\"dateModified\":\"2024-05-17T10:06:01+00:00\",\"breadcrumb\":{\"@id\":\"https:\/\/espak.ee\/epood\/toode\/adapter-gardena-segistile-m22xm24\/#breadcrumb\"},\"inLanguage\":\"et\",\"potentialAction\":[{\"@type\":\"ReadAction\",\"target\":[\"https:\/\/espak.ee\/epood\/toode\/adapter-gardena-segistile-m22xm24\/\"]}]},{\"@type\":\"ImageObject\",\"inLanguage\":\"et\",\"@id\":\"https:\/\/espak.ee\/epood\/toode\/adapter-gardena-segistile-m22xm24\/#primaryimage\",\"url\":\"https:\/\/espak.ee\/epood\/wp-content\/uploads\/2020\/09\/GA110-1925.jpg\",\"contentUrl\":\"https:\/\/espak.ee\/epood\/wp-content\/uploads\/2020\/09\/GA110-1925.jpg\",\"width\":1000,\"height\":1000},{\"@type\":\"BreadcrumbList\",\"@id\":\"https:\/\/espak.ee\/epood\/toode\/adapter-gardena-segistile-m22xm24\/#breadcrumb\",\"itemListElement\":[{\"@type\":\"ListItem\",\"position\":1,\"name\":\"Home\",\"item\":\"https:\/\/espak.ee\/epood\/\"},{\"@type\":\"ListItem\",\"position\":2,\"name\":\"Tootevalik\",\"item\":\"https:\/\/espak.ee\/epood\/tootevalik\/\"},{\"@type\":\"ListItem\",\"position\":3,\"name\":\"ADAPTER GARDENA SEGISTILE M22xM24\"}]},{\"@type\":\"WebSite\",\"@id\":\"https:\/\/espak.ee\/epood\/#website\",\"url\":\"https:\/\/espak.ee\/epood\/\",\"name\":\"Espak E-pood\",\"description\":\"\",\"potentialAction\":[{\"@type\":\"SearchAction\",\"target\":{\"@type\":\"EntryPoint\",\"urlTemplate\":\"https:\/\/espak.ee\/epood\/?s={search_term_string}\"},\"query-input\":{\"@type\":\"PropertyValueSpecification\",\"valueRequired\":true,\"valueName\":\"search_term_string\"}}],\"inLanguage\":\"et\"}]}<\/script>\n<!-- \/ Yoast SEO plugin. -->","yoast_head_json":{"title":"ADAPTER GARDENA SEGISTILE M22xM24 - Espak E-pood","robots":{"index":"index","follow":"follow","max-snippet":"max-snippet:-1","max-image-preview":"max-image-preview:large","max-video-preview":"max-video-preview:-1"},"canonical":"https:\/\/espak.ee\/epood\/toode\/adapter-gardena-segistile-m22xm24\/","og_locale":"et_EE","og_type":"article","og_title":"ADAPTER GARDENA SEGISTILE M22xM24 - Espak E-pood","og_url":"https:\/\/espak.ee\/epood\/toode\/adapter-gardena-segistile-m22xm24\/","og_site_name":"Espak E-pood","article_modified_time":"2024-05-17T10:06:01+00:00","og_image":[{"width":1000,"height":1000,"url":"https:\/\/espak.ee\/epood\/wp-content\/uploads\/2020\/09\/GA110-1925.jpg","type":"image\/jpeg"}],"twitter_card":"summary_large_image","twitter_misc":{"Est. reading time":"1 minut"},"schema":{"@context":"https:\/\/schema.org","@graph":[{"@type":"WebPage","@id":"https:\/\/espak.ee\/epood\/toode\/adapter-gardena-segistile-m22xm24\/","url":"https:\/\/espak.ee\/epood\/toode\/adapter-gardena-segistile-m22xm24\/","name":"ADAPTER GARDENA SEGISTILE M22xM24 - Espak E-pood","isPartOf":{"@id":"https:\/\/espak.ee\/epood\/#website"},"primaryImageOfPage":{"@id":"https:\/\/espak.ee\/epood\/toode\/adapter-gardena-segistile-m22xm24\/#primaryimage"},"image":{"@id":"https:\/\/espak.ee\/epood\/toode\/adapter-gardena-segistile-m22xm24\/#primaryimage"},"thumbnailUrl":"https:\/\/espak.ee\/epood\/wp-content\/uploads\/2020\/09\/GA110-1925.jpg","datePublished":"2020-09-18T04:11:07+00:00","dateModified":"2024-05-17T10:06:01+00:00","breadcrumb":{"@id":"https:\/\/espak.ee\/epood\/toode\/adapter-gardena-segistile-m22xm24\/#breadcrumb"},"inLanguage":"et","potentialAction":[{"@type":"ReadAction","target":["https:\/\/espak.ee\/epood\/toode\/adapter-gardena-segistile-m22xm24\/"]}]},{"@type":"ImageObject","inLanguage":"et","@id":"https:\/\/espak.ee\/epood\/toode\/adapter-gardena-segistile-m22xm24\/#primaryimage","url":"https:\/\/espak.ee\/epood\/wp-content\/uploads\/2020\/09\/GA110-1925.jpg","contentUrl":"https:\/\/espak.ee\/epood\/wp-content\/uploads\/2020\/09\/GA110-1925.jpg","width":1000,"height":1000},{"@type":"BreadcrumbList","@id":"https:\/\/espak.ee\/epood\/toode\/adapter-gardena-segistile-m22xm24\/#breadcrumb","itemListElement":[{"@type":"ListItem","position":1,"name":"Home","item":"https:\/\/espak.ee\/epood\/"},{"@type":"ListItem","position":2,"name":"Tootevalik","item":"https:\/\/espak.ee\/epood\/tootevalik\/"},{"@type":"ListItem","position":3,"name":"ADAPTER GARDENA SEGISTILE M22xM24"}]},{"@type":"WebSite","@id":"https:\/\/espak.ee\/epood\/#website","url":"https:\/\/espak.ee\/epood\/","name":"Espak E-pood","description":"","potentialAction":[{"@type":"SearchAction","target":{"@type":"EntryPoint","urlTemplate":"https:\/\/espak.ee\/epood\/?s={search_term_string}"},"query-input":{"@type":"PropertyValueSpecification","valueRequired":true,"valueName":"search_term_string"}}],"inLanguage":"et"}]}},"_links":{"self":[{"href":"https:\/\/espak.ee\/epood\/wp-json\/wp\/v2\/product\/41788","targetHints":{"allow":["GET"]}}],"collection":[{"href":"https:\/\/espak.ee\/epood\/wp-json\/wp\/v2\/product"}],"about":[{"href":"https:\/\/espak.ee\/epood\/wp-json\/wp\/v2\/types\/product"}],"replies":[{"embeddable":true,"href":"https:\/\/espak.ee\/epood\/wp-json\/wp\/v2\/comments?post=41788"}],"wp:featuredmedia":[{"embeddable":true,"href":"https:\/\/espak.ee\/epood\/wp-json\/wp\/v2\/media\/199084"}],"wp:attachment":[{"href":"https:\/\/espak.ee\/epood\/wp-json\/wp\/v2\/media?parent=41788"}],"wp:term":[{"taxonomy":"product_brand","embeddable":true,"href":"https:\/\/espak.ee\/epood\/wp-json\/wp\/v2\/product_brand?post=41788"},{"taxonomy":"product_cat","embeddable":true,"href":"https:\/\/espak.ee\/epood\/wp-json\/wp\/v2\/product_cat?post=41788"},{"taxonomy":"product_tag","embeddable":true,"href":"https:\/\/espak.ee\/epood\/wp-json\/wp\/v2\/product_tag?post=41788"}],"curies":[{"name":"wp","href":"https:\/\/api.w.org\/{rel}","templated":true}]}}