{"id":41786,"date":"2020-09-18T07:11:05","date_gmt":"2020-09-18T04:11:05","guid":{"rendered":"https:\/\/espak.ee\/hinnakiri\/?post_type=product&#038;p=41786"},"modified":"2024-03-23T15:00:56","modified_gmt":"2024-03-23T13:00:56","slug":"adapter-gardena-metallsegistile-m22x1-ja-265-mm","status":"publish","type":"product","link":"https:\/\/espak.ee\/epood\/toode\/adapter-gardena-metallsegistile-m22x1-ja-265-mm\/","title":{"rendered":"ADAPTER GARDENA METALLSEGISTILE M22x1 JA 26,5 MM"},"content":{"rendered":"<div class=\"row\"  id=\"row-1738464662\">\n\n\t<div id=\"col-386031634\" class=\"col medium-9 small-12 large-9\"  >\n\t\t\t\t<div class=\"col-inner\"  >\n\t\t\t\n\t\t\t\n<h2>Adapter metallsegistile<\/h2>\n\t<div id=\"gap-1732205450\" class=\"gap-element clearfix\" style=\"display:block; height:auto;\">\n\t\t\n<style>\n#gap-1732205450 {\n  padding-top: 30px;\n}\n<\/style>\n\t<\/div>\n\t\n<h3>Kasutamise \u00fcksikasjad<\/h3>\n<p><strong>Kirjeldus:<\/strong> GARDENA keermestatud s\u00f5elotsik sobib suurep\u00e4raselt \u00fchendamiseks kraaniga, nt k\u00f6\u00f6gi- v\u00f5i vannitoakraaniga. Keermestatud \u00fchendusosa sobib M 22 x 1 sisekeermega kraanidele. V\u00e4ljundipoolel on sellel 26,5 mm (G 3\/4&#8243;) keere. See sobib GARDENA keermestatud kraaniliitmikuga, tootenumbriga 901-50.<\/p>\n\t\t<\/div>\n\t\t\t\t\t<\/div>\n\n\t\n\n\t<div id=\"col-1929611942\" class=\"col medium-3 small-12 large-3\"  >\n\t\t\t\t<div class=\"col-inner\"  >\n\t\t\t\n\t\t\t\n\t<div id=\"gap-1834424956\" class=\"gap-element clearfix\" style=\"display:block; height:auto;\">\n\t\t\n<style>\n#gap-1834424956 {\n  padding-top: 30px;\n}\n<\/style>\n\t<\/div>\n\t\n<div class=\"is-divider divider clearfix\" ><\/div>\n<p><strong>\u00dcksikasjalikuma n\u00f5u saamiseks v\u00f5tke \u00fchendust:<br \/><\/strong>Espak AS<br \/>Viadukti 42<br \/>11313<br \/>Tallinn<br \/>+372 6 512333<\/p>\n<div class=\"is-divider divider clearfix\" ><\/div>\n\t\t<\/div>\n\t\t\t\t\t<\/div>\n\n\t\n<\/div>\n","protected":false},"excerpt":{"rendered":"","protected":false},"featured_media":46840,"comment_status":"closed","ping_status":"closed","template":"","meta":[],"product_brand":[],"product_cat":[2789,2788,3280,3282],"product_tag":[],"class_list":{"0":"post-41786","1":"product","2":"type-product","3":"status-publish","4":"has-post-thumbnail","6":"product_cat-aiatarbed","7":"product_cat-aiatarbed-ja-kodukaubad","8":"product_cat-kastmistarvikud","9":"product_cat-kiirliited","10":"pa_kaubamark-husqvarna-eesti-ou","12":"first","13":"instock","14":"sale","15":"taxable","16":"shipping-taxable","17":"purchasable","18":"product-type-simple"},"yoast_head":"<!-- This site is optimized with the Yoast SEO plugin v26.9 - https:\/\/yoast.com\/product\/yoast-seo-wordpress\/ -->\n<title>ADAPTER GARDENA METALLSEGISTILE M22x1 JA 26,5 MM - Espak E-pood<\/title>\n<meta name=\"robots\" content=\"index, follow, max-snippet:-1, max-image-preview:large, max-video-preview:-1\" \/>\n<link rel=\"canonical\" href=\"https:\/\/espak.ee\/epood\/toode\/adapter-gardena-metallsegistile-m22x1-ja-265-mm\/\" \/>\n<meta property=\"og:locale\" content=\"et_EE\" \/>\n<meta property=\"og:type\" content=\"article\" \/>\n<meta property=\"og:title\" content=\"ADAPTER GARDENA METALLSEGISTILE M22x1 JA 26,5 MM - Espak E-pood\" \/>\n<meta property=\"og:url\" content=\"https:\/\/espak.ee\/epood\/toode\/adapter-gardena-metallsegistile-m22x1-ja-265-mm\/\" \/>\n<meta property=\"og:site_name\" content=\"Espak E-pood\" \/>\n<meta property=\"article:modified_time\" content=\"2024-03-23T13:00:56+00:00\" \/>\n<meta property=\"og:image\" content=\"https:\/\/espak.ee\/epood\/wp-content\/uploads\/ADAPTER-GARDENA-METALLSEGISTILE-M22x1-JA-265-MM.png\" \/>\n\t<meta property=\"og:image:width\" content=\"530\" \/>\n\t<meta property=\"og:image:height\" content=\"530\" \/>\n\t<meta property=\"og:image:type\" content=\"image\/png\" \/>\n<meta name=\"twitter:card\" content=\"summary_large_image\" \/>\n<script type=\"application\/ld+json\" class=\"yoast-schema-graph\">{\"@context\":\"https:\/\/schema.org\",\"@graph\":[{\"@type\":\"WebPage\",\"@id\":\"https:\/\/espak.ee\/epood\/toode\/adapter-gardena-metallsegistile-m22x1-ja-265-mm\/\",\"url\":\"https:\/\/espak.ee\/epood\/toode\/adapter-gardena-metallsegistile-m22x1-ja-265-mm\/\",\"name\":\"ADAPTER GARDENA METALLSEGISTILE M22x1 JA 26,5 MM - Espak E-pood\",\"isPartOf\":{\"@id\":\"https:\/\/espak.ee\/epood\/#website\"},\"primaryImageOfPage\":{\"@id\":\"https:\/\/espak.ee\/epood\/toode\/adapter-gardena-metallsegistile-m22x1-ja-265-mm\/#primaryimage\"},\"image\":{\"@id\":\"https:\/\/espak.ee\/epood\/toode\/adapter-gardena-metallsegistile-m22x1-ja-265-mm\/#primaryimage\"},\"thumbnailUrl\":\"https:\/\/espak.ee\/epood\/wp-content\/uploads\/ADAPTER-GARDENA-METALLSEGISTILE-M22x1-JA-265-MM.png\",\"datePublished\":\"2020-09-18T04:11:05+00:00\",\"dateModified\":\"2024-03-23T13:00:56+00:00\",\"breadcrumb\":{\"@id\":\"https:\/\/espak.ee\/epood\/toode\/adapter-gardena-metallsegistile-m22x1-ja-265-mm\/#breadcrumb\"},\"inLanguage\":\"et\",\"potentialAction\":[{\"@type\":\"ReadAction\",\"target\":[\"https:\/\/espak.ee\/epood\/toode\/adapter-gardena-metallsegistile-m22x1-ja-265-mm\/\"]}]},{\"@type\":\"ImageObject\",\"inLanguage\":\"et\",\"@id\":\"https:\/\/espak.ee\/epood\/toode\/adapter-gardena-metallsegistile-m22x1-ja-265-mm\/#primaryimage\",\"url\":\"https:\/\/espak.ee\/epood\/wp-content\/uploads\/ADAPTER-GARDENA-METALLSEGISTILE-M22x1-JA-265-MM.png\",\"contentUrl\":\"https:\/\/espak.ee\/epood\/wp-content\/uploads\/ADAPTER-GARDENA-METALLSEGISTILE-M22x1-JA-265-MM.png\",\"width\":530,\"height\":530},{\"@type\":\"BreadcrumbList\",\"@id\":\"https:\/\/espak.ee\/epood\/toode\/adapter-gardena-metallsegistile-m22x1-ja-265-mm\/#breadcrumb\",\"itemListElement\":[{\"@type\":\"ListItem\",\"position\":1,\"name\":\"Home\",\"item\":\"https:\/\/espak.ee\/epood\/\"},{\"@type\":\"ListItem\",\"position\":2,\"name\":\"Tootevalik\",\"item\":\"https:\/\/espak.ee\/epood\/tootevalik\/\"},{\"@type\":\"ListItem\",\"position\":3,\"name\":\"ADAPTER GARDENA METALLSEGISTILE M22x1 JA 26,5 MM\"}]},{\"@type\":\"WebSite\",\"@id\":\"https:\/\/espak.ee\/epood\/#website\",\"url\":\"https:\/\/espak.ee\/epood\/\",\"name\":\"Espak E-pood\",\"description\":\"\",\"potentialAction\":[{\"@type\":\"SearchAction\",\"target\":{\"@type\":\"EntryPoint\",\"urlTemplate\":\"https:\/\/espak.ee\/epood\/?s={search_term_string}\"},\"query-input\":{\"@type\":\"PropertyValueSpecification\",\"valueRequired\":true,\"valueName\":\"search_term_string\"}}],\"inLanguage\":\"et\"}]}<\/script>\n<!-- \/ Yoast SEO plugin. -->","yoast_head_json":{"title":"ADAPTER GARDENA METALLSEGISTILE M22x1 JA 26,5 MM - Espak E-pood","robots":{"index":"index","follow":"follow","max-snippet":"max-snippet:-1","max-image-preview":"max-image-preview:large","max-video-preview":"max-video-preview:-1"},"canonical":"https:\/\/espak.ee\/epood\/toode\/adapter-gardena-metallsegistile-m22x1-ja-265-mm\/","og_locale":"et_EE","og_type":"article","og_title":"ADAPTER GARDENA METALLSEGISTILE M22x1 JA 26,5 MM - Espak E-pood","og_url":"https:\/\/espak.ee\/epood\/toode\/adapter-gardena-metallsegistile-m22x1-ja-265-mm\/","og_site_name":"Espak E-pood","article_modified_time":"2024-03-23T13:00:56+00:00","og_image":[{"width":530,"height":530,"url":"https:\/\/espak.ee\/epood\/wp-content\/uploads\/ADAPTER-GARDENA-METALLSEGISTILE-M22x1-JA-265-MM.png","type":"image\/png"}],"twitter_card":"summary_large_image","schema":{"@context":"https:\/\/schema.org","@graph":[{"@type":"WebPage","@id":"https:\/\/espak.ee\/epood\/toode\/adapter-gardena-metallsegistile-m22x1-ja-265-mm\/","url":"https:\/\/espak.ee\/epood\/toode\/adapter-gardena-metallsegistile-m22x1-ja-265-mm\/","name":"ADAPTER GARDENA METALLSEGISTILE M22x1 JA 26,5 MM - Espak E-pood","isPartOf":{"@id":"https:\/\/espak.ee\/epood\/#website"},"primaryImageOfPage":{"@id":"https:\/\/espak.ee\/epood\/toode\/adapter-gardena-metallsegistile-m22x1-ja-265-mm\/#primaryimage"},"image":{"@id":"https:\/\/espak.ee\/epood\/toode\/adapter-gardena-metallsegistile-m22x1-ja-265-mm\/#primaryimage"},"thumbnailUrl":"https:\/\/espak.ee\/epood\/wp-content\/uploads\/ADAPTER-GARDENA-METALLSEGISTILE-M22x1-JA-265-MM.png","datePublished":"2020-09-18T04:11:05+00:00","dateModified":"2024-03-23T13:00:56+00:00","breadcrumb":{"@id":"https:\/\/espak.ee\/epood\/toode\/adapter-gardena-metallsegistile-m22x1-ja-265-mm\/#breadcrumb"},"inLanguage":"et","potentialAction":[{"@type":"ReadAction","target":["https:\/\/espak.ee\/epood\/toode\/adapter-gardena-metallsegistile-m22x1-ja-265-mm\/"]}]},{"@type":"ImageObject","inLanguage":"et","@id":"https:\/\/espak.ee\/epood\/toode\/adapter-gardena-metallsegistile-m22x1-ja-265-mm\/#primaryimage","url":"https:\/\/espak.ee\/epood\/wp-content\/uploads\/ADAPTER-GARDENA-METALLSEGISTILE-M22x1-JA-265-MM.png","contentUrl":"https:\/\/espak.ee\/epood\/wp-content\/uploads\/ADAPTER-GARDENA-METALLSEGISTILE-M22x1-JA-265-MM.png","width":530,"height":530},{"@type":"BreadcrumbList","@id":"https:\/\/espak.ee\/epood\/toode\/adapter-gardena-metallsegistile-m22x1-ja-265-mm\/#breadcrumb","itemListElement":[{"@type":"ListItem","position":1,"name":"Home","item":"https:\/\/espak.ee\/epood\/"},{"@type":"ListItem","position":2,"name":"Tootevalik","item":"https:\/\/espak.ee\/epood\/tootevalik\/"},{"@type":"ListItem","position":3,"name":"ADAPTER GARDENA METALLSEGISTILE M22x1 JA 26,5 MM"}]},{"@type":"WebSite","@id":"https:\/\/espak.ee\/epood\/#website","url":"https:\/\/espak.ee\/epood\/","name":"Espak E-pood","description":"","potentialAction":[{"@type":"SearchAction","target":{"@type":"EntryPoint","urlTemplate":"https:\/\/espak.ee\/epood\/?s={search_term_string}"},"query-input":{"@type":"PropertyValueSpecification","valueRequired":true,"valueName":"search_term_string"}}],"inLanguage":"et"}]}},"_links":{"self":[{"href":"https:\/\/espak.ee\/epood\/wp-json\/wp\/v2\/product\/41786","targetHints":{"allow":["GET"]}}],"collection":[{"href":"https:\/\/espak.ee\/epood\/wp-json\/wp\/v2\/product"}],"about":[{"href":"https:\/\/espak.ee\/epood\/wp-json\/wp\/v2\/types\/product"}],"replies":[{"embeddable":true,"href":"https:\/\/espak.ee\/epood\/wp-json\/wp\/v2\/comments?post=41786"}],"wp:featuredmedia":[{"embeddable":true,"href":"https:\/\/espak.ee\/epood\/wp-json\/wp\/v2\/media\/46840"}],"wp:attachment":[{"href":"https:\/\/espak.ee\/epood\/wp-json\/wp\/v2\/media?parent=41786"}],"wp:term":[{"taxonomy":"product_brand","embeddable":true,"href":"https:\/\/espak.ee\/epood\/wp-json\/wp\/v2\/product_brand?post=41786"},{"taxonomy":"product_cat","embeddable":true,"href":"https:\/\/espak.ee\/epood\/wp-json\/wp\/v2\/product_cat?post=41786"},{"taxonomy":"product_tag","embeddable":true,"href":"https:\/\/espak.ee\/epood\/wp-json\/wp\/v2\/product_tag?post=41786"}],"curies":[{"name":"wp","href":"https:\/\/api.w.org\/{rel}","templated":true}]}}