{"id":41747,"date":"2020-09-18T07:10:38","date_gmt":"2020-09-18T04:10:38","guid":{"rendered":"https:\/\/espak.ee\/hinnakiri\/?post_type=product&#038;p=41747"},"modified":"2024-03-26T00:15:19","modified_gmt":"2024-03-25T22:15:19","slug":"robotmuruniiduk-gardena-sileno-life-750m%c2%b2","status":"publish","type":"product","link":"https:\/\/espak.ee\/epood\/toode\/robotmuruniiduk-gardena-sileno-life-750m%c2%b2\/","title":{"rendered":"ROBOTMURUNIIDUK GARDENA SILENO LIFE 750M\u00b2"},"content":{"rendered":"<div class=\"row\"  id=\"row-30436624\">\n\n\t<div id=\"col-922598344\" class=\"col medium-9 small-12 large-9\"  >\n\t\t\t\t<div class=\"col-inner\"  >\n\t\t\t\n\t\t\t\n<h2>Robotmuruniiduk Sileno<\/h2>\n<div class=\"message-box relative\" style=\"padding-top:15px;padding-bottom:15px;\"><div class=\"message-box-bg-image bg-fill fill\" ><\/div><div class=\"message-box-bg-overlay bg-fill fill\" ><\/div><div class=\"container relative\"><div class=\"inner last-reset\">\n<div class=\"row align-middle align-center\"  id=\"row-2041607527\">\n\n\t<div id=\"col-937390465\" class=\"col small-12 large-12\"  >\n\t\t\t\t<div class=\"col-inner text-left\"  >\n\t\t\t\n\t\t\t\n<h4>Omadused<\/h4>\n<div class=\"row\"  id=\"row-1678110142\">\n\n\t<div id=\"col-449395337\" class=\"col medium-6 small-12 large-6\"  >\n\t\t\t\t<div class=\"col-inner\"  >\n\t\t\t\n\t\t\t\n<p><i class=\"fa fa-check fa-2x\"><\/i> <strong>Sobilik keskmise suurusega murualadele<\/strong><\/p>\n<p><i class=\"fa fa-check fa-2x\"><\/i> <strong>Parem navigeerimine<\/strong><\/p>\n\t\t<\/div>\n\t\t\t\t\n<style>\n#col-449395337 > .col-inner {\n  margin: 0px 0px 15px 0px;\n}\n<\/style>\n\t<\/div>\n\n\t\n\n\t<div id=\"col-1998185342\" class=\"col medium-6 small-12 large-6\"  >\n\t\t\t\t<div class=\"col-inner\"  >\n\t\t\t\n\t\t\t\n<p><i class=\"fa fa-check fa-2x\"><\/i> <strong>Iga ilmaga<\/strong><\/p>\n<p><i class=\"fa fa-check fa-2x\"><\/i> <strong>Kiire ja lihtne paigaldus<\/strong><\/p>\n\t\t<\/div>\n\t\t\t\t\n<style>\n#col-1998185342 > .col-inner {\n  margin: 0px 0px 15px 0px;\n}\n<\/style>\n\t<\/div>\n\n\t\n<\/div>\n\t\t<\/div>\n\t\t\t\t\t<\/div>\n\n\t\n<\/div>\n<\/div><\/div><\/div>\n\t<div id=\"gap-826399655\" class=\"gap-element clearfix\" style=\"display:block; height:auto;\">\n\t\t\n<style>\n#gap-826399655 {\n  padding-top: 30px;\n}\n<\/style>\n\t<\/div>\n\t\n<h3>Kasutamise \u00fcksikasjad<\/h3>\n<p><strong>Kirjeldus:<\/strong> Muru hooldus v\u00f5ib olla nii lihtne ja muretu! T\u00e4nu SensorCut s\u00fcsteemile ei tekita GARDENA SILENO life murule triipe ja loob t\u00e4iuslikult hooldatud muruvaiba. See sobib v\u00e4ikestele kuni 750-ruutmeetristele murupindadele. Kompaktne ja hea man\u00f6\u00f6verdusv\u00f5imega robotmuruniiduk saab probleemitult hakkama kuni 30-protsendiste kalletega, samuti kitsaste koridoride ja l\u00e4bip\u00e4\u00e4sudega. SILENO life on valmis t\u00f6\u00f6tama murul iga ilmaga ja nii vaikselt, et seda on vaevalt kuulda. P\u00e4rast l\u00f5petamist naaseb see automaatselt laadimisjaama. Paigaldamise ajal juhendatakse Teid l\u00e4bi seadistus men\u00fc\u00fc ja s\u00fcsteem arvutab iseseisvalt v\u00e4lja niitmiskava. Niitmisaega saab ka ise vabalt programmeerida. T\u00e4nu sellele t\u00f6\u00f6tab robotmuruniiduk ainult siis, kui Teie seda vajate.<\/p>\n\t\t<\/div>\n\t\t\t\t\t<\/div>\n\n\t\n\n\t<div id=\"col-980501734\" class=\"col medium-3 small-12 large-3\"  >\n\t\t\t\t<div class=\"col-inner\"  >\n\t\t\t\n\t\t\t\n\t<div id=\"gap-632459741\" class=\"gap-element clearfix\" style=\"display:block; height:auto;\">\n\t\t\n<style>\n#gap-632459741 {\n  padding-top: 30px;\n}\n<\/style>\n\t<\/div>\n\t\n<div class=\"is-divider divider clearfix\" ><\/div>\n<p><strong>\u00dcksikasjalikuma n\u00f5u saamiseks v\u00f5tke \u00fchendust:<br \/><\/strong>Espak AS<br \/>Viadukti 42<br \/>11313<br \/>Tallinn<br \/>+372 6 512333<\/p>\n<div class=\"is-divider divider clearfix\" ><\/div>\n\t\t<\/div>\n\t\t\t\t\t<\/div>\n\n\t\n<\/div>\n","protected":false},"excerpt":{"rendered":"","protected":false},"featured_media":47958,"comment_status":"closed","ping_status":"closed","template":"","meta":[],"product_brand":[],"product_cat":[2789,2788,2790,3118],"product_tag":[],"class_list":{"0":"post-41747","1":"product","2":"type-product","3":"status-publish","4":"has-post-thumbnail","6":"product_cat-aiatarbed","7":"product_cat-aiatarbed-ja-kodukaubad","8":"product_cat-aiatehnika","9":"product_cat-iseliikuvad-muruniidukid","10":"pa_kaubamark-husqvarna-eesti-ou","12":"first","13":"outofstock","14":"sale","15":"taxable","16":"shipping-taxable","17":"purchasable","18":"product-type-simple"},"yoast_head":"<!-- This site is optimized with the Yoast SEO plugin v26.9 - https:\/\/yoast.com\/product\/yoast-seo-wordpress\/ -->\n<title>ROBOTMURUNIIDUK GARDENA SILENO LIFE 750M\u00b2 - Espak E-pood<\/title>\n<meta name=\"robots\" content=\"index, follow, max-snippet:-1, max-image-preview:large, max-video-preview:-1\" \/>\n<link rel=\"canonical\" href=\"https:\/\/espak.ee\/epood\/toode\/robotmuruniiduk-gardena-sileno-life-750m\u00b2\/\" \/>\n<meta property=\"og:locale\" content=\"et_EE\" \/>\n<meta property=\"og:type\" content=\"article\" \/>\n<meta property=\"og:title\" content=\"ROBOTMURUNIIDUK GARDENA SILENO LIFE 750M\u00b2 - Espak E-pood\" \/>\n<meta property=\"og:url\" content=\"https:\/\/espak.ee\/epood\/toode\/robotmuruniiduk-gardena-sileno-life-750m\u00b2\/\" \/>\n<meta property=\"og:site_name\" content=\"Espak E-pood\" \/>\n<meta property=\"article:modified_time\" content=\"2024-03-25T22:15:19+00:00\" \/>\n<meta property=\"og:image\" content=\"https:\/\/espak.ee\/epood\/wp-content\/uploads\/ROBOTMURUNIIDUK-GARDENA-SILENO-LIFE-750M\u00b2.png\" \/>\n\t<meta property=\"og:image:width\" content=\"850\" \/>\n\t<meta property=\"og:image:height\" content=\"850\" \/>\n\t<meta property=\"og:image:type\" content=\"image\/png\" \/>\n<meta name=\"twitter:card\" content=\"summary_large_image\" \/>\n<meta name=\"twitter:label1\" content=\"Est. reading time\" \/>\n\t<meta name=\"twitter:data1\" content=\"1 minut\" \/>\n<script type=\"application\/ld+json\" class=\"yoast-schema-graph\">{\"@context\":\"https:\/\/schema.org\",\"@graph\":[{\"@type\":\"WebPage\",\"@id\":\"https:\/\/espak.ee\/epood\/toode\/robotmuruniiduk-gardena-sileno-life-750m%c2%b2\/\",\"url\":\"https:\/\/espak.ee\/epood\/toode\/robotmuruniiduk-gardena-sileno-life-750m%c2%b2\/\",\"name\":\"ROBOTMURUNIIDUK GARDENA SILENO LIFE 750M\u00b2 - Espak E-pood\",\"isPartOf\":{\"@id\":\"https:\/\/espak.ee\/epood\/#website\"},\"primaryImageOfPage\":{\"@id\":\"https:\/\/espak.ee\/epood\/toode\/robotmuruniiduk-gardena-sileno-life-750m%c2%b2\/#primaryimage\"},\"image\":{\"@id\":\"https:\/\/espak.ee\/epood\/toode\/robotmuruniiduk-gardena-sileno-life-750m%c2%b2\/#primaryimage\"},\"thumbnailUrl\":\"https:\/\/espak.ee\/epood\/wp-content\/uploads\/ROBOTMURUNIIDUK-GARDENA-SILENO-LIFE-750M\u00b2.png\",\"datePublished\":\"2020-09-18T04:10:38+00:00\",\"dateModified\":\"2024-03-25T22:15:19+00:00\",\"breadcrumb\":{\"@id\":\"https:\/\/espak.ee\/epood\/toode\/robotmuruniiduk-gardena-sileno-life-750m%c2%b2\/#breadcrumb\"},\"inLanguage\":\"et\",\"potentialAction\":[{\"@type\":\"ReadAction\",\"target\":[\"https:\/\/espak.ee\/epood\/toode\/robotmuruniiduk-gardena-sileno-life-750m%c2%b2\/\"]}]},{\"@type\":\"ImageObject\",\"inLanguage\":\"et\",\"@id\":\"https:\/\/espak.ee\/epood\/toode\/robotmuruniiduk-gardena-sileno-life-750m%c2%b2\/#primaryimage\",\"url\":\"https:\/\/espak.ee\/epood\/wp-content\/uploads\/ROBOTMURUNIIDUK-GARDENA-SILENO-LIFE-750M\u00b2.png\",\"contentUrl\":\"https:\/\/espak.ee\/epood\/wp-content\/uploads\/ROBOTMURUNIIDUK-GARDENA-SILENO-LIFE-750M\u00b2.png\",\"width\":850,\"height\":850},{\"@type\":\"BreadcrumbList\",\"@id\":\"https:\/\/espak.ee\/epood\/toode\/robotmuruniiduk-gardena-sileno-life-750m%c2%b2\/#breadcrumb\",\"itemListElement\":[{\"@type\":\"ListItem\",\"position\":1,\"name\":\"Home\",\"item\":\"https:\/\/espak.ee\/epood\/\"},{\"@type\":\"ListItem\",\"position\":2,\"name\":\"Tootevalik\",\"item\":\"https:\/\/espak.ee\/epood\/tootevalik\/\"},{\"@type\":\"ListItem\",\"position\":3,\"name\":\"ROBOTMURUNIIDUK GARDENA SILENO LIFE 750M\u00b2\"}]},{\"@type\":\"WebSite\",\"@id\":\"https:\/\/espak.ee\/epood\/#website\",\"url\":\"https:\/\/espak.ee\/epood\/\",\"name\":\"Espak E-pood\",\"description\":\"\",\"potentialAction\":[{\"@type\":\"SearchAction\",\"target\":{\"@type\":\"EntryPoint\",\"urlTemplate\":\"https:\/\/espak.ee\/epood\/?s={search_term_string}\"},\"query-input\":{\"@type\":\"PropertyValueSpecification\",\"valueRequired\":true,\"valueName\":\"search_term_string\"}}],\"inLanguage\":\"et\"}]}<\/script>\n<!-- \/ Yoast SEO plugin. -->","yoast_head_json":{"title":"ROBOTMURUNIIDUK GARDENA SILENO LIFE 750M\u00b2 - Espak E-pood","robots":{"index":"index","follow":"follow","max-snippet":"max-snippet:-1","max-image-preview":"max-image-preview:large","max-video-preview":"max-video-preview:-1"},"canonical":"https:\/\/espak.ee\/epood\/toode\/robotmuruniiduk-gardena-sileno-life-750m\u00b2\/","og_locale":"et_EE","og_type":"article","og_title":"ROBOTMURUNIIDUK GARDENA SILENO LIFE 750M\u00b2 - Espak E-pood","og_url":"https:\/\/espak.ee\/epood\/toode\/robotmuruniiduk-gardena-sileno-life-750m\u00b2\/","og_site_name":"Espak E-pood","article_modified_time":"2024-03-25T22:15:19+00:00","og_image":[{"width":850,"height":850,"url":"https:\/\/espak.ee\/epood\/wp-content\/uploads\/ROBOTMURUNIIDUK-GARDENA-SILENO-LIFE-750M\u00b2.png","type":"image\/png"}],"twitter_card":"summary_large_image","twitter_misc":{"Est. reading time":"1 minut"},"schema":{"@context":"https:\/\/schema.org","@graph":[{"@type":"WebPage","@id":"https:\/\/espak.ee\/epood\/toode\/robotmuruniiduk-gardena-sileno-life-750m%c2%b2\/","url":"https:\/\/espak.ee\/epood\/toode\/robotmuruniiduk-gardena-sileno-life-750m%c2%b2\/","name":"ROBOTMURUNIIDUK GARDENA SILENO LIFE 750M\u00b2 - Espak E-pood","isPartOf":{"@id":"https:\/\/espak.ee\/epood\/#website"},"primaryImageOfPage":{"@id":"https:\/\/espak.ee\/epood\/toode\/robotmuruniiduk-gardena-sileno-life-750m%c2%b2\/#primaryimage"},"image":{"@id":"https:\/\/espak.ee\/epood\/toode\/robotmuruniiduk-gardena-sileno-life-750m%c2%b2\/#primaryimage"},"thumbnailUrl":"https:\/\/espak.ee\/epood\/wp-content\/uploads\/ROBOTMURUNIIDUK-GARDENA-SILENO-LIFE-750M\u00b2.png","datePublished":"2020-09-18T04:10:38+00:00","dateModified":"2024-03-25T22:15:19+00:00","breadcrumb":{"@id":"https:\/\/espak.ee\/epood\/toode\/robotmuruniiduk-gardena-sileno-life-750m%c2%b2\/#breadcrumb"},"inLanguage":"et","potentialAction":[{"@type":"ReadAction","target":["https:\/\/espak.ee\/epood\/toode\/robotmuruniiduk-gardena-sileno-life-750m%c2%b2\/"]}]},{"@type":"ImageObject","inLanguage":"et","@id":"https:\/\/espak.ee\/epood\/toode\/robotmuruniiduk-gardena-sileno-life-750m%c2%b2\/#primaryimage","url":"https:\/\/espak.ee\/epood\/wp-content\/uploads\/ROBOTMURUNIIDUK-GARDENA-SILENO-LIFE-750M\u00b2.png","contentUrl":"https:\/\/espak.ee\/epood\/wp-content\/uploads\/ROBOTMURUNIIDUK-GARDENA-SILENO-LIFE-750M\u00b2.png","width":850,"height":850},{"@type":"BreadcrumbList","@id":"https:\/\/espak.ee\/epood\/toode\/robotmuruniiduk-gardena-sileno-life-750m%c2%b2\/#breadcrumb","itemListElement":[{"@type":"ListItem","position":1,"name":"Home","item":"https:\/\/espak.ee\/epood\/"},{"@type":"ListItem","position":2,"name":"Tootevalik","item":"https:\/\/espak.ee\/epood\/tootevalik\/"},{"@type":"ListItem","position":3,"name":"ROBOTMURUNIIDUK GARDENA SILENO LIFE 750M\u00b2"}]},{"@type":"WebSite","@id":"https:\/\/espak.ee\/epood\/#website","url":"https:\/\/espak.ee\/epood\/","name":"Espak E-pood","description":"","potentialAction":[{"@type":"SearchAction","target":{"@type":"EntryPoint","urlTemplate":"https:\/\/espak.ee\/epood\/?s={search_term_string}"},"query-input":{"@type":"PropertyValueSpecification","valueRequired":true,"valueName":"search_term_string"}}],"inLanguage":"et"}]}},"_links":{"self":[{"href":"https:\/\/espak.ee\/epood\/wp-json\/wp\/v2\/product\/41747","targetHints":{"allow":["GET"]}}],"collection":[{"href":"https:\/\/espak.ee\/epood\/wp-json\/wp\/v2\/product"}],"about":[{"href":"https:\/\/espak.ee\/epood\/wp-json\/wp\/v2\/types\/product"}],"replies":[{"embeddable":true,"href":"https:\/\/espak.ee\/epood\/wp-json\/wp\/v2\/comments?post=41747"}],"wp:featuredmedia":[{"embeddable":true,"href":"https:\/\/espak.ee\/epood\/wp-json\/wp\/v2\/media\/47958"}],"wp:attachment":[{"href":"https:\/\/espak.ee\/epood\/wp-json\/wp\/v2\/media?parent=41747"}],"wp:term":[{"taxonomy":"product_brand","embeddable":true,"href":"https:\/\/espak.ee\/epood\/wp-json\/wp\/v2\/product_brand?post=41747"},{"taxonomy":"product_cat","embeddable":true,"href":"https:\/\/espak.ee\/epood\/wp-json\/wp\/v2\/product_cat?post=41747"},{"taxonomy":"product_tag","embeddable":true,"href":"https:\/\/espak.ee\/epood\/wp-json\/wp\/v2\/product_tag?post=41747"}],"curies":[{"name":"wp","href":"https:\/\/api.w.org\/{rel}","templated":true}]}}