{"id":41729,"date":"2020-09-18T07:10:24","date_gmt":"2020-09-18T04:10:24","guid":{"rendered":"https:\/\/espak.ee\/hinnakiri\/?post_type=product&#038;p=41729"},"modified":"2024-03-23T15:01:39","modified_gmt":"2024-03-23T13:01:39","slug":"varjutus-ja-tuuletokkekangas-vaikepakk-3-x-3-m-9-m%c2%b2-42","status":"publish","type":"product","link":"https:\/\/espak.ee\/epood\/toode\/varjutus-ja-tuuletokkekangas-vaikepakk-3-x-3-m-9-m%c2%b2-42\/","title":{"rendered":"VARJUTUS- JA TUULET\u00d5KKEKANGAS V\u00c4IKEPAKK 3*3M 9M\u00b2, 42 %"},"content":{"rendered":"<div class=\"row\"  id=\"row-790602413\">\n\n\t<div id=\"col-501741054\" class=\"col medium-9 small-12 large-9\"  >\n\t\t\t\t<div class=\"col-inner\"  >\n\t\t\t\n\t\t\t\n<p>Varjutuskangast kasutatakse igihaljaste taimede (n\u00e4iteks pukspuude, ebak\u00fcpresside, elupuude, rododendronite, kanada kuuse `Conica`, kiviktaimla igihaljaste taimede jne) varakevadise p\u00e4ikesep\u00f5letuse kaitseks ja okaspuude istutusj\u00e4rgseks varjutamiseks.<\/p>\n<p>Varjutamine aitab v\u00e4hendada vee aurumist igihaljastest lehtedest ja okastest, see kaitseb taimi varakevadise ereda p\u00e4ikese ning \u00f5rnemaid taimi ka tugeva j\u00e4ise tuule eest. Istutusj\u00e4rgsel varjutamisel juurdub taim paremini ning okaste kuivamise oht on v\u00e4iksem.<\/p>\n<p>Varjutuskangas on ultraviolettkiirgusekindel ning 42% ja 60% varjutusv\u00f5imega. Kasutusaeg 8-10 aastat. Tugev kootud materjal kannatab ka tugevamaid tormituuli.<\/p>\n\t\t<\/div>\n\t\t\t\t\t<\/div>\n\n\t\n\n\t<div id=\"col-1914986229\" class=\"col medium-3 small-12 large-3\"  >\n\t\t\t\t<div class=\"col-inner\"  >\n\t\t\t\n\t\t\t\n<p><strong>\u00dcksikasjalikuma n\u00f5u saamiseks v\u00f5tke \u00fchendust:<br \/><\/strong>Baltic Agro AS, Rukki tee 8, Lehmja k\u00fcla, Rae vald, Telefon +372 606 2260<\/p>\n\t\t<\/div>\n\t\t\t\t\t<\/div>\n\n\t\n<\/div>\n","protected":false},"excerpt":{"rendered":"","protected":false},"featured_media":61107,"comment_status":"closed","ping_status":"open","template":"","meta":[],"product_brand":[],"product_cat":[2789,2788,3345,3343],"product_tag":[],"class_list":{"0":"post-41729","1":"product","2":"type-product","3":"status-publish","4":"has-post-thumbnail","6":"product_cat-aiatarbed","7":"product_cat-aiatarbed-ja-kodukaubad","8":"product_cat-kattekangad","9":"product_cat-kiled-ja-kattekangad","10":"pa_kaubamark-baltic-agro-as","12":"first","13":"instock","14":"sale","15":"taxable","16":"shipping-taxable","17":"purchasable","18":"product-type-simple"},"yoast_head":"<!-- This site is optimized with the Yoast SEO plugin v26.9 - https:\/\/yoast.com\/product\/yoast-seo-wordpress\/ -->\n<title>VARJUTUS- JA TUULET\u00d5KKEKANGAS V\u00c4IKEPAKK 3*3M 9M\u00b2, 42 % - Espak E-pood<\/title>\n<meta name=\"robots\" content=\"index, follow, max-snippet:-1, max-image-preview:large, max-video-preview:-1\" \/>\n<link rel=\"canonical\" href=\"https:\/\/espak.ee\/epood\/toode\/varjutus-ja-tuuletokkekangas-vaikepakk-3-x-3-m-9-m\u00b2-42\/\" \/>\n<meta property=\"og:locale\" content=\"et_EE\" \/>\n<meta property=\"og:type\" content=\"article\" \/>\n<meta property=\"og:title\" content=\"VARJUTUS- JA TUULET\u00d5KKEKANGAS V\u00c4IKEPAKK 3*3M 9M\u00b2, 42 % - Espak E-pood\" \/>\n<meta property=\"og:url\" content=\"https:\/\/espak.ee\/epood\/toode\/varjutus-ja-tuuletokkekangas-vaikepakk-3-x-3-m-9-m\u00b2-42\/\" \/>\n<meta property=\"og:site_name\" content=\"Espak E-pood\" \/>\n<meta property=\"article:modified_time\" content=\"2024-03-23T13:01:39+00:00\" \/>\n<meta property=\"og:image\" content=\"https:\/\/espak.ee\/epood\/wp-content\/uploads\/4742604000944-2-scaled.jpg\" \/>\n\t<meta property=\"og:image:width\" content=\"2048\" \/>\n\t<meta property=\"og:image:height\" content=\"2048\" \/>\n\t<meta property=\"og:image:type\" content=\"image\/jpeg\" \/>\n<meta name=\"twitter:card\" content=\"summary_large_image\" \/>\n<meta name=\"twitter:label1\" content=\"Est. reading time\" \/>\n\t<meta name=\"twitter:data1\" content=\"1 minut\" \/>\n<script type=\"application\/ld+json\" class=\"yoast-schema-graph\">{\"@context\":\"https:\/\/schema.org\",\"@graph\":[{\"@type\":\"WebPage\",\"@id\":\"https:\/\/espak.ee\/epood\/toode\/varjutus-ja-tuuletokkekangas-vaikepakk-3-x-3-m-9-m%c2%b2-42\/\",\"url\":\"https:\/\/espak.ee\/epood\/toode\/varjutus-ja-tuuletokkekangas-vaikepakk-3-x-3-m-9-m%c2%b2-42\/\",\"name\":\"VARJUTUS- JA TUULET\u00d5KKEKANGAS V\u00c4IKEPAKK 3*3M 9M\u00b2, 42 % - Espak E-pood\",\"isPartOf\":{\"@id\":\"https:\/\/espak.ee\/epood\/#website\"},\"primaryImageOfPage\":{\"@id\":\"https:\/\/espak.ee\/epood\/toode\/varjutus-ja-tuuletokkekangas-vaikepakk-3-x-3-m-9-m%c2%b2-42\/#primaryimage\"},\"image\":{\"@id\":\"https:\/\/espak.ee\/epood\/toode\/varjutus-ja-tuuletokkekangas-vaikepakk-3-x-3-m-9-m%c2%b2-42\/#primaryimage\"},\"thumbnailUrl\":\"https:\/\/espak.ee\/epood\/wp-content\/uploads\/4742604000944-2-scaled.jpg\",\"datePublished\":\"2020-09-18T04:10:24+00:00\",\"dateModified\":\"2024-03-23T13:01:39+00:00\",\"breadcrumb\":{\"@id\":\"https:\/\/espak.ee\/epood\/toode\/varjutus-ja-tuuletokkekangas-vaikepakk-3-x-3-m-9-m%c2%b2-42\/#breadcrumb\"},\"inLanguage\":\"et\",\"potentialAction\":[{\"@type\":\"ReadAction\",\"target\":[\"https:\/\/espak.ee\/epood\/toode\/varjutus-ja-tuuletokkekangas-vaikepakk-3-x-3-m-9-m%c2%b2-42\/\"]}]},{\"@type\":\"ImageObject\",\"inLanguage\":\"et\",\"@id\":\"https:\/\/espak.ee\/epood\/toode\/varjutus-ja-tuuletokkekangas-vaikepakk-3-x-3-m-9-m%c2%b2-42\/#primaryimage\",\"url\":\"https:\/\/espak.ee\/epood\/wp-content\/uploads\/4742604000944-2-scaled.jpg\",\"contentUrl\":\"https:\/\/espak.ee\/epood\/wp-content\/uploads\/4742604000944-2-scaled.jpg\",\"width\":2048,\"height\":2048},{\"@type\":\"BreadcrumbList\",\"@id\":\"https:\/\/espak.ee\/epood\/toode\/varjutus-ja-tuuletokkekangas-vaikepakk-3-x-3-m-9-m%c2%b2-42\/#breadcrumb\",\"itemListElement\":[{\"@type\":\"ListItem\",\"position\":1,\"name\":\"Home\",\"item\":\"https:\/\/espak.ee\/epood\/\"},{\"@type\":\"ListItem\",\"position\":2,\"name\":\"Tootevalik\",\"item\":\"https:\/\/espak.ee\/epood\/tootevalik\/\"},{\"@type\":\"ListItem\",\"position\":3,\"name\":\"VARJUTUS- JA TUULET\u00d5KKEKANGAS V\u00c4IKEPAKK 3*3M 9M\u00b2, 42 %\"}]},{\"@type\":\"WebSite\",\"@id\":\"https:\/\/espak.ee\/epood\/#website\",\"url\":\"https:\/\/espak.ee\/epood\/\",\"name\":\"Espak E-pood\",\"description\":\"\",\"potentialAction\":[{\"@type\":\"SearchAction\",\"target\":{\"@type\":\"EntryPoint\",\"urlTemplate\":\"https:\/\/espak.ee\/epood\/?s={search_term_string}\"},\"query-input\":{\"@type\":\"PropertyValueSpecification\",\"valueRequired\":true,\"valueName\":\"search_term_string\"}}],\"inLanguage\":\"et\"}]}<\/script>\n<!-- \/ Yoast SEO plugin. -->","yoast_head_json":{"title":"VARJUTUS- JA TUULET\u00d5KKEKANGAS V\u00c4IKEPAKK 3*3M 9M\u00b2, 42 % - Espak E-pood","robots":{"index":"index","follow":"follow","max-snippet":"max-snippet:-1","max-image-preview":"max-image-preview:large","max-video-preview":"max-video-preview:-1"},"canonical":"https:\/\/espak.ee\/epood\/toode\/varjutus-ja-tuuletokkekangas-vaikepakk-3-x-3-m-9-m\u00b2-42\/","og_locale":"et_EE","og_type":"article","og_title":"VARJUTUS- JA TUULET\u00d5KKEKANGAS V\u00c4IKEPAKK 3*3M 9M\u00b2, 42 % - Espak E-pood","og_url":"https:\/\/espak.ee\/epood\/toode\/varjutus-ja-tuuletokkekangas-vaikepakk-3-x-3-m-9-m\u00b2-42\/","og_site_name":"Espak E-pood","article_modified_time":"2024-03-23T13:01:39+00:00","og_image":[{"width":2048,"height":2048,"url":"https:\/\/espak.ee\/epood\/wp-content\/uploads\/4742604000944-2-scaled.jpg","type":"image\/jpeg"}],"twitter_card":"summary_large_image","twitter_misc":{"Est. reading time":"1 minut"},"schema":{"@context":"https:\/\/schema.org","@graph":[{"@type":"WebPage","@id":"https:\/\/espak.ee\/epood\/toode\/varjutus-ja-tuuletokkekangas-vaikepakk-3-x-3-m-9-m%c2%b2-42\/","url":"https:\/\/espak.ee\/epood\/toode\/varjutus-ja-tuuletokkekangas-vaikepakk-3-x-3-m-9-m%c2%b2-42\/","name":"VARJUTUS- JA TUULET\u00d5KKEKANGAS V\u00c4IKEPAKK 3*3M 9M\u00b2, 42 % - Espak E-pood","isPartOf":{"@id":"https:\/\/espak.ee\/epood\/#website"},"primaryImageOfPage":{"@id":"https:\/\/espak.ee\/epood\/toode\/varjutus-ja-tuuletokkekangas-vaikepakk-3-x-3-m-9-m%c2%b2-42\/#primaryimage"},"image":{"@id":"https:\/\/espak.ee\/epood\/toode\/varjutus-ja-tuuletokkekangas-vaikepakk-3-x-3-m-9-m%c2%b2-42\/#primaryimage"},"thumbnailUrl":"https:\/\/espak.ee\/epood\/wp-content\/uploads\/4742604000944-2-scaled.jpg","datePublished":"2020-09-18T04:10:24+00:00","dateModified":"2024-03-23T13:01:39+00:00","breadcrumb":{"@id":"https:\/\/espak.ee\/epood\/toode\/varjutus-ja-tuuletokkekangas-vaikepakk-3-x-3-m-9-m%c2%b2-42\/#breadcrumb"},"inLanguage":"et","potentialAction":[{"@type":"ReadAction","target":["https:\/\/espak.ee\/epood\/toode\/varjutus-ja-tuuletokkekangas-vaikepakk-3-x-3-m-9-m%c2%b2-42\/"]}]},{"@type":"ImageObject","inLanguage":"et","@id":"https:\/\/espak.ee\/epood\/toode\/varjutus-ja-tuuletokkekangas-vaikepakk-3-x-3-m-9-m%c2%b2-42\/#primaryimage","url":"https:\/\/espak.ee\/epood\/wp-content\/uploads\/4742604000944-2-scaled.jpg","contentUrl":"https:\/\/espak.ee\/epood\/wp-content\/uploads\/4742604000944-2-scaled.jpg","width":2048,"height":2048},{"@type":"BreadcrumbList","@id":"https:\/\/espak.ee\/epood\/toode\/varjutus-ja-tuuletokkekangas-vaikepakk-3-x-3-m-9-m%c2%b2-42\/#breadcrumb","itemListElement":[{"@type":"ListItem","position":1,"name":"Home","item":"https:\/\/espak.ee\/epood\/"},{"@type":"ListItem","position":2,"name":"Tootevalik","item":"https:\/\/espak.ee\/epood\/tootevalik\/"},{"@type":"ListItem","position":3,"name":"VARJUTUS- JA TUULET\u00d5KKEKANGAS V\u00c4IKEPAKK 3*3M 9M\u00b2, 42 %"}]},{"@type":"WebSite","@id":"https:\/\/espak.ee\/epood\/#website","url":"https:\/\/espak.ee\/epood\/","name":"Espak E-pood","description":"","potentialAction":[{"@type":"SearchAction","target":{"@type":"EntryPoint","urlTemplate":"https:\/\/espak.ee\/epood\/?s={search_term_string}"},"query-input":{"@type":"PropertyValueSpecification","valueRequired":true,"valueName":"search_term_string"}}],"inLanguage":"et"}]}},"_links":{"self":[{"href":"https:\/\/espak.ee\/epood\/wp-json\/wp\/v2\/product\/41729","targetHints":{"allow":["GET"]}}],"collection":[{"href":"https:\/\/espak.ee\/epood\/wp-json\/wp\/v2\/product"}],"about":[{"href":"https:\/\/espak.ee\/epood\/wp-json\/wp\/v2\/types\/product"}],"replies":[{"embeddable":true,"href":"https:\/\/espak.ee\/epood\/wp-json\/wp\/v2\/comments?post=41729"}],"wp:featuredmedia":[{"embeddable":true,"href":"https:\/\/espak.ee\/epood\/wp-json\/wp\/v2\/media\/61107"}],"wp:attachment":[{"href":"https:\/\/espak.ee\/epood\/wp-json\/wp\/v2\/media?parent=41729"}],"wp:term":[{"taxonomy":"product_brand","embeddable":true,"href":"https:\/\/espak.ee\/epood\/wp-json\/wp\/v2\/product_brand?post=41729"},{"taxonomy":"product_cat","embeddable":true,"href":"https:\/\/espak.ee\/epood\/wp-json\/wp\/v2\/product_cat?post=41729"},{"taxonomy":"product_tag","embeddable":true,"href":"https:\/\/espak.ee\/epood\/wp-json\/wp\/v2\/product_tag?post=41729"}],"curies":[{"name":"wp","href":"https:\/\/api.w.org\/{rel}","templated":true}]}}