{"id":41400,"date":"2020-09-16T07:12:02","date_gmt":"2020-09-16T04:12:02","guid":{"rendered":"https:\/\/espak.ee\/hinnakiri\/?post_type=product&#038;p=41400"},"modified":"2024-03-23T15:02:00","modified_gmt":"2024-03-23T13:02:00","slug":"kiudkangas-weber-fm-0810m","status":"publish","type":"product","link":"https:\/\/espak.ee\/epood\/toode\/kiudkangas-weber-fm-0810m\/","title":{"rendered":"KIUDKANGAS WEBER FM 0,8*10M"},"content":{"rendered":"<div class=\"row\"  id=\"row-1970052857\">\n\n\t<div id=\"col-1309230457\" class=\"col medium-9 small-12 large-9\"  >\n\t\t\t\t<div class=\"col-inner\"  >\n\t\t\t\n\t\t\t\n<p>webervetonit FM on valget v\u00e4rvi kiudkangas, mida kasutatakse vannitubade, du\u0161i- jm m\u00e4rgade ruumide h\u00fcdroisoleerimist\u00f6\u00f6del veet\u00f5kkekihi armeerimiseks. M\u00f5\u00f5dud 0,8\u00d710 m.<\/p>\n<p><strong>Kasutusala:<\/strong> webervetonit FM kiudkangast kasutatakse vee\u00e4ravoolutrappide, l\u00e4biviikude, \u00fcleminekute jm kriitiliste kohtade armeerimiseks veet\u00f5kke paigaldamise ajal.<\/p>\n<p><strong>T\u00f6\u00f6juhised:<\/strong> webervetonit FM liimitakse aluspinnale veet\u00f5kkega webertec 822. K\u00f5igepealt kantakse tec 822 aluspinnale, misj\u00e4rel paigaldakse kangas ning rullitakse tugevalt aluspinnale. \u00d5humulle ei v\u00f5i kanga alla j\u00e4\u00e4da. V\u00e4ltida ka voltide teket.<\/p>\n\t\t<\/div>\n\t\t\t\t\t<\/div>\n\n\t\n\n\t<div id=\"col-1758186759\" class=\"col medium-3 small-12 large-3\"  >\n\t\t\t\t<div class=\"col-inner\"  >\n\t\t\t\n\t\t\t\n<p><strong>\u00dcksikasjalikuma n\u00f5u saamiseks v\u00f5tke \u00fchendust:<br \/><\/strong>SAINT-GOBAIN EESTI AS, Peterburi tee 75, 11415 Tallinn, Telefon: +372 6209 510<\/p>\n\t\t<\/div>\n\t\t\t\t\t<\/div>\n\n\t\n<\/div>\n","protected":false},"excerpt":{"rendered":"","protected":false},"featured_media":63516,"comment_status":"closed","ping_status":"closed","template":"","meta":[],"product_brand":[],"product_cat":[2711,2712,2713,2697],"product_tag":[],"class_list":{"0":"post-41400","1":"product","2":"type-product","3":"status-publish","4":"has-post-thumbnail","6":"product_cat-fassaadimaterjalid","7":"product_cat-krundid","8":"product_cat-krundid-krundid","9":"product_cat-uldehitus","10":"pa_kaubamark-saint-gobain-ehitustooted-as","12":"first","13":"instock","14":"sale","15":"taxable","16":"shipping-taxable","17":"purchasable","18":"product-type-simple"},"yoast_head":"<!-- This site is optimized with the Yoast SEO plugin v26.9 - https:\/\/yoast.com\/product\/yoast-seo-wordpress\/ -->\n<title>KIUDKANGAS WEBER FM 0,8*10M - Espak E-pood<\/title>\n<meta name=\"robots\" content=\"index, follow, max-snippet:-1, max-image-preview:large, max-video-preview:-1\" \/>\n<link rel=\"canonical\" href=\"https:\/\/espak.ee\/epood\/toode\/kiudkangas-weber-fm-0810m\/\" \/>\n<meta property=\"og:locale\" content=\"et_EE\" \/>\n<meta property=\"og:type\" content=\"article\" \/>\n<meta property=\"og:title\" content=\"KIUDKANGAS WEBER FM 0,8*10M - Espak E-pood\" \/>\n<meta property=\"og:url\" content=\"https:\/\/espak.ee\/epood\/toode\/kiudkangas-weber-fm-0810m\/\" \/>\n<meta property=\"og:site_name\" content=\"Espak E-pood\" \/>\n<meta property=\"article:modified_time\" content=\"2024-03-23T13:02:00+00:00\" \/>\n<meta property=\"og:image\" content=\"https:\/\/espak.ee\/epood\/wp-content\/uploads\/AR00121615_1-scaled-1.jpg\" \/>\n\t<meta property=\"og:image:width\" content=\"477\" \/>\n\t<meta property=\"og:image:height\" content=\"2048\" \/>\n\t<meta property=\"og:image:type\" content=\"image\/jpeg\" \/>\n<meta name=\"twitter:card\" content=\"summary_large_image\" \/>\n<meta name=\"twitter:label1\" content=\"Est. reading time\" \/>\n\t<meta name=\"twitter:data1\" content=\"1 minut\" \/>\n<script type=\"application\/ld+json\" class=\"yoast-schema-graph\">{\"@context\":\"https:\/\/schema.org\",\"@graph\":[{\"@type\":\"WebPage\",\"@id\":\"https:\/\/espak.ee\/epood\/toode\/kiudkangas-weber-fm-0810m\/\",\"url\":\"https:\/\/espak.ee\/epood\/toode\/kiudkangas-weber-fm-0810m\/\",\"name\":\"KIUDKANGAS WEBER FM 0,8*10M - Espak E-pood\",\"isPartOf\":{\"@id\":\"https:\/\/espak.ee\/epood\/#website\"},\"primaryImageOfPage\":{\"@id\":\"https:\/\/espak.ee\/epood\/toode\/kiudkangas-weber-fm-0810m\/#primaryimage\"},\"image\":{\"@id\":\"https:\/\/espak.ee\/epood\/toode\/kiudkangas-weber-fm-0810m\/#primaryimage\"},\"thumbnailUrl\":\"https:\/\/espak.ee\/epood\/wp-content\/uploads\/AR00121615_1-scaled-1.jpg\",\"datePublished\":\"2020-09-16T04:12:02+00:00\",\"dateModified\":\"2024-03-23T13:02:00+00:00\",\"breadcrumb\":{\"@id\":\"https:\/\/espak.ee\/epood\/toode\/kiudkangas-weber-fm-0810m\/#breadcrumb\"},\"inLanguage\":\"et\",\"potentialAction\":[{\"@type\":\"ReadAction\",\"target\":[\"https:\/\/espak.ee\/epood\/toode\/kiudkangas-weber-fm-0810m\/\"]}]},{\"@type\":\"ImageObject\",\"inLanguage\":\"et\",\"@id\":\"https:\/\/espak.ee\/epood\/toode\/kiudkangas-weber-fm-0810m\/#primaryimage\",\"url\":\"https:\/\/espak.ee\/epood\/wp-content\/uploads\/AR00121615_1-scaled-1.jpg\",\"contentUrl\":\"https:\/\/espak.ee\/epood\/wp-content\/uploads\/AR00121615_1-scaled-1.jpg\",\"width\":477,\"height\":2048,\"caption\":\"weber FM Kuitukangas, 10 metrin rulla\"},{\"@type\":\"BreadcrumbList\",\"@id\":\"https:\/\/espak.ee\/epood\/toode\/kiudkangas-weber-fm-0810m\/#breadcrumb\",\"itemListElement\":[{\"@type\":\"ListItem\",\"position\":1,\"name\":\"Home\",\"item\":\"https:\/\/espak.ee\/epood\/\"},{\"@type\":\"ListItem\",\"position\":2,\"name\":\"Tootevalik\",\"item\":\"https:\/\/espak.ee\/epood\/tootevalik\/\"},{\"@type\":\"ListItem\",\"position\":3,\"name\":\"KIUDKANGAS WEBER FM 0,8*10M\"}]},{\"@type\":\"WebSite\",\"@id\":\"https:\/\/espak.ee\/epood\/#website\",\"url\":\"https:\/\/espak.ee\/epood\/\",\"name\":\"Espak E-pood\",\"description\":\"\",\"potentialAction\":[{\"@type\":\"SearchAction\",\"target\":{\"@type\":\"EntryPoint\",\"urlTemplate\":\"https:\/\/espak.ee\/epood\/?s={search_term_string}\"},\"query-input\":{\"@type\":\"PropertyValueSpecification\",\"valueRequired\":true,\"valueName\":\"search_term_string\"}}],\"inLanguage\":\"et\"}]}<\/script>\n<!-- \/ Yoast SEO plugin. -->","yoast_head_json":{"title":"KIUDKANGAS WEBER FM 0,8*10M - Espak E-pood","robots":{"index":"index","follow":"follow","max-snippet":"max-snippet:-1","max-image-preview":"max-image-preview:large","max-video-preview":"max-video-preview:-1"},"canonical":"https:\/\/espak.ee\/epood\/toode\/kiudkangas-weber-fm-0810m\/","og_locale":"et_EE","og_type":"article","og_title":"KIUDKANGAS WEBER FM 0,8*10M - Espak E-pood","og_url":"https:\/\/espak.ee\/epood\/toode\/kiudkangas-weber-fm-0810m\/","og_site_name":"Espak E-pood","article_modified_time":"2024-03-23T13:02:00+00:00","og_image":[{"width":477,"height":2048,"url":"https:\/\/espak.ee\/epood\/wp-content\/uploads\/AR00121615_1-scaled-1.jpg","type":"image\/jpeg"}],"twitter_card":"summary_large_image","twitter_misc":{"Est. reading time":"1 minut"},"schema":{"@context":"https:\/\/schema.org","@graph":[{"@type":"WebPage","@id":"https:\/\/espak.ee\/epood\/toode\/kiudkangas-weber-fm-0810m\/","url":"https:\/\/espak.ee\/epood\/toode\/kiudkangas-weber-fm-0810m\/","name":"KIUDKANGAS WEBER FM 0,8*10M - Espak E-pood","isPartOf":{"@id":"https:\/\/espak.ee\/epood\/#website"},"primaryImageOfPage":{"@id":"https:\/\/espak.ee\/epood\/toode\/kiudkangas-weber-fm-0810m\/#primaryimage"},"image":{"@id":"https:\/\/espak.ee\/epood\/toode\/kiudkangas-weber-fm-0810m\/#primaryimage"},"thumbnailUrl":"https:\/\/espak.ee\/epood\/wp-content\/uploads\/AR00121615_1-scaled-1.jpg","datePublished":"2020-09-16T04:12:02+00:00","dateModified":"2024-03-23T13:02:00+00:00","breadcrumb":{"@id":"https:\/\/espak.ee\/epood\/toode\/kiudkangas-weber-fm-0810m\/#breadcrumb"},"inLanguage":"et","potentialAction":[{"@type":"ReadAction","target":["https:\/\/espak.ee\/epood\/toode\/kiudkangas-weber-fm-0810m\/"]}]},{"@type":"ImageObject","inLanguage":"et","@id":"https:\/\/espak.ee\/epood\/toode\/kiudkangas-weber-fm-0810m\/#primaryimage","url":"https:\/\/espak.ee\/epood\/wp-content\/uploads\/AR00121615_1-scaled-1.jpg","contentUrl":"https:\/\/espak.ee\/epood\/wp-content\/uploads\/AR00121615_1-scaled-1.jpg","width":477,"height":2048,"caption":"weber FM Kuitukangas, 10 metrin rulla"},{"@type":"BreadcrumbList","@id":"https:\/\/espak.ee\/epood\/toode\/kiudkangas-weber-fm-0810m\/#breadcrumb","itemListElement":[{"@type":"ListItem","position":1,"name":"Home","item":"https:\/\/espak.ee\/epood\/"},{"@type":"ListItem","position":2,"name":"Tootevalik","item":"https:\/\/espak.ee\/epood\/tootevalik\/"},{"@type":"ListItem","position":3,"name":"KIUDKANGAS WEBER FM 0,8*10M"}]},{"@type":"WebSite","@id":"https:\/\/espak.ee\/epood\/#website","url":"https:\/\/espak.ee\/epood\/","name":"Espak E-pood","description":"","potentialAction":[{"@type":"SearchAction","target":{"@type":"EntryPoint","urlTemplate":"https:\/\/espak.ee\/epood\/?s={search_term_string}"},"query-input":{"@type":"PropertyValueSpecification","valueRequired":true,"valueName":"search_term_string"}}],"inLanguage":"et"}]}},"_links":{"self":[{"href":"https:\/\/espak.ee\/epood\/wp-json\/wp\/v2\/product\/41400","targetHints":{"allow":["GET"]}}],"collection":[{"href":"https:\/\/espak.ee\/epood\/wp-json\/wp\/v2\/product"}],"about":[{"href":"https:\/\/espak.ee\/epood\/wp-json\/wp\/v2\/types\/product"}],"replies":[{"embeddable":true,"href":"https:\/\/espak.ee\/epood\/wp-json\/wp\/v2\/comments?post=41400"}],"wp:featuredmedia":[{"embeddable":true,"href":"https:\/\/espak.ee\/epood\/wp-json\/wp\/v2\/media\/63516"}],"wp:attachment":[{"href":"https:\/\/espak.ee\/epood\/wp-json\/wp\/v2\/media?parent=41400"}],"wp:term":[{"taxonomy":"product_brand","embeddable":true,"href":"https:\/\/espak.ee\/epood\/wp-json\/wp\/v2\/product_brand?post=41400"},{"taxonomy":"product_cat","embeddable":true,"href":"https:\/\/espak.ee\/epood\/wp-json\/wp\/v2\/product_cat?post=41400"},{"taxonomy":"product_tag","embeddable":true,"href":"https:\/\/espak.ee\/epood\/wp-json\/wp\/v2\/product_tag?post=41400"}],"curies":[{"name":"wp","href":"https:\/\/api.w.org\/{rel}","templated":true}]}}