{"id":41392,"date":"2020-09-16T07:12:02","date_gmt":"2020-09-16T04:12:02","guid":{"rendered":"https:\/\/espak.ee\/hinnakiri\/?post_type=product&#038;p=41392"},"modified":"2024-03-23T15:02:14","modified_gmt":"2024-03-23T13:02:14","slug":"ketaste-komplekt-3-osa-8510mm","status":"publish","type":"product","link":"https:\/\/espak.ee\/epood\/toode\/ketaste-komplekt-3-osa-8510mm\/","title":{"rendered":"KETASTE KOMPLEKT 3 OSA 85*10MM"},"content":{"rendered":"<p><strong>Tootekirjeldus:<\/strong><br \/>3-osaline mini-ketassae ketaste komplekt koosneb HSS-saelehest m\u00f5\u00f5tmetega 85 \u00d7 10 mm max kiirusega puut\u00f6\u00f6de jaoks 4000 p\/min. Lisaks kuulub komplekti TCT-saeleht m\u00f5\u00f5tmetega 85 \u00d7 10 mm kiirusega 8000 p\/min plasti ja puidu t\u00f6\u00f6tlemiseks, samuti teemantsaetera m\u00f5\u00f5tmetega 85 \u00d7 10 mm ja kiirusega 8000 p\/min kivit\u00f6\u00f6deks 5 mm paksuste plaatidega. Mini-ketassae ketaste komplekti kuuluvad lisavarustusena kuuskantv\u00f5ti ja seib. <\/p>\n","protected":false},"excerpt":{"rendered":"<p>Tootekirjeldus:3-osaline mini-ketassae ketaste komplekt koosneb HSS-saelehest m\u00f5\u00f5tmetega 85 \u00d7 10 mm max kiirusega puut\u00f6\u00f6de jaoks 4000 p\/min. Lisaks kuulub komplekti TCT-saeleht m\u00f5\u00f5tmetega 85 \u00d7 10 mm kiirusega 8000 p\/min plasti ja puidu t\u00f6\u00f6tlemiseks, samuti teemantsaetera m\u00f5\u00f5tmetega 85 \u00d7 10 mm ja kiirusega 8000 p\/min kivit\u00f6\u00f6deks 5 mm paksuste plaatidega. Mini-ketassae ketaste komplekti kuuluvad lisavarustusena kuuskantv\u00f5ti [&#8230;]\n","protected":false},"featured_media":56337,"comment_status":"closed","ping_status":"open","template":"","meta":[],"product_brand":[],"product_cat":[3057,3056,2679,2951],"product_tag":[],"class_list":{"0":"post-41392","1":"product","2":"type-product","3":"status-publish","4":"has-post-thumbnail","6":"product_cat-saekettad","7":"product_cat-saeterad","8":"product_cat-tooriistad","9":"product_cat-tooriistatarvikud","10":"pa_kaubamark-kwb","12":"first","13":"outofstock","14":"sale","15":"taxable","16":"shipping-taxable","17":"purchasable","18":"product-type-simple"},"yoast_head":"<!-- This site is optimized with the Yoast SEO plugin v26.9 - https:\/\/yoast.com\/product\/yoast-seo-wordpress\/ -->\n<title>KETASTE KOMPLEKT 3 OSA 85*10MM - Espak E-pood<\/title>\n<meta name=\"robots\" content=\"index, follow, max-snippet:-1, max-image-preview:large, max-video-preview:-1\" \/>\n<link rel=\"canonical\" href=\"https:\/\/espak.ee\/epood\/toode\/ketaste-komplekt-3-osa-8510mm\/\" \/>\n<meta property=\"og:locale\" content=\"et_EE\" \/>\n<meta property=\"og:type\" content=\"article\" \/>\n<meta property=\"og:title\" content=\"KETASTE KOMPLEKT 3 OSA 85*10MM - Espak E-pood\" \/>\n<meta property=\"og:description\" content=\"Tootekirjeldus:3-osaline mini-ketassae ketaste komplekt koosneb HSS-saelehest m\u00f5\u00f5tmetega 85 \u00d7 10 mm max kiirusega puut\u00f6\u00f6de jaoks 4000 p\/min. Lisaks kuulub komplekti TCT-saeleht m\u00f5\u00f5tmetega 85 \u00d7 10 mm kiirusega 8000 p\/min plasti ja puidu t\u00f6\u00f6tlemiseks, samuti teemantsaetera m\u00f5\u00f5tmetega 85 \u00d7 10 mm ja kiirusega 8000 p\/min kivit\u00f6\u00f6deks 5 mm paksuste plaatidega. Mini-ketassae ketaste komplekti kuuluvad lisavarustusena kuuskantv\u00f5ti [...]\" \/>\n<meta property=\"og:url\" content=\"https:\/\/espak.ee\/epood\/toode\/ketaste-komplekt-3-osa-8510mm\/\" \/>\n<meta property=\"og:site_name\" content=\"Espak E-pood\" \/>\n<meta property=\"article:modified_time\" content=\"2024-03-23T13:02:14+00:00\" \/>\n<meta property=\"og:image\" content=\"https:\/\/espak.ee\/epood\/wp-content\/uploads\/575905-KWB-scaled.jpg\" \/>\n\t<meta property=\"og:image:width\" content=\"2048\" \/>\n\t<meta property=\"og:image:height\" content=\"2048\" \/>\n\t<meta property=\"og:image:type\" content=\"image\/jpeg\" \/>\n<meta name=\"twitter:card\" content=\"summary_large_image\" \/>\n<script type=\"application\/ld+json\" class=\"yoast-schema-graph\">{\"@context\":\"https:\/\/schema.org\",\"@graph\":[{\"@type\":\"WebPage\",\"@id\":\"https:\/\/espak.ee\/epood\/toode\/ketaste-komplekt-3-osa-8510mm\/\",\"url\":\"https:\/\/espak.ee\/epood\/toode\/ketaste-komplekt-3-osa-8510mm\/\",\"name\":\"KETASTE KOMPLEKT 3 OSA 85*10MM - Espak E-pood\",\"isPartOf\":{\"@id\":\"https:\/\/espak.ee\/epood\/#website\"},\"primaryImageOfPage\":{\"@id\":\"https:\/\/espak.ee\/epood\/toode\/ketaste-komplekt-3-osa-8510mm\/#primaryimage\"},\"image\":{\"@id\":\"https:\/\/espak.ee\/epood\/toode\/ketaste-komplekt-3-osa-8510mm\/#primaryimage\"},\"thumbnailUrl\":\"https:\/\/espak.ee\/epood\/wp-content\/uploads\/575905-KWB-scaled.jpg\",\"datePublished\":\"2020-09-16T04:12:02+00:00\",\"dateModified\":\"2024-03-23T13:02:14+00:00\",\"breadcrumb\":{\"@id\":\"https:\/\/espak.ee\/epood\/toode\/ketaste-komplekt-3-osa-8510mm\/#breadcrumb\"},\"inLanguage\":\"et\",\"potentialAction\":[{\"@type\":\"ReadAction\",\"target\":[\"https:\/\/espak.ee\/epood\/toode\/ketaste-komplekt-3-osa-8510mm\/\"]}]},{\"@type\":\"ImageObject\",\"inLanguage\":\"et\",\"@id\":\"https:\/\/espak.ee\/epood\/toode\/ketaste-komplekt-3-osa-8510mm\/#primaryimage\",\"url\":\"https:\/\/espak.ee\/epood\/wp-content\/uploads\/575905-KWB-scaled.jpg\",\"contentUrl\":\"https:\/\/espak.ee\/epood\/wp-content\/uploads\/575905-KWB-scaled.jpg\",\"width\":2048,\"height\":2048},{\"@type\":\"BreadcrumbList\",\"@id\":\"https:\/\/espak.ee\/epood\/toode\/ketaste-komplekt-3-osa-8510mm\/#breadcrumb\",\"itemListElement\":[{\"@type\":\"ListItem\",\"position\":1,\"name\":\"Home\",\"item\":\"https:\/\/espak.ee\/epood\/\"},{\"@type\":\"ListItem\",\"position\":2,\"name\":\"Tootevalik\",\"item\":\"https:\/\/espak.ee\/epood\/tootevalik\/\"},{\"@type\":\"ListItem\",\"position\":3,\"name\":\"KETASTE KOMPLEKT 3 OSA 85*10MM\"}]},{\"@type\":\"WebSite\",\"@id\":\"https:\/\/espak.ee\/epood\/#website\",\"url\":\"https:\/\/espak.ee\/epood\/\",\"name\":\"Espak E-pood\",\"description\":\"\",\"potentialAction\":[{\"@type\":\"SearchAction\",\"target\":{\"@type\":\"EntryPoint\",\"urlTemplate\":\"https:\/\/espak.ee\/epood\/?s={search_term_string}\"},\"query-input\":{\"@type\":\"PropertyValueSpecification\",\"valueRequired\":true,\"valueName\":\"search_term_string\"}}],\"inLanguage\":\"et\"}]}<\/script>\n<!-- \/ Yoast SEO plugin. -->","yoast_head_json":{"title":"KETASTE KOMPLEKT 3 OSA 85*10MM - Espak E-pood","robots":{"index":"index","follow":"follow","max-snippet":"max-snippet:-1","max-image-preview":"max-image-preview:large","max-video-preview":"max-video-preview:-1"},"canonical":"https:\/\/espak.ee\/epood\/toode\/ketaste-komplekt-3-osa-8510mm\/","og_locale":"et_EE","og_type":"article","og_title":"KETASTE KOMPLEKT 3 OSA 85*10MM - Espak E-pood","og_description":"Tootekirjeldus:3-osaline mini-ketassae ketaste komplekt koosneb HSS-saelehest m\u00f5\u00f5tmetega 85 \u00d7 10 mm max kiirusega puut\u00f6\u00f6de jaoks 4000 p\/min. Lisaks kuulub komplekti TCT-saeleht m\u00f5\u00f5tmetega 85 \u00d7 10 mm kiirusega 8000 p\/min plasti ja puidu t\u00f6\u00f6tlemiseks, samuti teemantsaetera m\u00f5\u00f5tmetega 85 \u00d7 10 mm ja kiirusega 8000 p\/min kivit\u00f6\u00f6deks 5 mm paksuste plaatidega. Mini-ketassae ketaste komplekti kuuluvad lisavarustusena kuuskantv\u00f5ti [...]","og_url":"https:\/\/espak.ee\/epood\/toode\/ketaste-komplekt-3-osa-8510mm\/","og_site_name":"Espak E-pood","article_modified_time":"2024-03-23T13:02:14+00:00","og_image":[{"width":2048,"height":2048,"url":"https:\/\/espak.ee\/epood\/wp-content\/uploads\/575905-KWB-scaled.jpg","type":"image\/jpeg"}],"twitter_card":"summary_large_image","schema":{"@context":"https:\/\/schema.org","@graph":[{"@type":"WebPage","@id":"https:\/\/espak.ee\/epood\/toode\/ketaste-komplekt-3-osa-8510mm\/","url":"https:\/\/espak.ee\/epood\/toode\/ketaste-komplekt-3-osa-8510mm\/","name":"KETASTE KOMPLEKT 3 OSA 85*10MM - Espak E-pood","isPartOf":{"@id":"https:\/\/espak.ee\/epood\/#website"},"primaryImageOfPage":{"@id":"https:\/\/espak.ee\/epood\/toode\/ketaste-komplekt-3-osa-8510mm\/#primaryimage"},"image":{"@id":"https:\/\/espak.ee\/epood\/toode\/ketaste-komplekt-3-osa-8510mm\/#primaryimage"},"thumbnailUrl":"https:\/\/espak.ee\/epood\/wp-content\/uploads\/575905-KWB-scaled.jpg","datePublished":"2020-09-16T04:12:02+00:00","dateModified":"2024-03-23T13:02:14+00:00","breadcrumb":{"@id":"https:\/\/espak.ee\/epood\/toode\/ketaste-komplekt-3-osa-8510mm\/#breadcrumb"},"inLanguage":"et","potentialAction":[{"@type":"ReadAction","target":["https:\/\/espak.ee\/epood\/toode\/ketaste-komplekt-3-osa-8510mm\/"]}]},{"@type":"ImageObject","inLanguage":"et","@id":"https:\/\/espak.ee\/epood\/toode\/ketaste-komplekt-3-osa-8510mm\/#primaryimage","url":"https:\/\/espak.ee\/epood\/wp-content\/uploads\/575905-KWB-scaled.jpg","contentUrl":"https:\/\/espak.ee\/epood\/wp-content\/uploads\/575905-KWB-scaled.jpg","width":2048,"height":2048},{"@type":"BreadcrumbList","@id":"https:\/\/espak.ee\/epood\/toode\/ketaste-komplekt-3-osa-8510mm\/#breadcrumb","itemListElement":[{"@type":"ListItem","position":1,"name":"Home","item":"https:\/\/espak.ee\/epood\/"},{"@type":"ListItem","position":2,"name":"Tootevalik","item":"https:\/\/espak.ee\/epood\/tootevalik\/"},{"@type":"ListItem","position":3,"name":"KETASTE KOMPLEKT 3 OSA 85*10MM"}]},{"@type":"WebSite","@id":"https:\/\/espak.ee\/epood\/#website","url":"https:\/\/espak.ee\/epood\/","name":"Espak E-pood","description":"","potentialAction":[{"@type":"SearchAction","target":{"@type":"EntryPoint","urlTemplate":"https:\/\/espak.ee\/epood\/?s={search_term_string}"},"query-input":{"@type":"PropertyValueSpecification","valueRequired":true,"valueName":"search_term_string"}}],"inLanguage":"et"}]}},"_links":{"self":[{"href":"https:\/\/espak.ee\/epood\/wp-json\/wp\/v2\/product\/41392","targetHints":{"allow":["GET"]}}],"collection":[{"href":"https:\/\/espak.ee\/epood\/wp-json\/wp\/v2\/product"}],"about":[{"href":"https:\/\/espak.ee\/epood\/wp-json\/wp\/v2\/types\/product"}],"replies":[{"embeddable":true,"href":"https:\/\/espak.ee\/epood\/wp-json\/wp\/v2\/comments?post=41392"}],"wp:featuredmedia":[{"embeddable":true,"href":"https:\/\/espak.ee\/epood\/wp-json\/wp\/v2\/media\/56337"}],"wp:attachment":[{"href":"https:\/\/espak.ee\/epood\/wp-json\/wp\/v2\/media?parent=41392"}],"wp:term":[{"taxonomy":"product_brand","embeddable":true,"href":"https:\/\/espak.ee\/epood\/wp-json\/wp\/v2\/product_brand?post=41392"},{"taxonomy":"product_cat","embeddable":true,"href":"https:\/\/espak.ee\/epood\/wp-json\/wp\/v2\/product_cat?post=41392"},{"taxonomy":"product_tag","embeddable":true,"href":"https:\/\/espak.ee\/epood\/wp-json\/wp\/v2\/product_tag?post=41392"}],"curies":[{"name":"wp","href":"https:\/\/api.w.org\/{rel}","templated":true}]}}