{"id":41372,"date":"2020-09-16T07:11:51","date_gmt":"2020-09-16T04:11:51","guid":{"rendered":"https:\/\/espak.ee\/hinnakiri\/?post_type=product&#038;p=41372"},"modified":"2024-10-02T10:33:59","modified_gmt":"2024-10-02T07:33:59","slug":"peenpahtel-weber-lr-spray-15l","status":"publish","type":"product","link":"https:\/\/espak.ee\/epood\/toode\/peenpahtel-weber-lr-spray-15l\/","title":{"rendered":"PEENPAHTEL WEBER LR SPRAY 15L"},"content":{"rendered":"<div class=\"row\"  id=\"row-1904091232\">\n\n\t<div id=\"col-1231124348\" class=\"col medium-9 small-12 large-9\"  >\n\t\t\t\t<div class=\"col-inner\"  >\n\t\t\t\n\t\t\t\n<p>weber LR Spray on valmissegatud peen viimistluspahtel, mis on m\u00f5eldud seinte ja lagede viimistlemiseks kuivades ruumides (eluruumid, kontorid, b\u00fcrood, lasteaiad, koolid). Tagab piisavalt sileda pinna v\u00e4rvi ja tapeedi alla. Tarnitakse 15 l plastikaatkottides. Pinnale v\u00f5ib kanda nii pumbaga kui ka k\u00e4sitsi.<\/p>\n<div class=\"message-box relative\" style=\"padding-top:15px;padding-bottom:15px;\"><div class=\"message-box-bg-image bg-fill fill\" ><\/div><div class=\"message-box-bg-overlay bg-fill fill\" ><\/div><div class=\"container relative\"><div class=\"inner last-reset\"><div class=\"row align-middle align-center\"  id=\"row-739842486\">\n\t<div id=\"col-741062640\" class=\"col small-12 large-12\"  >\n\t\t\t\t<div class=\"col-inner text-left\"  >\n\t\t\t\n\t\t\t\n<h4>Omadused<\/h4>\n<p>\t\t\t<div class=\"row\"  id=\"row-633315359\">\n\t<div id=\"col-856020192\" class=\"col medium-6 small-12 large-6\"  >\n\t\t\t\t<div class=\"col-inner\"  >\n\t\t\t\n\t\t\t\n<p><i class=\"fa fa-paint-roller fa-2x\"><\/i> <strong>Kulunorm<\/strong> u 1,0 l\/m\u00b2\/1 mm<\/p>\n<p>\t\t\t\t\t\t<\/div>\n\t\t\t\t\n<style>\n#col-856020192 > .col-inner {\n  margin: 10px 0px 15px 0px;\n}\n<\/style>\n\t<\/div>\n\n\t\n\t<div id=\"col-1121834741\" class=\"col medium-6 small-12 large-6\"  >\n\t\t\t\t<div class=\"col-inner\"  >\n\t\t\t\n\t\t\t\n<p><i class=\"fa fa-clock-four fa-2x\"><\/i> <strong>Kuivamisaeg<\/strong> 1\u20262 p\u00e4eva<\/p>\n<p>\t\t\t\t\t\t<\/div>\n\t\t\t\t\n<style>\n#col-1121834741 > .col-inner {\n  margin: 10px 0px 15px 0px;\n}\n<\/style>\n\t<\/div>\n\n\t<\/div><div class=\"is-divider divider clearfix\" style=\"margin-top:20px;margin-bottom:20px;max-width:100%;height:2px;background-color:rgb(1, 27, 70);\"><\/div><div class=\"row\"  id=\"row-1784903939\">\n\t<div id=\"col-503891227\" class=\"col medium-6 small-12 large-6\"  >\n\t\t\t\t<div class=\"col-inner\"  >\n\t\t\t\n\t\t\t\n<p><i class=\"fa fa-check fa-2x\"><\/i> <strong>Tagab sileda pinna v\u00e4rvimiseks ja tapetseerimiseks<\/strong><\/p>\n<p><i class=\"fa fa-check fa-2x\"><\/i> <strong>Kerge lihvida<\/strong><\/p>\n\t\t<\/div>\n\t\t\t\t\n<style>\n#col-503891227 > .col-inner {\n  margin: 10px 0px 15px 0px;\n}\n<\/style>\n\t<\/div>\n\n\t\n\t<div id=\"col-1275297864\" class=\"col medium-6 small-12 large-6\"  >\n\t\t\t\t<div class=\"col-inner\"  >\n\t\t\t\n\t\t\t\n<p><i class=\"fa fa-check fa-2x\"><\/i> <strong>Lihtne paigaldada<\/strong><\/p>\n<p><i class=\"fa fa-check fa-2x\"><\/i> <strong>Suure nakketugevusega<\/strong><\/p>\n\t\t<\/div>\n\t\t\t\t\n<style>\n#col-1275297864 > .col-inner {\n  margin: 10px 0px 15px 0px;\n}\n<\/style>\n\t<\/div>\n\n\t<\/div>\t\t<\/div>\n\t\t\t\t\t<\/div>\n\n\t<\/div><\/div><\/div><\/div>\t<div id=\"gap-231985844\" class=\"gap-element clearfix\" style=\"display:block; height:auto;\">\n\t\t\n<style>\n#gap-231985844 {\n  padding-top: 30px;\n}\n<\/style>\n\t<\/div>\n\t\n<p><strong>Kasutamine:<\/strong> weber LR Spray on seinte ja lagede viimistluspahtel kuivades ruumides.<\/p>\n\t\t<\/div>\n\t\t\t\t\t<\/div>\n\n\t\n\n\t<div id=\"col-1580288687\" class=\"col medium-3 small-12 large-3\"  >\n\t\t\t\t<div class=\"col-inner\"  >\n\t\t\t\n\t\t\t\n<h3>DoP<\/h3>\n<p><a href=\"https:\/\/espak.ee\/epood\/wp-content\/uploads\/2020\/09\/weber_LR_Spray_DoP.pdf\"target=\"_blank\" rel=\"noopener noreferrer\"><i class=\"far fa-file-pdf\"><\/i> DoP (PDF)<\/a><\/p>\n<h3>Tooteleht<\/h3>\n<p><a href=\"https:\/\/espak.ee\/epood\/wp-content\/uploads\/2020\/09\/weber-LR-Spray-15-l.pdf\"target=\"_blank\" rel=\"noopener noreferrer\"><i class=\"far fa-file-pdf\"><\/i> Tooteleht (PDF)<\/a><\/p>\n<p><strong>\u00dcksikasjalikuma n\u00f5u saamiseks v\u00f5tke \u00fchendust:<br \/><\/strong>SAINT-GOBAIN EESTI AS, Peterburi tee 75, 11415 Tallinn, Telefon: +372 6209 510<\/p>\n\t\t<\/div>\n\t\t\t\t\t<\/div>\n\n\t\n<\/div>\n","protected":false},"excerpt":{"rendered":"","protected":false},"featured_media":67181,"comment_status":"closed","ping_status":"closed","template":"","meta":[],"product_brand":[],"product_cat":[2809,2698,2803,2697],"product_tag":[],"class_list":{"0":"post-41372","1":"product","2":"type-product","3":"status-publish","4":"has-post-thumbnail","6":"product_cat-erisegud","7":"product_cat-pahtlid-ja-kuivsegud","8":"product_cat-porandasegud","9":"product_cat-uldehitus","10":"pa_kaubamark-saint-gobain-ehitustooted-as","12":"first","13":"instock","14":"sale","15":"taxable","16":"shipping-taxable","17":"purchasable","18":"product-type-simple"},"yoast_head":"<!-- This site is optimized with the Yoast SEO plugin v26.9 - https:\/\/yoast.com\/product\/yoast-seo-wordpress\/ -->\n<title>PEENPAHTEL WEBER LR SPRAY 15L - Espak E-pood<\/title>\n<meta name=\"robots\" content=\"index, follow, max-snippet:-1, max-image-preview:large, max-video-preview:-1\" \/>\n<link rel=\"canonical\" href=\"https:\/\/espak.ee\/epood\/toode\/peenpahtel-weber-lr-spray-15l\/\" \/>\n<meta property=\"og:locale\" content=\"et_EE\" \/>\n<meta property=\"og:type\" content=\"article\" \/>\n<meta property=\"og:title\" content=\"PEENPAHTEL WEBER LR SPRAY 15L - Espak E-pood\" \/>\n<meta property=\"og:url\" content=\"https:\/\/espak.ee\/epood\/toode\/peenpahtel-weber-lr-spray-15l\/\" \/>\n<meta property=\"og:site_name\" content=\"Espak E-pood\" \/>\n<meta property=\"article:modified_time\" content=\"2024-10-02T07:33:59+00:00\" \/>\n<meta property=\"og:image\" content=\"https:\/\/espak.ee\/epood\/wp-content\/uploads\/1013583-scaled.jpg\" \/>\n\t<meta property=\"og:image:width\" content=\"2048\" \/>\n\t<meta property=\"og:image:height\" content=\"2048\" \/>\n\t<meta property=\"og:image:type\" content=\"image\/jpeg\" \/>\n<meta name=\"twitter:card\" content=\"summary_large_image\" \/>\n<meta name=\"twitter:label1\" content=\"Est. reading time\" \/>\n\t<meta name=\"twitter:data1\" content=\"1 minut\" \/>\n<script type=\"application\/ld+json\" class=\"yoast-schema-graph\">{\"@context\":\"https:\/\/schema.org\",\"@graph\":[{\"@type\":\"WebPage\",\"@id\":\"https:\/\/espak.ee\/epood\/toode\/peenpahtel-weber-lr-spray-15l\/\",\"url\":\"https:\/\/espak.ee\/epood\/toode\/peenpahtel-weber-lr-spray-15l\/\",\"name\":\"PEENPAHTEL WEBER LR SPRAY 15L - Espak E-pood\",\"isPartOf\":{\"@id\":\"https:\/\/espak.ee\/epood\/#website\"},\"primaryImageOfPage\":{\"@id\":\"https:\/\/espak.ee\/epood\/toode\/peenpahtel-weber-lr-spray-15l\/#primaryimage\"},\"image\":{\"@id\":\"https:\/\/espak.ee\/epood\/toode\/peenpahtel-weber-lr-spray-15l\/#primaryimage\"},\"thumbnailUrl\":\"https:\/\/espak.ee\/epood\/wp-content\/uploads\/1013583-scaled.jpg\",\"datePublished\":\"2020-09-16T04:11:51+00:00\",\"dateModified\":\"2024-10-02T07:33:59+00:00\",\"breadcrumb\":{\"@id\":\"https:\/\/espak.ee\/epood\/toode\/peenpahtel-weber-lr-spray-15l\/#breadcrumb\"},\"inLanguage\":\"et\",\"potentialAction\":[{\"@type\":\"ReadAction\",\"target\":[\"https:\/\/espak.ee\/epood\/toode\/peenpahtel-weber-lr-spray-15l\/\"]}]},{\"@type\":\"ImageObject\",\"inLanguage\":\"et\",\"@id\":\"https:\/\/espak.ee\/epood\/toode\/peenpahtel-weber-lr-spray-15l\/#primaryimage\",\"url\":\"https:\/\/espak.ee\/epood\/wp-content\/uploads\/1013583-scaled.jpg\",\"contentUrl\":\"https:\/\/espak.ee\/epood\/wp-content\/uploads\/1013583-scaled.jpg\",\"width\":2048,\"height\":2048},{\"@type\":\"BreadcrumbList\",\"@id\":\"https:\/\/espak.ee\/epood\/toode\/peenpahtel-weber-lr-spray-15l\/#breadcrumb\",\"itemListElement\":[{\"@type\":\"ListItem\",\"position\":1,\"name\":\"Home\",\"item\":\"https:\/\/espak.ee\/epood\/\"},{\"@type\":\"ListItem\",\"position\":2,\"name\":\"Tootevalik\",\"item\":\"https:\/\/espak.ee\/epood\/tootevalik\/\"},{\"@type\":\"ListItem\",\"position\":3,\"name\":\"PEENPAHTEL WEBER LR SPRAY 15L\"}]},{\"@type\":\"WebSite\",\"@id\":\"https:\/\/espak.ee\/epood\/#website\",\"url\":\"https:\/\/espak.ee\/epood\/\",\"name\":\"Espak E-pood\",\"description\":\"\",\"potentialAction\":[{\"@type\":\"SearchAction\",\"target\":{\"@type\":\"EntryPoint\",\"urlTemplate\":\"https:\/\/espak.ee\/epood\/?s={search_term_string}\"},\"query-input\":{\"@type\":\"PropertyValueSpecification\",\"valueRequired\":true,\"valueName\":\"search_term_string\"}}],\"inLanguage\":\"et\"}]}<\/script>\n<!-- \/ Yoast SEO plugin. -->","yoast_head_json":{"title":"PEENPAHTEL WEBER LR SPRAY 15L - Espak E-pood","robots":{"index":"index","follow":"follow","max-snippet":"max-snippet:-1","max-image-preview":"max-image-preview:large","max-video-preview":"max-video-preview:-1"},"canonical":"https:\/\/espak.ee\/epood\/toode\/peenpahtel-weber-lr-spray-15l\/","og_locale":"et_EE","og_type":"article","og_title":"PEENPAHTEL WEBER LR SPRAY 15L - Espak E-pood","og_url":"https:\/\/espak.ee\/epood\/toode\/peenpahtel-weber-lr-spray-15l\/","og_site_name":"Espak E-pood","article_modified_time":"2024-10-02T07:33:59+00:00","og_image":[{"width":2048,"height":2048,"url":"https:\/\/espak.ee\/epood\/wp-content\/uploads\/1013583-scaled.jpg","type":"image\/jpeg"}],"twitter_card":"summary_large_image","twitter_misc":{"Est. reading time":"1 minut"},"schema":{"@context":"https:\/\/schema.org","@graph":[{"@type":"WebPage","@id":"https:\/\/espak.ee\/epood\/toode\/peenpahtel-weber-lr-spray-15l\/","url":"https:\/\/espak.ee\/epood\/toode\/peenpahtel-weber-lr-spray-15l\/","name":"PEENPAHTEL WEBER LR SPRAY 15L - Espak E-pood","isPartOf":{"@id":"https:\/\/espak.ee\/epood\/#website"},"primaryImageOfPage":{"@id":"https:\/\/espak.ee\/epood\/toode\/peenpahtel-weber-lr-spray-15l\/#primaryimage"},"image":{"@id":"https:\/\/espak.ee\/epood\/toode\/peenpahtel-weber-lr-spray-15l\/#primaryimage"},"thumbnailUrl":"https:\/\/espak.ee\/epood\/wp-content\/uploads\/1013583-scaled.jpg","datePublished":"2020-09-16T04:11:51+00:00","dateModified":"2024-10-02T07:33:59+00:00","breadcrumb":{"@id":"https:\/\/espak.ee\/epood\/toode\/peenpahtel-weber-lr-spray-15l\/#breadcrumb"},"inLanguage":"et","potentialAction":[{"@type":"ReadAction","target":["https:\/\/espak.ee\/epood\/toode\/peenpahtel-weber-lr-spray-15l\/"]}]},{"@type":"ImageObject","inLanguage":"et","@id":"https:\/\/espak.ee\/epood\/toode\/peenpahtel-weber-lr-spray-15l\/#primaryimage","url":"https:\/\/espak.ee\/epood\/wp-content\/uploads\/1013583-scaled.jpg","contentUrl":"https:\/\/espak.ee\/epood\/wp-content\/uploads\/1013583-scaled.jpg","width":2048,"height":2048},{"@type":"BreadcrumbList","@id":"https:\/\/espak.ee\/epood\/toode\/peenpahtel-weber-lr-spray-15l\/#breadcrumb","itemListElement":[{"@type":"ListItem","position":1,"name":"Home","item":"https:\/\/espak.ee\/epood\/"},{"@type":"ListItem","position":2,"name":"Tootevalik","item":"https:\/\/espak.ee\/epood\/tootevalik\/"},{"@type":"ListItem","position":3,"name":"PEENPAHTEL WEBER LR SPRAY 15L"}]},{"@type":"WebSite","@id":"https:\/\/espak.ee\/epood\/#website","url":"https:\/\/espak.ee\/epood\/","name":"Espak E-pood","description":"","potentialAction":[{"@type":"SearchAction","target":{"@type":"EntryPoint","urlTemplate":"https:\/\/espak.ee\/epood\/?s={search_term_string}"},"query-input":{"@type":"PropertyValueSpecification","valueRequired":true,"valueName":"search_term_string"}}],"inLanguage":"et"}]}},"_links":{"self":[{"href":"https:\/\/espak.ee\/epood\/wp-json\/wp\/v2\/product\/41372","targetHints":{"allow":["GET"]}}],"collection":[{"href":"https:\/\/espak.ee\/epood\/wp-json\/wp\/v2\/product"}],"about":[{"href":"https:\/\/espak.ee\/epood\/wp-json\/wp\/v2\/types\/product"}],"replies":[{"embeddable":true,"href":"https:\/\/espak.ee\/epood\/wp-json\/wp\/v2\/comments?post=41372"}],"wp:featuredmedia":[{"embeddable":true,"href":"https:\/\/espak.ee\/epood\/wp-json\/wp\/v2\/media\/67181"}],"wp:attachment":[{"href":"https:\/\/espak.ee\/epood\/wp-json\/wp\/v2\/media?parent=41372"}],"wp:term":[{"taxonomy":"product_brand","embeddable":true,"href":"https:\/\/espak.ee\/epood\/wp-json\/wp\/v2\/product_brand?post=41372"},{"taxonomy":"product_cat","embeddable":true,"href":"https:\/\/espak.ee\/epood\/wp-json\/wp\/v2\/product_cat?post=41372"},{"taxonomy":"product_tag","embeddable":true,"href":"https:\/\/espak.ee\/epood\/wp-json\/wp\/v2\/product_tag?post=41372"}],"curies":[{"name":"wp","href":"https:\/\/api.w.org\/{rel}","templated":true}]}}