{"id":41370,"date":"2020-09-16T07:11:46","date_gmt":"2020-09-16T04:11:46","guid":{"rendered":"https:\/\/espak.ee\/hinnakiri\/?post_type=product&#038;p=41370"},"modified":"2025-08-12T20:47:26","modified_gmt":"2025-08-12T17:47:26","slug":"isetasanduv-segu-weberfloor-200-rapid-20kg","status":"publish","type":"product","link":"https:\/\/espak.ee\/epood\/toode\/isetasanduv-segu-weberfloor-200-rapid-20kg\/","title":{"rendered":"ISETASANDUV SEGU WEBERFLOOR 200 RAPID 20KG"},"content":{"rendered":"<div class=\"row\"  id=\"row-1331092958\">\n\n\t<div id=\"col-74291444\" class=\"col medium-9 small-12 large-9\"  >\n\t\t\t\t<div class=\"col-inner\"  >\n\t\t\t\n\t\t\t\n<p>Kiiresti kivistuv fiiberkiududega armeeritud isevalguv ja -tasanduv p\u00f5randasegu problemaatiliste alupindade tasandamiseks. K\u00e4sitsi ja pumbaga paigaldatav. Kihipaksus 5&#8230;50 mm, ujuvap\u00f5randana alates 20 mm.<\/p>\n<div class=\"message-box relative\" style=\"padding-top:15px;padding-bottom:15px;\"><div class=\"message-box-bg-image bg-fill fill\" ><\/div><div class=\"message-box-bg-overlay bg-fill fill\" ><\/div><div class=\"container relative\"><div class=\"inner last-reset\"><div class=\"row align-middle align-center\"  id=\"row-970965307\">\n\t<div id=\"col-1472554836\" class=\"col small-12 large-12\"  >\n\t\t\t\t<div class=\"col-inner text-left\"  >\n\t\t\t\n\t\t\t\n<h4>Omadused<\/h4>\n<p>\t\t\t<div class=\"row\"  id=\"row-231874575\">\n\t<div id=\"col-1496386012\" class=\"col medium-6 small-12 large-6\"  >\n\t\t\t\t<div class=\"col-inner\"  >\n\t\t\t\n\t\t\t\n<p><i class=\"fa fa-paint-roller fa-2x\"><\/i> <strong>Kulunorm<\/strong> 1,7 kg\/m\u00b2\/mm<\/p>\n<p>\t\t\t\t\t\t<\/div>\n\t\t\t\t\n<style>\n#col-1496386012 > .col-inner {\n  margin: 10px 0px 15px 0px;\n}\n<\/style>\n\t<\/div>\n\n\t\n\t<div id=\"col-721079427\" class=\"col medium-6 small-12 large-6\"  >\n\t\t\t\t<div class=\"col-inner\"  >\n\t\t\t\n\t\t\t\n<p><i class=\"fa fa-clock-four fa-2x\"><\/i> <strong>Kuivamisaeg<\/strong> 1&#8230;3 p\u00e4eva (+20\u00b0C, 50% RH) kuni 30 mm kiht<\/p>\n<p>\t\t\t\t\t\t<\/div>\n\t\t\t\t\n<style>\n#col-721079427 > .col-inner {\n  margin: 10px 0px 15px 0px;\n}\n<\/style>\n\t<\/div>\n\n\t<\/div><div class=\"is-divider divider clearfix\" style=\"margin-top:20px;margin-bottom:20px;max-width:100%;height:2px;background-color:rgb(1, 27, 70);\"><\/div><div class=\"row\"  id=\"row-308062726\">\n\t<div id=\"col-1021372489\" class=\"col medium-6 small-12 large-6\"  >\n\t\t\t\t<div class=\"col-inner\"  >\n\t\t\t\n\t\t\t\n<p><i class=\"fa fa-check fa-2x\"><\/i> <strong>Elastne, sisaldab fiiberkiudusid<\/strong><\/p>\n<p><i class=\"fa fa-check fa-2x\"><\/i> <strong>Tugev<\/strong><\/p>\n\t\t<\/div>\n\t\t\t\t\n<style>\n#col-1021372489 > .col-inner {\n  margin: 10px 0px 15px 0px;\n}\n<\/style>\n\t<\/div>\n\n\t\n\t<div id=\"col-1418790019\" class=\"col medium-6 small-12 large-6\"  >\n\t\t\t\t<div class=\"col-inner\"  >\n\t\t\t\n\t\t\t\n<p><i class=\"fa fa-check fa-2x\"><\/i> <strong>Isevalguv ja -tasanduv<\/strong><\/p>\n<p><i class=\"fa fa-check fa-2x\"><\/i> <strong>V\u00e4ga hea t\u00f6\u00f6deldavuse ja valguvusega<\/strong><\/p>\n\t\t<\/div>\n\t\t\t\t\n<style>\n#col-1418790019 > .col-inner {\n  margin: 10px 0px 15px 0px;\n}\n<\/style>\n\t<\/div>\n\n\t<\/div>\t\t<\/div>\n\t\t\t\t\t<\/div>\n\n\t<\/div><\/div><\/div><\/div>\t<div id=\"gap-1407661872\" class=\"gap-element clearfix\" style=\"display:block; height:auto;\">\n\t\t\n<style>\n#gap-1407661872 {\n  padding-top: 30px;\n}\n<\/style>\n\t<\/div>\n\t\n<p><strong>Kasutamine:<\/strong> weberfloor 200 RAPID on m\u00f5eldud n\u00f5rkade, ebastabiilsete ja ebatasaste p\u00f5randate tasandamiseks sisetingimustes. Kui aluspinnaga pole v\u00f5imalik naket saavutada, saab segu kasutada ka ujuvp\u00f5randate ehituseks. Ujuvp\u00f5randa minimaalne paksus on 20 mm. Kasutatakse koos teras- v\u00f5i klaaskiudv\u00f5rguga.<\/p>\n\t\t<\/div>\n\t\t\t\t\t<\/div>\n\n\t\n\n\t<div id=\"col-1432430490\" class=\"col medium-3 small-12 large-3\"  >\n\t\t\t\t<div class=\"col-inner\"  >\n\t\t\t\n\t\t\t\n<h3>Ohutuskaart<\/h3>\n<p><a href=\"https:\/\/espak.ee\/epood\/wp-content\/uploads\/2020\/09\/SDS358P0578_-_3_-_weberfloor_200_RAPID_-_EE.pdf\"target=\"_blank\" rel=\"noopener noreferrer\"><i class=\"far fa-file-pdf\"><\/i> Ohutukaart (PDF)<\/a><\/p>\n<h3>Tooteleht<\/h3>\n<p><a href=\"https:\/\/espak.ee\/epood\/wp-content\/uploads\/2020\/09\/weber_floor_200Rapid_kavand.pdf\"target=\"_blank\" rel=\"noopener noreferrer\"><i class=\"far fa-file-pdf\"><\/i> Tooteleht (PDF)<\/a><\/p>\n<h3>DoP<\/h3>\n<p><a href=\"https:\/\/espak.ee\/epood\/wp-content\/uploads\/2020\/09\/toimivusdeklaratsioon_weber.floor_200.pdf\"target=\"_blank\" rel=\"noopener noreferrer\"><i class=\"far fa-file-pdf\"><\/i> DoP (PDF)<\/a><\/p>\n<h3>Bro\u0161\u00fc\u00fcr<\/h3>\n<p><a href=\"https:\/\/espak.ee\/epood\/wp-content\/uploads\/2020\/09\/Weber-porandate-lahendused-PREVIEW-4.pdf\"target=\"_blank\" rel=\"noopener noreferrer\"><i class=\"far fa-file-pdf\"><\/i> Weber p\u00f5randate lahendused (PDF)<\/a><\/p>\n<p><strong>\u00dcksikasjalikuma n\u00f5u saamiseks v\u00f5tke \u00fchendust:<br \/><\/strong>SAINT-GOBAIN EESTI AS, Peterburi tee 75, 11415 Tallinn, Telefon: +372 6209 510<\/p>\n\t\t<\/div>\n\t\t\t\t\t<\/div>\n\n\t\n<\/div>\n","protected":false},"excerpt":{"rendered":"","protected":false},"featured_media":67246,"comment_status":"closed","ping_status":"closed","template":"","meta":[],"product_brand":[],"product_cat":[2809,2698,2803,2697],"product_tag":[],"class_list":{"0":"post-41370","1":"product","2":"type-product","3":"status-publish","4":"has-post-thumbnail","6":"product_cat-erisegud","7":"product_cat-pahtlid-ja-kuivsegud","8":"product_cat-porandasegud","9":"product_cat-uldehitus","10":"pa_kaubamark-saint-gobain-ehitustooted-as","12":"first","13":"instock","14":"sale","15":"taxable","16":"shipping-taxable","17":"purchasable","18":"product-type-simple"},"yoast_head":"<!-- This site is optimized with the Yoast SEO plugin v26.9 - https:\/\/yoast.com\/product\/yoast-seo-wordpress\/ -->\n<title>ISETASANDUV SEGU WEBERFLOOR 200 RAPID 20KG - Espak E-pood<\/title>\n<meta name=\"robots\" content=\"index, follow, max-snippet:-1, max-image-preview:large, max-video-preview:-1\" \/>\n<link rel=\"canonical\" href=\"https:\/\/espak.ee\/epood\/toode\/isetasanduv-segu-weberfloor-200-rapid-20kg\/\" \/>\n<meta property=\"og:locale\" content=\"et_EE\" \/>\n<meta property=\"og:type\" content=\"article\" \/>\n<meta property=\"og:title\" content=\"ISETASANDUV SEGU WEBERFLOOR 200 RAPID 20KG - Espak E-pood\" \/>\n<meta property=\"og:url\" content=\"https:\/\/espak.ee\/epood\/toode\/isetasanduv-segu-weberfloor-200-rapid-20kg\/\" \/>\n<meta property=\"og:site_name\" content=\"Espak E-pood\" \/>\n<meta property=\"article:modified_time\" content=\"2025-08-12T17:47:26+00:00\" \/>\n<meta property=\"og:image\" content=\"https:\/\/espak.ee\/epood\/wp-content\/uploads\/1013854-scaled.jpg\" \/>\n\t<meta property=\"og:image:width\" content=\"2048\" \/>\n\t<meta property=\"og:image:height\" content=\"2048\" \/>\n\t<meta property=\"og:image:type\" content=\"image\/jpeg\" \/>\n<meta name=\"twitter:card\" content=\"summary_large_image\" \/>\n<meta name=\"twitter:label1\" content=\"Est. reading time\" \/>\n\t<meta name=\"twitter:data1\" content=\"1 minut\" \/>\n<script type=\"application\/ld+json\" class=\"yoast-schema-graph\">{\"@context\":\"https:\/\/schema.org\",\"@graph\":[{\"@type\":\"WebPage\",\"@id\":\"https:\/\/espak.ee\/epood\/toode\/isetasanduv-segu-weberfloor-200-rapid-20kg\/\",\"url\":\"https:\/\/espak.ee\/epood\/toode\/isetasanduv-segu-weberfloor-200-rapid-20kg\/\",\"name\":\"ISETASANDUV SEGU WEBERFLOOR 200 RAPID 20KG - Espak E-pood\",\"isPartOf\":{\"@id\":\"https:\/\/espak.ee\/epood\/#website\"},\"primaryImageOfPage\":{\"@id\":\"https:\/\/espak.ee\/epood\/toode\/isetasanduv-segu-weberfloor-200-rapid-20kg\/#primaryimage\"},\"image\":{\"@id\":\"https:\/\/espak.ee\/epood\/toode\/isetasanduv-segu-weberfloor-200-rapid-20kg\/#primaryimage\"},\"thumbnailUrl\":\"https:\/\/espak.ee\/epood\/wp-content\/uploads\/1013854-scaled.jpg\",\"datePublished\":\"2020-09-16T04:11:46+00:00\",\"dateModified\":\"2025-08-12T17:47:26+00:00\",\"breadcrumb\":{\"@id\":\"https:\/\/espak.ee\/epood\/toode\/isetasanduv-segu-weberfloor-200-rapid-20kg\/#breadcrumb\"},\"inLanguage\":\"et\",\"potentialAction\":[{\"@type\":\"ReadAction\",\"target\":[\"https:\/\/espak.ee\/epood\/toode\/isetasanduv-segu-weberfloor-200-rapid-20kg\/\"]}]},{\"@type\":\"ImageObject\",\"inLanguage\":\"et\",\"@id\":\"https:\/\/espak.ee\/epood\/toode\/isetasanduv-segu-weberfloor-200-rapid-20kg\/#primaryimage\",\"url\":\"https:\/\/espak.ee\/epood\/wp-content\/uploads\/1013854-scaled.jpg\",\"contentUrl\":\"https:\/\/espak.ee\/epood\/wp-content\/uploads\/1013854-scaled.jpg\",\"width\":2048,\"height\":2048},{\"@type\":\"BreadcrumbList\",\"@id\":\"https:\/\/espak.ee\/epood\/toode\/isetasanduv-segu-weberfloor-200-rapid-20kg\/#breadcrumb\",\"itemListElement\":[{\"@type\":\"ListItem\",\"position\":1,\"name\":\"Home\",\"item\":\"https:\/\/espak.ee\/epood\/\"},{\"@type\":\"ListItem\",\"position\":2,\"name\":\"Tootevalik\",\"item\":\"https:\/\/espak.ee\/epood\/tootevalik\/\"},{\"@type\":\"ListItem\",\"position\":3,\"name\":\"ISETASANDUV SEGU WEBERFLOOR 200 RAPID 20KG\"}]},{\"@type\":\"WebSite\",\"@id\":\"https:\/\/espak.ee\/epood\/#website\",\"url\":\"https:\/\/espak.ee\/epood\/\",\"name\":\"Espak E-pood\",\"description\":\"\",\"potentialAction\":[{\"@type\":\"SearchAction\",\"target\":{\"@type\":\"EntryPoint\",\"urlTemplate\":\"https:\/\/espak.ee\/epood\/?s={search_term_string}\"},\"query-input\":{\"@type\":\"PropertyValueSpecification\",\"valueRequired\":true,\"valueName\":\"search_term_string\"}}],\"inLanguage\":\"et\"}]}<\/script>\n<!-- \/ Yoast SEO plugin. -->","yoast_head_json":{"title":"ISETASANDUV SEGU WEBERFLOOR 200 RAPID 20KG - Espak E-pood","robots":{"index":"index","follow":"follow","max-snippet":"max-snippet:-1","max-image-preview":"max-image-preview:large","max-video-preview":"max-video-preview:-1"},"canonical":"https:\/\/espak.ee\/epood\/toode\/isetasanduv-segu-weberfloor-200-rapid-20kg\/","og_locale":"et_EE","og_type":"article","og_title":"ISETASANDUV SEGU WEBERFLOOR 200 RAPID 20KG - Espak E-pood","og_url":"https:\/\/espak.ee\/epood\/toode\/isetasanduv-segu-weberfloor-200-rapid-20kg\/","og_site_name":"Espak E-pood","article_modified_time":"2025-08-12T17:47:26+00:00","og_image":[{"width":2048,"height":2048,"url":"https:\/\/espak.ee\/epood\/wp-content\/uploads\/1013854-scaled.jpg","type":"image\/jpeg"}],"twitter_card":"summary_large_image","twitter_misc":{"Est. reading time":"1 minut"},"schema":{"@context":"https:\/\/schema.org","@graph":[{"@type":"WebPage","@id":"https:\/\/espak.ee\/epood\/toode\/isetasanduv-segu-weberfloor-200-rapid-20kg\/","url":"https:\/\/espak.ee\/epood\/toode\/isetasanduv-segu-weberfloor-200-rapid-20kg\/","name":"ISETASANDUV SEGU WEBERFLOOR 200 RAPID 20KG - Espak E-pood","isPartOf":{"@id":"https:\/\/espak.ee\/epood\/#website"},"primaryImageOfPage":{"@id":"https:\/\/espak.ee\/epood\/toode\/isetasanduv-segu-weberfloor-200-rapid-20kg\/#primaryimage"},"image":{"@id":"https:\/\/espak.ee\/epood\/toode\/isetasanduv-segu-weberfloor-200-rapid-20kg\/#primaryimage"},"thumbnailUrl":"https:\/\/espak.ee\/epood\/wp-content\/uploads\/1013854-scaled.jpg","datePublished":"2020-09-16T04:11:46+00:00","dateModified":"2025-08-12T17:47:26+00:00","breadcrumb":{"@id":"https:\/\/espak.ee\/epood\/toode\/isetasanduv-segu-weberfloor-200-rapid-20kg\/#breadcrumb"},"inLanguage":"et","potentialAction":[{"@type":"ReadAction","target":["https:\/\/espak.ee\/epood\/toode\/isetasanduv-segu-weberfloor-200-rapid-20kg\/"]}]},{"@type":"ImageObject","inLanguage":"et","@id":"https:\/\/espak.ee\/epood\/toode\/isetasanduv-segu-weberfloor-200-rapid-20kg\/#primaryimage","url":"https:\/\/espak.ee\/epood\/wp-content\/uploads\/1013854-scaled.jpg","contentUrl":"https:\/\/espak.ee\/epood\/wp-content\/uploads\/1013854-scaled.jpg","width":2048,"height":2048},{"@type":"BreadcrumbList","@id":"https:\/\/espak.ee\/epood\/toode\/isetasanduv-segu-weberfloor-200-rapid-20kg\/#breadcrumb","itemListElement":[{"@type":"ListItem","position":1,"name":"Home","item":"https:\/\/espak.ee\/epood\/"},{"@type":"ListItem","position":2,"name":"Tootevalik","item":"https:\/\/espak.ee\/epood\/tootevalik\/"},{"@type":"ListItem","position":3,"name":"ISETASANDUV SEGU WEBERFLOOR 200 RAPID 20KG"}]},{"@type":"WebSite","@id":"https:\/\/espak.ee\/epood\/#website","url":"https:\/\/espak.ee\/epood\/","name":"Espak E-pood","description":"","potentialAction":[{"@type":"SearchAction","target":{"@type":"EntryPoint","urlTemplate":"https:\/\/espak.ee\/epood\/?s={search_term_string}"},"query-input":{"@type":"PropertyValueSpecification","valueRequired":true,"valueName":"search_term_string"}}],"inLanguage":"et"}]}},"_links":{"self":[{"href":"https:\/\/espak.ee\/epood\/wp-json\/wp\/v2\/product\/41370","targetHints":{"allow":["GET"]}}],"collection":[{"href":"https:\/\/espak.ee\/epood\/wp-json\/wp\/v2\/product"}],"about":[{"href":"https:\/\/espak.ee\/epood\/wp-json\/wp\/v2\/types\/product"}],"replies":[{"embeddable":true,"href":"https:\/\/espak.ee\/epood\/wp-json\/wp\/v2\/comments?post=41370"}],"wp:featuredmedia":[{"embeddable":true,"href":"https:\/\/espak.ee\/epood\/wp-json\/wp\/v2\/media\/67246"}],"wp:attachment":[{"href":"https:\/\/espak.ee\/epood\/wp-json\/wp\/v2\/media?parent=41370"}],"wp:term":[{"taxonomy":"product_brand","embeddable":true,"href":"https:\/\/espak.ee\/epood\/wp-json\/wp\/v2\/product_brand?post=41370"},{"taxonomy":"product_cat","embeddable":true,"href":"https:\/\/espak.ee\/epood\/wp-json\/wp\/v2\/product_cat?post=41370"},{"taxonomy":"product_tag","embeddable":true,"href":"https:\/\/espak.ee\/epood\/wp-json\/wp\/v2\/product_tag?post=41370"}],"curies":[{"name":"wp","href":"https:\/\/api.w.org\/{rel}","templated":true}]}}