{"id":41199,"date":"2020-09-12T06:56:17","date_gmt":"2020-09-12T03:56:17","guid":{"rendered":"https:\/\/espak.ee\/hinnakiri\/?post_type=product&#038;p=41199"},"modified":"2025-09-01T14:50:09","modified_gmt":"2025-09-01T11:50:09","slug":"puidukruvi-lapikpea-tll-80100-tx40","status":"publish","type":"product","link":"https:\/\/espak.ee\/epood\/toode\/puidukruvi-lapikpea-tll-80100-tx40\/","title":{"rendered":"PUIDUKRUVI LAPIKPEA TLL 8,0*100 TX40"},"content":{"rendered":"<div class=\"row\"  id=\"row-554321825\">\n\n\t<div id=\"col-168365885\" class=\"col medium-9 small-12 large-9\"  >\n\t\t\t\t<div class=\"col-inner\"  >\n\t\t\t\n\t\t\t\n<h3>Puidukruvi lapikpea TLL 8,0*100  <\/h3>\n<p>Terasest tsingitud lapikpeaga puidukruvi. Kruvil on as\u00fcmmeetriline nn \u201dvihmavarju\u201d keere, mis tagab tiheda \u00fchenduse seotavate detailide vahel. Kruvil olev TORX- otsak ja l\u00f5ikesoon v\u00f5imaldavad kruvi paigaldada kiirelt ja lihtsalt, ilma puitu liigselt kahjustamata.<br \/>\nKruvi tootmisel kasutatud terase suurep\u00e4rane purunemiskindlus ja paindlikus (fy, k= 1000 N\/mm2) ning v\u00e4ga suur v\u00e4\u00e4ndetugevus (ftor, k) tagavad, et kruvi ei murdu puidu paisumise\/kahanemise nn \u201cm\u00e4ngimise\u201d k\u00e4igus ja konstruktsioon p\u00fcsib stabiilne.<br \/>\nKruvi on sertifitseeritud ka kruvimiseks pikikiudu (0\u00b0-90\u00b0).<\/p>\n<p>Toode omab ETA sertifikaati <strong><a href=\"https:\/\/www.rothoblaas.com\/ftp\/ETA_11_0030_RB_screws_2019.pdf\">ETA-11\/0030<\/a><\/strong>.<\/p>\n\t\t<\/div>\n\t\t\t\t\t<\/div>\n\n\t\n\n\t<div id=\"col-1516459172\" class=\"col medium-3 small-12 large-3\"  >\n\t\t\t\t<div class=\"col-inner\"  >\n\t\t\t\n\t\t\t\n\t<div id=\"gap-113701686\" class=\"gap-element clearfix\" style=\"display:block; height:auto;\">\n\t\t\n<style>\n#gap-113701686 {\n  padding-top: 30px;\n}\n<\/style>\n\t<\/div>\n\t\n<p><strong>\u00dcksikasjalikuma n\u00f5u saamiseks v\u00f5tke \u00fchendust:<br \/><\/strong>Espak AS<br \/>Viadukti 42<br \/>11313<br \/>Tallinn<br \/>+372 6 512333<\/p>\n\t\t<\/div>\n\t\t\t\t\t<\/div>\n\n\t\n<\/div>\n","protected":false},"excerpt":{"rendered":"","protected":false},"featured_media":41206,"comment_status":"closed","ping_status":"open","template":"","meta":[],"product_brand":[],"product_cat":[2917,2938,3085,2893],"product_tag":[],"class_list":{"0":"post-41199","1":"product","2":"type-product","3":"status-publish","4":"has-post-thumbnail","6":"product_cat-kinnitustarvikud","7":"product_cat-kruvid","8":"product_cat-puidukruvid-lapikpea-torx","9":"product_cat-rauakaubad","10":"pa_kaubamark-holz-technic","12":"first","13":"instock","14":"sale","15":"taxable","16":"shipping-taxable","17":"purchasable","18":"product-type-simple"},"yoast_head":"<!-- This site is optimized with the Yoast SEO plugin v26.9 - https:\/\/yoast.com\/product\/yoast-seo-wordpress\/ -->\n<title>PUIDUKRUVI LAPIKPEA TLL 8,0*100 TX40 - Espak E-pood<\/title>\n<meta name=\"robots\" content=\"index, follow, max-snippet:-1, max-image-preview:large, max-video-preview:-1\" \/>\n<link rel=\"canonical\" href=\"https:\/\/espak.ee\/epood\/toode\/puidukruvi-lapikpea-tll-80100-tx40\/\" \/>\n<meta property=\"og:locale\" content=\"et_EE\" \/>\n<meta property=\"og:type\" content=\"article\" \/>\n<meta property=\"og:title\" content=\"PUIDUKRUVI LAPIKPEA TLL 8,0*100 TX40 - Espak E-pood\" \/>\n<meta property=\"og:url\" content=\"https:\/\/espak.ee\/epood\/toode\/puidukruvi-lapikpea-tll-80100-tx40\/\" \/>\n<meta property=\"og:site_name\" content=\"Espak E-pood\" \/>\n<meta property=\"article:modified_time\" content=\"2025-09-01T11:50:09+00:00\" \/>\n<meta property=\"og:image\" content=\"https:\/\/espak.ee\/epood\/wp-content\/uploads\/Rothoblaas_0003_TLL_RP.jpg\" \/>\n\t<meta property=\"og:image:width\" content=\"1000\" \/>\n\t<meta property=\"og:image:height\" content=\"1000\" \/>\n\t<meta property=\"og:image:type\" content=\"image\/jpeg\" \/>\n<meta name=\"twitter:card\" content=\"summary_large_image\" \/>\n<meta name=\"twitter:label1\" content=\"Est. reading time\" \/>\n\t<meta name=\"twitter:data1\" content=\"1 minut\" \/>\n<script type=\"application\/ld+json\" class=\"yoast-schema-graph\">{\"@context\":\"https:\/\/schema.org\",\"@graph\":[{\"@type\":\"WebPage\",\"@id\":\"https:\/\/espak.ee\/epood\/toode\/puidukruvi-lapikpea-tll-80100-tx40\/\",\"url\":\"https:\/\/espak.ee\/epood\/toode\/puidukruvi-lapikpea-tll-80100-tx40\/\",\"name\":\"PUIDUKRUVI LAPIKPEA TLL 8,0*100 TX40 - Espak E-pood\",\"isPartOf\":{\"@id\":\"https:\/\/espak.ee\/epood\/#website\"},\"primaryImageOfPage\":{\"@id\":\"https:\/\/espak.ee\/epood\/toode\/puidukruvi-lapikpea-tll-80100-tx40\/#primaryimage\"},\"image\":{\"@id\":\"https:\/\/espak.ee\/epood\/toode\/puidukruvi-lapikpea-tll-80100-tx40\/#primaryimage\"},\"thumbnailUrl\":\"https:\/\/espak.ee\/epood\/wp-content\/uploads\/Rothoblaas_0003_TLL_RP.jpg\",\"datePublished\":\"2020-09-12T03:56:17+00:00\",\"dateModified\":\"2025-09-01T11:50:09+00:00\",\"breadcrumb\":{\"@id\":\"https:\/\/espak.ee\/epood\/toode\/puidukruvi-lapikpea-tll-80100-tx40\/#breadcrumb\"},\"inLanguage\":\"et\",\"potentialAction\":[{\"@type\":\"ReadAction\",\"target\":[\"https:\/\/espak.ee\/epood\/toode\/puidukruvi-lapikpea-tll-80100-tx40\/\"]}]},{\"@type\":\"ImageObject\",\"inLanguage\":\"et\",\"@id\":\"https:\/\/espak.ee\/epood\/toode\/puidukruvi-lapikpea-tll-80100-tx40\/#primaryimage\",\"url\":\"https:\/\/espak.ee\/epood\/wp-content\/uploads\/Rothoblaas_0003_TLL_RP.jpg\",\"contentUrl\":\"https:\/\/espak.ee\/epood\/wp-content\/uploads\/Rothoblaas_0003_TLL_RP.jpg\",\"width\":1000,\"height\":1000},{\"@type\":\"BreadcrumbList\",\"@id\":\"https:\/\/espak.ee\/epood\/toode\/puidukruvi-lapikpea-tll-80100-tx40\/#breadcrumb\",\"itemListElement\":[{\"@type\":\"ListItem\",\"position\":1,\"name\":\"Home\",\"item\":\"https:\/\/espak.ee\/epood\/\"},{\"@type\":\"ListItem\",\"position\":2,\"name\":\"Tootevalik\",\"item\":\"https:\/\/espak.ee\/epood\/tootevalik\/\"},{\"@type\":\"ListItem\",\"position\":3,\"name\":\"PUIDUKRUVI LAPIKPEA TLL 8,0*100 TX40\"}]},{\"@type\":\"WebSite\",\"@id\":\"https:\/\/espak.ee\/epood\/#website\",\"url\":\"https:\/\/espak.ee\/epood\/\",\"name\":\"Espak E-pood\",\"description\":\"\",\"potentialAction\":[{\"@type\":\"SearchAction\",\"target\":{\"@type\":\"EntryPoint\",\"urlTemplate\":\"https:\/\/espak.ee\/epood\/?s={search_term_string}\"},\"query-input\":{\"@type\":\"PropertyValueSpecification\",\"valueRequired\":true,\"valueName\":\"search_term_string\"}}],\"inLanguage\":\"et\"}]}<\/script>\n<!-- \/ Yoast SEO plugin. -->","yoast_head_json":{"title":"PUIDUKRUVI LAPIKPEA TLL 8,0*100 TX40 - Espak E-pood","robots":{"index":"index","follow":"follow","max-snippet":"max-snippet:-1","max-image-preview":"max-image-preview:large","max-video-preview":"max-video-preview:-1"},"canonical":"https:\/\/espak.ee\/epood\/toode\/puidukruvi-lapikpea-tll-80100-tx40\/","og_locale":"et_EE","og_type":"article","og_title":"PUIDUKRUVI LAPIKPEA TLL 8,0*100 TX40 - Espak E-pood","og_url":"https:\/\/espak.ee\/epood\/toode\/puidukruvi-lapikpea-tll-80100-tx40\/","og_site_name":"Espak E-pood","article_modified_time":"2025-09-01T11:50:09+00:00","og_image":[{"width":1000,"height":1000,"url":"https:\/\/espak.ee\/epood\/wp-content\/uploads\/Rothoblaas_0003_TLL_RP.jpg","type":"image\/jpeg"}],"twitter_card":"summary_large_image","twitter_misc":{"Est. reading time":"1 minut"},"schema":{"@context":"https:\/\/schema.org","@graph":[{"@type":"WebPage","@id":"https:\/\/espak.ee\/epood\/toode\/puidukruvi-lapikpea-tll-80100-tx40\/","url":"https:\/\/espak.ee\/epood\/toode\/puidukruvi-lapikpea-tll-80100-tx40\/","name":"PUIDUKRUVI LAPIKPEA TLL 8,0*100 TX40 - Espak E-pood","isPartOf":{"@id":"https:\/\/espak.ee\/epood\/#website"},"primaryImageOfPage":{"@id":"https:\/\/espak.ee\/epood\/toode\/puidukruvi-lapikpea-tll-80100-tx40\/#primaryimage"},"image":{"@id":"https:\/\/espak.ee\/epood\/toode\/puidukruvi-lapikpea-tll-80100-tx40\/#primaryimage"},"thumbnailUrl":"https:\/\/espak.ee\/epood\/wp-content\/uploads\/Rothoblaas_0003_TLL_RP.jpg","datePublished":"2020-09-12T03:56:17+00:00","dateModified":"2025-09-01T11:50:09+00:00","breadcrumb":{"@id":"https:\/\/espak.ee\/epood\/toode\/puidukruvi-lapikpea-tll-80100-tx40\/#breadcrumb"},"inLanguage":"et","potentialAction":[{"@type":"ReadAction","target":["https:\/\/espak.ee\/epood\/toode\/puidukruvi-lapikpea-tll-80100-tx40\/"]}]},{"@type":"ImageObject","inLanguage":"et","@id":"https:\/\/espak.ee\/epood\/toode\/puidukruvi-lapikpea-tll-80100-tx40\/#primaryimage","url":"https:\/\/espak.ee\/epood\/wp-content\/uploads\/Rothoblaas_0003_TLL_RP.jpg","contentUrl":"https:\/\/espak.ee\/epood\/wp-content\/uploads\/Rothoblaas_0003_TLL_RP.jpg","width":1000,"height":1000},{"@type":"BreadcrumbList","@id":"https:\/\/espak.ee\/epood\/toode\/puidukruvi-lapikpea-tll-80100-tx40\/#breadcrumb","itemListElement":[{"@type":"ListItem","position":1,"name":"Home","item":"https:\/\/espak.ee\/epood\/"},{"@type":"ListItem","position":2,"name":"Tootevalik","item":"https:\/\/espak.ee\/epood\/tootevalik\/"},{"@type":"ListItem","position":3,"name":"PUIDUKRUVI LAPIKPEA TLL 8,0*100 TX40"}]},{"@type":"WebSite","@id":"https:\/\/espak.ee\/epood\/#website","url":"https:\/\/espak.ee\/epood\/","name":"Espak E-pood","description":"","potentialAction":[{"@type":"SearchAction","target":{"@type":"EntryPoint","urlTemplate":"https:\/\/espak.ee\/epood\/?s={search_term_string}"},"query-input":{"@type":"PropertyValueSpecification","valueRequired":true,"valueName":"search_term_string"}}],"inLanguage":"et"}]}},"_links":{"self":[{"href":"https:\/\/espak.ee\/epood\/wp-json\/wp\/v2\/product\/41199","targetHints":{"allow":["GET"]}}],"collection":[{"href":"https:\/\/espak.ee\/epood\/wp-json\/wp\/v2\/product"}],"about":[{"href":"https:\/\/espak.ee\/epood\/wp-json\/wp\/v2\/types\/product"}],"replies":[{"embeddable":true,"href":"https:\/\/espak.ee\/epood\/wp-json\/wp\/v2\/comments?post=41199"}],"wp:featuredmedia":[{"embeddable":true,"href":"https:\/\/espak.ee\/epood\/wp-json\/wp\/v2\/media\/41206"}],"wp:attachment":[{"href":"https:\/\/espak.ee\/epood\/wp-json\/wp\/v2\/media?parent=41199"}],"wp:term":[{"taxonomy":"product_brand","embeddable":true,"href":"https:\/\/espak.ee\/epood\/wp-json\/wp\/v2\/product_brand?post=41199"},{"taxonomy":"product_cat","embeddable":true,"href":"https:\/\/espak.ee\/epood\/wp-json\/wp\/v2\/product_cat?post=41199"},{"taxonomy":"product_tag","embeddable":true,"href":"https:\/\/espak.ee\/epood\/wp-json\/wp\/v2\/product_tag?post=41199"}],"curies":[{"name":"wp","href":"https:\/\/api.w.org\/{rel}","templated":true}]}}