{"id":40454,"date":"2020-09-03T06:45:52","date_gmt":"2020-09-03T03:45:52","guid":{"rendered":"https:\/\/espak.ee\/hinnakiri\/?post_type=product&#038;p=40454"},"modified":"2025-07-12T07:57:01","modified_gmt":"2025-07-12T04:57:01","slug":"akulaadija-einhell-ce-bc10m","status":"publish","type":"product","link":"https:\/\/espak.ee\/epood\/toode\/akulaadija-einhell-ce-bc10m\/","title":{"rendered":"AKULAADIJA EINHELL CE-BC10M"},"content":{"rendered":"<div class=\"row\"  id=\"row-1047596351\">\n\n\t<div id=\"col-857391669\" class=\"col medium-9 small-12 large-9\"  >\n\t\t\t\t<div class=\"col-inner\"  >\n\t\t\t\n\t\t\t\n<div class=\"message-box relative\" style=\"padding-top:15px;padding-bottom:15px;\"><div class=\"message-box-bg-image bg-fill fill\" ><\/div><div class=\"message-box-bg-overlay bg-fill fill\" ><\/div><div class=\"container relative\"><div class=\"inner last-reset\">\n<div class=\"row align-middle align-center\"  id=\"row-1760096\">\n\n\t<div id=\"col-322894672\" class=\"col small-12 large-12\"  >\n\t\t\t\t<div class=\"col-inner text-left\"  >\n\t\t\t\n\t\t\t\n<h4>Omadused<\/h4>\n<div class=\"row\"  id=\"row-1687381877\">\n\n\t<div id=\"col-1921742274\" class=\"col medium-6 small-12 large-6\"  >\n\t\t\t\t<div class=\"col-inner\"  >\n\t\t\t\n\t\t\t\n<p><i class=\"far fa-check-circle fa-2x\"><\/i><strong>\u00a0Nutikas mikroprotsessoriga kontrolleriga akulaadur <\/strong><\/p>\n<p><i class=\"far fa-check-circle fa-2x\"><\/i><strong> Universaalne akulaadur erinevat t\u00fc\u00fcpi akudele, nagu: AGM- ja geelakud ning hooldusvabad ja v\u00e4hese hooldusvajadusega pliiakud\u00a0<\/strong><\/p>\n<p><i class=\"far fa-check-circle fa-2x\"><\/i><strong> Kaitseklass IP65, tolmu ja pritsmete kindel <\/strong><\/p>\n<p><i class=\"far fa-check-circle fa-2x\"><\/i><strong> Sobib pika j\u00f5udeperioodiga hooajas\u00f5idukitele (vabaajas\u00f5idukid, mootorrattad)\u00a0<\/strong><\/p>\n<p><i class=\"far fa-check-circle fa-2x\"><\/i><strong> Talvine laadimisre\u017eiim alla 5\u00a0\u00b0C temperatuuride jaoks\u00a0<\/strong><\/p>\n<p><i class=\"far fa-check-circle fa-2x\"><\/i><strong> N\u00e4idik: akupinge ja laadimisoleku vedelkristalln\u00e4idik\u00a0<\/strong><\/p>\n<p><i class=\"far fa-check-circle fa-2x\"><\/i><strong> T\u00e4ielikult isoleeritud akuklemmid\u00a0<\/strong><\/p>\n\t\t<\/div>\n\t\t\t\t\n<style>\n#col-1921742274 > .col-inner {\n  margin: 0px 0px 15px 0px;\n}\n<\/style>\n\t<\/div>\n\n\t\n\n\t<div id=\"col-625352945\" class=\"col medium-6 small-12 large-6\"  >\n\t\t\t\t<div class=\"col-inner\"  >\n\t\t\t\n\t\t\t\n<p><i class=\"far fa-check-circle fa-2x\"><\/i><strong> Mitmeastmeline mikroprotsessori abil juhitav ja seiratav laadimists\u00fckkel <\/strong><\/p>\n<p><i class=\"far fa-check-circle fa-2x\"><\/i><strong> S\u00e4ilituslaadimise omadus alalise laitmatu laadimisoleku tagamiseks\u00a0<\/strong><\/p>\n<p><i class=\"far fa-check-circle fa-2x\"><\/i><strong> Kasutamine pikendab aku t\u00f6\u00f6iga\u00a0<\/strong><\/p>\n<p><i class=\"far fa-check-circle fa-2x\"><\/i><strong> S\u00fcvat\u00fchjenenud akude taastamisfunktsioon\u00a0<\/strong><\/p>\n<p><i class=\"far fa-check-circle fa-2x\"><\/i><strong> Elektriline \u00fclelaadimise, l\u00fchise ja vastupolaarsuse vastane kaitse\u00a0<\/strong><\/p>\n<p><i class=\"far fa-check-circle fa-2x\"><\/i><strong> Seinakinnitus\u00a0<\/strong><\/p>\n\t\t<\/div>\n\t\t\t\t\n<style>\n#col-625352945 > .col-inner {\n  margin: 0px 0px 15px 0px;\n}\n<\/style>\n\t<\/div>\n\n\t\n<\/div>\n\t\t<\/div>\n\t\t\t\t\t<\/div>\n\n\t\n<\/div>\n<\/div><\/div><\/div>\n\t<div id=\"gap-766338603\" class=\"gap-element clearfix\" style=\"display:block; height:auto;\">\n\t\t\n<style>\n#gap-766338603 {\n  padding-top: 30px;\n}\n<\/style>\n\t<\/div>\n\t\n<h2>Tootekirjeldus<\/h2>\n<p> Einhelli akulaadur CE-BC 10 M on nutikas laadimisseade, mis on kohandatud k\u00f5ikidele levinud 12 V akudele. Nutikas, mikroprotsessoriga juhitav seade sobib laia valiku s\u00f5idukit\u00fc\u00fcpide jaoks ning see sisaldab mitmesuguseid tehnilisi ohutus- ja hooldusmehhanisme. T\u00e4nu \u00fcksikasjalikule laadimisoleku n\u00e4idikule on akulaaduri kasutamine lihtsam kui tavap\u00e4raste seadmete puhul. See Einhelli universaalne seade sobib geelakudele, AGM-akudele ning hooldusvabadele ja v\u00e4hese hooldusvajadusega pliiakudele. S\u00e4ilituslaadimise funktsioon kaitseb ja s\u00e4\u00e4stab akut, hoides selle laetuse optimaalsel tasemel. Seet\u00f5ttu sobib akulaadur CE-BC 10 M igat t\u00fc\u00fcpi s\u00f5idukitele, sealhulgas pika j\u00f5udeajaga hooajas\u00f5idukitele. Selle asemel, et lubada akul aeglaselt t\u00e4iesti t\u00fchjaks saada ja riskides nii l\u00f5puks s\u00fcvat\u00fchjenemisega, hoitakse aku s\u00e4ilituslaadimisega optimaalsel laetuse tasemel. S\u00e4ilituslaadimine s\u00e4\u00e4stab akuelemente ja pikendab t\u00f6\u00f6iga, hoides \u00e4ra v\u00e4lditava ja kuluka riknenud s\u00f5idukiaku asendamise. Autod, mootorrattad ja motorollerid on kohe hooaja alguses k\u00e4ivitamiseks valmis. Alla 5\u00a0\u00b0C v\u00e4listemperatuurile on loodud sobilik talvine laadimisre\u017eiim. Einhelli akulaaduril on automaatne \u00fclelaadimise, l\u00fchisvoolu ja vastupolaarsuse vastane kaitse. Need kaitsemehhanismid kaitsevad mitte \u00fcksnes akulaadurit, vaid ka akut. Akupinge ja laadimisoleku valgusdioodn\u00e4idik n\u00e4itab aku hetkelist laadimisolekut ja parasjagu kasutatavat laadimisre\u017eiimi. T\u00e4ielikult isoleeritud klemmide t\u00f5ttu saab Einhelli akulaadurit \u00fchendada h\u00f5lpsalt ja ohutult. <\/p>\n\t<div id=\"gap-1625485224\" class=\"gap-element clearfix\" style=\"display:block; height:auto;\">\n\t\t\n<style>\n#gap-1625485224 {\n  padding-top: 30px;\n}\n<\/style>\n\t<\/div>\n\t\n\t\t<\/div>\n\t\t\t\t\t<\/div>\n\n\t\n\n\t<div id=\"col-412695161\" class=\"col medium-3 small-12 large-3\"  >\n\t\t\t\t<div class=\"col-inner\"  >\n\t\t\t\n\t\t\t\n\t<div id=\"gap-242492003\" class=\"gap-element clearfix\" style=\"display:block; height:auto;\">\n\t\t\n<style>\n#gap-242492003 {\n  padding-top: 30px;\n}\n<\/style>\n\t<\/div>\n\t\n<h3>Kasutusjuhend<\/h3>\n<p><a href=\"https:\/\/espak.ee\/epood\/wp-content\/uploads\/Akulaadija-Einhell-CE-BC-4-M-1002225.pdf\" target=\"_blank\" rel=\"noopener noreferrer\"><i class=\"far fa-file-pdf\"><\/i> Kasutusjuhend (PDF)<\/a><\/p>\n<div class=\"is-divider divider clearfix\" ><\/div>\n<p><strong>\u00dcksikasjalikuma n\u00f5u saamiseks v\u00f5tke \u00fchendust:<br \/><\/strong>Espak AS<br \/>Viadukti 42<br \/>11313<br \/>Tallinn<br \/>+372 6 512333<\/p>\n\t\t<\/div>\n\t\t\t\t\t<\/div>\n\n\t\n<\/div>\n","protected":false},"excerpt":{"rendered":"","protected":false},"featured_media":57961,"comment_status":"closed","ping_status":"closed","template":"","meta":[],"product_brand":[],"product_cat":[2680,2681,2766,2679],"product_tag":[],"class_list":{"0":"post-40454","1":"product","2":"type-product","3":"status-publish","4":"has-post-thumbnail","6":"product_cat-elektritooriistad","7":"product_cat-masinad-ja-seadmed","8":"product_cat-muud-masinad-ja-seadmed","9":"product_cat-tooriistad","10":"pa_kaubamark-einhell","12":"first","13":"instock","14":"sale","15":"taxable","16":"shipping-taxable","17":"purchasable","18":"product-type-simple"},"yoast_head":"<!-- This site is optimized with the Yoast SEO plugin v26.9 - https:\/\/yoast.com\/product\/yoast-seo-wordpress\/ -->\n<title>AKULAADIJA EINHELL CE-BC10M - Espak E-pood<\/title>\n<meta name=\"robots\" content=\"index, follow, max-snippet:-1, max-image-preview:large, max-video-preview:-1\" \/>\n<link rel=\"canonical\" href=\"https:\/\/espak.ee\/epood\/toode\/akulaadija-einhell-ce-bc10m\/\" \/>\n<meta property=\"og:locale\" content=\"et_EE\" \/>\n<meta property=\"og:type\" content=\"article\" \/>\n<meta property=\"og:title\" content=\"AKULAADIJA EINHELL CE-BC10M - Espak E-pood\" \/>\n<meta property=\"og:url\" content=\"https:\/\/espak.ee\/epood\/toode\/akulaadija-einhell-ce-bc10m\/\" \/>\n<meta property=\"og:site_name\" content=\"Espak E-pood\" \/>\n<meta property=\"article:modified_time\" content=\"2025-07-12T04:57:01+00:00\" \/>\n<meta property=\"og:image\" content=\"https:\/\/espak.ee\/epood\/wp-content\/uploads\/1002245_11018_001_CE_BC_10_M_RAL3002_Pic.jpg\" \/>\n\t<meta property=\"og:image:width\" content=\"1090\" \/>\n\t<meta property=\"og:image:height\" content=\"1772\" \/>\n\t<meta property=\"og:image:type\" content=\"image\/jpeg\" \/>\n<meta name=\"twitter:card\" content=\"summary_large_image\" \/>\n<meta name=\"twitter:label1\" content=\"Est. reading time\" \/>\n\t<meta name=\"twitter:data1\" content=\"2 minutit\" \/>\n<script type=\"application\/ld+json\" class=\"yoast-schema-graph\">{\"@context\":\"https:\/\/schema.org\",\"@graph\":[{\"@type\":\"WebPage\",\"@id\":\"https:\/\/espak.ee\/epood\/toode\/akulaadija-einhell-ce-bc10m\/\",\"url\":\"https:\/\/espak.ee\/epood\/toode\/akulaadija-einhell-ce-bc10m\/\",\"name\":\"AKULAADIJA EINHELL CE-BC10M - Espak E-pood\",\"isPartOf\":{\"@id\":\"https:\/\/espak.ee\/epood\/#website\"},\"primaryImageOfPage\":{\"@id\":\"https:\/\/espak.ee\/epood\/toode\/akulaadija-einhell-ce-bc10m\/#primaryimage\"},\"image\":{\"@id\":\"https:\/\/espak.ee\/epood\/toode\/akulaadija-einhell-ce-bc10m\/#primaryimage\"},\"thumbnailUrl\":\"https:\/\/espak.ee\/epood\/wp-content\/uploads\/1002245_11018_001_CE_BC_10_M_RAL3002_Pic.jpg\",\"datePublished\":\"2020-09-03T03:45:52+00:00\",\"dateModified\":\"2025-07-12T04:57:01+00:00\",\"breadcrumb\":{\"@id\":\"https:\/\/espak.ee\/epood\/toode\/akulaadija-einhell-ce-bc10m\/#breadcrumb\"},\"inLanguage\":\"et\",\"potentialAction\":[{\"@type\":\"ReadAction\",\"target\":[\"https:\/\/espak.ee\/epood\/toode\/akulaadija-einhell-ce-bc10m\/\"]}]},{\"@type\":\"ImageObject\",\"inLanguage\":\"et\",\"@id\":\"https:\/\/espak.ee\/epood\/toode\/akulaadija-einhell-ce-bc10m\/#primaryimage\",\"url\":\"https:\/\/espak.ee\/epood\/wp-content\/uploads\/1002245_11018_001_CE_BC_10_M_RAL3002_Pic.jpg\",\"contentUrl\":\"https:\/\/espak.ee\/epood\/wp-content\/uploads\/1002245_11018_001_CE_BC_10_M_RAL3002_Pic.jpg\",\"width\":1090,\"height\":1772},{\"@type\":\"BreadcrumbList\",\"@id\":\"https:\/\/espak.ee\/epood\/toode\/akulaadija-einhell-ce-bc10m\/#breadcrumb\",\"itemListElement\":[{\"@type\":\"ListItem\",\"position\":1,\"name\":\"Home\",\"item\":\"https:\/\/espak.ee\/epood\/\"},{\"@type\":\"ListItem\",\"position\":2,\"name\":\"Tootevalik\",\"item\":\"https:\/\/espak.ee\/epood\/tootevalik\/\"},{\"@type\":\"ListItem\",\"position\":3,\"name\":\"AKULAADIJA EINHELL CE-BC10M\"}]},{\"@type\":\"WebSite\",\"@id\":\"https:\/\/espak.ee\/epood\/#website\",\"url\":\"https:\/\/espak.ee\/epood\/\",\"name\":\"Espak E-pood\",\"description\":\"\",\"potentialAction\":[{\"@type\":\"SearchAction\",\"target\":{\"@type\":\"EntryPoint\",\"urlTemplate\":\"https:\/\/espak.ee\/epood\/?s={search_term_string}\"},\"query-input\":{\"@type\":\"PropertyValueSpecification\",\"valueRequired\":true,\"valueName\":\"search_term_string\"}}],\"inLanguage\":\"et\"}]}<\/script>\n<!-- \/ Yoast SEO plugin. -->","yoast_head_json":{"title":"AKULAADIJA EINHELL CE-BC10M - Espak E-pood","robots":{"index":"index","follow":"follow","max-snippet":"max-snippet:-1","max-image-preview":"max-image-preview:large","max-video-preview":"max-video-preview:-1"},"canonical":"https:\/\/espak.ee\/epood\/toode\/akulaadija-einhell-ce-bc10m\/","og_locale":"et_EE","og_type":"article","og_title":"AKULAADIJA EINHELL CE-BC10M - Espak E-pood","og_url":"https:\/\/espak.ee\/epood\/toode\/akulaadija-einhell-ce-bc10m\/","og_site_name":"Espak E-pood","article_modified_time":"2025-07-12T04:57:01+00:00","og_image":[{"width":1090,"height":1772,"url":"https:\/\/espak.ee\/epood\/wp-content\/uploads\/1002245_11018_001_CE_BC_10_M_RAL3002_Pic.jpg","type":"image\/jpeg"}],"twitter_card":"summary_large_image","twitter_misc":{"Est. reading time":"2 minutit"},"schema":{"@context":"https:\/\/schema.org","@graph":[{"@type":"WebPage","@id":"https:\/\/espak.ee\/epood\/toode\/akulaadija-einhell-ce-bc10m\/","url":"https:\/\/espak.ee\/epood\/toode\/akulaadija-einhell-ce-bc10m\/","name":"AKULAADIJA EINHELL CE-BC10M - Espak E-pood","isPartOf":{"@id":"https:\/\/espak.ee\/epood\/#website"},"primaryImageOfPage":{"@id":"https:\/\/espak.ee\/epood\/toode\/akulaadija-einhell-ce-bc10m\/#primaryimage"},"image":{"@id":"https:\/\/espak.ee\/epood\/toode\/akulaadija-einhell-ce-bc10m\/#primaryimage"},"thumbnailUrl":"https:\/\/espak.ee\/epood\/wp-content\/uploads\/1002245_11018_001_CE_BC_10_M_RAL3002_Pic.jpg","datePublished":"2020-09-03T03:45:52+00:00","dateModified":"2025-07-12T04:57:01+00:00","breadcrumb":{"@id":"https:\/\/espak.ee\/epood\/toode\/akulaadija-einhell-ce-bc10m\/#breadcrumb"},"inLanguage":"et","potentialAction":[{"@type":"ReadAction","target":["https:\/\/espak.ee\/epood\/toode\/akulaadija-einhell-ce-bc10m\/"]}]},{"@type":"ImageObject","inLanguage":"et","@id":"https:\/\/espak.ee\/epood\/toode\/akulaadija-einhell-ce-bc10m\/#primaryimage","url":"https:\/\/espak.ee\/epood\/wp-content\/uploads\/1002245_11018_001_CE_BC_10_M_RAL3002_Pic.jpg","contentUrl":"https:\/\/espak.ee\/epood\/wp-content\/uploads\/1002245_11018_001_CE_BC_10_M_RAL3002_Pic.jpg","width":1090,"height":1772},{"@type":"BreadcrumbList","@id":"https:\/\/espak.ee\/epood\/toode\/akulaadija-einhell-ce-bc10m\/#breadcrumb","itemListElement":[{"@type":"ListItem","position":1,"name":"Home","item":"https:\/\/espak.ee\/epood\/"},{"@type":"ListItem","position":2,"name":"Tootevalik","item":"https:\/\/espak.ee\/epood\/tootevalik\/"},{"@type":"ListItem","position":3,"name":"AKULAADIJA EINHELL CE-BC10M"}]},{"@type":"WebSite","@id":"https:\/\/espak.ee\/epood\/#website","url":"https:\/\/espak.ee\/epood\/","name":"Espak E-pood","description":"","potentialAction":[{"@type":"SearchAction","target":{"@type":"EntryPoint","urlTemplate":"https:\/\/espak.ee\/epood\/?s={search_term_string}"},"query-input":{"@type":"PropertyValueSpecification","valueRequired":true,"valueName":"search_term_string"}}],"inLanguage":"et"}]}},"_links":{"self":[{"href":"https:\/\/espak.ee\/epood\/wp-json\/wp\/v2\/product\/40454","targetHints":{"allow":["GET"]}}],"collection":[{"href":"https:\/\/espak.ee\/epood\/wp-json\/wp\/v2\/product"}],"about":[{"href":"https:\/\/espak.ee\/epood\/wp-json\/wp\/v2\/types\/product"}],"replies":[{"embeddable":true,"href":"https:\/\/espak.ee\/epood\/wp-json\/wp\/v2\/comments?post=40454"}],"wp:featuredmedia":[{"embeddable":true,"href":"https:\/\/espak.ee\/epood\/wp-json\/wp\/v2\/media\/57961"}],"wp:attachment":[{"href":"https:\/\/espak.ee\/epood\/wp-json\/wp\/v2\/media?parent=40454"}],"wp:term":[{"taxonomy":"product_brand","embeddable":true,"href":"https:\/\/espak.ee\/epood\/wp-json\/wp\/v2\/product_brand?post=40454"},{"taxonomy":"product_cat","embeddable":true,"href":"https:\/\/espak.ee\/epood\/wp-json\/wp\/v2\/product_cat?post=40454"},{"taxonomy":"product_tag","embeddable":true,"href":"https:\/\/espak.ee\/epood\/wp-json\/wp\/v2\/product_tag?post=40454"}],"curies":[{"name":"wp","href":"https:\/\/api.w.org\/{rel}","templated":true}]}}