{"id":39147,"date":"2020-08-24T07:11:38","date_gmt":"2020-08-24T04:11:38","guid":{"rendered":"https:\/\/espak.ee\/hinnakiri\/?post_type=product&#038;p=39147"},"modified":"2024-03-22T22:32:34","modified_gmt":"2024-03-22T20:32:34","slug":"lihvvork-93185mm-k120-5tk","status":"publish","type":"product","link":"https:\/\/espak.ee\/epood\/toode\/lihvvork-93185mm-k120-5tk\/","title":{"rendered":"LIHVV\u00d5RK 93*185MM K120 5TK"},"content":{"rendered":"<p><strong>Tootekirjeldus:<\/strong><br \/>Klaaskiudv\u00f5rgust lihvketas, s\u00fcnteesvaiguga liimitud, r\u00e4nikarbiidist terad, neli korda pikem kasutuskestus v\u00f5rreldes tavalise alumiiniumoksiidist lihvpaberiga. Abrasiivv\u00f5rku saab ka lihtsalt puhtaks raputada v\u00f5i jooksva vee all loputada. Pahtli ja v\u00e4ga karedate pindade silumiseks, v\u00e4rvi, s\u00fcnteetilise v\u00e4rvi, akr\u00fc\u00fclv\u00e4rvi ja rooste eemaldamiseks, loob \u00fchtlase v\u00e4lisilme, universaalne kasutus, sobib k\u00f5igi kaubam\u00e4rkidega, optimaalne kasutus toodetega, millel on tolmu\u00e4rat\u00f5mme.<\/p>\n","protected":false},"excerpt":{"rendered":"<p>Tootekirjeldus:Klaaskiudv\u00f5rgust lihvketas, s\u00fcnteesvaiguga liimitud, r\u00e4nikarbiidist terad, neli korda pikem kasutuskestus v\u00f5rreldes tavalise alumiiniumoksiidist lihvpaberiga. Abrasiivv\u00f5rku saab ka lihtsalt puhtaks raputada v\u00f5i jooksva vee all loputada. Pahtli ja v\u00e4ga karedate pindade silumiseks, v\u00e4rvi, s\u00fcnteetilise v\u00e4rvi, akr\u00fc\u00fclv\u00e4rvi ja rooste eemaldamiseks, loob \u00fchtlase v\u00e4lisilme, universaalne kasutus, sobib k\u00f5igi kaubam\u00e4rkidega, optimaalne kasutus toodetega, millel on tolmu\u00e4rat\u00f5mme.<\/p>\n","protected":false},"featured_media":46148,"comment_status":"closed","ping_status":"open","template":"","meta":[],"product_brand":[],"product_cat":[3121,3089,2679,2951],"product_tag":[],"class_list":{"0":"post-39147","1":"product","2":"type-product","3":"status-publish","4":"has-post-thumbnail","6":"product_cat-lihvpaberid","7":"product_cat-loike-ja-lihvtarbed-masinatele","8":"product_cat-tooriistad","9":"product_cat-tooriistatarvikud","10":"pa_kaubamark-kwb","12":"first","13":"instock","14":"sale","15":"taxable","16":"shipping-taxable","17":"purchasable","18":"product-type-simple"},"yoast_head":"<!-- This site is optimized with the Yoast SEO plugin v26.9 - https:\/\/yoast.com\/product\/yoast-seo-wordpress\/ -->\n<title>LIHVV\u00d5RK 93*185MM K120 5TK - Espak E-pood<\/title>\n<meta name=\"robots\" content=\"index, follow, max-snippet:-1, max-image-preview:large, max-video-preview:-1\" \/>\n<link rel=\"canonical\" href=\"https:\/\/espak.ee\/epood\/toode\/lihvvork-93185mm-k120-5tk\/\" \/>\n<meta property=\"og:locale\" content=\"et_EE\" \/>\n<meta property=\"og:type\" content=\"article\" \/>\n<meta property=\"og:title\" content=\"LIHVV\u00d5RK 93*185MM K120 5TK - Espak E-pood\" \/>\n<meta property=\"og:description\" content=\"Tootekirjeldus:Klaaskiudv\u00f5rgust lihvketas, s\u00fcnteesvaiguga liimitud, r\u00e4nikarbiidist terad, neli korda pikem kasutuskestus v\u00f5rreldes tavalise alumiiniumoksiidist lihvpaberiga. Abrasiivv\u00f5rku saab ka lihtsalt puhtaks raputada v\u00f5i jooksva vee all loputada. Pahtli ja v\u00e4ga karedate pindade silumiseks, v\u00e4rvi, s\u00fcnteetilise v\u00e4rvi, akr\u00fc\u00fclv\u00e4rvi ja rooste eemaldamiseks, loob \u00fchtlase v\u00e4lisilme, universaalne kasutus, sobib k\u00f5igi kaubam\u00e4rkidega, optimaalne kasutus toodetega, millel on tolmu\u00e4rat\u00f5mme.\" \/>\n<meta property=\"og:url\" content=\"https:\/\/espak.ee\/epood\/toode\/lihvvork-93185mm-k120-5tk\/\" \/>\n<meta property=\"og:site_name\" content=\"Espak E-pood\" \/>\n<meta property=\"article:modified_time\" content=\"2024-03-22T20:32:34+00:00\" \/>\n<meta property=\"og:image\" content=\"https:\/\/espak.ee\/epood\/wp-content\/uploads\/856012-KWB.jpg\" \/>\n\t<meta property=\"og:image:width\" content=\"1000\" \/>\n\t<meta property=\"og:image:height\" content=\"1000\" \/>\n\t<meta property=\"og:image:type\" content=\"image\/jpeg\" \/>\n<meta name=\"twitter:card\" content=\"summary_large_image\" \/>\n<script type=\"application\/ld+json\" class=\"yoast-schema-graph\">{\"@context\":\"https:\/\/schema.org\",\"@graph\":[{\"@type\":\"WebPage\",\"@id\":\"https:\/\/espak.ee\/epood\/toode\/lihvvork-93185mm-k120-5tk\/\",\"url\":\"https:\/\/espak.ee\/epood\/toode\/lihvvork-93185mm-k120-5tk\/\",\"name\":\"LIHVV\u00d5RK 93*185MM K120 5TK - Espak E-pood\",\"isPartOf\":{\"@id\":\"https:\/\/espak.ee\/epood\/#website\"},\"primaryImageOfPage\":{\"@id\":\"https:\/\/espak.ee\/epood\/toode\/lihvvork-93185mm-k120-5tk\/#primaryimage\"},\"image\":{\"@id\":\"https:\/\/espak.ee\/epood\/toode\/lihvvork-93185mm-k120-5tk\/#primaryimage\"},\"thumbnailUrl\":\"https:\/\/espak.ee\/epood\/wp-content\/uploads\/856012-KWB.jpg\",\"datePublished\":\"2020-08-24T04:11:38+00:00\",\"dateModified\":\"2024-03-22T20:32:34+00:00\",\"breadcrumb\":{\"@id\":\"https:\/\/espak.ee\/epood\/toode\/lihvvork-93185mm-k120-5tk\/#breadcrumb\"},\"inLanguage\":\"et\",\"potentialAction\":[{\"@type\":\"ReadAction\",\"target\":[\"https:\/\/espak.ee\/epood\/toode\/lihvvork-93185mm-k120-5tk\/\"]}]},{\"@type\":\"ImageObject\",\"inLanguage\":\"et\",\"@id\":\"https:\/\/espak.ee\/epood\/toode\/lihvvork-93185mm-k120-5tk\/#primaryimage\",\"url\":\"https:\/\/espak.ee\/epood\/wp-content\/uploads\/856012-KWB.jpg\",\"contentUrl\":\"https:\/\/espak.ee\/epood\/wp-content\/uploads\/856012-KWB.jpg\",\"width\":1000,\"height\":1000},{\"@type\":\"BreadcrumbList\",\"@id\":\"https:\/\/espak.ee\/epood\/toode\/lihvvork-93185mm-k120-5tk\/#breadcrumb\",\"itemListElement\":[{\"@type\":\"ListItem\",\"position\":1,\"name\":\"Home\",\"item\":\"https:\/\/espak.ee\/epood\/\"},{\"@type\":\"ListItem\",\"position\":2,\"name\":\"Tootevalik\",\"item\":\"https:\/\/espak.ee\/epood\/tootevalik\/\"},{\"@type\":\"ListItem\",\"position\":3,\"name\":\"LIHVV\u00d5RK 93*185MM K120 5TK\"}]},{\"@type\":\"WebSite\",\"@id\":\"https:\/\/espak.ee\/epood\/#website\",\"url\":\"https:\/\/espak.ee\/epood\/\",\"name\":\"Espak E-pood\",\"description\":\"\",\"potentialAction\":[{\"@type\":\"SearchAction\",\"target\":{\"@type\":\"EntryPoint\",\"urlTemplate\":\"https:\/\/espak.ee\/epood\/?s={search_term_string}\"},\"query-input\":{\"@type\":\"PropertyValueSpecification\",\"valueRequired\":true,\"valueName\":\"search_term_string\"}}],\"inLanguage\":\"et\"}]}<\/script>\n<!-- \/ Yoast SEO plugin. -->","yoast_head_json":{"title":"LIHVV\u00d5RK 93*185MM K120 5TK - Espak E-pood","robots":{"index":"index","follow":"follow","max-snippet":"max-snippet:-1","max-image-preview":"max-image-preview:large","max-video-preview":"max-video-preview:-1"},"canonical":"https:\/\/espak.ee\/epood\/toode\/lihvvork-93185mm-k120-5tk\/","og_locale":"et_EE","og_type":"article","og_title":"LIHVV\u00d5RK 93*185MM K120 5TK - Espak E-pood","og_description":"Tootekirjeldus:Klaaskiudv\u00f5rgust lihvketas, s\u00fcnteesvaiguga liimitud, r\u00e4nikarbiidist terad, neli korda pikem kasutuskestus v\u00f5rreldes tavalise alumiiniumoksiidist lihvpaberiga. Abrasiivv\u00f5rku saab ka lihtsalt puhtaks raputada v\u00f5i jooksva vee all loputada. Pahtli ja v\u00e4ga karedate pindade silumiseks, v\u00e4rvi, s\u00fcnteetilise v\u00e4rvi, akr\u00fc\u00fclv\u00e4rvi ja rooste eemaldamiseks, loob \u00fchtlase v\u00e4lisilme, universaalne kasutus, sobib k\u00f5igi kaubam\u00e4rkidega, optimaalne kasutus toodetega, millel on tolmu\u00e4rat\u00f5mme.","og_url":"https:\/\/espak.ee\/epood\/toode\/lihvvork-93185mm-k120-5tk\/","og_site_name":"Espak E-pood","article_modified_time":"2024-03-22T20:32:34+00:00","og_image":[{"width":1000,"height":1000,"url":"https:\/\/espak.ee\/epood\/wp-content\/uploads\/856012-KWB.jpg","type":"image\/jpeg"}],"twitter_card":"summary_large_image","schema":{"@context":"https:\/\/schema.org","@graph":[{"@type":"WebPage","@id":"https:\/\/espak.ee\/epood\/toode\/lihvvork-93185mm-k120-5tk\/","url":"https:\/\/espak.ee\/epood\/toode\/lihvvork-93185mm-k120-5tk\/","name":"LIHVV\u00d5RK 93*185MM K120 5TK - Espak E-pood","isPartOf":{"@id":"https:\/\/espak.ee\/epood\/#website"},"primaryImageOfPage":{"@id":"https:\/\/espak.ee\/epood\/toode\/lihvvork-93185mm-k120-5tk\/#primaryimage"},"image":{"@id":"https:\/\/espak.ee\/epood\/toode\/lihvvork-93185mm-k120-5tk\/#primaryimage"},"thumbnailUrl":"https:\/\/espak.ee\/epood\/wp-content\/uploads\/856012-KWB.jpg","datePublished":"2020-08-24T04:11:38+00:00","dateModified":"2024-03-22T20:32:34+00:00","breadcrumb":{"@id":"https:\/\/espak.ee\/epood\/toode\/lihvvork-93185mm-k120-5tk\/#breadcrumb"},"inLanguage":"et","potentialAction":[{"@type":"ReadAction","target":["https:\/\/espak.ee\/epood\/toode\/lihvvork-93185mm-k120-5tk\/"]}]},{"@type":"ImageObject","inLanguage":"et","@id":"https:\/\/espak.ee\/epood\/toode\/lihvvork-93185mm-k120-5tk\/#primaryimage","url":"https:\/\/espak.ee\/epood\/wp-content\/uploads\/856012-KWB.jpg","contentUrl":"https:\/\/espak.ee\/epood\/wp-content\/uploads\/856012-KWB.jpg","width":1000,"height":1000},{"@type":"BreadcrumbList","@id":"https:\/\/espak.ee\/epood\/toode\/lihvvork-93185mm-k120-5tk\/#breadcrumb","itemListElement":[{"@type":"ListItem","position":1,"name":"Home","item":"https:\/\/espak.ee\/epood\/"},{"@type":"ListItem","position":2,"name":"Tootevalik","item":"https:\/\/espak.ee\/epood\/tootevalik\/"},{"@type":"ListItem","position":3,"name":"LIHVV\u00d5RK 93*185MM K120 5TK"}]},{"@type":"WebSite","@id":"https:\/\/espak.ee\/epood\/#website","url":"https:\/\/espak.ee\/epood\/","name":"Espak E-pood","description":"","potentialAction":[{"@type":"SearchAction","target":{"@type":"EntryPoint","urlTemplate":"https:\/\/espak.ee\/epood\/?s={search_term_string}"},"query-input":{"@type":"PropertyValueSpecification","valueRequired":true,"valueName":"search_term_string"}}],"inLanguage":"et"}]}},"_links":{"self":[{"href":"https:\/\/espak.ee\/epood\/wp-json\/wp\/v2\/product\/39147","targetHints":{"allow":["GET"]}}],"collection":[{"href":"https:\/\/espak.ee\/epood\/wp-json\/wp\/v2\/product"}],"about":[{"href":"https:\/\/espak.ee\/epood\/wp-json\/wp\/v2\/types\/product"}],"replies":[{"embeddable":true,"href":"https:\/\/espak.ee\/epood\/wp-json\/wp\/v2\/comments?post=39147"}],"wp:featuredmedia":[{"embeddable":true,"href":"https:\/\/espak.ee\/epood\/wp-json\/wp\/v2\/media\/46148"}],"wp:attachment":[{"href":"https:\/\/espak.ee\/epood\/wp-json\/wp\/v2\/media?parent=39147"}],"wp:term":[{"taxonomy":"product_brand","embeddable":true,"href":"https:\/\/espak.ee\/epood\/wp-json\/wp\/v2\/product_brand?post=39147"},{"taxonomy":"product_cat","embeddable":true,"href":"https:\/\/espak.ee\/epood\/wp-json\/wp\/v2\/product_cat?post=39147"},{"taxonomy":"product_tag","embeddable":true,"href":"https:\/\/espak.ee\/epood\/wp-json\/wp\/v2\/product_tag?post=39147"}],"curies":[{"name":"wp","href":"https:\/\/api.w.org\/{rel}","templated":true}]}}